{"id":246510,"date":"2023-06-26T10:15:14","date_gmt":"2023-06-26T07:15:14","guid":{"rendered":"https:\/\/www.eqqus.ee\/toode\/uncategorized\/surefire\/"},"modified":"2024-01-04T12:19:04","modified_gmt":"2024-01-04T10:19:04","slug":"surefire","status":"publish","type":"product","link":"https:\/\/www.eqqus.ee\/en\/product\/lighting\/for-firearm\/surefire\/","title":{"rendered":"Surefire"},"content":{"rendered":"<p><img decoding=\"async\" class=\"alignnone wp-image-243364\" src=\"https:\/\/www.eqqus.ee\/wp-content\/uploads\/2021\/05\/images-3-1.jpg\" alt=\"\" width=\"479\" height=\"319\" srcset=\"https:\/\/www.eqqus.ee\/wp-content\/uploads\/2021\/05\/images-3-1.jpg 275w, https:\/\/www.eqqus.ee\/wp-content\/uploads\/2021\/05\/images-3-1-250x166.jpg 250w, https:\/\/www.eqqus.ee\/wp-content\/uploads\/2021\/05\/images-3-1-64x43.jpg 64w\" sizes=\"(max-width: 479px) 100vw, 479px\" \/><\/p>\n<p><a href=\"https:\/\/www.surefire.com\/\">SureFire has been an industry-leading innovation since its inception, pursuing cutting-edge solutions to critical issues for more than 40 years without compromising on quality. <\/a><\/p>\n<p>SureFire has become a leader in high-end tactical equipment for first-class professionals, starting with laser technology. Less than 20 years after the physicist Theodore Maiman invented the first working laser &#8211; it described as &#8220;solution searching for a problem&#8221;. Dr. John Matthews, the founder of Surefire, revolutionized the firearms industry in 1979 with the invention of the first commercially available mountable laser. Since then, SureFire has continued to pursue Dr. Matthews&#8217; vision by constantly pushing for technological innovations in lighting, silencers, and hearing protection. \u00a0<\/p>\n<p>&nbsp;<\/p>\n<h4>Weapon lamps<\/h4>\n<p>Designed for the best performance in the toughest conditions. Surefire rifle\/gun flashlights are compact and shock-resistant. This is thanks to an almost indestructible LED light source. Attachable securely to your weapon (adapters for non-picatinny weapons are available) to produce flawless white light.<\/p>\n<p><img decoding=\"async\" class=\"alignnone size-medium wp-image-243346\" src=\"https:\/\/www.eqqus.ee\/wp-content\/uploads\/2021\/05\/3444_source_1588608919-1000x1000-1.jpg\" alt=\"\" width=\"300\" height=\"300\" srcset=\"https:\/\/www.eqqus.ee\/wp-content\/uploads\/2021\/05\/3444_source_1588608919-1000x1000-1.jpg 1000w, https:\/\/www.eqqus.ee\/wp-content\/uploads\/2021\/05\/3444_source_1588608919-1000x1000-1-250x250.jpg 250w, https:\/\/www.eqqus.ee\/wp-content\/uploads\/2021\/05\/3444_source_1588608919-1000x1000-1-100x100.jpg 100w, https:\/\/www.eqqus.ee\/wp-content\/uploads\/2021\/05\/3444_source_1588608919-1000x1000-1-500x500.jpg 500w, https:\/\/www.eqqus.ee\/wp-content\/uploads\/2021\/05\/3444_source_1588608919-1000x1000-1-64x64.jpg 64w\" sizes=\"(max-width: 300px) 100vw, 300px\" \/> <img decoding=\"async\" class=\"alignnone size-medium wp-image-243348\" src=\"https:\/\/www.eqqus.ee\/wp-content\/uploads\/2021\/05\/3175_source_1588204062-1000x1000-1.jpg\" alt=\"\" width=\"300\" height=\"300\" srcset=\"https:\/\/www.eqqus.ee\/wp-content\/uploads\/2021\/05\/3175_source_1588204062-1000x1000-1.jpg 1000w, https:\/\/www.eqqus.ee\/wp-content\/uploads\/2021\/05\/3175_source_1588204062-1000x1000-1-250x250.jpg 250w, https:\/\/www.eqqus.ee\/wp-content\/uploads\/2021\/05\/3175_source_1588204062-1000x1000-1-100x100.jpg 100w, https:\/\/www.eqqus.ee\/wp-content\/uploads\/2021\/05\/3175_source_1588204062-1000x1000-1-500x500.jpg 500w, https:\/\/www.eqqus.ee\/wp-content\/uploads\/2021\/05\/3175_source_1588204062-1000x1000-1-64x64.jpg 64w\" sizes=\"(max-width: 300px) 100vw, 300px\" \/> <img decoding=\"async\" class=\"alignnone size-medium wp-image-243350\" src=\"https:\/\/www.eqqus.ee\/wp-content\/uploads\/2021\/05\/943_source_1567720512-1000x1000-1.jpg\" alt=\"\" width=\"300\" height=\"300\" srcset=\"https:\/\/www.eqqus.ee\/wp-content\/uploads\/2021\/05\/943_source_1567720512-1000x1000-1.jpg 1000w, https:\/\/www.eqqus.ee\/wp-content\/uploads\/2021\/05\/943_source_1567720512-1000x1000-1-250x250.jpg 250w, https:\/\/www.eqqus.ee\/wp-content\/uploads\/2021\/05\/943_source_1567720512-1000x1000-1-100x100.jpg 100w, https:\/\/www.eqqus.ee\/wp-content\/uploads\/2021\/05\/943_source_1567720512-1000x1000-1-500x500.jpg 500w, https:\/\/www.eqqus.ee\/wp-content\/uploads\/2021\/05\/943_source_1567720512-1000x1000-1-64x64.jpg 64w\" sizes=\"(max-width: 300px) 100vw, 300px\" \/><\/p>\n<h4>\u00a0<\/h4>\n<h4>\u00a0<\/h4>\n<h4>Headlamps<\/h4>\n<p>SureFire headlamps deliver soft, powerful light &#8211; optimized for your field of vision that can be easily adjusted at the touch of a button. You can choose from the Minimus series model with 123A lithium batteries to the Maximus model with AA rechargeable batteries. They offer an amazing light output of 500 lumens. High-power LEDs, durable housings and a comfortable fine mesh headband make the SureFire the best lamp on the market. <img decoding=\"async\" class=\"alignnone size-medium wp-image-243354\" src=\"https:\/\/www.eqqus.ee\/wp-content\/uploads\/2021\/05\/HS3-A-BK-isoL-__16878.1587056245.1280.1280-1000x1000-1.jpg\" alt=\"\" width=\"300\" height=\"300\" srcset=\"https:\/\/www.eqqus.ee\/wp-content\/uploads\/2021\/05\/HS3-A-BK-isoL-__16878.1587056245.1280.1280-1000x1000-1.jpg 1000w, https:\/\/www.eqqus.ee\/wp-content\/uploads\/2021\/05\/HS3-A-BK-isoL-__16878.1587056245.1280.1280-1000x1000-1-250x250.jpg 250w, https:\/\/www.eqqus.ee\/wp-content\/uploads\/2021\/05\/HS3-A-BK-isoL-__16878.1587056245.1280.1280-1000x1000-1-100x100.jpg 100w, https:\/\/www.eqqus.ee\/wp-content\/uploads\/2021\/05\/HS3-A-BK-isoL-__16878.1587056245.1280.1280-1000x1000-1-500x500.jpg 500w, https:\/\/www.eqqus.ee\/wp-content\/uploads\/2021\/05\/HS3-A-BK-isoL-__16878.1587056245.1280.1280-1000x1000-1-64x64.jpg 64w\" sizes=\"(max-width: 300px) 100vw, 300px\" \/><\/p>\n<h4>\u00a0<\/h4>\n<h4>Helmet lamps<\/h4>\n<p>The SureFire\u00ae helmet lamp provides night-vision-friendly light output for night navigation or close-up work such as reading a map, loading or repairing equipment on the battlefield. Virtually indestructible LEDs, a compact and waterproof helmet lamp produces white, colored or infrared light at a variety of light levels. Attaches to TC 2000 MICH or similar helmets. The lightweight SureFire helmet lamp was originally designed for the military and SWAT special units. Although it is also very useful for cave exploration, climbing, construction work or search and rescue operations. <img decoding=\"async\" class=\"alignnone size-medium wp-image-243352\" src=\"https:\/\/www.eqqus.ee\/wp-content\/uploads\/2021\/05\/3908_source_1590017090-1000x1000-1.jpg\" alt=\"\" width=\"300\" height=\"300\" srcset=\"https:\/\/www.eqqus.ee\/wp-content\/uploads\/2021\/05\/3908_source_1590017090-1000x1000-1.jpg 1000w, https:\/\/www.eqqus.ee\/wp-content\/uploads\/2021\/05\/3908_source_1590017090-1000x1000-1-250x250.jpg 250w, https:\/\/www.eqqus.ee\/wp-content\/uploads\/2021\/05\/3908_source_1590017090-1000x1000-1-100x100.jpg 100w, https:\/\/www.eqqus.ee\/wp-content\/uploads\/2021\/05\/3908_source_1590017090-1000x1000-1-500x500.jpg 500w, https:\/\/www.eqqus.ee\/wp-content\/uploads\/2021\/05\/3908_source_1590017090-1000x1000-1-64x64.jpg 64w\" sizes=\"(max-width: 300px) 100vw, 300px\" \/><\/p>\n<h4>\u00a0<\/h4>\n<h4>\u00a0<\/h4>\n<h4>Silencers<\/h4>\n<p><img decoding=\"async\" class=\"alignnone size-medium wp-image-243356\" src=\"https:\/\/www.eqqus.ee\/wp-content\/uploads\/2021\/05\/WARCOMP-260-5-8-24-BK-isoL__95319.1569358874.1280.1280-1000x1000-1.jpg\" alt=\"\" width=\"300\" height=\"300\" srcset=\"https:\/\/www.eqqus.ee\/wp-content\/uploads\/2021\/05\/WARCOMP-260-5-8-24-BK-isoL__95319.1569358874.1280.1280-1000x1000-1.jpg 1000w, https:\/\/www.eqqus.ee\/wp-content\/uploads\/2021\/05\/WARCOMP-260-5-8-24-BK-isoL__95319.1569358874.1280.1280-1000x1000-1-250x250.jpg 250w, https:\/\/www.eqqus.ee\/wp-content\/uploads\/2021\/05\/WARCOMP-260-5-8-24-BK-isoL__95319.1569358874.1280.1280-1000x1000-1-100x100.jpg 100w, https:\/\/www.eqqus.ee\/wp-content\/uploads\/2021\/05\/WARCOMP-260-5-8-24-BK-isoL__95319.1569358874.1280.1280-1000x1000-1-500x500.jpg 500w, https:\/\/www.eqqus.ee\/wp-content\/uploads\/2021\/05\/WARCOMP-260-5-8-24-BK-isoL__95319.1569358874.1280.1280-1000x1000-1-64x64.jpg 64w\" sizes=\"(max-width: 300px) 100vw, 300px\" \/> <img decoding=\"async\" class=\"alignnone size-medium wp-image-243358\" src=\"https:\/\/www.eqqus.ee\/wp-content\/uploads\/2021\/05\/959_source_1568654014-1000x1000-1.jpg\" alt=\"\" width=\"300\" height=\"300\" srcset=\"https:\/\/www.eqqus.ee\/wp-content\/uploads\/2021\/05\/959_source_1568654014-1000x1000-1.jpg 1000w, https:\/\/www.eqqus.ee\/wp-content\/uploads\/2021\/05\/959_source_1568654014-1000x1000-1-250x250.jpg 250w, https:\/\/www.eqqus.ee\/wp-content\/uploads\/2021\/05\/959_source_1568654014-1000x1000-1-100x100.jpg 100w, https:\/\/www.eqqus.ee\/wp-content\/uploads\/2021\/05\/959_source_1568654014-1000x1000-1-500x500.jpg 500w, https:\/\/www.eqqus.ee\/wp-content\/uploads\/2021\/05\/959_source_1568654014-1000x1000-1-64x64.jpg 64w\" sizes=\"(max-width: 300px) 100vw, 300px\" \/> <img decoding=\"async\" class=\"alignnone size-medium wp-image-243360\" src=\"https:\/\/www.eqqus.ee\/wp-content\/uploads\/2021\/05\/SOCOM50-SPS-Angle1_BK__50161.1590532815.1280.1280-1000x1000-1.jpg\" alt=\"\" width=\"300\" height=\"300\" srcset=\"https:\/\/www.eqqus.ee\/wp-content\/uploads\/2021\/05\/SOCOM50-SPS-Angle1_BK__50161.1590532815.1280.1280-1000x1000-1.jpg 1000w, https:\/\/www.eqqus.ee\/wp-content\/uploads\/2021\/05\/SOCOM50-SPS-Angle1_BK__50161.1590532815.1280.1280-1000x1000-1-250x250.jpg 250w, https:\/\/www.eqqus.ee\/wp-content\/uploads\/2021\/05\/SOCOM50-SPS-Angle1_BK__50161.1590532815.1280.1280-1000x1000-1-100x100.jpg 100w, https:\/\/www.eqqus.ee\/wp-content\/uploads\/2021\/05\/SOCOM50-SPS-Angle1_BK__50161.1590532815.1280.1280-1000x1000-1-500x500.jpg 500w, https:\/\/www.eqqus.ee\/wp-content\/uploads\/2021\/05\/SOCOM50-SPS-Angle1_BK__50161.1590532815.1280.1280-1000x1000-1-64x64.jpg 64w\" sizes=\"(max-width: 300px) 100vw, 300px\" \/> <img decoding=\"async\" class=\"alignnone size-medium wp-image-243362\" src=\"https:\/\/www.eqqus.ee\/wp-content\/uploads\/2021\/05\/589_source_1568654856-1000x1000-1.jpg\" alt=\"\" width=\"300\" height=\"300\" srcset=\"https:\/\/www.eqqus.ee\/wp-content\/uploads\/2021\/05\/589_source_1568654856-1000x1000-1.jpg 1000w, https:\/\/www.eqqus.ee\/wp-content\/uploads\/2021\/05\/589_source_1568654856-1000x1000-1-250x250.jpg 250w, https:\/\/www.eqqus.ee\/wp-content\/uploads\/2021\/05\/589_source_1568654856-1000x1000-1-100x100.jpg 100w, https:\/\/www.eqqus.ee\/wp-content\/uploads\/2021\/05\/589_source_1568654856-1000x1000-1-500x500.jpg 500w, https:\/\/www.eqqus.ee\/wp-content\/uploads\/2021\/05\/589_source_1568654856-1000x1000-1-64x64.jpg 64w\" sizes=\"(max-width: 300px) 100vw, 300px\" \/> \u00a0<\/p>\n<p>&nbsp;<\/p>\n\n<div class=\"wpcf7 no-js\" id=\"wpcf7-f243598-o1\" lang=\"et\" dir=\"ltr\" data-wpcf7-id=\"243598\">\n<div class=\"screen-reader-response\"><p role=\"status\" aria-live=\"polite\" aria-atomic=\"true\"><\/p> <ul><\/ul><\/div>\n<form action=\"\/en\/wp-json\/wp\/v2\/product\/246510#wpcf7-f243598-o1\" method=\"post\" class=\"wpcf7-form init\" aria-label=\"Contact form\" novalidate=\"novalidate\" data-status=\"init\">\n<div style=\"display: none;\">\n<input type=\"hidden\" name=\"_wpcf7\" value=\"243598\" \/>\n<input type=\"hidden\" name=\"_wpcf7_version\" value=\"6.0.5\" \/>\n<input type=\"hidden\" name=\"_wpcf7_locale\" value=\"et\" \/>\n<input type=\"hidden\" name=\"_wpcf7_unit_tag\" value=\"wpcf7-f243598-o1\" \/>\n<input type=\"hidden\" name=\"_wpcf7_container_post\" value=\"0\" \/>\n<input type=\"hidden\" name=\"_wpcf7_posted_data_hash\" value=\"\" \/>\n<input type=\"hidden\" name=\"_wpcf7_recaptcha_response\" value=\"\" \/>\n<\/div>\n<p><label> Your name<br \/>\n<span class=\"wpcf7-form-control-wrap\" data-name=\"your-name\"><input size=\"40\" maxlength=\"400\" class=\"wpcf7-form-control wpcf7-text wpcf7-validates-as-required\" aria-required=\"true\" aria-invalid=\"false\" value=\"\" type=\"text\" name=\"your-name\" \/><\/span> <\/label>\n<\/p>\n<p><label> Your email<br \/>\n<span class=\"wpcf7-form-control-wrap\" data-name=\"your-email\"><input size=\"40\" maxlength=\"400\" class=\"wpcf7-form-control wpcf7-email wpcf7-validates-as-required wpcf7-text wpcf7-validates-as-email\" aria-required=\"true\" aria-invalid=\"false\" value=\"\" type=\"email\" name=\"your-email\" \/><\/span> <\/label>\n<\/p>\n<p><label> Brand\/Product you are interested in<br \/>\n<span class=\"wpcf7-form-control-wrap\" data-name=\"your-subject\"><input size=\"40\" maxlength=\"400\" class=\"wpcf7-form-control wpcf7-text wpcf7-validates-as-required\" aria-required=\"true\" aria-invalid=\"false\" value=\"\" type=\"text\" name=\"your-subject\" \/><\/span> <\/label>\n<\/p>\n<p><label> Questions about product<br \/>\n<span class=\"wpcf7-form-control-wrap\" data-name=\"your-message\"><textarea cols=\"40\" rows=\"10\" maxlength=\"2000\" class=\"wpcf7-form-control wpcf7-textarea wpcf7-validates-as-required\" aria-required=\"true\" aria-invalid=\"false\" name=\"your-message\"><\/textarea><\/span> <\/label>\n<\/p>\n<p><input class=\"wpcf7-form-control wpcf7-submit has-spinner\" type=\"submit\" value=\"Send request\" \/>\n<\/p><div class=\"wpcf7-response-output\" aria-hidden=\"true\"><\/div>\n<\/form>\n<\/div>\n\n","protected":false},"excerpt":{"rendered":"<p>SureFire has been an industry-leading innovation since its inception, pursuing cutting-edge solutions to critical issues for more than 40 years without compromising on quality. SureFire has become a leader in high-end tactical equipment for first-class professionals, starting with laser technology. Less than 20 years after the physicist Theodore Maiman invented the first working laser &#8211; [&hellip;]<\/p>\n","protected":false},"featured_media":246076,"template":"","meta":{"_et_pb_use_builder":"","_et_pb_old_content":"","_et_gb_content_width":""},"product_brand":[],"product_cat":[749,202],"product_tag":[699],"class_list":{"0":"post-246510","1":"product","2":"type-product","3":"status-publish","4":"has-post-thumbnail","6":"product_cat-for-firearm","7":"product_cat-lighting","8":"product_tag-surefire-en","10":"first","11":"instock","12":"shipping-taxable","13":"product-type-simple"},"yoast_head":"<!-- This site is optimized with the Yoast SEO plugin v24.7 - https:\/\/yoast.com\/wordpress\/plugins\/seo\/ -->\n<title>Surefire | Products - Eqqus<\/title>\n<meta name=\"description\" content=\"Surefire - Designed for the best performance in the toughest conditions. Surefire rifle\/gun flashlights are compact, shock-resistant and almost indestruc...\" \/>\n<meta name=\"robots\" content=\"index, follow, max-snippet:-1, max-image-preview:large, max-video-preview:-1\" \/>\n<link rel=\"canonical\" href=\"https:\/\/www.eqqus.ee\/en\/product\/lighting\/for-firearm\/surefire\/\" \/>\n<meta property=\"og:locale\" content=\"en_US\" \/>\n<meta property=\"og:type\" content=\"article\" \/>\n<meta property=\"og:title\" content=\"Surefire | Products - Eqqus\" \/>\n<meta property=\"og:description\" content=\"Surefire - Designed for the best performance in the toughest conditions. Surefire rifle\/gun flashlights are compact, shock-resistant and almost indestruc...\" \/>\n<meta property=\"og:url\" content=\"https:\/\/www.eqqus.ee\/en\/product\/lighting\/for-firearm\/surefire\/\" \/>\n<meta property=\"og:site_name\" content=\"eqqus Ltd O\u00dc\" \/>\n<meta property=\"article:publisher\" content=\"https:\/\/www.facebook.com\/eqqusLtd\" \/>\n<meta property=\"article:modified_time\" content=\"2024-01-04T10:19:04+00:00\" \/>\n<meta property=\"og:image\" content=\"https:\/\/www.eqqus.ee\/wp-content\/uploads\/2023\/06\/SUREFIRE-EQQU.png\" \/>\n\t<meta property=\"og:image:width\" content=\"400\" \/>\n\t<meta property=\"og:image:height\" content=\"210\" \/>\n\t<meta property=\"og:image:type\" content=\"image\/png\" \/>\n<meta name=\"twitter:card\" content=\"summary_large_image\" \/>\n<meta name=\"twitter:label1\" content=\"Est. reading time\" \/>\n\t<meta name=\"twitter:data1\" content=\"4 minutes\" \/>\n<script type=\"application\/ld+json\" class=\"yoast-schema-graph\">{\"@context\":\"https:\/\/schema.org\",\"@graph\":[{\"@type\":\"WebPage\",\"@id\":\"https:\/\/www.eqqus.ee\/en\/product\/lighting\/for-firearm\/surefire\/\",\"url\":\"https:\/\/www.eqqus.ee\/en\/product\/lighting\/for-firearm\/surefire\/\",\"name\":\"Surefire | Products - Eqqus\",\"isPartOf\":{\"@id\":\"https:\/\/www.eqqus.ee\/en\/#website\"},\"primaryImageOfPage\":{\"@id\":\"https:\/\/www.eqqus.ee\/en\/product\/lighting\/for-firearm\/surefire\/#primaryimage\"},\"image\":{\"@id\":\"https:\/\/www.eqqus.ee\/en\/product\/lighting\/for-firearm\/surefire\/#primaryimage\"},\"thumbnailUrl\":\"https:\/\/www.eqqus.ee\/wp-content\/uploads\/2023\/06\/SUREFIRE-EQQU.png\",\"datePublished\":\"2023-06-26T07:15:14+00:00\",\"dateModified\":\"2024-01-04T10:19:04+00:00\",\"description\":\"Surefire - Designed for the best performance in the toughest conditions. Surefire rifle\/gun flashlights are compact, shock-resistant and almost indestruc...\",\"breadcrumb\":{\"@id\":\"https:\/\/www.eqqus.ee\/en\/product\/lighting\/for-firearm\/surefire\/#breadcrumb\"},\"inLanguage\":\"en-US\",\"potentialAction\":[{\"@type\":\"ReadAction\",\"target\":[\"https:\/\/www.eqqus.ee\/en\/product\/lighting\/for-firearm\/surefire\/\"]}]},{\"@type\":\"ImageObject\",\"inLanguage\":\"en-US\",\"@id\":\"https:\/\/www.eqqus.ee\/en\/product\/lighting\/for-firearm\/surefire\/#primaryimage\",\"url\":\"https:\/\/www.eqqus.ee\/wp-content\/uploads\/2023\/06\/SUREFIRE-EQQU.png\",\"contentUrl\":\"https:\/\/www.eqqus.ee\/wp-content\/uploads\/2023\/06\/SUREFIRE-EQQU.png\",\"width\":400,\"height\":210,\"caption\":\"s\u00f5jatehnika ja kaitsevarustuse m\u00fc\u00fck eqqus\"},{\"@type\":\"BreadcrumbList\",\"@id\":\"https:\/\/www.eqqus.ee\/en\/product\/lighting\/for-firearm\/surefire\/#breadcrumb\",\"itemListElement\":[{\"@type\":\"ListItem\",\"position\":1,\"name\":\"Esileht\",\"item\":\"https:\/\/www.eqqus.ee\/en\/\"},{\"@type\":\"ListItem\",\"position\":2,\"name\":\"Product Filter\",\"item\":\"https:\/\/www.eqqus.ee\/toodete-filter\/\"},{\"@type\":\"ListItem\",\"position\":3,\"name\":\"Surefire\"}]},{\"@type\":\"WebSite\",\"@id\":\"https:\/\/www.eqqus.ee\/en\/#website\",\"url\":\"https:\/\/www.eqqus.ee\/en\/\",\"name\":\"eqqus Ltd O\u00dc\",\"description\":\"Kaitsevahendid\",\"publisher\":{\"@id\":\"https:\/\/www.eqqus.ee\/en\/#organization\"},\"potentialAction\":[{\"@type\":\"SearchAction\",\"target\":{\"@type\":\"EntryPoint\",\"urlTemplate\":\"https:\/\/www.eqqus.ee\/en\/?s={search_term_string}\"},\"query-input\":{\"@type\":\"PropertyValueSpecification\",\"valueRequired\":true,\"valueName\":\"search_term_string\"}}],\"inLanguage\":\"en-US\"},{\"@type\":\"Organization\",\"@id\":\"https:\/\/www.eqqus.ee\/en\/#organization\",\"name\":\"eqqus Ltd O\u00dc\",\"url\":\"https:\/\/www.eqqus.ee\/en\/\",\"logo\":{\"@type\":\"ImageObject\",\"inLanguage\":\"en-US\",\"@id\":\"https:\/\/www.eqqus.ee\/en\/#\/schema\/logo\/image\/\",\"url\":\"https:\/\/www.eqqus.ee\/wp-content\/uploads\/2023\/06\/eqqus.ee-logo.png\",\"contentUrl\":\"https:\/\/www.eqqus.ee\/wp-content\/uploads\/2023\/06\/eqqus.ee-logo.png\",\"width\":627,\"height\":146,\"caption\":\"eqqus Ltd O\u00dc\"},\"image\":{\"@id\":\"https:\/\/www.eqqus.ee\/en\/#\/schema\/logo\/image\/\"},\"sameAs\":[\"https:\/\/www.facebook.com\/eqqusLtd\"]}]}<\/script>\n<!-- \/ Yoast SEO plugin. -->","yoast_head_json":{"title":"Surefire | Products - Eqqus","description":"Surefire - Designed for the best performance in the toughest conditions. Surefire rifle\/gun flashlights are compact, shock-resistant and almost indestruc...","robots":{"index":"index","follow":"follow","max-snippet":"max-snippet:-1","max-image-preview":"max-image-preview:large","max-video-preview":"max-video-preview:-1"},"canonical":"https:\/\/www.eqqus.ee\/en\/product\/lighting\/for-firearm\/surefire\/","og_locale":"en_US","og_type":"article","og_title":"Surefire | Products - Eqqus","og_description":"Surefire - Designed for the best performance in the toughest conditions. Surefire rifle\/gun flashlights are compact, shock-resistant and almost indestruc...","og_url":"https:\/\/www.eqqus.ee\/en\/product\/lighting\/for-firearm\/surefire\/","og_site_name":"eqqus Ltd O\u00dc","article_publisher":"https:\/\/www.facebook.com\/eqqusLtd","article_modified_time":"2024-01-04T10:19:04+00:00","og_image":[{"width":400,"height":210,"url":"https:\/\/www.eqqus.ee\/wp-content\/uploads\/2023\/06\/SUREFIRE-EQQU.png","type":"image\/png"}],"twitter_card":"summary_large_image","twitter_misc":{"Est. reading time":"4 minutes"},"schema":{"@context":"https:\/\/schema.org","@graph":[{"@type":"WebPage","@id":"https:\/\/www.eqqus.ee\/en\/product\/lighting\/for-firearm\/surefire\/","url":"https:\/\/www.eqqus.ee\/en\/product\/lighting\/for-firearm\/surefire\/","name":"Surefire | Products - Eqqus","isPartOf":{"@id":"https:\/\/www.eqqus.ee\/en\/#website"},"primaryImageOfPage":{"@id":"https:\/\/www.eqqus.ee\/en\/product\/lighting\/for-firearm\/surefire\/#primaryimage"},"image":{"@id":"https:\/\/www.eqqus.ee\/en\/product\/lighting\/for-firearm\/surefire\/#primaryimage"},"thumbnailUrl":"https:\/\/www.eqqus.ee\/wp-content\/uploads\/2023\/06\/SUREFIRE-EQQU.png","datePublished":"2023-06-26T07:15:14+00:00","dateModified":"2024-01-04T10:19:04+00:00","description":"Surefire - Designed for the best performance in the toughest conditions. Surefire rifle\/gun flashlights are compact, shock-resistant and almost indestruc...","breadcrumb":{"@id":"https:\/\/www.eqqus.ee\/en\/product\/lighting\/for-firearm\/surefire\/#breadcrumb"},"inLanguage":"en-US","potentialAction":[{"@type":"ReadAction","target":["https:\/\/www.eqqus.ee\/en\/product\/lighting\/for-firearm\/surefire\/"]}]},{"@type":"ImageObject","inLanguage":"en-US","@id":"https:\/\/www.eqqus.ee\/en\/product\/lighting\/for-firearm\/surefire\/#primaryimage","url":"https:\/\/www.eqqus.ee\/wp-content\/uploads\/2023\/06\/SUREFIRE-EQQU.png","contentUrl":"https:\/\/www.eqqus.ee\/wp-content\/uploads\/2023\/06\/SUREFIRE-EQQU.png","width":400,"height":210,"caption":"s\u00f5jatehnika ja kaitsevarustuse m\u00fc\u00fck eqqus"},{"@type":"BreadcrumbList","@id":"https:\/\/www.eqqus.ee\/en\/product\/lighting\/for-firearm\/surefire\/#breadcrumb","itemListElement":[{"@type":"ListItem","position":1,"name":"Esileht","item":"https:\/\/www.eqqus.ee\/en\/"},{"@type":"ListItem","position":2,"name":"Product Filter","item":"https:\/\/www.eqqus.ee\/toodete-filter\/"},{"@type":"ListItem","position":3,"name":"Surefire"}]},{"@type":"WebSite","@id":"https:\/\/www.eqqus.ee\/en\/#website","url":"https:\/\/www.eqqus.ee\/en\/","name":"eqqus Ltd O\u00dc","description":"Kaitsevahendid","publisher":{"@id":"https:\/\/www.eqqus.ee\/en\/#organization"},"potentialAction":[{"@type":"SearchAction","target":{"@type":"EntryPoint","urlTemplate":"https:\/\/www.eqqus.ee\/en\/?s={search_term_string}"},"query-input":{"@type":"PropertyValueSpecification","valueRequired":true,"valueName":"search_term_string"}}],"inLanguage":"en-US"},{"@type":"Organization","@id":"https:\/\/www.eqqus.ee\/en\/#organization","name":"eqqus Ltd O\u00dc","url":"https:\/\/www.eqqus.ee\/en\/","logo":{"@type":"ImageObject","inLanguage":"en-US","@id":"https:\/\/www.eqqus.ee\/en\/#\/schema\/logo\/image\/","url":"https:\/\/www.eqqus.ee\/wp-content\/uploads\/2023\/06\/eqqus.ee-logo.png","contentUrl":"https:\/\/www.eqqus.ee\/wp-content\/uploads\/2023\/06\/eqqus.ee-logo.png","width":627,"height":146,"caption":"eqqus Ltd O\u00dc"},"image":{"@id":"https:\/\/www.eqqus.ee\/en\/#\/schema\/logo\/image\/"},"sameAs":["https:\/\/www.facebook.com\/eqqusLtd"]}]}},"_links":{"self":[{"href":"https:\/\/www.eqqus.ee\/en\/wp-json\/wp\/v2\/product\/246510","targetHints":{"allow":["GET"]}}],"collection":[{"href":"https:\/\/www.eqqus.ee\/en\/wp-json\/wp\/v2\/product"}],"about":[{"href":"https:\/\/www.eqqus.ee\/en\/wp-json\/wp\/v2\/types\/product"}],"wp:featuredmedia":[{"embeddable":true,"href":"https:\/\/www.eqqus.ee\/en\/wp-json\/wp\/v2\/media\/246076"}],"wp:attachment":[{"href":"https:\/\/www.eqqus.ee\/en\/wp-json\/wp\/v2\/media?parent=246510"}],"wp:term":[{"taxonomy":"product_brand","embeddable":true,"href":"https:\/\/www.eqqus.ee\/en\/wp-json\/wp\/v2\/product_brand?post=246510"},{"taxonomy":"product_cat","embeddable":true,"href":"https:\/\/www.eqqus.ee\/en\/wp-json\/wp\/v2\/product_cat?post=246510"},{"taxonomy":"product_tag","embeddable":true,"href":"https:\/\/www.eqqus.ee\/en\/wp-json\/wp\/v2\/product_tag?post=246510"}],"curies":[{"name":"wp","href":"https:\/\/api.w.org\/{rel}","templated":true}]}}