{"id":246189,"date":"2023-06-14T15:47:38","date_gmt":"2023-06-14T12:47:38","guid":{"rendered":"https:\/\/www.eqqus.ee\/toode\/uncategorized\/sioen-ballistics\/"},"modified":"2024-01-04T12:20:54","modified_gmt":"2024-01-04T10:20:54","slug":"sioen-ballistics","status":"publish","type":"product","link":"https:\/\/www.eqqus.ee\/en\/product\/ballistic-protection\/vests\/sioen-ballistics\/","title":{"rendered":"Sioen Ballistics"},"content":{"rendered":"<p><img decoding=\"async\" class=\"alignnone wp-image-243174 entered litespeed-loaded\" src=\"https:\/\/www.eqqus.ee\/wp-content\/uploads\/2021\/05\/header_ballistic_1bo5_bk_act_007.jpg\" alt=\"\" width=\"503\" height=\"201\" data-lazyloaded=\"1\" data-placeholder-resp=\"503x201\" data-src=\"https:\/\/www.eqqus.ee\/wp-content\/uploads\/2021\/05\/header_ballistic_1bo5_bk_act_007.jpg\" data-ll-status=\"loaded\" srcset=\"https:\/\/www.eqqus.ee\/wp-content\/uploads\/2021\/05\/header_ballistic_1bo5_bk_act_007.jpg 2000w, https:\/\/www.eqqus.ee\/wp-content\/uploads\/2021\/05\/header_ballistic_1bo5_bk_act_007-250x100.jpg 250w, https:\/\/www.eqqus.ee\/wp-content\/uploads\/2021\/05\/header_ballistic_1bo5_bk_act_007-500x200.jpg 500w, https:\/\/www.eqqus.ee\/wp-content\/uploads\/2021\/05\/header_ballistic_1bo5_bk_act_007-64x26.jpg 64w\" sizes=\"(max-width: 503px) 100vw, 503px\" \/><\/p>\n<p><a href=\"https:\/\/sioenballistics.com\/en\">SIOEN Ballistics is a trusted partner that provides you with high-quality, lightweight modular body armor that protects the wearer from all kinds of hazards (handguns, machine guns, submachine guns, shotguns, knives, etc.).<\/a><\/p>\n<h4>\u00a0<\/h4>\n<h4>Customer Focus<\/h4>\n<p>In everything Sioen Ballistics does, the customer is key. The design process is guided by motives: protection, durability, comfort and budgeting. Their ambition and vision is to understand and interpret all unique requirements for the right end result. SIOEN\u2019s work culture is based on intensive teamwork, a great deal of commitment between companies and a focus on refining ideas. This always leads to the end result of specific and personalized systems that meet the law and the customer\u2019s wishes. Sioen\u2019s main advantage is their cross-sectoral 360 \u00b0 knowledge of market needs. Whether you work on land, in water, over water or in the air, in the public sector or in private services, in low or extremely high risk situations, Sioen will always produce the right solution for you. \u00a0<\/p>\n<h4>\u00a0<\/h4>\n<h4>Covert vests <img decoding=\"async\" class=\"alignnone size-medium wp-image-243196 entered litespeed-loaded\" src=\"https:\/\/www.eqqus.ee\/wp-content\/uploads\/2021\/05\/1BQ1_NS0___SIL.png\" alt=\"\" width=\"200\" height=\"300\" data-lazyloaded=\"1\" data-placeholder-resp=\"200x300\" data-src=\"https:\/\/www.eqqus.ee\/wp-content\/uploads\/2021\/05\/1BQ1_NS0___SIL.png\" data-ll-status=\"loaded\" srcset=\"https:\/\/www.eqqus.ee\/wp-content\/uploads\/2021\/05\/1BQ1_NS0___SIL.png 250w, https:\/\/www.eqqus.ee\/wp-content\/uploads\/2021\/05\/1BQ1_NS0___SIL-64x96.png 64w\" sizes=\"(max-width: 200px) 100vw, 200px\" \/>\u00a0<img decoding=\"async\" class=\"alignnone size-medium wp-image-243198 entered litespeed-loaded\" src=\"https:\/\/www.eqqus.ee\/wp-content\/uploads\/2021\/05\/1B61_NS0___SIL.png\" alt=\"\" width=\"200\" height=\"300\" data-lazyloaded=\"1\" data-placeholder-resp=\"200x300\" data-src=\"https:\/\/www.eqqus.ee\/wp-content\/uploads\/2021\/05\/1B61_NS0___SIL.png\" data-ll-status=\"loaded\" srcset=\"https:\/\/www.eqqus.ee\/wp-content\/uploads\/2021\/05\/1B61_NS0___SIL.png 250w, https:\/\/www.eqqus.ee\/wp-content\/uploads\/2021\/05\/1B61_NS0___SIL-64x96.png 64w\" sizes=\"(max-width: 200px) 100vw, 200px\" \/>\u00a0<img decoding=\"async\" class=\"alignnone size-medium wp-image-243200 entered litespeed-loaded\" src=\"https:\/\/www.eqqus.ee\/wp-content\/uploads\/2021\/05\/1BVC_NS0___SIL.png\" alt=\"\" width=\"200\" height=\"300\" data-lazyloaded=\"1\" data-placeholder-resp=\"200x300\" data-src=\"https:\/\/www.eqqus.ee\/wp-content\/uploads\/2021\/05\/1BVC_NS0___SIL.png\" data-ll-status=\"loaded\" srcset=\"https:\/\/www.eqqus.ee\/wp-content\/uploads\/2021\/05\/1BVC_NS0___SIL.png 250w, https:\/\/www.eqqus.ee\/wp-content\/uploads\/2021\/05\/1BVC_NS0___SIL-64x96.png 64w\" sizes=\"(max-width: 200px) 100vw, 200px\" \/><\/h4>\n<h4>\u00a0<\/h4>\n<h4>Vests in public disappearance<\/h4>\n<p><img decoding=\"async\" class=\"alignnone size-medium wp-image-243202 entered litespeed-loaded\" src=\"https:\/\/www.eqqus.ee\/wp-content\/uploads\/2021\/05\/1BV4_NS0___SIL.png\" alt=\"\" width=\"200\" height=\"300\" data-lazyloaded=\"1\" data-placeholder-resp=\"200x300\" data-src=\"https:\/\/www.eqqus.ee\/wp-content\/uploads\/2021\/05\/1BV4_NS0___SIL.png\" data-ll-status=\"loaded\" srcset=\"https:\/\/www.eqqus.ee\/wp-content\/uploads\/2021\/05\/1BV4_NS0___SIL.png 250w, https:\/\/www.eqqus.ee\/wp-content\/uploads\/2021\/05\/1BV4_NS0___SIL-64x96.png 64w\" sizes=\"(max-width: 200px) 100vw, 200px\" \/>\u00a0<img decoding=\"async\" class=\"alignnone size-medium wp-image-243180 entered litespeed-loaded\" src=\"https:\/\/www.eqqus.ee\/wp-content\/uploads\/2021\/05\/1BG4_FYS___SIL.png\" alt=\"\" width=\"200\" height=\"300\" data-lazyloaded=\"1\" data-placeholder-resp=\"200x300\" data-src=\"https:\/\/www.eqqus.ee\/wp-content\/uploads\/2021\/05\/1BG4_FYS___SIL.png\" data-ll-status=\"loaded\" srcset=\"https:\/\/www.eqqus.ee\/wp-content\/uploads\/2021\/05\/1BG4_FYS___SIL.png 250w, https:\/\/www.eqqus.ee\/wp-content\/uploads\/2021\/05\/1BG4_FYS___SIL-64x96.png 64w\" sizes=\"(max-width: 200px) 100vw, 200px\" \/>\u00a0<img decoding=\"async\" class=\"alignnone size-medium wp-image-243178 entered litespeed-loaded\" src=\"https:\/\/www.eqqus.ee\/wp-content\/uploads\/2021\/05\/1BG4_FR1___SIL.png\" alt=\"\" width=\"200\" height=\"300\" data-lazyloaded=\"1\" data-placeholder-resp=\"200x300\" data-src=\"https:\/\/www.eqqus.ee\/wp-content\/uploads\/2021\/05\/1BG4_FR1___SIL.png\" data-ll-status=\"loaded\" srcset=\"https:\/\/www.eqqus.ee\/wp-content\/uploads\/2021\/05\/1BG4_FR1___SIL.png 250w, https:\/\/www.eqqus.ee\/wp-content\/uploads\/2021\/05\/1BG4_FR1___SIL-64x96.png 64w\" sizes=\"(max-width: 200px) 100vw, 200px\" \/><\/p>\n<h4>\u00a0<\/h4>\n<h4>Tactical vests<\/h4>\n<p><img decoding=\"async\" class=\"alignnone size-medium wp-image-243184 entered litespeed-loaded\" src=\"https:\/\/www.eqqus.ee\/wp-content\/uploads\/2021\/05\/1BL2_NS0___SIL.png\" alt=\"\" width=\"200\" height=\"300\" data-lazyloaded=\"1\" data-placeholder-resp=\"200x300\" data-src=\"https:\/\/www.eqqus.ee\/wp-content\/uploads\/2021\/05\/1BL2_NS0___SIL.png\" data-ll-status=\"loaded\" srcset=\"https:\/\/www.eqqus.ee\/wp-content\/uploads\/2021\/05\/1BL2_NS0___SIL.png 250w, https:\/\/www.eqqus.ee\/wp-content\/uploads\/2021\/05\/1BL2_NS0___SIL-64x96.png 64w\" sizes=\"(max-width: 200px) 100vw, 200px\" \/>\u00a0<img decoding=\"async\" class=\"alignnone size-medium wp-image-243186 entered litespeed-loaded\" src=\"https:\/\/www.eqqus.ee\/wp-content\/uploads\/2021\/05\/1BO1_NS0___SIL.png\" alt=\"\" width=\"200\" height=\"300\" data-lazyloaded=\"1\" data-placeholder-resp=\"200x300\" data-src=\"https:\/\/www.eqqus.ee\/wp-content\/uploads\/2021\/05\/1BO1_NS0___SIL.png\" data-ll-status=\"loaded\" srcset=\"https:\/\/www.eqqus.ee\/wp-content\/uploads\/2021\/05\/1BO1_NS0___SIL.png 250w, https:\/\/www.eqqus.ee\/wp-content\/uploads\/2021\/05\/1BO1_NS0___SIL-64x96.png 64w\" sizes=\"(max-width: 200px) 100vw, 200px\" \/>\u00a0<img decoding=\"async\" class=\"alignnone size-medium wp-image-243188 entered litespeed-loaded\" src=\"https:\/\/www.eqqus.ee\/wp-content\/uploads\/2021\/05\/1BVH_NS0___SIL.png\" alt=\"\" width=\"200\" height=\"300\" data-lazyloaded=\"1\" data-placeholder-resp=\"200x300\" data-src=\"https:\/\/www.eqqus.ee\/wp-content\/uploads\/2021\/05\/1BVH_NS0___SIL.png\" data-ll-status=\"loaded\" srcset=\"https:\/\/www.eqqus.ee\/wp-content\/uploads\/2021\/05\/1BVH_NS0___SIL.png 250w, https:\/\/www.eqqus.ee\/wp-content\/uploads\/2021\/05\/1BVH_NS0___SIL-64x96.png 64w\" sizes=\"(max-width: 200px) 100vw, 200px\" \/><\/p>\n<h4>\u00a0<\/h4>\n<h4>Hard Plate Carriers<\/h4>\n<p><img decoding=\"async\" class=\"alignnone size-medium wp-image-243190 entered litespeed-loaded\" src=\"https:\/\/www.eqqus.ee\/wp-content\/uploads\/2021\/05\/1B91_N15_C0_NM1_SIL.png\" alt=\"\" width=\"200\" height=\"300\" data-lazyloaded=\"1\" data-placeholder-resp=\"200x300\" data-src=\"https:\/\/www.eqqus.ee\/wp-content\/uploads\/2021\/05\/1B91_N15_C0_NM1_SIL.png\" data-ll-status=\"loaded\" srcset=\"https:\/\/www.eqqus.ee\/wp-content\/uploads\/2021\/05\/1B91_N15_C0_NM1_SIL.png 250w, https:\/\/www.eqqus.ee\/wp-content\/uploads\/2021\/05\/1B91_N15_C0_NM1_SIL-64x96.png 64w\" sizes=\"(max-width: 200px) 100vw, 200px\" \/>\u00a0<img decoding=\"async\" class=\"alignnone size-medium wp-image-243192 entered litespeed-loaded\" src=\"https:\/\/www.eqqus.ee\/wp-content\/uploads\/2021\/05\/1BVF_NS0___SIL.png\" alt=\"\" width=\"200\" height=\"300\" data-lazyloaded=\"1\" data-placeholder-resp=\"200x300\" data-src=\"https:\/\/www.eqqus.ee\/wp-content\/uploads\/2021\/05\/1BVF_NS0___SIL.png\" data-ll-status=\"loaded\" srcset=\"https:\/\/www.eqqus.ee\/wp-content\/uploads\/2021\/05\/1BVF_NS0___SIL.png 250w, https:\/\/www.eqqus.ee\/wp-content\/uploads\/2021\/05\/1BVF_NS0___SIL-64x96.png 64w\" sizes=\"(max-width: 200px) 100vw, 200px\" \/>\u00a0<img decoding=\"async\" class=\"alignnone size-medium wp-image-243194 entered litespeed-loaded\" src=\"https:\/\/www.eqqus.ee\/wp-content\/uploads\/2021\/05\/1BP0_NS0___SIL.png\" alt=\"\" width=\"200\" height=\"300\" data-lazyloaded=\"1\" data-placeholder-resp=\"200x300\" data-src=\"https:\/\/www.eqqus.ee\/wp-content\/uploads\/2021\/05\/1BP0_NS0___SIL.png\" data-ll-status=\"loaded\" srcset=\"https:\/\/www.eqqus.ee\/wp-content\/uploads\/2021\/05\/1BP0_NS0___SIL.png 250w, https:\/\/www.eqqus.ee\/wp-content\/uploads\/2021\/05\/1BP0_NS0___SIL-64x96.png 64w\" sizes=\"(max-width: 200px) 100vw, 200px\" \/><\/p>\n<h4>\u00a0<\/h4>\n<h4>SIOEN Ballistic:<\/h4>\n<p>1) Part of the financially stable Sioen Industries group. <br \/>2) Generous level of guarantee, liability and insurance. <br \/>3) Quality and innovative products: <br \/>+ Use of raw materials from the most famous top quality suppliers (DSM, DuPont, Teijin Aramid, Honeywell, Ten Cate, \u2026); <br \/>+ Strong infrastructure (manufacturing companies worldwide) <br \/>+ In-house firing laboratories for quality control and development of armor solutions in both Belgium and Finland; <br \/>+ Long-term experience: since 1907 has been producing technical textiles, since 1964 actively P.P.E. (Personal protective equipment) and since 1984 in armor. Cross-functional use of the strengths of innovative products within different Sioen brands.<\/p>\n<p>As a global player in the production of professional vests, they can rely on international and expert development, design and production knowledge.<\/p>\n<p>Sioen has been producing bulletproof vests all over the world in its special production plants. Sioen has become an industry leader in both the branded and private label business segments. SIOEN has 10 production companies and the group employs more than 4,500 people. It is fair to say that Sioen has every opportunity to meet your needs. Whether it\u2019s general protective clothing, workwear, life jackets, floating suits, dry suits, firefighters\u2019 clothing, chainsaw protective clothing for arborists or armor, SIOEN is committed to creating and producing quality solutions while being socially and ethically responsible. More than 30 million products are currently produced each year, monitored by their highly qualified operations and quality control teams. \u00a0<\/p>\n<p>&nbsp;<\/p>\n\n<div class=\"wpcf7 no-js\" id=\"wpcf7-f243598-o1\" lang=\"et\" dir=\"ltr\" data-wpcf7-id=\"243598\">\n<div class=\"screen-reader-response\"><p role=\"status\" aria-live=\"polite\" aria-atomic=\"true\"><\/p> <ul><\/ul><\/div>\n<form action=\"\/en\/wp-json\/wp\/v2\/product\/246189#wpcf7-f243598-o1\" method=\"post\" class=\"wpcf7-form init\" aria-label=\"Contact form\" novalidate=\"novalidate\" data-status=\"init\">\n<div style=\"display: none;\">\n<input type=\"hidden\" name=\"_wpcf7\" value=\"243598\" \/>\n<input type=\"hidden\" name=\"_wpcf7_version\" value=\"6.0.5\" \/>\n<input type=\"hidden\" name=\"_wpcf7_locale\" value=\"et\" \/>\n<input type=\"hidden\" name=\"_wpcf7_unit_tag\" value=\"wpcf7-f243598-o1\" \/>\n<input type=\"hidden\" name=\"_wpcf7_container_post\" value=\"0\" \/>\n<input type=\"hidden\" name=\"_wpcf7_posted_data_hash\" value=\"\" \/>\n<input type=\"hidden\" name=\"_wpcf7_recaptcha_response\" value=\"\" \/>\n<\/div>\n<p><label> Your name<br \/>\n<span class=\"wpcf7-form-control-wrap\" data-name=\"your-name\"><input size=\"40\" maxlength=\"400\" class=\"wpcf7-form-control wpcf7-text wpcf7-validates-as-required\" aria-required=\"true\" aria-invalid=\"false\" value=\"\" type=\"text\" name=\"your-name\" \/><\/span> <\/label>\n<\/p>\n<p><label> Your email<br \/>\n<span class=\"wpcf7-form-control-wrap\" data-name=\"your-email\"><input size=\"40\" maxlength=\"400\" class=\"wpcf7-form-control wpcf7-email wpcf7-validates-as-required wpcf7-text wpcf7-validates-as-email\" aria-required=\"true\" aria-invalid=\"false\" value=\"\" type=\"email\" name=\"your-email\" \/><\/span> <\/label>\n<\/p>\n<p><label> Brand\/Product you are interested in<br \/>\n<span class=\"wpcf7-form-control-wrap\" data-name=\"your-subject\"><input size=\"40\" maxlength=\"400\" class=\"wpcf7-form-control wpcf7-text wpcf7-validates-as-required\" aria-required=\"true\" aria-invalid=\"false\" value=\"\" type=\"text\" name=\"your-subject\" \/><\/span> <\/label>\n<\/p>\n<p><label> Questions about product<br \/>\n<span class=\"wpcf7-form-control-wrap\" data-name=\"your-message\"><textarea cols=\"40\" rows=\"10\" maxlength=\"2000\" class=\"wpcf7-form-control wpcf7-textarea wpcf7-validates-as-required\" aria-required=\"true\" aria-invalid=\"false\" name=\"your-message\"><\/textarea><\/span> <\/label>\n<\/p>\n<p><input class=\"wpcf7-form-control wpcf7-submit has-spinner\" type=\"submit\" value=\"Send request\" \/>\n<\/p><div class=\"wpcf7-response-output\" aria-hidden=\"true\"><\/div>\n<\/form>\n<\/div>\n\n","protected":false},"excerpt":{"rendered":"<p>SIOEN Ballistics is a trusted partner that provides you with high-quality, lightweight modular body armor that protects the wearer from all kinds of hazards (handguns, machine guns, submachine guns, shotguns, knives, etc.). \u00a0 Customer Focus In everything Sioen Ballistics does, the customer is key. The design process is guided by motives: protection, durability, comfort and [&hellip;]<\/p>\n","protected":false},"featured_media":246072,"template":"","meta":{"_et_pb_use_builder":"","_et_pb_old_content":"","_et_gb_content_width":""},"product_brand":[],"product_cat":[667,226],"product_tag":[615],"class_list":{"0":"post-246189","1":"product","2":"type-product","3":"status-publish","4":"has-post-thumbnail","6":"product_cat-vests","7":"product_cat-ballistic-protection","8":"product_tag-sioen-ballistics-en","10":"first","11":"instock","12":"shipping-taxable","13":"product-type-simple"},"yoast_head":"<!-- This site is optimized with the Yoast SEO plugin v24.7 - https:\/\/yoast.com\/wordpress\/plugins\/seo\/ -->\n<title>Sioen Ballistics | Products - Eqqus<\/title>\n<meta name=\"description\" content=\"SIOEN Ballistics is a trusted partner that provides you with high-quality, lightweight modular body armor that protects from all kinds of ballistic hazards.\" \/>\n<meta name=\"robots\" content=\"index, follow, max-snippet:-1, max-image-preview:large, max-video-preview:-1\" \/>\n<link rel=\"canonical\" href=\"https:\/\/www.eqqus.ee\/en\/product\/ballistic-protection\/vests\/sioen-ballistics\/\" \/>\n<meta property=\"og:locale\" content=\"en_US\" \/>\n<meta property=\"og:type\" content=\"article\" \/>\n<meta property=\"og:title\" content=\"Sioen Ballistics | Products - Eqqus\" \/>\n<meta property=\"og:description\" content=\"SIOEN Ballistics is a trusted partner that provides you with high-quality, lightweight modular body armor that protects from all kinds of ballistic hazards.\" \/>\n<meta property=\"og:url\" content=\"https:\/\/www.eqqus.ee\/en\/product\/ballistic-protection\/vests\/sioen-ballistics\/\" \/>\n<meta property=\"og:site_name\" content=\"eqqus Ltd O\u00dc\" \/>\n<meta property=\"article:publisher\" content=\"https:\/\/www.facebook.com\/eqqusLtd\" \/>\n<meta property=\"article:modified_time\" content=\"2024-01-04T10:20:54+00:00\" \/>\n<meta property=\"og:image\" content=\"https:\/\/www.eqqus.ee\/wp-content\/uploads\/2023\/06\/SION-BALLISTIC-EQQU.png\" \/>\n\t<meta property=\"og:image:width\" content=\"400\" \/>\n\t<meta property=\"og:image:height\" content=\"210\" \/>\n\t<meta property=\"og:image:type\" content=\"image\/png\" \/>\n<meta name=\"twitter:card\" content=\"summary_large_image\" \/>\n<meta name=\"twitter:label1\" content=\"Est. reading time\" \/>\n\t<meta name=\"twitter:data1\" content=\"5 minutes\" \/>\n<script type=\"application\/ld+json\" class=\"yoast-schema-graph\">{\"@context\":\"https:\/\/schema.org\",\"@graph\":[{\"@type\":\"WebPage\",\"@id\":\"https:\/\/www.eqqus.ee\/en\/product\/ballistic-protection\/vests\/sioen-ballistics\/\",\"url\":\"https:\/\/www.eqqus.ee\/en\/product\/ballistic-protection\/vests\/sioen-ballistics\/\",\"name\":\"Sioen Ballistics | Products - Eqqus\",\"isPartOf\":{\"@id\":\"https:\/\/www.eqqus.ee\/en\/#website\"},\"primaryImageOfPage\":{\"@id\":\"https:\/\/www.eqqus.ee\/en\/product\/ballistic-protection\/vests\/sioen-ballistics\/#primaryimage\"},\"image\":{\"@id\":\"https:\/\/www.eqqus.ee\/en\/product\/ballistic-protection\/vests\/sioen-ballistics\/#primaryimage\"},\"thumbnailUrl\":\"https:\/\/www.eqqus.ee\/wp-content\/uploads\/2023\/06\/SION-BALLISTIC-EQQU.png\",\"datePublished\":\"2023-06-14T12:47:38+00:00\",\"dateModified\":\"2024-01-04T10:20:54+00:00\",\"description\":\"SIOEN Ballistics is a trusted partner that provides you with high-quality, lightweight modular body armor that protects from all kinds of ballistic hazards.\",\"breadcrumb\":{\"@id\":\"https:\/\/www.eqqus.ee\/en\/product\/ballistic-protection\/vests\/sioen-ballistics\/#breadcrumb\"},\"inLanguage\":\"en-US\",\"potentialAction\":[{\"@type\":\"ReadAction\",\"target\":[\"https:\/\/www.eqqus.ee\/en\/product\/ballistic-protection\/vests\/sioen-ballistics\/\"]}]},{\"@type\":\"ImageObject\",\"inLanguage\":\"en-US\",\"@id\":\"https:\/\/www.eqqus.ee\/en\/product\/ballistic-protection\/vests\/sioen-ballistics\/#primaryimage\",\"url\":\"https:\/\/www.eqqus.ee\/wp-content\/uploads\/2023\/06\/SION-BALLISTIC-EQQU.png\",\"contentUrl\":\"https:\/\/www.eqqus.ee\/wp-content\/uploads\/2023\/06\/SION-BALLISTIC-EQQU.png\",\"width\":400,\"height\":210,\"caption\":\"s\u00f5jatehnika ja kaitsevarustuse m\u00fc\u00fck eqqus\"},{\"@type\":\"BreadcrumbList\",\"@id\":\"https:\/\/www.eqqus.ee\/en\/product\/ballistic-protection\/vests\/sioen-ballistics\/#breadcrumb\",\"itemListElement\":[{\"@type\":\"ListItem\",\"position\":1,\"name\":\"Esileht\",\"item\":\"https:\/\/www.eqqus.ee\/en\/\"},{\"@type\":\"ListItem\",\"position\":2,\"name\":\"Product Filter\",\"item\":\"https:\/\/www.eqqus.ee\/toodete-filter\/\"},{\"@type\":\"ListItem\",\"position\":3,\"name\":\"Sioen Ballistics\"}]},{\"@type\":\"WebSite\",\"@id\":\"https:\/\/www.eqqus.ee\/en\/#website\",\"url\":\"https:\/\/www.eqqus.ee\/en\/\",\"name\":\"eqqus Ltd O\u00dc\",\"description\":\"Kaitsevahendid\",\"publisher\":{\"@id\":\"https:\/\/www.eqqus.ee\/en\/#organization\"},\"potentialAction\":[{\"@type\":\"SearchAction\",\"target\":{\"@type\":\"EntryPoint\",\"urlTemplate\":\"https:\/\/www.eqqus.ee\/en\/?s={search_term_string}\"},\"query-input\":{\"@type\":\"PropertyValueSpecification\",\"valueRequired\":true,\"valueName\":\"search_term_string\"}}],\"inLanguage\":\"en-US\"},{\"@type\":\"Organization\",\"@id\":\"https:\/\/www.eqqus.ee\/en\/#organization\",\"name\":\"eqqus Ltd O\u00dc\",\"url\":\"https:\/\/www.eqqus.ee\/en\/\",\"logo\":{\"@type\":\"ImageObject\",\"inLanguage\":\"en-US\",\"@id\":\"https:\/\/www.eqqus.ee\/en\/#\/schema\/logo\/image\/\",\"url\":\"https:\/\/www.eqqus.ee\/wp-content\/uploads\/2023\/06\/eqqus.ee-logo.png\",\"contentUrl\":\"https:\/\/www.eqqus.ee\/wp-content\/uploads\/2023\/06\/eqqus.ee-logo.png\",\"width\":627,\"height\":146,\"caption\":\"eqqus Ltd O\u00dc\"},\"image\":{\"@id\":\"https:\/\/www.eqqus.ee\/en\/#\/schema\/logo\/image\/\"},\"sameAs\":[\"https:\/\/www.facebook.com\/eqqusLtd\"]}]}<\/script>\n<!-- \/ Yoast SEO plugin. -->","yoast_head_json":{"title":"Sioen Ballistics | Products - Eqqus","description":"SIOEN Ballistics is a trusted partner that provides you with high-quality, lightweight modular body armor that protects from all kinds of ballistic hazards.","robots":{"index":"index","follow":"follow","max-snippet":"max-snippet:-1","max-image-preview":"max-image-preview:large","max-video-preview":"max-video-preview:-1"},"canonical":"https:\/\/www.eqqus.ee\/en\/product\/ballistic-protection\/vests\/sioen-ballistics\/","og_locale":"en_US","og_type":"article","og_title":"Sioen Ballistics | Products - Eqqus","og_description":"SIOEN Ballistics is a trusted partner that provides you with high-quality, lightweight modular body armor that protects from all kinds of ballistic hazards.","og_url":"https:\/\/www.eqqus.ee\/en\/product\/ballistic-protection\/vests\/sioen-ballistics\/","og_site_name":"eqqus Ltd O\u00dc","article_publisher":"https:\/\/www.facebook.com\/eqqusLtd","article_modified_time":"2024-01-04T10:20:54+00:00","og_image":[{"width":400,"height":210,"url":"https:\/\/www.eqqus.ee\/wp-content\/uploads\/2023\/06\/SION-BALLISTIC-EQQU.png","type":"image\/png"}],"twitter_card":"summary_large_image","twitter_misc":{"Est. reading time":"5 minutes"},"schema":{"@context":"https:\/\/schema.org","@graph":[{"@type":"WebPage","@id":"https:\/\/www.eqqus.ee\/en\/product\/ballistic-protection\/vests\/sioen-ballistics\/","url":"https:\/\/www.eqqus.ee\/en\/product\/ballistic-protection\/vests\/sioen-ballistics\/","name":"Sioen Ballistics | Products - Eqqus","isPartOf":{"@id":"https:\/\/www.eqqus.ee\/en\/#website"},"primaryImageOfPage":{"@id":"https:\/\/www.eqqus.ee\/en\/product\/ballistic-protection\/vests\/sioen-ballistics\/#primaryimage"},"image":{"@id":"https:\/\/www.eqqus.ee\/en\/product\/ballistic-protection\/vests\/sioen-ballistics\/#primaryimage"},"thumbnailUrl":"https:\/\/www.eqqus.ee\/wp-content\/uploads\/2023\/06\/SION-BALLISTIC-EQQU.png","datePublished":"2023-06-14T12:47:38+00:00","dateModified":"2024-01-04T10:20:54+00:00","description":"SIOEN Ballistics is a trusted partner that provides you with high-quality, lightweight modular body armor that protects from all kinds of ballistic hazards.","breadcrumb":{"@id":"https:\/\/www.eqqus.ee\/en\/product\/ballistic-protection\/vests\/sioen-ballistics\/#breadcrumb"},"inLanguage":"en-US","potentialAction":[{"@type":"ReadAction","target":["https:\/\/www.eqqus.ee\/en\/product\/ballistic-protection\/vests\/sioen-ballistics\/"]}]},{"@type":"ImageObject","inLanguage":"en-US","@id":"https:\/\/www.eqqus.ee\/en\/product\/ballistic-protection\/vests\/sioen-ballistics\/#primaryimage","url":"https:\/\/www.eqqus.ee\/wp-content\/uploads\/2023\/06\/SION-BALLISTIC-EQQU.png","contentUrl":"https:\/\/www.eqqus.ee\/wp-content\/uploads\/2023\/06\/SION-BALLISTIC-EQQU.png","width":400,"height":210,"caption":"s\u00f5jatehnika ja kaitsevarustuse m\u00fc\u00fck eqqus"},{"@type":"BreadcrumbList","@id":"https:\/\/www.eqqus.ee\/en\/product\/ballistic-protection\/vests\/sioen-ballistics\/#breadcrumb","itemListElement":[{"@type":"ListItem","position":1,"name":"Esileht","item":"https:\/\/www.eqqus.ee\/en\/"},{"@type":"ListItem","position":2,"name":"Product Filter","item":"https:\/\/www.eqqus.ee\/toodete-filter\/"},{"@type":"ListItem","position":3,"name":"Sioen Ballistics"}]},{"@type":"WebSite","@id":"https:\/\/www.eqqus.ee\/en\/#website","url":"https:\/\/www.eqqus.ee\/en\/","name":"eqqus Ltd O\u00dc","description":"Kaitsevahendid","publisher":{"@id":"https:\/\/www.eqqus.ee\/en\/#organization"},"potentialAction":[{"@type":"SearchAction","target":{"@type":"EntryPoint","urlTemplate":"https:\/\/www.eqqus.ee\/en\/?s={search_term_string}"},"query-input":{"@type":"PropertyValueSpecification","valueRequired":true,"valueName":"search_term_string"}}],"inLanguage":"en-US"},{"@type":"Organization","@id":"https:\/\/www.eqqus.ee\/en\/#organization","name":"eqqus Ltd O\u00dc","url":"https:\/\/www.eqqus.ee\/en\/","logo":{"@type":"ImageObject","inLanguage":"en-US","@id":"https:\/\/www.eqqus.ee\/en\/#\/schema\/logo\/image\/","url":"https:\/\/www.eqqus.ee\/wp-content\/uploads\/2023\/06\/eqqus.ee-logo.png","contentUrl":"https:\/\/www.eqqus.ee\/wp-content\/uploads\/2023\/06\/eqqus.ee-logo.png","width":627,"height":146,"caption":"eqqus Ltd O\u00dc"},"image":{"@id":"https:\/\/www.eqqus.ee\/en\/#\/schema\/logo\/image\/"},"sameAs":["https:\/\/www.facebook.com\/eqqusLtd"]}]}},"_links":{"self":[{"href":"https:\/\/www.eqqus.ee\/en\/wp-json\/wp\/v2\/product\/246189","targetHints":{"allow":["GET"]}}],"collection":[{"href":"https:\/\/www.eqqus.ee\/en\/wp-json\/wp\/v2\/product"}],"about":[{"href":"https:\/\/www.eqqus.ee\/en\/wp-json\/wp\/v2\/types\/product"}],"wp:featuredmedia":[{"embeddable":true,"href":"https:\/\/www.eqqus.ee\/en\/wp-json\/wp\/v2\/media\/246072"}],"wp:attachment":[{"href":"https:\/\/www.eqqus.ee\/en\/wp-json\/wp\/v2\/media?parent=246189"}],"wp:term":[{"taxonomy":"product_brand","embeddable":true,"href":"https:\/\/www.eqqus.ee\/en\/wp-json\/wp\/v2\/product_brand?post=246189"},{"taxonomy":"product_cat","embeddable":true,"href":"https:\/\/www.eqqus.ee\/en\/wp-json\/wp\/v2\/product_cat?post=246189"},{"taxonomy":"product_tag","embeddable":true,"href":"https:\/\/www.eqqus.ee\/en\/wp-json\/wp\/v2\/product_tag?post=246189"}],"curies":[{"name":"wp","href":"https:\/\/api.w.org\/{rel}","templated":true}]}}