{"id":246039,"date":"2023-06-14T11:19:36","date_gmt":"2023-06-14T08:19:36","guid":{"rendered":"https:\/\/www.eqqus.ee\/toode\/uncategorized\/radar-1957\/"},"modified":"2024-01-04T12:21:27","modified_gmt":"2024-01-04T10:21:27","slug":"radar-1957","status":"publish","type":"product","link":"https:\/\/www.eqqus.ee\/en\/product\/firearms\/holsters-en\/radar-1957\/","title":{"rendered":"Radar 1957"},"content":{"rendered":"<p><img decoding=\"async\" class=\"alignnone size-medium wp-image-243530 entered litespeed-loaded\" src=\"https:\/\/www.eqqus.ee\/wp-content\/uploads\/2021\/05\/Radar_1957_6.jpg\" alt=\"\" width=\"300\" height=\"200\" data-lazyloaded=\"1\" data-placeholder-resp=\"300x200\" data-src=\"https:\/\/www.eqqus.ee\/wp-content\/uploads\/2021\/05\/Radar_1957_6.jpg\" data-ll-status=\"loaded\" srcset=\"https:\/\/www.eqqus.ee\/wp-content\/uploads\/2021\/05\/Radar_1957_6.jpg 610w, https:\/\/www.eqqus.ee\/wp-content\/uploads\/2021\/05\/Radar_1957_6-250x167.jpg 250w, https:\/\/www.eqqus.ee\/wp-content\/uploads\/2021\/05\/Radar_1957_6-500x334.jpg 500w, https:\/\/www.eqqus.ee\/wp-content\/uploads\/2021\/05\/Radar_1957_6-64x43.jpg 64w\" sizes=\"(max-width: 300px) 100vw, 300px\" \/><\/p>\n<p><a href=\"https:\/\/www.radar1957.it\/en\/\" target=\"_blank\" rel=\"noopener\">Radar 1957 is a company with over 60 years of experience in designing and developing magnificent holsters. Their incomparable amount of experience and knowledge gained over many years and the constant focus on product safety and quality. That is what made Radar 1957 a leading and internationally recognized brand<\/a><\/p>\n<h4>Innovation comes first<\/h4>\n<p>Radar is a dynamic and modern company focused on science and technological innovation and has successfully introduced state-of-the-art new materials. All this has developed and enabled Radar to offer patented exclusive, efficient technological construction solutions in the field of holsters.<\/p>\n<h4>Autonomous design and production.<\/h4>\n<p>Radar&#8217;s large investment in the direct management of projects and their relevant production processes in 1957 allows them to be an independent company. This allows them to make improvements, innovations and control the quality of their products. The brand includes more than 40 specialized employees divided between the Radar3 Cube, a state-of-the-art research facility &#8211; and a state-of-the-art plant. They are ISO 9001: 2008 BUREAU VERITAS CERTIFIED and produce over 500,000 units per year. All products are individually tested and guaranteed.<\/p>\n<h4>Controlled production processes<\/h4>\n<p>A prerequisite for placing a satisfactory final product on the market is a strict quality control procedure, careful selection of raw materials. The tests required at the end of each stage of the process and full proper traceability at each stage of production.<\/p>\n<p><img decoding=\"async\" class=\"alignnone size-medium wp-image-243532 entered litespeed-loaded\" src=\"https:\/\/www.eqqus.ee\/wp-content\/uploads\/2021\/05\/ET8030-4.jpg\" alt=\"\" width=\"261\" height=\"300\" data-lazyloaded=\"1\" data-placeholder-resp=\"261x300\" data-src=\"https:\/\/www.eqqus.ee\/wp-content\/uploads\/2021\/05\/ET8030-4.jpg\" data-ll-status=\"loaded\" \/>\u00a0<img decoding=\"async\" class=\"alignnone size-medium wp-image-243534 entered litespeed-loaded\" src=\"https:\/\/www.eqqus.ee\/wp-content\/uploads\/2021\/05\/images-4.jpg\" alt=\"\" width=\"259\" height=\"194\" data-lazyloaded=\"1\" data-placeholder-resp=\"259x194\" data-src=\"https:\/\/www.eqqus.ee\/wp-content\/uploads\/2021\/05\/images-4.jpg\" data-ll-status=\"loaded\" srcset=\"https:\/\/www.eqqus.ee\/wp-content\/uploads\/2021\/05\/images-4.jpg 259w, https:\/\/www.eqqus.ee\/wp-content\/uploads\/2021\/05\/images-4-250x187.jpg 250w, https:\/\/www.eqqus.ee\/wp-content\/uploads\/2021\/05\/images-4-64x48.jpg 64w\" sizes=\"(max-width: 259px) 100vw, 259px\" \/>\u00a0<img decoding=\"async\" class=\"alignnone size-medium wp-image-243536 entered litespeed-loaded\" src=\"https:\/\/www.eqqus.ee\/wp-content\/uploads\/2021\/05\/Radar_1957_2.jpg\" alt=\"\" width=\"300\" height=\"200\" data-lazyloaded=\"1\" data-placeholder-resp=\"300x200\" data-src=\"https:\/\/www.eqqus.ee\/wp-content\/uploads\/2021\/05\/Radar_1957_2.jpg\" data-ll-status=\"loaded\" srcset=\"https:\/\/www.eqqus.ee\/wp-content\/uploads\/2021\/05\/Radar_1957_2.jpg 610w, https:\/\/www.eqqus.ee\/wp-content\/uploads\/2021\/05\/Radar_1957_2-250x167.jpg 250w, https:\/\/www.eqqus.ee\/wp-content\/uploads\/2021\/05\/Radar_1957_2-500x334.jpg 500w, https:\/\/www.eqqus.ee\/wp-content\/uploads\/2021\/05\/Radar_1957_2-64x43.jpg 64w\" sizes=\"(max-width: 300px) 100vw, 300px\" \/> \u00a0 \u00a0<\/p>\n<p>&nbsp;<\/p>\n\n<div class=\"wpcf7 no-js\" id=\"wpcf7-f243598-o1\" lang=\"et\" dir=\"ltr\" data-wpcf7-id=\"243598\">\n<div class=\"screen-reader-response\"><p role=\"status\" aria-live=\"polite\" aria-atomic=\"true\"><\/p> <ul><\/ul><\/div>\n<form action=\"\/en\/wp-json\/wp\/v2\/product\/246039#wpcf7-f243598-o1\" method=\"post\" class=\"wpcf7-form init\" aria-label=\"Contact form\" novalidate=\"novalidate\" data-status=\"init\">\n<div style=\"display: none;\">\n<input type=\"hidden\" name=\"_wpcf7\" value=\"243598\" \/>\n<input type=\"hidden\" name=\"_wpcf7_version\" value=\"6.0.5\" \/>\n<input type=\"hidden\" name=\"_wpcf7_locale\" value=\"et\" \/>\n<input type=\"hidden\" name=\"_wpcf7_unit_tag\" value=\"wpcf7-f243598-o1\" \/>\n<input type=\"hidden\" name=\"_wpcf7_container_post\" value=\"0\" \/>\n<input type=\"hidden\" name=\"_wpcf7_posted_data_hash\" value=\"\" \/>\n<input type=\"hidden\" name=\"_wpcf7_recaptcha_response\" value=\"\" \/>\n<\/div>\n<p><label> Your name<br \/>\n<span class=\"wpcf7-form-control-wrap\" data-name=\"your-name\"><input size=\"40\" maxlength=\"400\" class=\"wpcf7-form-control wpcf7-text wpcf7-validates-as-required\" aria-required=\"true\" aria-invalid=\"false\" value=\"\" type=\"text\" name=\"your-name\" \/><\/span> <\/label>\n<\/p>\n<p><label> Your email<br \/>\n<span class=\"wpcf7-form-control-wrap\" data-name=\"your-email\"><input size=\"40\" maxlength=\"400\" class=\"wpcf7-form-control wpcf7-email wpcf7-validates-as-required wpcf7-text wpcf7-validates-as-email\" aria-required=\"true\" aria-invalid=\"false\" value=\"\" type=\"email\" name=\"your-email\" \/><\/span> <\/label>\n<\/p>\n<p><label> Brand\/Product you are interested in<br \/>\n<span class=\"wpcf7-form-control-wrap\" data-name=\"your-subject\"><input size=\"40\" maxlength=\"400\" class=\"wpcf7-form-control wpcf7-text wpcf7-validates-as-required\" aria-required=\"true\" aria-invalid=\"false\" value=\"\" type=\"text\" name=\"your-subject\" \/><\/span> <\/label>\n<\/p>\n<p><label> Questions about product<br \/>\n<span class=\"wpcf7-form-control-wrap\" data-name=\"your-message\"><textarea cols=\"40\" rows=\"10\" maxlength=\"2000\" class=\"wpcf7-form-control wpcf7-textarea wpcf7-validates-as-required\" aria-required=\"true\" aria-invalid=\"false\" name=\"your-message\"><\/textarea><\/span> <\/label>\n<\/p>\n<p><input class=\"wpcf7-form-control wpcf7-submit has-spinner\" type=\"submit\" value=\"Send request\" \/>\n<\/p><div class=\"wpcf7-response-output\" aria-hidden=\"true\"><\/div>\n<\/form>\n<\/div>\n\n","protected":false},"excerpt":{"rendered":"<p>Radar 1957 is a company with over 60 years of experience in designing and developing magnificent holsters. Their incomparable amount of experience and knowledge gained over many years and the constant focus on product safety and quality. That is what made Radar 1957 a leading and internationally recognized brand Innovation comes first Radar is a [&hellip;]<\/p>\n","protected":false},"featured_media":246154,"template":"","meta":{"_et_pb_use_builder":"","_et_pb_old_content":"","_et_gb_content_width":""},"product_brand":[],"product_cat":[679,217],"product_tag":[604],"class_list":{"0":"post-246039","1":"product","2":"type-product","3":"status-publish","4":"has-post-thumbnail","6":"product_cat-holsters-en","7":"product_cat-holsters","8":"product_tag-radar-1957-en","10":"first","11":"instock","12":"shipping-taxable","13":"product-type-simple"},"yoast_head":"<!-- This site is optimized with the Yoast SEO plugin v24.7 - https:\/\/yoast.com\/wordpress\/plugins\/seo\/ -->\n<title>Radar 1957 | Products - Eqqus<\/title>\n<meta name=\"description\" content=\"Knowledge gained over many years and the constant focus on product safety and quality made Radar 1957 a leading and internationally recognized brand.\" \/>\n<meta name=\"robots\" content=\"index, follow, max-snippet:-1, max-image-preview:large, max-video-preview:-1\" \/>\n<link rel=\"canonical\" href=\"https:\/\/www.eqqus.ee\/en\/product\/firearms\/holsters-en\/radar-1957\/\" \/>\n<meta property=\"og:locale\" content=\"en_US\" \/>\n<meta property=\"og:type\" content=\"article\" \/>\n<meta property=\"og:title\" content=\"Radar 1957 | Products - Eqqus\" \/>\n<meta property=\"og:description\" content=\"Knowledge gained over many years and the constant focus on product safety and quality made Radar 1957 a leading and internationally recognized brand.\" \/>\n<meta property=\"og:url\" content=\"https:\/\/www.eqqus.ee\/en\/product\/firearms\/holsters-en\/radar-1957\/\" \/>\n<meta property=\"og:site_name\" content=\"eqqus Ltd O\u00dc\" \/>\n<meta property=\"article:publisher\" content=\"https:\/\/www.facebook.com\/eqqusLtd\" \/>\n<meta property=\"article:modified_time\" content=\"2024-01-04T10:21:27+00:00\" \/>\n<meta property=\"og:image\" content=\"https:\/\/www.eqqus.ee\/wp-content\/uploads\/2023\/06\/RADAAR-1957-EQQU.png\" \/>\n\t<meta property=\"og:image:width\" content=\"400\" \/>\n\t<meta property=\"og:image:height\" content=\"210\" \/>\n\t<meta property=\"og:image:type\" content=\"image\/png\" \/>\n<meta name=\"twitter:card\" content=\"summary_large_image\" \/>\n<meta name=\"twitter:label1\" content=\"Est. reading time\" \/>\n\t<meta name=\"twitter:data1\" content=\"3 minutes\" \/>\n<script type=\"application\/ld+json\" class=\"yoast-schema-graph\">{\"@context\":\"https:\/\/schema.org\",\"@graph\":[{\"@type\":\"WebPage\",\"@id\":\"https:\/\/www.eqqus.ee\/en\/product\/firearms\/holsters-en\/radar-1957\/\",\"url\":\"https:\/\/www.eqqus.ee\/en\/product\/firearms\/holsters-en\/radar-1957\/\",\"name\":\"Radar 1957 | Products - Eqqus\",\"isPartOf\":{\"@id\":\"https:\/\/www.eqqus.ee\/en\/#website\"},\"primaryImageOfPage\":{\"@id\":\"https:\/\/www.eqqus.ee\/en\/product\/firearms\/holsters-en\/radar-1957\/#primaryimage\"},\"image\":{\"@id\":\"https:\/\/www.eqqus.ee\/en\/product\/firearms\/holsters-en\/radar-1957\/#primaryimage\"},\"thumbnailUrl\":\"https:\/\/www.eqqus.ee\/wp-content\/uploads\/2023\/06\/RADAAR-1957-EQQU.png\",\"datePublished\":\"2023-06-14T08:19:36+00:00\",\"dateModified\":\"2024-01-04T10:21:27+00:00\",\"description\":\"Knowledge gained over many years and the constant focus on product safety and quality made Radar 1957 a leading and internationally recognized brand.\",\"breadcrumb\":{\"@id\":\"https:\/\/www.eqqus.ee\/en\/product\/firearms\/holsters-en\/radar-1957\/#breadcrumb\"},\"inLanguage\":\"en-US\",\"potentialAction\":[{\"@type\":\"ReadAction\",\"target\":[\"https:\/\/www.eqqus.ee\/en\/product\/firearms\/holsters-en\/radar-1957\/\"]}]},{\"@type\":\"ImageObject\",\"inLanguage\":\"en-US\",\"@id\":\"https:\/\/www.eqqus.ee\/en\/product\/firearms\/holsters-en\/radar-1957\/#primaryimage\",\"url\":\"https:\/\/www.eqqus.ee\/wp-content\/uploads\/2023\/06\/RADAAR-1957-EQQU.png\",\"contentUrl\":\"https:\/\/www.eqqus.ee\/wp-content\/uploads\/2023\/06\/RADAAR-1957-EQQU.png\",\"width\":400,\"height\":210,\"caption\":\"s\u00f5jatehnika ja kaitsevarustuse m\u00fc\u00fck eqqus\"},{\"@type\":\"BreadcrumbList\",\"@id\":\"https:\/\/www.eqqus.ee\/en\/product\/firearms\/holsters-en\/radar-1957\/#breadcrumb\",\"itemListElement\":[{\"@type\":\"ListItem\",\"position\":1,\"name\":\"Esileht\",\"item\":\"https:\/\/www.eqqus.ee\/en\/\"},{\"@type\":\"ListItem\",\"position\":2,\"name\":\"Product Filter\",\"item\":\"https:\/\/www.eqqus.ee\/toodete-filter\/\"},{\"@type\":\"ListItem\",\"position\":3,\"name\":\"Radar 1957\"}]},{\"@type\":\"WebSite\",\"@id\":\"https:\/\/www.eqqus.ee\/en\/#website\",\"url\":\"https:\/\/www.eqqus.ee\/en\/\",\"name\":\"eqqus Ltd O\u00dc\",\"description\":\"Kaitsevahendid\",\"publisher\":{\"@id\":\"https:\/\/www.eqqus.ee\/en\/#organization\"},\"potentialAction\":[{\"@type\":\"SearchAction\",\"target\":{\"@type\":\"EntryPoint\",\"urlTemplate\":\"https:\/\/www.eqqus.ee\/en\/?s={search_term_string}\"},\"query-input\":{\"@type\":\"PropertyValueSpecification\",\"valueRequired\":true,\"valueName\":\"search_term_string\"}}],\"inLanguage\":\"en-US\"},{\"@type\":\"Organization\",\"@id\":\"https:\/\/www.eqqus.ee\/en\/#organization\",\"name\":\"eqqus Ltd O\u00dc\",\"url\":\"https:\/\/www.eqqus.ee\/en\/\",\"logo\":{\"@type\":\"ImageObject\",\"inLanguage\":\"en-US\",\"@id\":\"https:\/\/www.eqqus.ee\/en\/#\/schema\/logo\/image\/\",\"url\":\"https:\/\/www.eqqus.ee\/wp-content\/uploads\/2023\/06\/eqqus.ee-logo.png\",\"contentUrl\":\"https:\/\/www.eqqus.ee\/wp-content\/uploads\/2023\/06\/eqqus.ee-logo.png\",\"width\":627,\"height\":146,\"caption\":\"eqqus Ltd O\u00dc\"},\"image\":{\"@id\":\"https:\/\/www.eqqus.ee\/en\/#\/schema\/logo\/image\/\"},\"sameAs\":[\"https:\/\/www.facebook.com\/eqqusLtd\"]}]}<\/script>\n<!-- \/ Yoast SEO plugin. -->","yoast_head_json":{"title":"Radar 1957 | Products - Eqqus","description":"Knowledge gained over many years and the constant focus on product safety and quality made Radar 1957 a leading and internationally recognized brand.","robots":{"index":"index","follow":"follow","max-snippet":"max-snippet:-1","max-image-preview":"max-image-preview:large","max-video-preview":"max-video-preview:-1"},"canonical":"https:\/\/www.eqqus.ee\/en\/product\/firearms\/holsters-en\/radar-1957\/","og_locale":"en_US","og_type":"article","og_title":"Radar 1957 | Products - Eqqus","og_description":"Knowledge gained over many years and the constant focus on product safety and quality made Radar 1957 a leading and internationally recognized brand.","og_url":"https:\/\/www.eqqus.ee\/en\/product\/firearms\/holsters-en\/radar-1957\/","og_site_name":"eqqus Ltd O\u00dc","article_publisher":"https:\/\/www.facebook.com\/eqqusLtd","article_modified_time":"2024-01-04T10:21:27+00:00","og_image":[{"width":400,"height":210,"url":"https:\/\/www.eqqus.ee\/wp-content\/uploads\/2023\/06\/RADAAR-1957-EQQU.png","type":"image\/png"}],"twitter_card":"summary_large_image","twitter_misc":{"Est. reading time":"3 minutes"},"schema":{"@context":"https:\/\/schema.org","@graph":[{"@type":"WebPage","@id":"https:\/\/www.eqqus.ee\/en\/product\/firearms\/holsters-en\/radar-1957\/","url":"https:\/\/www.eqqus.ee\/en\/product\/firearms\/holsters-en\/radar-1957\/","name":"Radar 1957 | Products - Eqqus","isPartOf":{"@id":"https:\/\/www.eqqus.ee\/en\/#website"},"primaryImageOfPage":{"@id":"https:\/\/www.eqqus.ee\/en\/product\/firearms\/holsters-en\/radar-1957\/#primaryimage"},"image":{"@id":"https:\/\/www.eqqus.ee\/en\/product\/firearms\/holsters-en\/radar-1957\/#primaryimage"},"thumbnailUrl":"https:\/\/www.eqqus.ee\/wp-content\/uploads\/2023\/06\/RADAAR-1957-EQQU.png","datePublished":"2023-06-14T08:19:36+00:00","dateModified":"2024-01-04T10:21:27+00:00","description":"Knowledge gained over many years and the constant focus on product safety and quality made Radar 1957 a leading and internationally recognized brand.","breadcrumb":{"@id":"https:\/\/www.eqqus.ee\/en\/product\/firearms\/holsters-en\/radar-1957\/#breadcrumb"},"inLanguage":"en-US","potentialAction":[{"@type":"ReadAction","target":["https:\/\/www.eqqus.ee\/en\/product\/firearms\/holsters-en\/radar-1957\/"]}]},{"@type":"ImageObject","inLanguage":"en-US","@id":"https:\/\/www.eqqus.ee\/en\/product\/firearms\/holsters-en\/radar-1957\/#primaryimage","url":"https:\/\/www.eqqus.ee\/wp-content\/uploads\/2023\/06\/RADAAR-1957-EQQU.png","contentUrl":"https:\/\/www.eqqus.ee\/wp-content\/uploads\/2023\/06\/RADAAR-1957-EQQU.png","width":400,"height":210,"caption":"s\u00f5jatehnika ja kaitsevarustuse m\u00fc\u00fck eqqus"},{"@type":"BreadcrumbList","@id":"https:\/\/www.eqqus.ee\/en\/product\/firearms\/holsters-en\/radar-1957\/#breadcrumb","itemListElement":[{"@type":"ListItem","position":1,"name":"Esileht","item":"https:\/\/www.eqqus.ee\/en\/"},{"@type":"ListItem","position":2,"name":"Product Filter","item":"https:\/\/www.eqqus.ee\/toodete-filter\/"},{"@type":"ListItem","position":3,"name":"Radar 1957"}]},{"@type":"WebSite","@id":"https:\/\/www.eqqus.ee\/en\/#website","url":"https:\/\/www.eqqus.ee\/en\/","name":"eqqus Ltd O\u00dc","description":"Kaitsevahendid","publisher":{"@id":"https:\/\/www.eqqus.ee\/en\/#organization"},"potentialAction":[{"@type":"SearchAction","target":{"@type":"EntryPoint","urlTemplate":"https:\/\/www.eqqus.ee\/en\/?s={search_term_string}"},"query-input":{"@type":"PropertyValueSpecification","valueRequired":true,"valueName":"search_term_string"}}],"inLanguage":"en-US"},{"@type":"Organization","@id":"https:\/\/www.eqqus.ee\/en\/#organization","name":"eqqus Ltd O\u00dc","url":"https:\/\/www.eqqus.ee\/en\/","logo":{"@type":"ImageObject","inLanguage":"en-US","@id":"https:\/\/www.eqqus.ee\/en\/#\/schema\/logo\/image\/","url":"https:\/\/www.eqqus.ee\/wp-content\/uploads\/2023\/06\/eqqus.ee-logo.png","contentUrl":"https:\/\/www.eqqus.ee\/wp-content\/uploads\/2023\/06\/eqqus.ee-logo.png","width":627,"height":146,"caption":"eqqus Ltd O\u00dc"},"image":{"@id":"https:\/\/www.eqqus.ee\/en\/#\/schema\/logo\/image\/"},"sameAs":["https:\/\/www.facebook.com\/eqqusLtd"]}]}},"_links":{"self":[{"href":"https:\/\/www.eqqus.ee\/en\/wp-json\/wp\/v2\/product\/246039","targetHints":{"allow":["GET"]}}],"collection":[{"href":"https:\/\/www.eqqus.ee\/en\/wp-json\/wp\/v2\/product"}],"about":[{"href":"https:\/\/www.eqqus.ee\/en\/wp-json\/wp\/v2\/types\/product"}],"wp:featuredmedia":[{"embeddable":true,"href":"https:\/\/www.eqqus.ee\/en\/wp-json\/wp\/v2\/media\/246154"}],"wp:attachment":[{"href":"https:\/\/www.eqqus.ee\/en\/wp-json\/wp\/v2\/media?parent=246039"}],"wp:term":[{"taxonomy":"product_brand","embeddable":true,"href":"https:\/\/www.eqqus.ee\/en\/wp-json\/wp\/v2\/product_brand?post=246039"},{"taxonomy":"product_cat","embeddable":true,"href":"https:\/\/www.eqqus.ee\/en\/wp-json\/wp\/v2\/product_cat?post=246039"},{"taxonomy":"product_tag","embeddable":true,"href":"https:\/\/www.eqqus.ee\/en\/wp-json\/wp\/v2\/product_tag?post=246039"}],"curies":[{"name":"wp","href":"https:\/\/api.w.org\/{rel}","templated":true}]}}