{"id":246038,"date":"2023-06-14T11:18:30","date_gmt":"2023-06-14T08:18:30","guid":{"rendered":"https:\/\/www.eqqus.ee\/toode\/uncategorized\/tat3d\/"},"modified":"2024-01-04T12:22:08","modified_gmt":"2024-01-04T10:22:08","slug":"tat3d","status":"publish","type":"product","link":"https:\/\/www.eqqus.ee\/en\/product\/training-gear\/simulation\/tat3d\/","title":{"rendered":"Tat3D"},"content":{"rendered":"<p><img decoding=\"async\" class=\"alignnone size-medium wp-image-243522\" src=\"https:\/\/www.eqqus.ee\/wp-content\/uploads\/2021\/05\/tat2.jpg\" alt=\"\" width=\"300\" height=\"168\" srcset=\"https:\/\/www.eqqus.ee\/wp-content\/uploads\/2021\/05\/tat2.jpg 629w, https:\/\/www.eqqus.ee\/wp-content\/uploads\/2021\/05\/tat2-250x140.jpg 250w, https:\/\/www.eqqus.ee\/wp-content\/uploads\/2021\/05\/tat2-500x280.jpg 500w, https:\/\/www.eqqus.ee\/wp-content\/uploads\/2021\/05\/tat2-64x36.jpg 64w\" sizes=\"(max-width: 300px) 100vw, 300px\" \/><\/p>\n<p><a href=\"https:\/\/www.tat3d.com\/?lang=en\"> TAT3D is Adriano Peccin&#8217;s patented product that has been developed over many years for tactical training. The family-owned company PECCINI SILVANO is a dynamically and technologically advanced company in the field of mechanical modeling and industrial molds. <\/a><\/p>\n<p>The Tat3d target was not designed from two-dimensional images, but by scanning the human body. This design process made it possible to achieve an extremely realistic three-dimensional effect of proportions and body parts.<\/p>\n<h4>Concept<\/h4>\n<p>TAT3D is a reality-like target system that allows you to create very realistic tactical scenarios. The target allows you to play through different tactical scenarios, providing as realistic feedback as possible. The target is also suitable for melee training.<\/p>\n<p><img decoding=\"async\" class=\"alignnone size-full wp-image-243524\" src=\"https:\/\/www.eqqus.ee\/wp-content\/uploads\/2021\/05\/download-8.jpg\" alt=\"\" width=\"275\" height=\"183\" srcset=\"https:\/\/www.eqqus.ee\/wp-content\/uploads\/2021\/05\/download-8.jpg 275w, https:\/\/www.eqqus.ee\/wp-content\/uploads\/2021\/05\/download-8-250x166.jpg 250w, https:\/\/www.eqqus.ee\/wp-content\/uploads\/2021\/05\/download-8-64x43.jpg 64w\" sizes=\"(max-width: 275px) 100vw, 275px\" \/><\/p>\n<p>&nbsp;<\/p>\n<h4>Why 3D design?<\/h4>\n<p>The trainee acquires real visual confirmation of the target from the target, which allows the trainee to achieve dynamics similar to the actual situation. This means maximum profitability in a situation where these are no longer dormant targets<\/p>\n<p><img decoding=\"async\" class=\"alignnone wp-image-243528\" src=\"https:\/\/www.eqqus.ee\/wp-content\/uploads\/2021\/05\/DRESS.jpg\" alt=\"\" width=\"157\" height=\"300\" srcset=\"https:\/\/www.eqqus.ee\/wp-content\/uploads\/2021\/05\/DRESS.jpg 418w, https:\/\/www.eqqus.ee\/wp-content\/uploads\/2021\/05\/DRESS-250x478.jpg 250w, https:\/\/www.eqqus.ee\/wp-content\/uploads\/2021\/05\/DRESS-64x122.jpg 64w\" sizes=\"(max-width: 157px) 100vw, 157px\" \/><\/p>\n<p>&nbsp;<\/p>\n<h4>Why realism<\/h4>\n<p>Registration is for a 3D target: Identifying a target that is close to the person provides an additional option. If the target is close, then it is always wiser to shoot or there is the right choice to engage in close combat. This is one of the many features that Tat3d offers you. All targets are made with a special polyurethane compound that is optimized for shooting: the material hit by the bullet in a straight line closes on its own. This allows for a long service life. Shots that are penetrating do less damage to the target. It is possible to shoot 3-4 thousand 9 mm shots on the center plate, and 5.56 mm ammunition can increase this number to 6-8,000 shots. Effective repairs can be made with a special adhesive mastic.<\/p>\n<p><img decoding=\"async\" class=\"alignnone size-medium wp-image-243516\" src=\"https:\/\/www.eqqus.ee\/wp-content\/uploads\/2021\/05\/con-calibri.jpg\" alt=\"\" width=\"225\" height=\"300\" srcset=\"https:\/\/www.eqqus.ee\/wp-content\/uploads\/2021\/05\/con-calibri.jpg 600w, https:\/\/www.eqqus.ee\/wp-content\/uploads\/2021\/05\/con-calibri-250x333.jpg 250w, https:\/\/www.eqqus.ee\/wp-content\/uploads\/2021\/05\/con-calibri-500x667.jpg 500w, https:\/\/www.eqqus.ee\/wp-content\/uploads\/2021\/05\/con-calibri-64x85.jpg 64w\" sizes=\"(max-width: 225px) 100vw, 225px\" \/> <img decoding=\"async\" class=\"alignnone size-medium wp-image-243518\" src=\"https:\/\/www.eqqus.ee\/wp-content\/uploads\/2021\/05\/8.jpg\" alt=\"\" width=\"225\" height=\"300\" srcset=\"https:\/\/www.eqqus.ee\/wp-content\/uploads\/2021\/05\/8.jpg 600w, https:\/\/www.eqqus.ee\/wp-content\/uploads\/2021\/05\/8-250x333.jpg 250w, https:\/\/www.eqqus.ee\/wp-content\/uploads\/2021\/05\/8-500x667.jpg 500w, https:\/\/www.eqqus.ee\/wp-content\/uploads\/2021\/05\/8-64x85.jpg 64w\" sizes=\"(max-width: 225px) 100vw, 225px\" \/> <img decoding=\"async\" class=\"alignnone size-medium wp-image-243520\" src=\"https:\/\/www.eqqus.ee\/wp-content\/uploads\/2021\/05\/9.jpg\" alt=\"\" width=\"225\" height=\"300\" srcset=\"https:\/\/www.eqqus.ee\/wp-content\/uploads\/2021\/05\/9.jpg 600w, https:\/\/www.eqqus.ee\/wp-content\/uploads\/2021\/05\/9-250x333.jpg 250w, https:\/\/www.eqqus.ee\/wp-content\/uploads\/2021\/05\/9-500x667.jpg 500w, https:\/\/www.eqqus.ee\/wp-content\/uploads\/2021\/05\/9-64x85.jpg 64w\" sizes=\"(max-width: 225px) 100vw, 225px\" \/> \u00a0<\/p>\n<p>&nbsp;<\/p>\n\n<div class=\"wpcf7 no-js\" id=\"wpcf7-f243598-o1\" lang=\"et\" dir=\"ltr\" data-wpcf7-id=\"243598\">\n<div class=\"screen-reader-response\"><p role=\"status\" aria-live=\"polite\" aria-atomic=\"true\"><\/p> <ul><\/ul><\/div>\n<form action=\"\/en\/wp-json\/wp\/v2\/product\/246038#wpcf7-f243598-o1\" method=\"post\" class=\"wpcf7-form init\" aria-label=\"Contact form\" novalidate=\"novalidate\" data-status=\"init\">\n<div style=\"display: none;\">\n<input type=\"hidden\" name=\"_wpcf7\" value=\"243598\" \/>\n<input type=\"hidden\" name=\"_wpcf7_version\" value=\"6.0.5\" \/>\n<input type=\"hidden\" name=\"_wpcf7_locale\" value=\"et\" \/>\n<input type=\"hidden\" name=\"_wpcf7_unit_tag\" value=\"wpcf7-f243598-o1\" \/>\n<input type=\"hidden\" name=\"_wpcf7_container_post\" value=\"0\" \/>\n<input type=\"hidden\" name=\"_wpcf7_posted_data_hash\" value=\"\" \/>\n<input type=\"hidden\" name=\"_wpcf7_recaptcha_response\" value=\"\" \/>\n<\/div>\n<p><label> Your name<br \/>\n<span class=\"wpcf7-form-control-wrap\" data-name=\"your-name\"><input size=\"40\" maxlength=\"400\" class=\"wpcf7-form-control wpcf7-text wpcf7-validates-as-required\" aria-required=\"true\" aria-invalid=\"false\" value=\"\" type=\"text\" name=\"your-name\" \/><\/span> <\/label>\n<\/p>\n<p><label> Your email<br \/>\n<span class=\"wpcf7-form-control-wrap\" data-name=\"your-email\"><input size=\"40\" maxlength=\"400\" class=\"wpcf7-form-control wpcf7-email wpcf7-validates-as-required wpcf7-text wpcf7-validates-as-email\" aria-required=\"true\" aria-invalid=\"false\" value=\"\" type=\"email\" name=\"your-email\" \/><\/span> <\/label>\n<\/p>\n<p><label> Brand\/Product you are interested in<br \/>\n<span class=\"wpcf7-form-control-wrap\" data-name=\"your-subject\"><input size=\"40\" maxlength=\"400\" class=\"wpcf7-form-control wpcf7-text wpcf7-validates-as-required\" aria-required=\"true\" aria-invalid=\"false\" value=\"\" type=\"text\" name=\"your-subject\" \/><\/span> <\/label>\n<\/p>\n<p><label> Questions about product<br \/>\n<span class=\"wpcf7-form-control-wrap\" data-name=\"your-message\"><textarea cols=\"40\" rows=\"10\" maxlength=\"2000\" class=\"wpcf7-form-control wpcf7-textarea wpcf7-validates-as-required\" aria-required=\"true\" aria-invalid=\"false\" name=\"your-message\"><\/textarea><\/span> <\/label>\n<\/p>\n<p><input class=\"wpcf7-form-control wpcf7-submit has-spinner\" type=\"submit\" value=\"Send request\" \/>\n<\/p><div class=\"wpcf7-response-output\" aria-hidden=\"true\"><\/div>\n<\/form>\n<\/div>\n\n","protected":false},"excerpt":{"rendered":"<p>TAT3D is Adriano Peccin&#8217;s patented product that has been developed over many years for tactical training. The family-owned company PECCINI SILVANO is a dynamically and technologically advanced company in the field of mechanical modeling and industrial molds. The Tat3d target was not designed from two-dimensional images, but by scanning the human body. This design process [&hellip;]<\/p>\n","protected":false},"featured_media":246080,"template":"","meta":{"_et_pb_use_builder":"","_et_pb_old_content":"","_et_gb_content_width":""},"product_brand":[],"product_cat":[693,230],"product_tag":[602],"class_list":{"0":"post-246038","1":"product","2":"type-product","3":"status-publish","4":"has-post-thumbnail","6":"product_cat-simulation","7":"product_cat-training-gear","8":"product_tag-tat3d-en","10":"first","11":"instock","12":"shipping-taxable","13":"product-type-simple"},"yoast_head":"<!-- This site is optimized with the Yoast SEO plugin v24.7 - https:\/\/yoast.com\/wordpress\/plugins\/seo\/ -->\n<title>Tat3D | Products - Eqqus<\/title>\n<meta name=\"description\" content=\"The Tat3d target was not designed from two-dimensional images, but by scanning the human body. An extremely realistic three-dimensional effect.\" \/>\n<meta name=\"robots\" content=\"index, follow, max-snippet:-1, max-image-preview:large, max-video-preview:-1\" \/>\n<link rel=\"canonical\" href=\"https:\/\/www.eqqus.ee\/en\/product\/training-gear\/simulation\/tat3d\/\" \/>\n<meta property=\"og:locale\" content=\"en_US\" \/>\n<meta property=\"og:type\" content=\"article\" \/>\n<meta property=\"og:title\" content=\"Tat3D | Products - Eqqus\" \/>\n<meta property=\"og:description\" content=\"The Tat3d target was not designed from two-dimensional images, but by scanning the human body. An extremely realistic three-dimensional effect.\" \/>\n<meta property=\"og:url\" content=\"https:\/\/www.eqqus.ee\/en\/product\/training-gear\/simulation\/tat3d\/\" \/>\n<meta property=\"og:site_name\" content=\"eqqus Ltd O\u00dc\" \/>\n<meta property=\"article:publisher\" content=\"https:\/\/www.facebook.com\/eqqusLtd\" \/>\n<meta property=\"article:modified_time\" content=\"2024-01-04T10:22:08+00:00\" \/>\n<meta property=\"og:image\" content=\"https:\/\/www.eqqus.ee\/wp-content\/uploads\/2023\/06\/TAT3D-EQQU.png\" \/>\n\t<meta property=\"og:image:width\" content=\"400\" \/>\n\t<meta property=\"og:image:height\" content=\"210\" \/>\n\t<meta property=\"og:image:type\" content=\"image\/png\" \/>\n<meta name=\"twitter:card\" content=\"summary_large_image\" \/>\n<meta name=\"twitter:label1\" content=\"Est. reading time\" \/>\n\t<meta name=\"twitter:data1\" content=\"3 minutes\" \/>\n<script type=\"application\/ld+json\" class=\"yoast-schema-graph\">{\"@context\":\"https:\/\/schema.org\",\"@graph\":[{\"@type\":\"WebPage\",\"@id\":\"https:\/\/www.eqqus.ee\/en\/product\/training-gear\/simulation\/tat3d\/\",\"url\":\"https:\/\/www.eqqus.ee\/en\/product\/training-gear\/simulation\/tat3d\/\",\"name\":\"Tat3D | Products - Eqqus\",\"isPartOf\":{\"@id\":\"https:\/\/www.eqqus.ee\/en\/#website\"},\"primaryImageOfPage\":{\"@id\":\"https:\/\/www.eqqus.ee\/en\/product\/training-gear\/simulation\/tat3d\/#primaryimage\"},\"image\":{\"@id\":\"https:\/\/www.eqqus.ee\/en\/product\/training-gear\/simulation\/tat3d\/#primaryimage\"},\"thumbnailUrl\":\"https:\/\/www.eqqus.ee\/wp-content\/uploads\/2023\/06\/TAT3D-EQQU.png\",\"datePublished\":\"2023-06-14T08:18:30+00:00\",\"dateModified\":\"2024-01-04T10:22:08+00:00\",\"description\":\"The Tat3d target was not designed from two-dimensional images, but by scanning the human body. An extremely realistic three-dimensional effect.\",\"breadcrumb\":{\"@id\":\"https:\/\/www.eqqus.ee\/en\/product\/training-gear\/simulation\/tat3d\/#breadcrumb\"},\"inLanguage\":\"en-US\",\"potentialAction\":[{\"@type\":\"ReadAction\",\"target\":[\"https:\/\/www.eqqus.ee\/en\/product\/training-gear\/simulation\/tat3d\/\"]}]},{\"@type\":\"ImageObject\",\"inLanguage\":\"en-US\",\"@id\":\"https:\/\/www.eqqus.ee\/en\/product\/training-gear\/simulation\/tat3d\/#primaryimage\",\"url\":\"https:\/\/www.eqqus.ee\/wp-content\/uploads\/2023\/06\/TAT3D-EQQU.png\",\"contentUrl\":\"https:\/\/www.eqqus.ee\/wp-content\/uploads\/2023\/06\/TAT3D-EQQU.png\",\"width\":400,\"height\":210,\"caption\":\"s\u00f5jatehnika ja kaitsevarustuse m\u00fc\u00fck eqqus\"},{\"@type\":\"BreadcrumbList\",\"@id\":\"https:\/\/www.eqqus.ee\/en\/product\/training-gear\/simulation\/tat3d\/#breadcrumb\",\"itemListElement\":[{\"@type\":\"ListItem\",\"position\":1,\"name\":\"Esileht\",\"item\":\"https:\/\/www.eqqus.ee\/en\/\"},{\"@type\":\"ListItem\",\"position\":2,\"name\":\"Product Filter\",\"item\":\"https:\/\/www.eqqus.ee\/toodete-filter\/\"},{\"@type\":\"ListItem\",\"position\":3,\"name\":\"Tat3D\"}]},{\"@type\":\"WebSite\",\"@id\":\"https:\/\/www.eqqus.ee\/en\/#website\",\"url\":\"https:\/\/www.eqqus.ee\/en\/\",\"name\":\"eqqus Ltd O\u00dc\",\"description\":\"Kaitsevahendid\",\"publisher\":{\"@id\":\"https:\/\/www.eqqus.ee\/en\/#organization\"},\"potentialAction\":[{\"@type\":\"SearchAction\",\"target\":{\"@type\":\"EntryPoint\",\"urlTemplate\":\"https:\/\/www.eqqus.ee\/en\/?s={search_term_string}\"},\"query-input\":{\"@type\":\"PropertyValueSpecification\",\"valueRequired\":true,\"valueName\":\"search_term_string\"}}],\"inLanguage\":\"en-US\"},{\"@type\":\"Organization\",\"@id\":\"https:\/\/www.eqqus.ee\/en\/#organization\",\"name\":\"eqqus Ltd O\u00dc\",\"url\":\"https:\/\/www.eqqus.ee\/en\/\",\"logo\":{\"@type\":\"ImageObject\",\"inLanguage\":\"en-US\",\"@id\":\"https:\/\/www.eqqus.ee\/en\/#\/schema\/logo\/image\/\",\"url\":\"https:\/\/www.eqqus.ee\/wp-content\/uploads\/2023\/06\/eqqus.ee-logo.png\",\"contentUrl\":\"https:\/\/www.eqqus.ee\/wp-content\/uploads\/2023\/06\/eqqus.ee-logo.png\",\"width\":627,\"height\":146,\"caption\":\"eqqus Ltd O\u00dc\"},\"image\":{\"@id\":\"https:\/\/www.eqqus.ee\/en\/#\/schema\/logo\/image\/\"},\"sameAs\":[\"https:\/\/www.facebook.com\/eqqusLtd\"]}]}<\/script>\n<!-- \/ Yoast SEO plugin. -->","yoast_head_json":{"title":"Tat3D | Products - Eqqus","description":"The Tat3d target was not designed from two-dimensional images, but by scanning the human body. An extremely realistic three-dimensional effect.","robots":{"index":"index","follow":"follow","max-snippet":"max-snippet:-1","max-image-preview":"max-image-preview:large","max-video-preview":"max-video-preview:-1"},"canonical":"https:\/\/www.eqqus.ee\/en\/product\/training-gear\/simulation\/tat3d\/","og_locale":"en_US","og_type":"article","og_title":"Tat3D | Products - Eqqus","og_description":"The Tat3d target was not designed from two-dimensional images, but by scanning the human body. An extremely realistic three-dimensional effect.","og_url":"https:\/\/www.eqqus.ee\/en\/product\/training-gear\/simulation\/tat3d\/","og_site_name":"eqqus Ltd O\u00dc","article_publisher":"https:\/\/www.facebook.com\/eqqusLtd","article_modified_time":"2024-01-04T10:22:08+00:00","og_image":[{"width":400,"height":210,"url":"https:\/\/www.eqqus.ee\/wp-content\/uploads\/2023\/06\/TAT3D-EQQU.png","type":"image\/png"}],"twitter_card":"summary_large_image","twitter_misc":{"Est. reading time":"3 minutes"},"schema":{"@context":"https:\/\/schema.org","@graph":[{"@type":"WebPage","@id":"https:\/\/www.eqqus.ee\/en\/product\/training-gear\/simulation\/tat3d\/","url":"https:\/\/www.eqqus.ee\/en\/product\/training-gear\/simulation\/tat3d\/","name":"Tat3D | Products - Eqqus","isPartOf":{"@id":"https:\/\/www.eqqus.ee\/en\/#website"},"primaryImageOfPage":{"@id":"https:\/\/www.eqqus.ee\/en\/product\/training-gear\/simulation\/tat3d\/#primaryimage"},"image":{"@id":"https:\/\/www.eqqus.ee\/en\/product\/training-gear\/simulation\/tat3d\/#primaryimage"},"thumbnailUrl":"https:\/\/www.eqqus.ee\/wp-content\/uploads\/2023\/06\/TAT3D-EQQU.png","datePublished":"2023-06-14T08:18:30+00:00","dateModified":"2024-01-04T10:22:08+00:00","description":"The Tat3d target was not designed from two-dimensional images, but by scanning the human body. An extremely realistic three-dimensional effect.","breadcrumb":{"@id":"https:\/\/www.eqqus.ee\/en\/product\/training-gear\/simulation\/tat3d\/#breadcrumb"},"inLanguage":"en-US","potentialAction":[{"@type":"ReadAction","target":["https:\/\/www.eqqus.ee\/en\/product\/training-gear\/simulation\/tat3d\/"]}]},{"@type":"ImageObject","inLanguage":"en-US","@id":"https:\/\/www.eqqus.ee\/en\/product\/training-gear\/simulation\/tat3d\/#primaryimage","url":"https:\/\/www.eqqus.ee\/wp-content\/uploads\/2023\/06\/TAT3D-EQQU.png","contentUrl":"https:\/\/www.eqqus.ee\/wp-content\/uploads\/2023\/06\/TAT3D-EQQU.png","width":400,"height":210,"caption":"s\u00f5jatehnika ja kaitsevarustuse m\u00fc\u00fck eqqus"},{"@type":"BreadcrumbList","@id":"https:\/\/www.eqqus.ee\/en\/product\/training-gear\/simulation\/tat3d\/#breadcrumb","itemListElement":[{"@type":"ListItem","position":1,"name":"Esileht","item":"https:\/\/www.eqqus.ee\/en\/"},{"@type":"ListItem","position":2,"name":"Product Filter","item":"https:\/\/www.eqqus.ee\/toodete-filter\/"},{"@type":"ListItem","position":3,"name":"Tat3D"}]},{"@type":"WebSite","@id":"https:\/\/www.eqqus.ee\/en\/#website","url":"https:\/\/www.eqqus.ee\/en\/","name":"eqqus Ltd O\u00dc","description":"Kaitsevahendid","publisher":{"@id":"https:\/\/www.eqqus.ee\/en\/#organization"},"potentialAction":[{"@type":"SearchAction","target":{"@type":"EntryPoint","urlTemplate":"https:\/\/www.eqqus.ee\/en\/?s={search_term_string}"},"query-input":{"@type":"PropertyValueSpecification","valueRequired":true,"valueName":"search_term_string"}}],"inLanguage":"en-US"},{"@type":"Organization","@id":"https:\/\/www.eqqus.ee\/en\/#organization","name":"eqqus Ltd O\u00dc","url":"https:\/\/www.eqqus.ee\/en\/","logo":{"@type":"ImageObject","inLanguage":"en-US","@id":"https:\/\/www.eqqus.ee\/en\/#\/schema\/logo\/image\/","url":"https:\/\/www.eqqus.ee\/wp-content\/uploads\/2023\/06\/eqqus.ee-logo.png","contentUrl":"https:\/\/www.eqqus.ee\/wp-content\/uploads\/2023\/06\/eqqus.ee-logo.png","width":627,"height":146,"caption":"eqqus Ltd O\u00dc"},"image":{"@id":"https:\/\/www.eqqus.ee\/en\/#\/schema\/logo\/image\/"},"sameAs":["https:\/\/www.facebook.com\/eqqusLtd"]}]}},"_links":{"self":[{"href":"https:\/\/www.eqqus.ee\/en\/wp-json\/wp\/v2\/product\/246038","targetHints":{"allow":["GET"]}}],"collection":[{"href":"https:\/\/www.eqqus.ee\/en\/wp-json\/wp\/v2\/product"}],"about":[{"href":"https:\/\/www.eqqus.ee\/en\/wp-json\/wp\/v2\/types\/product"}],"wp:featuredmedia":[{"embeddable":true,"href":"https:\/\/www.eqqus.ee\/en\/wp-json\/wp\/v2\/media\/246080"}],"wp:attachment":[{"href":"https:\/\/www.eqqus.ee\/en\/wp-json\/wp\/v2\/media?parent=246038"}],"wp:term":[{"taxonomy":"product_brand","embeddable":true,"href":"https:\/\/www.eqqus.ee\/en\/wp-json\/wp\/v2\/product_brand?post=246038"},{"taxonomy":"product_cat","embeddable":true,"href":"https:\/\/www.eqqus.ee\/en\/wp-json\/wp\/v2\/product_cat?post=246038"},{"taxonomy":"product_tag","embeddable":true,"href":"https:\/\/www.eqqus.ee\/en\/wp-json\/wp\/v2\/product_tag?post=246038"}],"curies":[{"name":"wp","href":"https:\/\/api.w.org\/{rel}","templated":true}]}}