{"id":246030,"date":"2023-06-14T11:13:21","date_gmt":"2023-06-14T08:13:21","guid":{"rendered":"https:\/\/www.eqqus.ee\/toode\/uncategorized\/trango-systems\/"},"modified":"2024-05-20T14:41:15","modified_gmt":"2024-05-20T11:41:15","slug":"trango-systems","status":"publish","type":"product","link":"https:\/\/www.eqqus.ee\/en\/product\/training-gear\/constructions\/trango-systems\/","title":{"rendered":"Trango Systems"},"content":{"rendered":"<p><img decoding=\"async\" class=\"alignnone wp-image-245385\" src=\"https:\/\/www.eqqus.ee\/wp-content\/uploads\/2022\/06\/Trango-vaheseinad-1024x1024.jpg\" alt=\"Laskeharjutused CQB ruumides\" width=\"293\" height=\"293\" \/><\/p>\n<p>&nbsp;<\/p>\n<p><a href=\"https:\/\/www.trango-sys.com\/\" target=\"_blank\" rel=\"noopener\">Trango Systems is a security solutions provider specializing in force building and combat training infrastructure. Its solutions and products were developed for use by military units and homeland security agencies. They are designed to prepare combatants to effectively and efficiently deal with present-day challenges in the battlefield, by simulating the operational setting as realistically as possible, and supporting training in a wide range of scenarios, with emphasis placed on the urban environment.<\/a><\/p>\n<p>The company was established by Brigadier General (ret.) Hagai Mordechai and Lieutenant Colonel (ret.) Eitan Ben Gad, who have risen through the ranks in the Israel Defense Forces (IDF), and have filled a variety of command positions in elite combat and reconnaissance units, as well as senior positions in the IDF&#8217;s GHQ.<\/p>\n<p>Brig. Gen. (ret.) Mordechai&#8217;s positions have included, among others, Division Commander with combat experience in major military campaigns, Head of the IDF Tactical Command Academy, and Head of the IDF Chief of Staff&#8217;s Bureau. Lt. Col. (ret.) Ben Gad has served as a senior commander of several elite combat and reconnaissance units, and as Chief of Operations of the Paratrooper&#8217;s Brigade and of the IDF Central Command, among others. Furthermore, he was assigned overall responsibility for all shooting and sniping training and certifications in the IDF&#8217;s Counterterrorism Academy. \u00a0<\/p>\n<p>By clicking <a href=\"https:\/\/www.eqqus.ee\/wp-content\/uploads\/2022\/06\/trango-systems-tootekataloog-2022.pdf\" target=\"_blank\" rel=\"noopener\">Trango Systems Tootekataloog 2022<\/a> you can get acquainted with the products. \u00a0<\/p>\n<p>&nbsp;<\/p>\n<h4>What it is and for whom these tools are intended (Withstands up to 12,000 5.56NATO)<\/h4>\n<p>Police, Defense Forces, Special Forces, Security Services and Shooting Ranges will definitely benefit from Trango Systems solutions. Very light, easy to assemble and weatherproof teaching materials leave spikes, fragments and ricochetes in the past.<\/p>\n<ul>\n<li>Targets (Holds up to 12,000 5.56NATO)<\/li>\n<li>Opponent \/ Own<\/li>\n<li>Shooting range targets<\/li>\n<li>Feedback targets<\/li>\n<li>Accessories (Cabinets, Chairs, Washing Machines)<\/li>\n<\/ul>\n<p><img decoding=\"async\" class=\"alignnone wp-image-245390\" src=\"https:\/\/www.eqqus.ee\/wp-content\/uploads\/2022\/06\/sober-voi-vaenlane.png\" alt=\"s\u00f5ber v\u00f5i vaenlane laskekujutis\" width=\"239\" height=\"264\" \/><img decoding=\"async\" class=\"alignnone wp-image-245392\" src=\"https:\/\/www.eqqus.ee\/wp-content\/uploads\/2022\/06\/kokkupandav-masin-laskmiseks-1024x871.jpg\" alt=\"kokkupandav masin v\u00e4liharjutusteks\" width=\"324\" height=\"275\" \/><img decoding=\"async\" class=\"alignnone wp-image-245394\" src=\"https:\/\/www.eqqus.ee\/wp-content\/uploads\/2022\/06\/tagasisidega-sihtmargid.jpg\" alt=\"sihtm\u00e4rgid aukudega mille tabamisel saad tagasiside\" width=\"166\" height=\"298\" srcset=\"https:\/\/www.eqqus.ee\/wp-content\/uploads\/2022\/06\/tagasisidega-sihtmargid.jpg 366w, https:\/\/www.eqqus.ee\/wp-content\/uploads\/2022\/06\/tagasisidega-sihtmargid-250x449.jpg 250w, https:\/\/www.eqqus.ee\/wp-content\/uploads\/2022\/06\/tagasisidega-sihtmargid-64x115.jpg 64w, https:\/\/www.eqqus.ee\/wp-content\/uploads\/2022\/06\/tagasisidega-sihtmargid-167x300.jpg 167w\" sizes=\"(max-width: 166px) 100vw, 166px\" \/><img decoding=\"async\" class=\"alignnone wp-image-245396\" src=\"https:\/\/www.eqqus.ee\/wp-content\/uploads\/2022\/06\/aksessuaarid.png\" alt=\"Esemed mis leiduvad majades laskeharjutuste sooritamiseks\" width=\"259\" height=\"284\" \/> \u00a0<\/p>\n<p>&nbsp;<\/p>\n<h4>Combat training infrastructure for creating a tactical environment (Lifelike light products)<\/h4>\n<p>Trango\u2019s Basic Infrastructure is a modular, low-weight structural element design for close-quarters battle (CQB) training or any other urban layout. The lightweight of the infrastructure makes it ideal for responsive, flexible training that can be constantly changed. Thus, making the system perfect for CQB training, drills, and technique. The infrastructure set-up is manual and easy, does not require any major tools, and can be done easily by anyone. <img decoding=\"async\" class=\"alignnone wp-image-245398\" src=\"https:\/\/www.eqqus.ee\/wp-content\/uploads\/2022\/06\/Trango-systems-vahesein.jpg\" alt=\"vaheseinad laskeharjutuste CQB\" width=\"203\" height=\"309\" \/><\/p>\n<p>Trango\u2019s barricade is a modular barricade with a top that can be changed to increase training possibilities. The barricade&#8217;s lightweight allows it to be moved easily between training areas or to adjust for different training scenarios. The barricade supports different rifle placement, directional fire, and target acquiring patterns applications, thus, allowing for an optimal training experience.<\/p>\n<p><img decoding=\"async\" class=\"alignnone wp-image-245400\" src=\"https:\/\/www.eqqus.ee\/wp-content\/uploads\/2022\/06\/Trango-systems-barrikaad-IPC.jpeg\" alt=\"PIC\" width=\"256\" height=\"345\" \/><img decoding=\"async\" class=\"alignnone wp-image-245388\" src=\"https:\/\/www.eqqus.ee\/wp-content\/uploads\/2022\/06\/shotting1_large.png\" alt=\"Sihtm\u00e4rgi alus lasketiiru\" width=\"238\" height=\"344\" \/><\/p>\n<p>Trango&#8217;s underground infrastructure is designed to simulate the underground environment. The Trango Tunnel can connect between different elements of Trango&#8217;s basic infrastructure, and include different heights to help the Trainee to adapt properly. Trango&#8217;s underground infrastructure is modular and can be easily configured, without additional tools or it can be moved to adapt to changing tactical training scenarios.<\/p>\n<p><img decoding=\"async\" class=\"alignnone wp-image-245402\" src=\"https:\/\/www.eqqus.ee\/wp-content\/uploads\/2022\/06\/Maaluse-imitatsiooni-paneelid-laskeharjutusteks-1024x707.jpg\" alt=\"Taktikaline laskeharjutuste tunnell\" width=\"382\" height=\"264\" \/> \u00a0<\/p>\n<p>&nbsp;<\/p>\n\n<div class=\"wpcf7 no-js\" id=\"wpcf7-f243598-o1\" lang=\"et\" dir=\"ltr\" data-wpcf7-id=\"243598\">\n<div class=\"screen-reader-response\"><p role=\"status\" aria-live=\"polite\" aria-atomic=\"true\"><\/p> <ul><\/ul><\/div>\n<form action=\"\/en\/wp-json\/wp\/v2\/product\/246030#wpcf7-f243598-o1\" method=\"post\" class=\"wpcf7-form init\" aria-label=\"Contact form\" novalidate=\"novalidate\" data-status=\"init\">\n<div style=\"display: none;\">\n<input type=\"hidden\" name=\"_wpcf7\" value=\"243598\" \/>\n<input type=\"hidden\" name=\"_wpcf7_version\" value=\"6.0.5\" \/>\n<input type=\"hidden\" name=\"_wpcf7_locale\" value=\"et\" \/>\n<input type=\"hidden\" name=\"_wpcf7_unit_tag\" value=\"wpcf7-f243598-o1\" \/>\n<input type=\"hidden\" name=\"_wpcf7_container_post\" value=\"0\" \/>\n<input type=\"hidden\" name=\"_wpcf7_posted_data_hash\" value=\"\" \/>\n<input type=\"hidden\" name=\"_wpcf7_recaptcha_response\" value=\"\" \/>\n<\/div>\n<p><label> Your name<br \/>\n<span class=\"wpcf7-form-control-wrap\" data-name=\"your-name\"><input size=\"40\" maxlength=\"400\" class=\"wpcf7-form-control wpcf7-text wpcf7-validates-as-required\" aria-required=\"true\" aria-invalid=\"false\" value=\"\" type=\"text\" name=\"your-name\" \/><\/span> <\/label>\n<\/p>\n<p><label> Your email<br \/>\n<span class=\"wpcf7-form-control-wrap\" data-name=\"your-email\"><input size=\"40\" maxlength=\"400\" class=\"wpcf7-form-control wpcf7-email wpcf7-validates-as-required wpcf7-text wpcf7-validates-as-email\" aria-required=\"true\" aria-invalid=\"false\" value=\"\" type=\"email\" name=\"your-email\" \/><\/span> <\/label>\n<\/p>\n<p><label> Brand\/Product you are interested in<br \/>\n<span class=\"wpcf7-form-control-wrap\" data-name=\"your-subject\"><input size=\"40\" maxlength=\"400\" class=\"wpcf7-form-control wpcf7-text wpcf7-validates-as-required\" aria-required=\"true\" aria-invalid=\"false\" value=\"\" type=\"text\" name=\"your-subject\" \/><\/span> <\/label>\n<\/p>\n<p><label> Questions about product<br \/>\n<span class=\"wpcf7-form-control-wrap\" data-name=\"your-message\"><textarea cols=\"40\" rows=\"10\" maxlength=\"2000\" class=\"wpcf7-form-control wpcf7-textarea wpcf7-validates-as-required\" aria-required=\"true\" aria-invalid=\"false\" name=\"your-message\"><\/textarea><\/span> <\/label>\n<\/p>\n<p><input class=\"wpcf7-form-control wpcf7-submit has-spinner\" type=\"submit\" value=\"Send request\" \/>\n<\/p><div class=\"wpcf7-response-output\" aria-hidden=\"true\"><\/div>\n<\/form>\n<\/div>\n\n","protected":false},"excerpt":{"rendered":"<p>&nbsp; Trango Systems is a security solutions provider specializing in force building and combat training infrastructure. Its solutions and products were developed for use by military units and homeland security agencies. They are designed to prepare combatants to effectively and efficiently deal with present-day challenges in the battlefield, by simulating the operational setting as realistically [&hellip;]<\/p>\n","protected":false},"featured_media":246084,"template":"","meta":{"_et_pb_use_builder":"","_et_pb_old_content":"","_et_gb_content_width":""},"product_brand":[],"product_cat":[685,230],"product_tag":[596],"class_list":{"0":"post-246030","1":"product","2":"type-product","3":"status-publish","4":"has-post-thumbnail","6":"product_cat-constructions","7":"product_cat-training-gear","8":"product_tag-trango-systems-en","10":"first","11":"instock","12":"shipping-taxable","13":"product-type-simple"},"yoast_head":"<!-- This site is optimized with the Yoast SEO plugin v24.7 - https:\/\/yoast.com\/wordpress\/plugins\/seo\/ -->\n<title>Trango Systems | Products - Eqqus<\/title>\n<meta name=\"description\" content=\"Trango Systems is a security solutions provider specializing in force building and combat training infrastructure. One up your training!\" \/>\n<meta name=\"robots\" content=\"index, follow, max-snippet:-1, max-image-preview:large, max-video-preview:-1\" \/>\n<link rel=\"canonical\" href=\"https:\/\/www.eqqus.ee\/en\/product\/training-gear\/constructions\/trango-systems\/\" \/>\n<meta property=\"og:locale\" content=\"en_US\" \/>\n<meta property=\"og:type\" content=\"article\" \/>\n<meta property=\"og:title\" content=\"Trango Systems | Products - Eqqus\" \/>\n<meta property=\"og:description\" content=\"Trango Systems is a security solutions provider specializing in force building and combat training infrastructure. One up your training!\" \/>\n<meta property=\"og:url\" content=\"https:\/\/www.eqqus.ee\/en\/product\/training-gear\/constructions\/trango-systems\/\" \/>\n<meta property=\"og:site_name\" content=\"eqqus Ltd O\u00dc\" \/>\n<meta property=\"article:publisher\" content=\"https:\/\/www.facebook.com\/eqqusLtd\" \/>\n<meta property=\"article:modified_time\" content=\"2024-05-20T11:41:15+00:00\" \/>\n<meta property=\"og:image\" content=\"https:\/\/www.eqqus.ee\/wp-content\/uploads\/2023\/06\/trango-systems-eqqu.png\" \/>\n\t<meta property=\"og:image:width\" content=\"400\" \/>\n\t<meta property=\"og:image:height\" content=\"210\" \/>\n\t<meta property=\"og:image:type\" content=\"image\/png\" \/>\n<meta name=\"twitter:card\" content=\"summary_large_image\" \/>\n<meta name=\"twitter:label1\" content=\"Est. reading time\" \/>\n\t<meta name=\"twitter:data1\" content=\"5 minutes\" \/>\n<script type=\"application\/ld+json\" class=\"yoast-schema-graph\">{\"@context\":\"https:\/\/schema.org\",\"@graph\":[{\"@type\":\"WebPage\",\"@id\":\"https:\/\/www.eqqus.ee\/en\/product\/training-gear\/constructions\/trango-systems\/\",\"url\":\"https:\/\/www.eqqus.ee\/en\/product\/training-gear\/constructions\/trango-systems\/\",\"name\":\"Trango Systems | Products - Eqqus\",\"isPartOf\":{\"@id\":\"https:\/\/www.eqqus.ee\/en\/#website\"},\"primaryImageOfPage\":{\"@id\":\"https:\/\/www.eqqus.ee\/en\/product\/training-gear\/constructions\/trango-systems\/#primaryimage\"},\"image\":{\"@id\":\"https:\/\/www.eqqus.ee\/en\/product\/training-gear\/constructions\/trango-systems\/#primaryimage\"},\"thumbnailUrl\":\"https:\/\/www.eqqus.ee\/wp-content\/uploads\/2023\/06\/trango-systems-eqqu.png\",\"datePublished\":\"2023-06-14T08:13:21+00:00\",\"dateModified\":\"2024-05-20T11:41:15+00:00\",\"description\":\"Trango Systems is a security solutions provider specializing in force building and combat training infrastructure. One up your training!\",\"breadcrumb\":{\"@id\":\"https:\/\/www.eqqus.ee\/en\/product\/training-gear\/constructions\/trango-systems\/#breadcrumb\"},\"inLanguage\":\"en-US\",\"potentialAction\":[{\"@type\":\"ReadAction\",\"target\":[\"https:\/\/www.eqqus.ee\/en\/product\/training-gear\/constructions\/trango-systems\/\"]}]},{\"@type\":\"ImageObject\",\"inLanguage\":\"en-US\",\"@id\":\"https:\/\/www.eqqus.ee\/en\/product\/training-gear\/constructions\/trango-systems\/#primaryimage\",\"url\":\"https:\/\/www.eqqus.ee\/wp-content\/uploads\/2023\/06\/trango-systems-eqqu.png\",\"contentUrl\":\"https:\/\/www.eqqus.ee\/wp-content\/uploads\/2023\/06\/trango-systems-eqqu.png\",\"width\":400,\"height\":210,\"caption\":\"s\u00f5jatehnika ja kaitsevarustuse m\u00fc\u00fck eqqus\"},{\"@type\":\"BreadcrumbList\",\"@id\":\"https:\/\/www.eqqus.ee\/en\/product\/training-gear\/constructions\/trango-systems\/#breadcrumb\",\"itemListElement\":[{\"@type\":\"ListItem\",\"position\":1,\"name\":\"Esileht\",\"item\":\"https:\/\/www.eqqus.ee\/en\/\"},{\"@type\":\"ListItem\",\"position\":2,\"name\":\"Product Filter\",\"item\":\"https:\/\/www.eqqus.ee\/toodete-filter\/\"},{\"@type\":\"ListItem\",\"position\":3,\"name\":\"Trango Systems\"}]},{\"@type\":\"WebSite\",\"@id\":\"https:\/\/www.eqqus.ee\/en\/#website\",\"url\":\"https:\/\/www.eqqus.ee\/en\/\",\"name\":\"eqqus Ltd O\u00dc\",\"description\":\"Kaitsevahendid\",\"publisher\":{\"@id\":\"https:\/\/www.eqqus.ee\/en\/#organization\"},\"potentialAction\":[{\"@type\":\"SearchAction\",\"target\":{\"@type\":\"EntryPoint\",\"urlTemplate\":\"https:\/\/www.eqqus.ee\/en\/?s={search_term_string}\"},\"query-input\":{\"@type\":\"PropertyValueSpecification\",\"valueRequired\":true,\"valueName\":\"search_term_string\"}}],\"inLanguage\":\"en-US\"},{\"@type\":\"Organization\",\"@id\":\"https:\/\/www.eqqus.ee\/en\/#organization\",\"name\":\"eqqus Ltd O\u00dc\",\"url\":\"https:\/\/www.eqqus.ee\/en\/\",\"logo\":{\"@type\":\"ImageObject\",\"inLanguage\":\"en-US\",\"@id\":\"https:\/\/www.eqqus.ee\/en\/#\/schema\/logo\/image\/\",\"url\":\"https:\/\/www.eqqus.ee\/wp-content\/uploads\/2023\/06\/eqqus.ee-logo.png\",\"contentUrl\":\"https:\/\/www.eqqus.ee\/wp-content\/uploads\/2023\/06\/eqqus.ee-logo.png\",\"width\":627,\"height\":146,\"caption\":\"eqqus Ltd O\u00dc\"},\"image\":{\"@id\":\"https:\/\/www.eqqus.ee\/en\/#\/schema\/logo\/image\/\"},\"sameAs\":[\"https:\/\/www.facebook.com\/eqqusLtd\"]}]}<\/script>\n<!-- \/ Yoast SEO plugin. -->","yoast_head_json":{"title":"Trango Systems | Products - Eqqus","description":"Trango Systems is a security solutions provider specializing in force building and combat training infrastructure. One up your training!","robots":{"index":"index","follow":"follow","max-snippet":"max-snippet:-1","max-image-preview":"max-image-preview:large","max-video-preview":"max-video-preview:-1"},"canonical":"https:\/\/www.eqqus.ee\/en\/product\/training-gear\/constructions\/trango-systems\/","og_locale":"en_US","og_type":"article","og_title":"Trango Systems | Products - Eqqus","og_description":"Trango Systems is a security solutions provider specializing in force building and combat training infrastructure. One up your training!","og_url":"https:\/\/www.eqqus.ee\/en\/product\/training-gear\/constructions\/trango-systems\/","og_site_name":"eqqus Ltd O\u00dc","article_publisher":"https:\/\/www.facebook.com\/eqqusLtd","article_modified_time":"2024-05-20T11:41:15+00:00","og_image":[{"width":400,"height":210,"url":"https:\/\/www.eqqus.ee\/wp-content\/uploads\/2023\/06\/trango-systems-eqqu.png","type":"image\/png"}],"twitter_card":"summary_large_image","twitter_misc":{"Est. reading time":"5 minutes"},"schema":{"@context":"https:\/\/schema.org","@graph":[{"@type":"WebPage","@id":"https:\/\/www.eqqus.ee\/en\/product\/training-gear\/constructions\/trango-systems\/","url":"https:\/\/www.eqqus.ee\/en\/product\/training-gear\/constructions\/trango-systems\/","name":"Trango Systems | Products - Eqqus","isPartOf":{"@id":"https:\/\/www.eqqus.ee\/en\/#website"},"primaryImageOfPage":{"@id":"https:\/\/www.eqqus.ee\/en\/product\/training-gear\/constructions\/trango-systems\/#primaryimage"},"image":{"@id":"https:\/\/www.eqqus.ee\/en\/product\/training-gear\/constructions\/trango-systems\/#primaryimage"},"thumbnailUrl":"https:\/\/www.eqqus.ee\/wp-content\/uploads\/2023\/06\/trango-systems-eqqu.png","datePublished":"2023-06-14T08:13:21+00:00","dateModified":"2024-05-20T11:41:15+00:00","description":"Trango Systems is a security solutions provider specializing in force building and combat training infrastructure. One up your training!","breadcrumb":{"@id":"https:\/\/www.eqqus.ee\/en\/product\/training-gear\/constructions\/trango-systems\/#breadcrumb"},"inLanguage":"en-US","potentialAction":[{"@type":"ReadAction","target":["https:\/\/www.eqqus.ee\/en\/product\/training-gear\/constructions\/trango-systems\/"]}]},{"@type":"ImageObject","inLanguage":"en-US","@id":"https:\/\/www.eqqus.ee\/en\/product\/training-gear\/constructions\/trango-systems\/#primaryimage","url":"https:\/\/www.eqqus.ee\/wp-content\/uploads\/2023\/06\/trango-systems-eqqu.png","contentUrl":"https:\/\/www.eqqus.ee\/wp-content\/uploads\/2023\/06\/trango-systems-eqqu.png","width":400,"height":210,"caption":"s\u00f5jatehnika ja kaitsevarustuse m\u00fc\u00fck eqqus"},{"@type":"BreadcrumbList","@id":"https:\/\/www.eqqus.ee\/en\/product\/training-gear\/constructions\/trango-systems\/#breadcrumb","itemListElement":[{"@type":"ListItem","position":1,"name":"Esileht","item":"https:\/\/www.eqqus.ee\/en\/"},{"@type":"ListItem","position":2,"name":"Product Filter","item":"https:\/\/www.eqqus.ee\/toodete-filter\/"},{"@type":"ListItem","position":3,"name":"Trango Systems"}]},{"@type":"WebSite","@id":"https:\/\/www.eqqus.ee\/en\/#website","url":"https:\/\/www.eqqus.ee\/en\/","name":"eqqus Ltd O\u00dc","description":"Kaitsevahendid","publisher":{"@id":"https:\/\/www.eqqus.ee\/en\/#organization"},"potentialAction":[{"@type":"SearchAction","target":{"@type":"EntryPoint","urlTemplate":"https:\/\/www.eqqus.ee\/en\/?s={search_term_string}"},"query-input":{"@type":"PropertyValueSpecification","valueRequired":true,"valueName":"search_term_string"}}],"inLanguage":"en-US"},{"@type":"Organization","@id":"https:\/\/www.eqqus.ee\/en\/#organization","name":"eqqus Ltd O\u00dc","url":"https:\/\/www.eqqus.ee\/en\/","logo":{"@type":"ImageObject","inLanguage":"en-US","@id":"https:\/\/www.eqqus.ee\/en\/#\/schema\/logo\/image\/","url":"https:\/\/www.eqqus.ee\/wp-content\/uploads\/2023\/06\/eqqus.ee-logo.png","contentUrl":"https:\/\/www.eqqus.ee\/wp-content\/uploads\/2023\/06\/eqqus.ee-logo.png","width":627,"height":146,"caption":"eqqus Ltd O\u00dc"},"image":{"@id":"https:\/\/www.eqqus.ee\/en\/#\/schema\/logo\/image\/"},"sameAs":["https:\/\/www.facebook.com\/eqqusLtd"]}]}},"_links":{"self":[{"href":"https:\/\/www.eqqus.ee\/en\/wp-json\/wp\/v2\/product\/246030","targetHints":{"allow":["GET"]}}],"collection":[{"href":"https:\/\/www.eqqus.ee\/en\/wp-json\/wp\/v2\/product"}],"about":[{"href":"https:\/\/www.eqqus.ee\/en\/wp-json\/wp\/v2\/types\/product"}],"wp:featuredmedia":[{"embeddable":true,"href":"https:\/\/www.eqqus.ee\/en\/wp-json\/wp\/v2\/media\/246084"}],"wp:attachment":[{"href":"https:\/\/www.eqqus.ee\/en\/wp-json\/wp\/v2\/media?parent=246030"}],"wp:term":[{"taxonomy":"product_brand","embeddable":true,"href":"https:\/\/www.eqqus.ee\/en\/wp-json\/wp\/v2\/product_brand?post=246030"},{"taxonomy":"product_cat","embeddable":true,"href":"https:\/\/www.eqqus.ee\/en\/wp-json\/wp\/v2\/product_cat?post=246030"},{"taxonomy":"product_tag","embeddable":true,"href":"https:\/\/www.eqqus.ee\/en\/wp-json\/wp\/v2\/product_tag?post=246030"}],"curies":[{"name":"wp","href":"https:\/\/api.w.org\/{rel}","templated":true}]}}