{"id":246021,"date":"2023-06-14T11:07:29","date_gmt":"2023-06-14T08:07:29","guid":{"rendered":"https:\/\/www.eqqus.ee\/toode\/uncategorized\/princeton-tech\/"},"modified":"2024-01-04T14:04:45","modified_gmt":"2024-01-04T12:04:45","slug":"princeton-tec","status":"publish","type":"product","link":"https:\/\/www.eqqus.ee\/en\/product\/lighting\/helmet-vest\/princeton-tec\/","title":{"rendered":"Princeton Tec"},"content":{"rendered":"<p><img decoding=\"async\" class=\"alignnone wp-image-243402\" src=\"https:\/\/www.eqqus.ee\/wp-content\/uploads\/2021\/05\/princeton-tec-mpls-charge-pro.jpg\" alt=\"\" width=\"466\" height=\"466\" srcset=\"https:\/\/www.eqqus.ee\/wp-content\/uploads\/2021\/05\/princeton-tec-mpls-charge-pro.jpg 1652w, https:\/\/www.eqqus.ee\/wp-content\/uploads\/2021\/05\/princeton-tec-mpls-charge-pro-250x250.jpg 250w, https:\/\/www.eqqus.ee\/wp-content\/uploads\/2021\/05\/princeton-tec-mpls-charge-pro-100x100.jpg 100w, https:\/\/www.eqqus.ee\/wp-content\/uploads\/2021\/05\/princeton-tec-mpls-charge-pro-500x500.jpg 500w, https:\/\/www.eqqus.ee\/wp-content\/uploads\/2021\/05\/princeton-tec-mpls-charge-pro-64x64.jpg 64w\" sizes=\"(max-width: 466px) 100vw, 466px\" \/><\/p>\n<p><a href=\"https:\/\/princetontec.com\/\" target=\"_blank\" rel=\"noopener\"> Princeton Tec is an American company with decades of experience in lighting. The range includes helmets, weapons and MOLLE-mounted luminaires. Outstanding lamps, especially for ease of use and lightness, are reliable and indispensable tools for missions out to night orienteering.<\/a><\/p>\n<p>It is no exaggeration to say that headlamps changed their business. By moving the handheld lights against those worn on the head, a whole new group of customers has been served &#8211; from rock climbers and campers to global peacekeepers. The Solo was Princeton Tec&#8217;s first waterproof headlamp. Next, the industry&#8217;s first LED headlamp, the Matrix, was introduced as a true pioneer for durability and battery time.<\/p>\n<p>The design and production are constantly evolving to create headlamps that can withstand heavy handling. Princeton Tec Sync is known for its one-handed clip and dial interface, while the Quad can run on alkaline or lithium batteries. Apex shines in places like Alaska, where extreme conditions require real light, power and endurance. Like you, Princeton Tec is constantly outdoing itself<\/p>\n<p><img decoding=\"async\" class=\"alignnone wp-image-243404\" src=\"https:\/\/www.eqqus.ee\/wp-content\/uploads\/2021\/05\/PrincetonTEC.png\" alt=\"Princeton Tec possibilities\" width=\"787\" height=\"498\" srcset=\"https:\/\/www.eqqus.ee\/wp-content\/uploads\/2021\/05\/PrincetonTEC.png 1023w, https:\/\/www.eqqus.ee\/wp-content\/uploads\/2021\/05\/PrincetonTEC-250x159.png 250w, https:\/\/www.eqqus.ee\/wp-content\/uploads\/2021\/05\/PrincetonTEC-500x317.png 500w, https:\/\/www.eqqus.ee\/wp-content\/uploads\/2021\/05\/PrincetonTEC-64x41.png 64w\" sizes=\"(max-width: 787px) 100vw, 787px\" \/><\/p>\n<p>&nbsp;<\/p>\n\n<div class=\"wpcf7 no-js\" id=\"wpcf7-f243598-o1\" lang=\"et\" dir=\"ltr\" data-wpcf7-id=\"243598\">\n<div class=\"screen-reader-response\"><p role=\"status\" aria-live=\"polite\" aria-atomic=\"true\"><\/p> <ul><\/ul><\/div>\n<form action=\"\/en\/wp-json\/wp\/v2\/product\/246021#wpcf7-f243598-o1\" method=\"post\" class=\"wpcf7-form init\" aria-label=\"Contact form\" novalidate=\"novalidate\" data-status=\"init\">\n<div style=\"display: none;\">\n<input type=\"hidden\" name=\"_wpcf7\" value=\"243598\" \/>\n<input type=\"hidden\" name=\"_wpcf7_version\" value=\"6.0.5\" \/>\n<input type=\"hidden\" name=\"_wpcf7_locale\" value=\"et\" \/>\n<input type=\"hidden\" name=\"_wpcf7_unit_tag\" value=\"wpcf7-f243598-o1\" \/>\n<input type=\"hidden\" name=\"_wpcf7_container_post\" value=\"0\" \/>\n<input type=\"hidden\" name=\"_wpcf7_posted_data_hash\" value=\"\" \/>\n<input type=\"hidden\" name=\"_wpcf7_recaptcha_response\" value=\"\" \/>\n<\/div>\n<p><label> Your name<br \/>\n<span class=\"wpcf7-form-control-wrap\" data-name=\"your-name\"><input size=\"40\" maxlength=\"400\" class=\"wpcf7-form-control wpcf7-text wpcf7-validates-as-required\" aria-required=\"true\" aria-invalid=\"false\" value=\"\" type=\"text\" name=\"your-name\" \/><\/span> <\/label>\n<\/p>\n<p><label> Your email<br \/>\n<span class=\"wpcf7-form-control-wrap\" data-name=\"your-email\"><input size=\"40\" maxlength=\"400\" class=\"wpcf7-form-control wpcf7-email wpcf7-validates-as-required wpcf7-text wpcf7-validates-as-email\" aria-required=\"true\" aria-invalid=\"false\" value=\"\" type=\"email\" name=\"your-email\" \/><\/span> <\/label>\n<\/p>\n<p><label> Brand\/Product you are interested in<br \/>\n<span class=\"wpcf7-form-control-wrap\" data-name=\"your-subject\"><input size=\"40\" maxlength=\"400\" class=\"wpcf7-form-control wpcf7-text wpcf7-validates-as-required\" aria-required=\"true\" aria-invalid=\"false\" value=\"\" type=\"text\" name=\"your-subject\" \/><\/span> <\/label>\n<\/p>\n<p><label> Questions about product<br \/>\n<span class=\"wpcf7-form-control-wrap\" data-name=\"your-message\"><textarea cols=\"40\" rows=\"10\" maxlength=\"2000\" class=\"wpcf7-form-control wpcf7-textarea wpcf7-validates-as-required\" aria-required=\"true\" aria-invalid=\"false\" name=\"your-message\"><\/textarea><\/span> <\/label>\n<\/p>\n<p><input class=\"wpcf7-form-control wpcf7-submit has-spinner\" type=\"submit\" value=\"Send request\" \/>\n<\/p><div class=\"wpcf7-response-output\" aria-hidden=\"true\"><\/div>\n<\/form>\n<\/div>\n\n","protected":false},"excerpt":{"rendered":"<p>Princeton Tec is an American company with decades of experience in lighting. The range includes helmets, weapons and MOLLE-mounted luminaires. Outstanding lamps, especially for ease of use and lightness, are reliable and indispensable tools for missions out to night orienteering. It is no exaggeration to say that headlamps changed their business. By moving the handheld [&hellip;]<\/p>\n","protected":false},"featured_media":246152,"template":"","meta":{"_et_pb_use_builder":"","_et_pb_old_content":"","_et_gb_content_width":""},"product_brand":[],"product_cat":[747,202],"product_tag":[590],"class_list":{"0":"post-246021","1":"product","2":"type-product","3":"status-publish","4":"has-post-thumbnail","6":"product_cat-helmet-vest","7":"product_cat-lighting","8":"product_tag-princeton-tec-en","10":"first","11":"instock","12":"shipping-taxable","13":"product-type-simple"},"yoast_head":"<!-- This site is optimized with the Yoast SEO plugin v24.7 - https:\/\/yoast.com\/wordpress\/plugins\/seo\/ -->\n<title>Princeton Tec | Products - Eqqus<\/title>\n<meta name=\"description\" content=\"Princeton Tec is an American company with decades of experience in lighting. The range includes helmets, weapons and MOLLE-mounted luminaires.\" \/>\n<meta name=\"robots\" content=\"index, follow, max-snippet:-1, max-image-preview:large, max-video-preview:-1\" \/>\n<link rel=\"canonical\" href=\"https:\/\/www.eqqus.ee\/en\/product\/lighting\/helmet-vest\/princeton-tec\/\" \/>\n<meta property=\"og:locale\" content=\"en_US\" \/>\n<meta property=\"og:type\" content=\"article\" \/>\n<meta property=\"og:title\" content=\"Princeton Tec | Products - Eqqus\" \/>\n<meta property=\"og:description\" content=\"Princeton Tec is an American company with decades of experience in lighting. The range includes helmets, weapons and MOLLE-mounted luminaires.\" \/>\n<meta property=\"og:url\" content=\"https:\/\/www.eqqus.ee\/en\/product\/lighting\/helmet-vest\/princeton-tec\/\" \/>\n<meta property=\"og:site_name\" content=\"eqqus Ltd O\u00dc\" \/>\n<meta property=\"article:publisher\" content=\"https:\/\/www.facebook.com\/eqqusLtd\" \/>\n<meta property=\"article:modified_time\" content=\"2024-01-04T12:04:45+00:00\" \/>\n<meta property=\"og:image\" content=\"https:\/\/www.eqqus.ee\/wp-content\/uploads\/2023\/06\/PRINCETON-TECH-EQQU.png\" \/>\n\t<meta property=\"og:image:width\" content=\"400\" \/>\n\t<meta property=\"og:image:height\" content=\"210\" \/>\n\t<meta property=\"og:image:type\" content=\"image\/png\" \/>\n<meta name=\"twitter:card\" content=\"summary_large_image\" \/>\n<meta name=\"twitter:label1\" content=\"Est. reading time\" \/>\n\t<meta name=\"twitter:data1\" content=\"2 minutes\" \/>\n<script type=\"application\/ld+json\" class=\"yoast-schema-graph\">{\"@context\":\"https:\/\/schema.org\",\"@graph\":[{\"@type\":\"WebPage\",\"@id\":\"https:\/\/www.eqqus.ee\/en\/product\/lighting\/helmet-vest\/princeton-tec\/\",\"url\":\"https:\/\/www.eqqus.ee\/en\/product\/lighting\/helmet-vest\/princeton-tec\/\",\"name\":\"Princeton Tec | Products - Eqqus\",\"isPartOf\":{\"@id\":\"https:\/\/www.eqqus.ee\/en\/#website\"},\"primaryImageOfPage\":{\"@id\":\"https:\/\/www.eqqus.ee\/en\/product\/lighting\/helmet-vest\/princeton-tec\/#primaryimage\"},\"image\":{\"@id\":\"https:\/\/www.eqqus.ee\/en\/product\/lighting\/helmet-vest\/princeton-tec\/#primaryimage\"},\"thumbnailUrl\":\"https:\/\/www.eqqus.ee\/wp-content\/uploads\/2023\/06\/PRINCETON-TECH-EQQU.png\",\"datePublished\":\"2023-06-14T08:07:29+00:00\",\"dateModified\":\"2024-01-04T12:04:45+00:00\",\"description\":\"Princeton Tec is an American company with decades of experience in lighting. The range includes helmets, weapons and MOLLE-mounted luminaires.\",\"breadcrumb\":{\"@id\":\"https:\/\/www.eqqus.ee\/en\/product\/lighting\/helmet-vest\/princeton-tec\/#breadcrumb\"},\"inLanguage\":\"en-US\",\"potentialAction\":[{\"@type\":\"ReadAction\",\"target\":[\"https:\/\/www.eqqus.ee\/en\/product\/lighting\/helmet-vest\/princeton-tec\/\"]}]},{\"@type\":\"ImageObject\",\"inLanguage\":\"en-US\",\"@id\":\"https:\/\/www.eqqus.ee\/en\/product\/lighting\/helmet-vest\/princeton-tec\/#primaryimage\",\"url\":\"https:\/\/www.eqqus.ee\/wp-content\/uploads\/2023\/06\/PRINCETON-TECH-EQQU.png\",\"contentUrl\":\"https:\/\/www.eqqus.ee\/wp-content\/uploads\/2023\/06\/PRINCETON-TECH-EQQU.png\",\"width\":400,\"height\":210,\"caption\":\"s\u00f5jatehnika ja kaitsevarustuse m\u00fc\u00fck eqqus\"},{\"@type\":\"BreadcrumbList\",\"@id\":\"https:\/\/www.eqqus.ee\/en\/product\/lighting\/helmet-vest\/princeton-tec\/#breadcrumb\",\"itemListElement\":[{\"@type\":\"ListItem\",\"position\":1,\"name\":\"Esileht\",\"item\":\"https:\/\/www.eqqus.ee\/en\/\"},{\"@type\":\"ListItem\",\"position\":2,\"name\":\"Product Filter\",\"item\":\"https:\/\/www.eqqus.ee\/toodete-filter\/\"},{\"@type\":\"ListItem\",\"position\":3,\"name\":\"Princeton Tec\"}]},{\"@type\":\"WebSite\",\"@id\":\"https:\/\/www.eqqus.ee\/en\/#website\",\"url\":\"https:\/\/www.eqqus.ee\/en\/\",\"name\":\"eqqus Ltd O\u00dc\",\"description\":\"Kaitsevahendid\",\"publisher\":{\"@id\":\"https:\/\/www.eqqus.ee\/en\/#organization\"},\"potentialAction\":[{\"@type\":\"SearchAction\",\"target\":{\"@type\":\"EntryPoint\",\"urlTemplate\":\"https:\/\/www.eqqus.ee\/en\/?s={search_term_string}\"},\"query-input\":{\"@type\":\"PropertyValueSpecification\",\"valueRequired\":true,\"valueName\":\"search_term_string\"}}],\"inLanguage\":\"en-US\"},{\"@type\":\"Organization\",\"@id\":\"https:\/\/www.eqqus.ee\/en\/#organization\",\"name\":\"eqqus Ltd O\u00dc\",\"url\":\"https:\/\/www.eqqus.ee\/en\/\",\"logo\":{\"@type\":\"ImageObject\",\"inLanguage\":\"en-US\",\"@id\":\"https:\/\/www.eqqus.ee\/en\/#\/schema\/logo\/image\/\",\"url\":\"https:\/\/www.eqqus.ee\/wp-content\/uploads\/2023\/06\/eqqus.ee-logo.png\",\"contentUrl\":\"https:\/\/www.eqqus.ee\/wp-content\/uploads\/2023\/06\/eqqus.ee-logo.png\",\"width\":627,\"height\":146,\"caption\":\"eqqus Ltd O\u00dc\"},\"image\":{\"@id\":\"https:\/\/www.eqqus.ee\/en\/#\/schema\/logo\/image\/\"},\"sameAs\":[\"https:\/\/www.facebook.com\/eqqusLtd\"]}]}<\/script>\n<!-- \/ Yoast SEO plugin. -->","yoast_head_json":{"title":"Princeton Tec | Products - Eqqus","description":"Princeton Tec is an American company with decades of experience in lighting. The range includes helmets, weapons and MOLLE-mounted luminaires.","robots":{"index":"index","follow":"follow","max-snippet":"max-snippet:-1","max-image-preview":"max-image-preview:large","max-video-preview":"max-video-preview:-1"},"canonical":"https:\/\/www.eqqus.ee\/en\/product\/lighting\/helmet-vest\/princeton-tec\/","og_locale":"en_US","og_type":"article","og_title":"Princeton Tec | Products - Eqqus","og_description":"Princeton Tec is an American company with decades of experience in lighting. The range includes helmets, weapons and MOLLE-mounted luminaires.","og_url":"https:\/\/www.eqqus.ee\/en\/product\/lighting\/helmet-vest\/princeton-tec\/","og_site_name":"eqqus Ltd O\u00dc","article_publisher":"https:\/\/www.facebook.com\/eqqusLtd","article_modified_time":"2024-01-04T12:04:45+00:00","og_image":[{"width":400,"height":210,"url":"https:\/\/www.eqqus.ee\/wp-content\/uploads\/2023\/06\/PRINCETON-TECH-EQQU.png","type":"image\/png"}],"twitter_card":"summary_large_image","twitter_misc":{"Est. reading time":"2 minutes"},"schema":{"@context":"https:\/\/schema.org","@graph":[{"@type":"WebPage","@id":"https:\/\/www.eqqus.ee\/en\/product\/lighting\/helmet-vest\/princeton-tec\/","url":"https:\/\/www.eqqus.ee\/en\/product\/lighting\/helmet-vest\/princeton-tec\/","name":"Princeton Tec | Products - Eqqus","isPartOf":{"@id":"https:\/\/www.eqqus.ee\/en\/#website"},"primaryImageOfPage":{"@id":"https:\/\/www.eqqus.ee\/en\/product\/lighting\/helmet-vest\/princeton-tec\/#primaryimage"},"image":{"@id":"https:\/\/www.eqqus.ee\/en\/product\/lighting\/helmet-vest\/princeton-tec\/#primaryimage"},"thumbnailUrl":"https:\/\/www.eqqus.ee\/wp-content\/uploads\/2023\/06\/PRINCETON-TECH-EQQU.png","datePublished":"2023-06-14T08:07:29+00:00","dateModified":"2024-01-04T12:04:45+00:00","description":"Princeton Tec is an American company with decades of experience in lighting. The range includes helmets, weapons and MOLLE-mounted luminaires.","breadcrumb":{"@id":"https:\/\/www.eqqus.ee\/en\/product\/lighting\/helmet-vest\/princeton-tec\/#breadcrumb"},"inLanguage":"en-US","potentialAction":[{"@type":"ReadAction","target":["https:\/\/www.eqqus.ee\/en\/product\/lighting\/helmet-vest\/princeton-tec\/"]}]},{"@type":"ImageObject","inLanguage":"en-US","@id":"https:\/\/www.eqqus.ee\/en\/product\/lighting\/helmet-vest\/princeton-tec\/#primaryimage","url":"https:\/\/www.eqqus.ee\/wp-content\/uploads\/2023\/06\/PRINCETON-TECH-EQQU.png","contentUrl":"https:\/\/www.eqqus.ee\/wp-content\/uploads\/2023\/06\/PRINCETON-TECH-EQQU.png","width":400,"height":210,"caption":"s\u00f5jatehnika ja kaitsevarustuse m\u00fc\u00fck eqqus"},{"@type":"BreadcrumbList","@id":"https:\/\/www.eqqus.ee\/en\/product\/lighting\/helmet-vest\/princeton-tec\/#breadcrumb","itemListElement":[{"@type":"ListItem","position":1,"name":"Esileht","item":"https:\/\/www.eqqus.ee\/en\/"},{"@type":"ListItem","position":2,"name":"Product Filter","item":"https:\/\/www.eqqus.ee\/toodete-filter\/"},{"@type":"ListItem","position":3,"name":"Princeton Tec"}]},{"@type":"WebSite","@id":"https:\/\/www.eqqus.ee\/en\/#website","url":"https:\/\/www.eqqus.ee\/en\/","name":"eqqus Ltd O\u00dc","description":"Kaitsevahendid","publisher":{"@id":"https:\/\/www.eqqus.ee\/en\/#organization"},"potentialAction":[{"@type":"SearchAction","target":{"@type":"EntryPoint","urlTemplate":"https:\/\/www.eqqus.ee\/en\/?s={search_term_string}"},"query-input":{"@type":"PropertyValueSpecification","valueRequired":true,"valueName":"search_term_string"}}],"inLanguage":"en-US"},{"@type":"Organization","@id":"https:\/\/www.eqqus.ee\/en\/#organization","name":"eqqus Ltd O\u00dc","url":"https:\/\/www.eqqus.ee\/en\/","logo":{"@type":"ImageObject","inLanguage":"en-US","@id":"https:\/\/www.eqqus.ee\/en\/#\/schema\/logo\/image\/","url":"https:\/\/www.eqqus.ee\/wp-content\/uploads\/2023\/06\/eqqus.ee-logo.png","contentUrl":"https:\/\/www.eqqus.ee\/wp-content\/uploads\/2023\/06\/eqqus.ee-logo.png","width":627,"height":146,"caption":"eqqus Ltd O\u00dc"},"image":{"@id":"https:\/\/www.eqqus.ee\/en\/#\/schema\/logo\/image\/"},"sameAs":["https:\/\/www.facebook.com\/eqqusLtd"]}]}},"_links":{"self":[{"href":"https:\/\/www.eqqus.ee\/en\/wp-json\/wp\/v2\/product\/246021","targetHints":{"allow":["GET"]}}],"collection":[{"href":"https:\/\/www.eqqus.ee\/en\/wp-json\/wp\/v2\/product"}],"about":[{"href":"https:\/\/www.eqqus.ee\/en\/wp-json\/wp\/v2\/types\/product"}],"wp:featuredmedia":[{"embeddable":true,"href":"https:\/\/www.eqqus.ee\/en\/wp-json\/wp\/v2\/media\/246152"}],"wp:attachment":[{"href":"https:\/\/www.eqqus.ee\/en\/wp-json\/wp\/v2\/media?parent=246021"}],"wp:term":[{"taxonomy":"product_brand","embeddable":true,"href":"https:\/\/www.eqqus.ee\/en\/wp-json\/wp\/v2\/product_brand?post=246021"},{"taxonomy":"product_cat","embeddable":true,"href":"https:\/\/www.eqqus.ee\/en\/wp-json\/wp\/v2\/product_cat?post=246021"},{"taxonomy":"product_tag","embeddable":true,"href":"https:\/\/www.eqqus.ee\/en\/wp-json\/wp\/v2\/product_tag?post=246021"}],"curies":[{"name":"wp","href":"https:\/\/api.w.org\/{rel}","templated":true}]}}