{"id":246016,"date":"2023-06-14T11:04:50","date_gmt":"2023-06-14T08:04:50","guid":{"rendered":"https:\/\/www.eqqus.ee\/toode\/uncategorized\/inforce\/"},"modified":"2024-01-04T14:08:51","modified_gmt":"2024-01-04T12:08:51","slug":"inforce","status":"publish","type":"product","link":"https:\/\/www.eqqus.ee\/en\/product\/lighting\/for-firearm\/inforce\/","title":{"rendered":"Inforce"},"content":{"rendered":"<p><img decoding=\"async\" class=\"alignnone size-medium wp-image-243400\" src=\"https:\/\/www.eqqus.ee\/wp-content\/uploads\/2021\/05\/APLGlock_small__11083.1501031308.1280.1280.jpg\" alt=\"\" width=\"300\" height=\"191\" srcset=\"https:\/\/www.eqqus.ee\/wp-content\/uploads\/2021\/05\/APLGlock_small__11083.1501031308.1280.1280.jpg 1000w, https:\/\/www.eqqus.ee\/wp-content\/uploads\/2021\/05\/APLGlock_small__11083.1501031308.1280.1280-250x159.jpg 250w, https:\/\/www.eqqus.ee\/wp-content\/uploads\/2021\/05\/APLGlock_small__11083.1501031308.1280.1280-500x318.jpg 500w, https:\/\/www.eqqus.ee\/wp-content\/uploads\/2021\/05\/APLGlock_small__11083.1501031308.1280.1280-64x41.jpg 64w\" sizes=\"(max-width: 300px) 100vw, 300px\" \/><\/p>\n<p><a href=\"https:\/\/inforce-mil.com\/\" target=\"_blank\" rel=\"noopener\"> INFORCE Weapon-mounted lighting enables defense, law enforcement, security, and even individuals to identify a threat faster and more distantly.<\/a><\/p>\n<h4>WILD2 &#8211; Maximum power<\/h4>\n<p>LIGHT INTENSITY 1000 lumens <br \/>INTENSITY 25,000 candelas <br \/>LIGHT RANGE 1036 feet \/ 316 meters <br \/>CONTINUOUS WORKING HOURS 1.5 hours <br \/>BATTERIES Two 123A included <br \/>WEIGHT WITH BATTERIES 4.7 oz \/ 135 g <br \/>LENGTH 3.5 inches \/ 8.9 cm <br \/>BEZELI DIAMETER 1.1 inches \/ 2.8 cm <br \/>SWITCHING ON Right-hand and left-handed &#8211; Shoulder <br \/>FUNCTIONS Continuous \/ Current \/ Strobe <br \/>LOCKING SYSTEM With blades <br \/>SUITABILITY 1913 or Glock universal rail <br \/>MATERIAL 6061-T6 aluminum <br \/>FINISH MIL-SPEC hard anodizing <br \/>WATER-RESISTANCE Up to 20 meters \u00a0<\/p>\n<p><img decoding=\"async\" class=\"alignnone wp-image-243396\" src=\"https:\/\/www.eqqus.ee\/wp-content\/uploads\/2021\/05\/inforce-184.png\" alt=\"\" width=\"271\" height=\"167\" srcset=\"https:\/\/www.eqqus.ee\/wp-content\/uploads\/2021\/05\/inforce-184.png 600w, https:\/\/www.eqqus.ee\/wp-content\/uploads\/2021\/05\/inforce-184-250x154.png 250w, https:\/\/www.eqqus.ee\/wp-content\/uploads\/2021\/05\/inforce-184-500x308.png 500w, https:\/\/www.eqqus.ee\/wp-content\/uploads\/2021\/05\/inforce-184-64x39.png 64w\" sizes=\"(max-width: 271px) 100vw, 271px\" \/><\/p>\n<p>After years of cutting-edge customer learning and product development, the full-size Wild2 handgun combines traditional Inforce style with best-in-class durability. Optimal combination of durability and light and comfort for users with small and large hands alike. The three functions &#8211; constant, instantaneous and strobe &#8211; are activated by pressing the aluminum blade switch to the left or right. The activation method is a natural finger movement. Wild2 includes a special parabolic reflector to create 1,000 lumens of white light. Its well-defined beam of light gives you the perfect balance to be aware of your surroundings. \u00a0\u00a0<\/p>\n<p>&nbsp;<\/p>\n<h4>WML White &#8211; Gen2 &#8211; The most conveniently designed weapon lamp (IR also possible)<\/h4>\n<p>LIGHT INTENSITY 800 lumens <br \/>INTENSITY 10,000 candelas <br \/>LIGHT RADIATION 656 ft \/ 200 meters <br \/>WORKING HOURS 2 hours BATTERIES Two 123A included <br \/>WEIGHT WITH BATTERIES 4.0 oz \/ 125 g LENGTH 5.3 inches \/ 13.5 cm <br \/>BEZELI DIAMETER 1.13 inches \/ 2.9 cm Switch to the rear of the anti-slip button <br \/>FUNCTIONS Continuous \/ Current \/ Strobe <br \/>LOCKING SYSTEM Safety lever \/ Front swivel <br \/>INSTALLATION Integrated clamp <br \/>CONSTRUCTION Glass-reinforced nylon <br \/>FINISH Black or FDE <br \/>WATER-RESISTANCE Up to 20 meters<\/p>\n<p><img decoding=\"async\" class=\"alignnone wp-image-243398\" src=\"https:\/\/www.eqqus.ee\/wp-content\/uploads\/2021\/05\/download-4.jpg\" alt=\"\" width=\"330\" height=\"220\" srcset=\"https:\/\/www.eqqus.ee\/wp-content\/uploads\/2021\/05\/download-4.jpg 275w, https:\/\/www.eqqus.ee\/wp-content\/uploads\/2021\/05\/download-4-250x166.jpg 250w, https:\/\/www.eqqus.ee\/wp-content\/uploads\/2021\/05\/download-4-64x43.jpg 64w\" sizes=\"(max-width: 330px) 100vw, 330px\" \/><\/p>\n<p>\u00a0Inforce WML White &#8211; Gen2 is the best choice to deliver significant power in ultra-compact light. If you want more, WMLx sets a new standard for gun lights in terms of output, reliability and light weight. Both weapon-mounted luminaires are made of glass-reinforced nylon 6. This allows for a light but durable construction. The WML White G2 and WMLx White G2 are dust, sand and dirt resistant. The diving depth limit is 20 m \u00a0 \u00a0<\/p>\n<p>&nbsp;<\/p>\n\n<div class=\"wpcf7 no-js\" id=\"wpcf7-f243598-o1\" lang=\"et\" dir=\"ltr\" data-wpcf7-id=\"243598\">\n<div class=\"screen-reader-response\"><p role=\"status\" aria-live=\"polite\" aria-atomic=\"true\"><\/p> <ul><\/ul><\/div>\n<form action=\"\/en\/wp-json\/wp\/v2\/product\/246016#wpcf7-f243598-o1\" method=\"post\" class=\"wpcf7-form init\" aria-label=\"Contact form\" novalidate=\"novalidate\" data-status=\"init\">\n<div style=\"display: none;\">\n<input type=\"hidden\" name=\"_wpcf7\" value=\"243598\" \/>\n<input type=\"hidden\" name=\"_wpcf7_version\" value=\"6.0.5\" \/>\n<input type=\"hidden\" name=\"_wpcf7_locale\" value=\"et\" \/>\n<input type=\"hidden\" name=\"_wpcf7_unit_tag\" value=\"wpcf7-f243598-o1\" \/>\n<input type=\"hidden\" name=\"_wpcf7_container_post\" value=\"0\" \/>\n<input type=\"hidden\" name=\"_wpcf7_posted_data_hash\" value=\"\" \/>\n<input type=\"hidden\" name=\"_wpcf7_recaptcha_response\" value=\"\" \/>\n<\/div>\n<p><label> Your name<br \/>\n<span class=\"wpcf7-form-control-wrap\" data-name=\"your-name\"><input size=\"40\" maxlength=\"400\" class=\"wpcf7-form-control wpcf7-text wpcf7-validates-as-required\" aria-required=\"true\" aria-invalid=\"false\" value=\"\" type=\"text\" name=\"your-name\" \/><\/span> <\/label>\n<\/p>\n<p><label> Your email<br \/>\n<span class=\"wpcf7-form-control-wrap\" data-name=\"your-email\"><input size=\"40\" maxlength=\"400\" class=\"wpcf7-form-control wpcf7-email wpcf7-validates-as-required wpcf7-text wpcf7-validates-as-email\" aria-required=\"true\" aria-invalid=\"false\" value=\"\" type=\"email\" name=\"your-email\" \/><\/span> <\/label>\n<\/p>\n<p><label> Brand\/Product you are interested in<br \/>\n<span class=\"wpcf7-form-control-wrap\" data-name=\"your-subject\"><input size=\"40\" maxlength=\"400\" class=\"wpcf7-form-control wpcf7-text wpcf7-validates-as-required\" aria-required=\"true\" aria-invalid=\"false\" value=\"\" type=\"text\" name=\"your-subject\" \/><\/span> <\/label>\n<\/p>\n<p><label> Questions about product<br \/>\n<span class=\"wpcf7-form-control-wrap\" data-name=\"your-message\"><textarea cols=\"40\" rows=\"10\" maxlength=\"2000\" class=\"wpcf7-form-control wpcf7-textarea wpcf7-validates-as-required\" aria-required=\"true\" aria-invalid=\"false\" name=\"your-message\"><\/textarea><\/span> <\/label>\n<\/p>\n<p><input class=\"wpcf7-form-control wpcf7-submit has-spinner\" type=\"submit\" value=\"Send request\" \/>\n<\/p><div class=\"wpcf7-response-output\" aria-hidden=\"true\"><\/div>\n<\/form>\n<\/div>\n\n","protected":false},"excerpt":{"rendered":"<p>INFORCE Weapon-mounted lighting enables defense, law enforcement, security, and even individuals to identify a threat faster and more distantly. WILD2 &#8211; Maximum power LIGHT INTENSITY 1000 lumens INTENSITY 25,000 candelas LIGHT RANGE 1036 feet \/ 316 meters CONTINUOUS WORKING HOURS 1.5 hours BATTERIES Two 123A included WEIGHT WITH BATTERIES 4.7 oz \/ 135 g LENGTH [&hellip;]<\/p>\n","protected":false},"featured_media":246128,"template":"","meta":{"_et_pb_use_builder":"","_et_pb_old_content":"","_et_gb_content_width":""},"product_brand":[],"product_cat":[749,202],"product_tag":[586],"class_list":{"0":"post-246016","1":"product","2":"type-product","3":"status-publish","4":"has-post-thumbnail","6":"product_cat-for-firearm","7":"product_cat-lighting","8":"product_tag-inforce-en","10":"first","11":"instock","12":"shipping-taxable","13":"product-type-simple"},"yoast_head":"<!-- This site is optimized with the Yoast SEO plugin v24.7 - https:\/\/yoast.com\/wordpress\/plugins\/seo\/ -->\n<title>Inforce | Tooted - Eqqus<\/title>\n<meta name=\"description\" content=\"INFORCE Weapon-mounted lighting enables defense, law enforcement, security, and even individuals to identify a threat faster and more distantly.\" \/>\n<meta name=\"robots\" content=\"index, follow, max-snippet:-1, max-image-preview:large, max-video-preview:-1\" \/>\n<link rel=\"canonical\" href=\"https:\/\/www.eqqus.ee\/en\/product\/lighting\/for-firearm\/inforce\/\" \/>\n<meta property=\"og:locale\" content=\"en_US\" \/>\n<meta property=\"og:type\" content=\"article\" \/>\n<meta property=\"og:title\" content=\"Inforce | Tooted - Eqqus\" \/>\n<meta property=\"og:description\" content=\"INFORCE Weapon-mounted lighting enables defense, law enforcement, security, and even individuals to identify a threat faster and more distantly.\" \/>\n<meta property=\"og:url\" content=\"https:\/\/www.eqqus.ee\/en\/product\/lighting\/for-firearm\/inforce\/\" \/>\n<meta property=\"og:site_name\" content=\"eqqus Ltd O\u00dc\" \/>\n<meta property=\"article:publisher\" content=\"https:\/\/www.facebook.com\/eqqusLtd\" \/>\n<meta property=\"article:modified_time\" content=\"2024-01-04T12:08:51+00:00\" \/>\n<meta property=\"og:image\" content=\"https:\/\/www.eqqus.ee\/wp-content\/uploads\/2023\/06\/INFORCE-EQQU.png\" \/>\n\t<meta property=\"og:image:width\" content=\"400\" \/>\n\t<meta property=\"og:image:height\" content=\"210\" \/>\n\t<meta property=\"og:image:type\" content=\"image\/png\" \/>\n<meta name=\"twitter:card\" content=\"summary_large_image\" \/>\n<meta name=\"twitter:label1\" content=\"Est. reading time\" \/>\n\t<meta name=\"twitter:data1\" content=\"3 minutes\" \/>\n<script type=\"application\/ld+json\" class=\"yoast-schema-graph\">{\"@context\":\"https:\/\/schema.org\",\"@graph\":[{\"@type\":\"WebPage\",\"@id\":\"https:\/\/www.eqqus.ee\/en\/product\/lighting\/for-firearm\/inforce\/\",\"url\":\"https:\/\/www.eqqus.ee\/en\/product\/lighting\/for-firearm\/inforce\/\",\"name\":\"Inforce | Tooted - Eqqus\",\"isPartOf\":{\"@id\":\"https:\/\/www.eqqus.ee\/en\/#website\"},\"primaryImageOfPage\":{\"@id\":\"https:\/\/www.eqqus.ee\/en\/product\/lighting\/for-firearm\/inforce\/#primaryimage\"},\"image\":{\"@id\":\"https:\/\/www.eqqus.ee\/en\/product\/lighting\/for-firearm\/inforce\/#primaryimage\"},\"thumbnailUrl\":\"https:\/\/www.eqqus.ee\/wp-content\/uploads\/2023\/06\/INFORCE-EQQU.png\",\"datePublished\":\"2023-06-14T08:04:50+00:00\",\"dateModified\":\"2024-01-04T12:08:51+00:00\",\"description\":\"INFORCE Weapon-mounted lighting enables defense, law enforcement, security, and even individuals to identify a threat faster and more distantly.\",\"breadcrumb\":{\"@id\":\"https:\/\/www.eqqus.ee\/en\/product\/lighting\/for-firearm\/inforce\/#breadcrumb\"},\"inLanguage\":\"en-US\",\"potentialAction\":[{\"@type\":\"ReadAction\",\"target\":[\"https:\/\/www.eqqus.ee\/en\/product\/lighting\/for-firearm\/inforce\/\"]}]},{\"@type\":\"ImageObject\",\"inLanguage\":\"en-US\",\"@id\":\"https:\/\/www.eqqus.ee\/en\/product\/lighting\/for-firearm\/inforce\/#primaryimage\",\"url\":\"https:\/\/www.eqqus.ee\/wp-content\/uploads\/2023\/06\/INFORCE-EQQU.png\",\"contentUrl\":\"https:\/\/www.eqqus.ee\/wp-content\/uploads\/2023\/06\/INFORCE-EQQU.png\",\"width\":400,\"height\":210,\"caption\":\"s\u00f5jatehnika ja kaitsevarustuse m\u00fc\u00fck eqqus\"},{\"@type\":\"BreadcrumbList\",\"@id\":\"https:\/\/www.eqqus.ee\/en\/product\/lighting\/for-firearm\/inforce\/#breadcrumb\",\"itemListElement\":[{\"@type\":\"ListItem\",\"position\":1,\"name\":\"Esileht\",\"item\":\"https:\/\/www.eqqus.ee\/en\/\"},{\"@type\":\"ListItem\",\"position\":2,\"name\":\"Product Filter\",\"item\":\"https:\/\/www.eqqus.ee\/toodete-filter\/\"},{\"@type\":\"ListItem\",\"position\":3,\"name\":\"Inforce\"}]},{\"@type\":\"WebSite\",\"@id\":\"https:\/\/www.eqqus.ee\/en\/#website\",\"url\":\"https:\/\/www.eqqus.ee\/en\/\",\"name\":\"eqqus Ltd O\u00dc\",\"description\":\"Kaitsevahendid\",\"publisher\":{\"@id\":\"https:\/\/www.eqqus.ee\/en\/#organization\"},\"potentialAction\":[{\"@type\":\"SearchAction\",\"target\":{\"@type\":\"EntryPoint\",\"urlTemplate\":\"https:\/\/www.eqqus.ee\/en\/?s={search_term_string}\"},\"query-input\":{\"@type\":\"PropertyValueSpecification\",\"valueRequired\":true,\"valueName\":\"search_term_string\"}}],\"inLanguage\":\"en-US\"},{\"@type\":\"Organization\",\"@id\":\"https:\/\/www.eqqus.ee\/en\/#organization\",\"name\":\"eqqus Ltd O\u00dc\",\"url\":\"https:\/\/www.eqqus.ee\/en\/\",\"logo\":{\"@type\":\"ImageObject\",\"inLanguage\":\"en-US\",\"@id\":\"https:\/\/www.eqqus.ee\/en\/#\/schema\/logo\/image\/\",\"url\":\"https:\/\/www.eqqus.ee\/wp-content\/uploads\/2023\/06\/eqqus.ee-logo.png\",\"contentUrl\":\"https:\/\/www.eqqus.ee\/wp-content\/uploads\/2023\/06\/eqqus.ee-logo.png\",\"width\":627,\"height\":146,\"caption\":\"eqqus Ltd O\u00dc\"},\"image\":{\"@id\":\"https:\/\/www.eqqus.ee\/en\/#\/schema\/logo\/image\/\"},\"sameAs\":[\"https:\/\/www.facebook.com\/eqqusLtd\"]}]}<\/script>\n<!-- \/ Yoast SEO plugin. -->","yoast_head_json":{"title":"Inforce | Tooted - Eqqus","description":"INFORCE Weapon-mounted lighting enables defense, law enforcement, security, and even individuals to identify a threat faster and more distantly.","robots":{"index":"index","follow":"follow","max-snippet":"max-snippet:-1","max-image-preview":"max-image-preview:large","max-video-preview":"max-video-preview:-1"},"canonical":"https:\/\/www.eqqus.ee\/en\/product\/lighting\/for-firearm\/inforce\/","og_locale":"en_US","og_type":"article","og_title":"Inforce | Tooted - Eqqus","og_description":"INFORCE Weapon-mounted lighting enables defense, law enforcement, security, and even individuals to identify a threat faster and more distantly.","og_url":"https:\/\/www.eqqus.ee\/en\/product\/lighting\/for-firearm\/inforce\/","og_site_name":"eqqus Ltd O\u00dc","article_publisher":"https:\/\/www.facebook.com\/eqqusLtd","article_modified_time":"2024-01-04T12:08:51+00:00","og_image":[{"width":400,"height":210,"url":"https:\/\/www.eqqus.ee\/wp-content\/uploads\/2023\/06\/INFORCE-EQQU.png","type":"image\/png"}],"twitter_card":"summary_large_image","twitter_misc":{"Est. reading time":"3 minutes"},"schema":{"@context":"https:\/\/schema.org","@graph":[{"@type":"WebPage","@id":"https:\/\/www.eqqus.ee\/en\/product\/lighting\/for-firearm\/inforce\/","url":"https:\/\/www.eqqus.ee\/en\/product\/lighting\/for-firearm\/inforce\/","name":"Inforce | Tooted - Eqqus","isPartOf":{"@id":"https:\/\/www.eqqus.ee\/en\/#website"},"primaryImageOfPage":{"@id":"https:\/\/www.eqqus.ee\/en\/product\/lighting\/for-firearm\/inforce\/#primaryimage"},"image":{"@id":"https:\/\/www.eqqus.ee\/en\/product\/lighting\/for-firearm\/inforce\/#primaryimage"},"thumbnailUrl":"https:\/\/www.eqqus.ee\/wp-content\/uploads\/2023\/06\/INFORCE-EQQU.png","datePublished":"2023-06-14T08:04:50+00:00","dateModified":"2024-01-04T12:08:51+00:00","description":"INFORCE Weapon-mounted lighting enables defense, law enforcement, security, and even individuals to identify a threat faster and more distantly.","breadcrumb":{"@id":"https:\/\/www.eqqus.ee\/en\/product\/lighting\/for-firearm\/inforce\/#breadcrumb"},"inLanguage":"en-US","potentialAction":[{"@type":"ReadAction","target":["https:\/\/www.eqqus.ee\/en\/product\/lighting\/for-firearm\/inforce\/"]}]},{"@type":"ImageObject","inLanguage":"en-US","@id":"https:\/\/www.eqqus.ee\/en\/product\/lighting\/for-firearm\/inforce\/#primaryimage","url":"https:\/\/www.eqqus.ee\/wp-content\/uploads\/2023\/06\/INFORCE-EQQU.png","contentUrl":"https:\/\/www.eqqus.ee\/wp-content\/uploads\/2023\/06\/INFORCE-EQQU.png","width":400,"height":210,"caption":"s\u00f5jatehnika ja kaitsevarustuse m\u00fc\u00fck eqqus"},{"@type":"BreadcrumbList","@id":"https:\/\/www.eqqus.ee\/en\/product\/lighting\/for-firearm\/inforce\/#breadcrumb","itemListElement":[{"@type":"ListItem","position":1,"name":"Esileht","item":"https:\/\/www.eqqus.ee\/en\/"},{"@type":"ListItem","position":2,"name":"Product Filter","item":"https:\/\/www.eqqus.ee\/toodete-filter\/"},{"@type":"ListItem","position":3,"name":"Inforce"}]},{"@type":"WebSite","@id":"https:\/\/www.eqqus.ee\/en\/#website","url":"https:\/\/www.eqqus.ee\/en\/","name":"eqqus Ltd O\u00dc","description":"Kaitsevahendid","publisher":{"@id":"https:\/\/www.eqqus.ee\/en\/#organization"},"potentialAction":[{"@type":"SearchAction","target":{"@type":"EntryPoint","urlTemplate":"https:\/\/www.eqqus.ee\/en\/?s={search_term_string}"},"query-input":{"@type":"PropertyValueSpecification","valueRequired":true,"valueName":"search_term_string"}}],"inLanguage":"en-US"},{"@type":"Organization","@id":"https:\/\/www.eqqus.ee\/en\/#organization","name":"eqqus Ltd O\u00dc","url":"https:\/\/www.eqqus.ee\/en\/","logo":{"@type":"ImageObject","inLanguage":"en-US","@id":"https:\/\/www.eqqus.ee\/en\/#\/schema\/logo\/image\/","url":"https:\/\/www.eqqus.ee\/wp-content\/uploads\/2023\/06\/eqqus.ee-logo.png","contentUrl":"https:\/\/www.eqqus.ee\/wp-content\/uploads\/2023\/06\/eqqus.ee-logo.png","width":627,"height":146,"caption":"eqqus Ltd O\u00dc"},"image":{"@id":"https:\/\/www.eqqus.ee\/en\/#\/schema\/logo\/image\/"},"sameAs":["https:\/\/www.facebook.com\/eqqusLtd"]}]}},"_links":{"self":[{"href":"https:\/\/www.eqqus.ee\/en\/wp-json\/wp\/v2\/product\/246016","targetHints":{"allow":["GET"]}}],"collection":[{"href":"https:\/\/www.eqqus.ee\/en\/wp-json\/wp\/v2\/product"}],"about":[{"href":"https:\/\/www.eqqus.ee\/en\/wp-json\/wp\/v2\/types\/product"}],"wp:featuredmedia":[{"embeddable":true,"href":"https:\/\/www.eqqus.ee\/en\/wp-json\/wp\/v2\/media\/246128"}],"wp:attachment":[{"href":"https:\/\/www.eqqus.ee\/en\/wp-json\/wp\/v2\/media?parent=246016"}],"wp:term":[{"taxonomy":"product_brand","embeddable":true,"href":"https:\/\/www.eqqus.ee\/en\/wp-json\/wp\/v2\/product_brand?post=246016"},{"taxonomy":"product_cat","embeddable":true,"href":"https:\/\/www.eqqus.ee\/en\/wp-json\/wp\/v2\/product_cat?post=246016"},{"taxonomy":"product_tag","embeddable":true,"href":"https:\/\/www.eqqus.ee\/en\/wp-json\/wp\/v2\/product_tag?post=246016"}],"curies":[{"name":"wp","href":"https:\/\/api.w.org\/{rel}","templated":true}]}}