{"id":246013,"date":"2023-06-14T11:02:04","date_gmt":"2023-06-14T08:02:04","guid":{"rendered":"https:\/\/www.eqqus.ee\/toode\/uncategorized\/nightsearcher\/"},"modified":"2024-01-04T14:13:33","modified_gmt":"2024-01-04T12:13:33","slug":"nightsearcher","status":"publish","type":"product","link":"https:\/\/www.eqqus.ee\/en\/product\/lighting\/personal-en\/nightsearcher\/","title":{"rendered":"Nightsearcher"},"content":{"rendered":"<p><img decoding=\"async\" class=\"alignnone wp-image-243366\" src=\"https:\/\/www.eqqus.ee\/wp-content\/uploads\/2021\/05\/NS-duo-valgusti.jpg\" alt=\"\" width=\"493\" height=\"370\" srcset=\"https:\/\/www.eqqus.ee\/wp-content\/uploads\/2021\/05\/NS-duo-valgusti.jpg 800w, https:\/\/www.eqqus.ee\/wp-content\/uploads\/2021\/05\/NS-duo-valgusti-250x188.jpg 250w, https:\/\/www.eqqus.ee\/wp-content\/uploads\/2021\/05\/NS-duo-valgusti-500x375.jpg 500w, https:\/\/www.eqqus.ee\/wp-content\/uploads\/2021\/05\/NS-duo-valgusti-64x48.jpg 64w\" sizes=\"(max-width: 493px) 100vw, 493px\" \/><\/p>\n<p><a href=\"https:\/\/nightsearcher.com\/\" target=\"_blank\" rel=\"noopener\"> NIGHTSEARCHER produces high-quality, innovative and durable light sources for every customer&#8217;s changing needs. Our in-house product development department can create the right product for every situation. <\/a><\/p>\n<p>NightSearcher has been designing and producing portable rechargeable lighting solutions since 1989. Initially, these products were only delivered to industrial markets, where NightSearcher still has a reputation for very high quality and service.<\/p>\n<p>Today, NightSearcher&#8217;s products are used by the police, military, firefighters, search and rescue, railways, construction, the automotive industry and the oil and gas industry.<\/p>\n<p>The continued success and gradual expansion of NightSearcher is aided by dynamic compliance with health and safety requirements, as well as new and existing customer requirements. Our product range includes high-quality floodlights, work lights, floodlights, flashlights, floodlights, hazard lights for hazardous areas.<\/p>\n<p>NightSearcher&#8217;s new export sales office opened in 2015, a natural extension of their headquarters in the UK. This will allow them to deliver their products more efficiently to customers outside the UK.<\/p>\n<p>NightSearcher is constantly evolving to meet the ever-changing needs of a diverse customer base. NightSearcher is registered according to the Achilles scheme according to the ISO 9001: 2015 standard and has products listed with NATO codes.<\/p>\n<p>&nbsp;<\/p>\n<h4>Pulsar Pro Rechargeable LED Hazard Lights<\/h4>\n<p>&#8211; Available in Yellow, Blue, Green, Red, or White <br \/>&#8211; Visible lighting over 1 km \/ 360 \u00b0 <br \/>&#8211; 10 light modes, including white flashlight setting <br \/>&#8211; Working time up to 60 hours &#8211; Floats in water \/ shatterproof up to 3 tons<br \/>&#8211; Magnetic back<br \/>Ideal for professional applications: First aid, police, fire and road services. <img decoding=\"async\" class=\"alignnone size-medium wp-image-243368\" src=\"https:\/\/www.eqqus.ee\/wp-content\/uploads\/2021\/05\/pulsar-pro-6e7b5.jpg\" alt=\"\" width=\"300\" height=\"200\" srcset=\"https:\/\/www.eqqus.ee\/wp-content\/uploads\/2021\/05\/pulsar-pro-6e7b5.jpg 1200w, https:\/\/www.eqqus.ee\/wp-content\/uploads\/2021\/05\/pulsar-pro-6e7b5-250x167.jpg 250w, https:\/\/www.eqqus.ee\/wp-content\/uploads\/2021\/05\/pulsar-pro-6e7b5-500x333.jpg 500w, https:\/\/www.eqqus.ee\/wp-content\/uploads\/2021\/05\/pulsar-pro-6e7b5-64x43.jpg 64w\" sizes=\"(max-width: 300px) 100vw, 300px\" \/><img decoding=\"async\" class=\"alignnone size-medium wp-image-243376\" src=\"https:\/\/www.eqqus.ee\/wp-content\/uploads\/2021\/05\/abingdon_2019_c130_03_hr-47f58.jpg\" alt=\"\" width=\"300\" height=\"200\" srcset=\"https:\/\/www.eqqus.ee\/wp-content\/uploads\/2021\/05\/abingdon_2019_c130_03_hr-47f58.jpg 1200w, https:\/\/www.eqqus.ee\/wp-content\/uploads\/2021\/05\/abingdon_2019_c130_03_hr-47f58-250x167.jpg 250w, https:\/\/www.eqqus.ee\/wp-content\/uploads\/2021\/05\/abingdon_2019_c130_03_hr-47f58-500x333.jpg 500w, https:\/\/www.eqqus.ee\/wp-content\/uploads\/2021\/05\/abingdon_2019_c130_03_hr-47f58-64x43.jpg 64w\" sizes=\"(max-width: 300px) 100vw, 300px\" \/><img decoding=\"async\" class=\"alignnone size-medium wp-image-243374\" src=\"https:\/\/www.eqqus.ee\/wp-content\/uploads\/2021\/05\/pulsar-crushed-d3abf.jpg\" alt=\"\" width=\"300\" height=\"200\" srcset=\"https:\/\/www.eqqus.ee\/wp-content\/uploads\/2021\/05\/pulsar-crushed-d3abf.jpg 800w, https:\/\/www.eqqus.ee\/wp-content\/uploads\/2021\/05\/pulsar-crushed-d3abf-250x167.jpg 250w, https:\/\/www.eqqus.ee\/wp-content\/uploads\/2021\/05\/pulsar-crushed-d3abf-500x333.jpg 500w, https:\/\/www.eqqus.ee\/wp-content\/uploads\/2021\/05\/pulsar-crushed-d3abf-64x43.jpg 64w\" sizes=\"(max-width: 300px) 100vw, 300px\" \/> \u00a0<\/p>\n<p>&nbsp;<\/p>\n<h4>NightSearcher Tower Pro-2K<\/h4>\n<p>Portable, collapsible <br \/>Quick and easy setup <br \/>0.66 m when folded \/ the stand reaches 1.5 m <br \/>Powerful &#8211; 2000 lumens, up to 30m light beam <br \/>1.5 to 4.5 hours duration <br \/>7.4 V 2000 mAh battery. &#8211; Can be used connected to AC power <br \/>&#8211; Switch and brightness control panel.<br \/>&#8211; Battery status indicator. <br \/>&#8211; Warm white \/ cool white light. <br \/>&#8211; Rotating light at several angles <br \/>&#8211; Removable head with hanging hook and magnetic base <br \/>&#8211; Strong aluminum housing <br \/>IPX4 <br \/>Ideal for both indoor and outdoor use. Pro-5K (5000 lumens)<\/p>\n<p><img decoding=\"async\" class=\"alignnone size-medium wp-image-243370\" src=\"https:\/\/www.eqqus.ee\/wp-content\/uploads\/2021\/05\/nightsearcher-tower-pro-2k-1-5m-tripod-work-light-6c957.jpg\" alt=\"\" width=\"300\" height=\"200\" srcset=\"https:\/\/www.eqqus.ee\/wp-content\/uploads\/2021\/05\/nightsearcher-tower-pro-2k-1-5m-tripod-work-light-6c957.jpg 1200w, https:\/\/www.eqqus.ee\/wp-content\/uploads\/2021\/05\/nightsearcher-tower-pro-2k-1-5m-tripod-work-light-6c957-250x167.jpg 250w, https:\/\/www.eqqus.ee\/wp-content\/uploads\/2021\/05\/nightsearcher-tower-pro-2k-1-5m-tripod-work-light-6c957-500x333.jpg 500w, https:\/\/www.eqqus.ee\/wp-content\/uploads\/2021\/05\/nightsearcher-tower-pro-2k-1-5m-tripod-work-light-6c957-64x43.jpg 64w\" sizes=\"(max-width: 300px) 100vw, 300px\" \/><img decoding=\"async\" class=\"alignnone size-medium wp-image-243378\" src=\"https:\/\/www.eqqus.ee\/wp-content\/uploads\/2021\/05\/nightsearcher-tower-pro-2k-2000-lumen-powerful-led-work-light-8e5ef.jpg\" alt=\"\" width=\"300\" height=\"200\" srcset=\"https:\/\/www.eqqus.ee\/wp-content\/uploads\/2021\/05\/nightsearcher-tower-pro-2k-2000-lumen-powerful-led-work-light-8e5ef.jpg 1200w, https:\/\/www.eqqus.ee\/wp-content\/uploads\/2021\/05\/nightsearcher-tower-pro-2k-2000-lumen-powerful-led-work-light-8e5ef-250x167.jpg 250w, https:\/\/www.eqqus.ee\/wp-content\/uploads\/2021\/05\/nightsearcher-tower-pro-2k-2000-lumen-powerful-led-work-light-8e5ef-500x333.jpg 500w, https:\/\/www.eqqus.ee\/wp-content\/uploads\/2021\/05\/nightsearcher-tower-pro-2k-2000-lumen-powerful-led-work-light-8e5ef-64x43.jpg 64w\" sizes=\"(max-width: 300px) 100vw, 300px\" \/><img decoding=\"async\" class=\"alignnone size-medium wp-image-243380\" src=\"https:\/\/www.eqqus.ee\/wp-content\/uploads\/2021\/05\/nightsearcher-tower-pro-2k-portable-floodlight-8275f.jpg\" alt=\"\" width=\"300\" height=\"200\" srcset=\"https:\/\/www.eqqus.ee\/wp-content\/uploads\/2021\/05\/nightsearcher-tower-pro-2k-portable-floodlight-8275f.jpg 1200w, https:\/\/www.eqqus.ee\/wp-content\/uploads\/2021\/05\/nightsearcher-tower-pro-2k-portable-floodlight-8275f-250x167.jpg 250w, https:\/\/www.eqqus.ee\/wp-content\/uploads\/2021\/05\/nightsearcher-tower-pro-2k-portable-floodlight-8275f-500x333.jpg 500w, https:\/\/www.eqqus.ee\/wp-content\/uploads\/2021\/05\/nightsearcher-tower-pro-2k-portable-floodlight-8275f-64x43.jpg 64w\" sizes=\"(max-width: 300px) 100vw, 300px\" \/> \u00a0<\/p>\n<p>&nbsp;<\/p>\n<h4>Solaris Pro Rechargeable Lighting System<\/h4>\n<p>High power LEDs, 16,000 lumens \/ 500m beam <br \/>Up to 48 hours <br \/>&#8211; low battery indicator <br \/>&#8211; Spot Beam for long distance and to illuminate the Wide Beam area <br \/>&#8211; Lightweight, portable, quick to set up. <br \/>&#8211; The extension rod reaches 1.85 meters with the built-in cable. <br \/>&#8211; Built-in stability feet for use on uneven ground <br \/>&#8211; All in one (light, battery and 1.85 m extension rod) light (7-8.5 kg) and compact design<\/p>\n<p>2 battery options available according to light \/ operating requirements<br \/>Solaris Pro (18Ah lithium ion) and Solaris Pro-X (36Ah lithium ion). <img decoding=\"async\" class=\"alignnone size-medium wp-image-243382\" src=\"https:\/\/www.eqqus.ee\/wp-content\/uploads\/2021\/05\/solaris-pro_bb-74385.jpg\" alt=\"\" width=\"300\" height=\"200\" srcset=\"https:\/\/www.eqqus.ee\/wp-content\/uploads\/2021\/05\/solaris-pro_bb-74385.jpg 1200w, https:\/\/www.eqqus.ee\/wp-content\/uploads\/2021\/05\/solaris-pro_bb-74385-250x167.jpg 250w, https:\/\/www.eqqus.ee\/wp-content\/uploads\/2021\/05\/solaris-pro_bb-74385-500x333.jpg 500w, https:\/\/www.eqqus.ee\/wp-content\/uploads\/2021\/05\/solaris-pro_bb-74385-64x43.jpg 64w\" sizes=\"(max-width: 300px) 100vw, 300px\" \/><img decoding=\"async\" class=\"alignnone size-medium wp-image-243372\" src=\"https:\/\/www.eqqus.ee\/wp-content\/uploads\/2021\/05\/solaris-pro_1-28519.jpg\" alt=\"\" width=\"300\" height=\"200\" srcset=\"https:\/\/www.eqqus.ee\/wp-content\/uploads\/2021\/05\/solaris-pro_1-28519.jpg 1200w, https:\/\/www.eqqus.ee\/wp-content\/uploads\/2021\/05\/solaris-pro_1-28519-250x167.jpg 250w, https:\/\/www.eqqus.ee\/wp-content\/uploads\/2021\/05\/solaris-pro_1-28519-500x333.jpg 500w, https:\/\/www.eqqus.ee\/wp-content\/uploads\/2021\/05\/solaris-pro_1-28519-64x43.jpg 64w\" sizes=\"(max-width: 300px) 100vw, 300px\" \/><img decoding=\"async\" class=\"alignnone size-medium wp-image-243384\" src=\"https:\/\/www.eqqus.ee\/wp-content\/uploads\/2021\/05\/solaris-pro-road4-6076b.jpg\" alt=\"\" width=\"300\" height=\"200\" srcset=\"https:\/\/www.eqqus.ee\/wp-content\/uploads\/2021\/05\/solaris-pro-road4-6076b.jpg 1200w, https:\/\/www.eqqus.ee\/wp-content\/uploads\/2021\/05\/solaris-pro-road4-6076b-250x167.jpg 250w, https:\/\/www.eqqus.ee\/wp-content\/uploads\/2021\/05\/solaris-pro-road4-6076b-500x333.jpg 500w, https:\/\/www.eqqus.ee\/wp-content\/uploads\/2021\/05\/solaris-pro-road4-6076b-64x43.jpg 64w\" sizes=\"(max-width: 300px) 100vw, 300px\" \/> \u00a0<\/p>\n<p>&nbsp;<\/p>\n\n<div class=\"wpcf7 no-js\" id=\"wpcf7-f243598-o1\" lang=\"et\" dir=\"ltr\" data-wpcf7-id=\"243598\">\n<div class=\"screen-reader-response\"><p role=\"status\" aria-live=\"polite\" aria-atomic=\"true\"><\/p> <ul><\/ul><\/div>\n<form action=\"\/en\/wp-json\/wp\/v2\/product\/246013#wpcf7-f243598-o1\" method=\"post\" class=\"wpcf7-form init\" aria-label=\"Contact form\" novalidate=\"novalidate\" data-status=\"init\">\n<div style=\"display: none;\">\n<input type=\"hidden\" name=\"_wpcf7\" value=\"243598\" \/>\n<input type=\"hidden\" name=\"_wpcf7_version\" value=\"6.0.5\" \/>\n<input type=\"hidden\" name=\"_wpcf7_locale\" value=\"et\" \/>\n<input type=\"hidden\" name=\"_wpcf7_unit_tag\" value=\"wpcf7-f243598-o1\" \/>\n<input type=\"hidden\" name=\"_wpcf7_container_post\" value=\"0\" \/>\n<input type=\"hidden\" name=\"_wpcf7_posted_data_hash\" value=\"\" \/>\n<input type=\"hidden\" name=\"_wpcf7_recaptcha_response\" value=\"\" \/>\n<\/div>\n<p><label> Your name<br \/>\n<span class=\"wpcf7-form-control-wrap\" data-name=\"your-name\"><input size=\"40\" maxlength=\"400\" class=\"wpcf7-form-control wpcf7-text wpcf7-validates-as-required\" aria-required=\"true\" aria-invalid=\"false\" value=\"\" type=\"text\" name=\"your-name\" \/><\/span> <\/label>\n<\/p>\n<p><label> Your email<br \/>\n<span class=\"wpcf7-form-control-wrap\" data-name=\"your-email\"><input size=\"40\" maxlength=\"400\" class=\"wpcf7-form-control wpcf7-email wpcf7-validates-as-required wpcf7-text wpcf7-validates-as-email\" aria-required=\"true\" aria-invalid=\"false\" value=\"\" type=\"email\" name=\"your-email\" \/><\/span> <\/label>\n<\/p>\n<p><label> Brand\/Product you are interested in<br \/>\n<span class=\"wpcf7-form-control-wrap\" data-name=\"your-subject\"><input size=\"40\" maxlength=\"400\" class=\"wpcf7-form-control wpcf7-text wpcf7-validates-as-required\" aria-required=\"true\" aria-invalid=\"false\" value=\"\" type=\"text\" name=\"your-subject\" \/><\/span> <\/label>\n<\/p>\n<p><label> Questions about product<br \/>\n<span class=\"wpcf7-form-control-wrap\" data-name=\"your-message\"><textarea cols=\"40\" rows=\"10\" maxlength=\"2000\" class=\"wpcf7-form-control wpcf7-textarea wpcf7-validates-as-required\" aria-required=\"true\" aria-invalid=\"false\" name=\"your-message\"><\/textarea><\/span> <\/label>\n<\/p>\n<p><input class=\"wpcf7-form-control wpcf7-submit has-spinner\" type=\"submit\" value=\"Send request\" \/>\n<\/p><div class=\"wpcf7-response-output\" aria-hidden=\"true\"><\/div>\n<\/form>\n<\/div>\n\n","protected":false},"excerpt":{"rendered":"<p>NIGHTSEARCHER produces high-quality, innovative and durable light sources for every customer&#8217;s changing needs. Our in-house product development department can create the right product for every situation. NightSearcher has been designing and producing portable rechargeable lighting solutions since 1989. Initially, these products were only delivered to industrial markets, where NightSearcher still has a reputation for very [&hellip;]<\/p>\n","protected":false},"featured_media":246144,"template":"","meta":{"_et_pb_use_builder":"","_et_pb_old_content":"","_et_gb_content_width":""},"product_brand":[],"product_cat":[748,202],"product_tag":[584],"class_list":{"0":"post-246013","1":"product","2":"type-product","3":"status-publish","4":"has-post-thumbnail","6":"product_cat-personal-en","7":"product_cat-lighting","8":"product_tag-nightsearcher-en","10":"first","11":"instock","12":"shipping-taxable","13":"product-type-simple"},"yoast_head":"<!-- This site is optimized with the Yoast SEO plugin v24.7 - https:\/\/yoast.com\/wordpress\/plugins\/seo\/ -->\n<title>Nightsearcher | Products - Eqqus<\/title>\n<meta name=\"description\" content=\"NIGHTSEARCHER produces high-quality, innovative and durable light sources for every customer&#039;s changing needs. Lighting solutions since 1989.\" \/>\n<meta name=\"robots\" content=\"index, follow, max-snippet:-1, max-image-preview:large, max-video-preview:-1\" \/>\n<link rel=\"canonical\" href=\"https:\/\/www.eqqus.ee\/en\/product\/lighting\/personal-en\/nightsearcher\/\" \/>\n<meta property=\"og:locale\" content=\"en_US\" \/>\n<meta property=\"og:type\" content=\"article\" \/>\n<meta property=\"og:title\" content=\"Nightsearcher | Products - Eqqus\" \/>\n<meta property=\"og:description\" content=\"NIGHTSEARCHER produces high-quality, innovative and durable light sources for every customer&#039;s changing needs. Lighting solutions since 1989.\" \/>\n<meta property=\"og:url\" content=\"https:\/\/www.eqqus.ee\/en\/product\/lighting\/personal-en\/nightsearcher\/\" \/>\n<meta property=\"og:site_name\" content=\"eqqus Ltd O\u00dc\" \/>\n<meta property=\"article:publisher\" content=\"https:\/\/www.facebook.com\/eqqusLtd\" \/>\n<meta property=\"article:modified_time\" content=\"2024-01-04T12:13:33+00:00\" \/>\n<meta property=\"og:image\" content=\"https:\/\/www.eqqus.ee\/wp-content\/uploads\/2023\/06\/NIGHTSEARCHER-EQQU.png\" \/>\n\t<meta property=\"og:image:width\" content=\"400\" \/>\n\t<meta property=\"og:image:height\" content=\"210\" \/>\n\t<meta property=\"og:image:type\" content=\"image\/png\" \/>\n<meta name=\"twitter:card\" content=\"summary_large_image\" \/>\n<meta name=\"twitter:label1\" content=\"Est. reading time\" \/>\n\t<meta name=\"twitter:data1\" content=\"5 minutes\" \/>\n<script type=\"application\/ld+json\" class=\"yoast-schema-graph\">{\"@context\":\"https:\/\/schema.org\",\"@graph\":[{\"@type\":\"WebPage\",\"@id\":\"https:\/\/www.eqqus.ee\/en\/product\/lighting\/personal-en\/nightsearcher\/\",\"url\":\"https:\/\/www.eqqus.ee\/en\/product\/lighting\/personal-en\/nightsearcher\/\",\"name\":\"Nightsearcher | Products - Eqqus\",\"isPartOf\":{\"@id\":\"https:\/\/www.eqqus.ee\/en\/#website\"},\"primaryImageOfPage\":{\"@id\":\"https:\/\/www.eqqus.ee\/en\/product\/lighting\/personal-en\/nightsearcher\/#primaryimage\"},\"image\":{\"@id\":\"https:\/\/www.eqqus.ee\/en\/product\/lighting\/personal-en\/nightsearcher\/#primaryimage\"},\"thumbnailUrl\":\"https:\/\/www.eqqus.ee\/wp-content\/uploads\/2023\/06\/NIGHTSEARCHER-EQQU.png\",\"datePublished\":\"2023-06-14T08:02:04+00:00\",\"dateModified\":\"2024-01-04T12:13:33+00:00\",\"description\":\"NIGHTSEARCHER produces high-quality, innovative and durable light sources for every customer's changing needs. Lighting solutions since 1989.\",\"breadcrumb\":{\"@id\":\"https:\/\/www.eqqus.ee\/en\/product\/lighting\/personal-en\/nightsearcher\/#breadcrumb\"},\"inLanguage\":\"en-US\",\"potentialAction\":[{\"@type\":\"ReadAction\",\"target\":[\"https:\/\/www.eqqus.ee\/en\/product\/lighting\/personal-en\/nightsearcher\/\"]}]},{\"@type\":\"ImageObject\",\"inLanguage\":\"en-US\",\"@id\":\"https:\/\/www.eqqus.ee\/en\/product\/lighting\/personal-en\/nightsearcher\/#primaryimage\",\"url\":\"https:\/\/www.eqqus.ee\/wp-content\/uploads\/2023\/06\/NIGHTSEARCHER-EQQU.png\",\"contentUrl\":\"https:\/\/www.eqqus.ee\/wp-content\/uploads\/2023\/06\/NIGHTSEARCHER-EQQU.png\",\"width\":400,\"height\":210,\"caption\":\"s\u00f5jatehnika ja kaitsevarustuse m\u00fc\u00fck eqqus\"},{\"@type\":\"BreadcrumbList\",\"@id\":\"https:\/\/www.eqqus.ee\/en\/product\/lighting\/personal-en\/nightsearcher\/#breadcrumb\",\"itemListElement\":[{\"@type\":\"ListItem\",\"position\":1,\"name\":\"Esileht\",\"item\":\"https:\/\/www.eqqus.ee\/en\/\"},{\"@type\":\"ListItem\",\"position\":2,\"name\":\"Product Filter\",\"item\":\"https:\/\/www.eqqus.ee\/toodete-filter\/\"},{\"@type\":\"ListItem\",\"position\":3,\"name\":\"Nightsearcher\"}]},{\"@type\":\"WebSite\",\"@id\":\"https:\/\/www.eqqus.ee\/en\/#website\",\"url\":\"https:\/\/www.eqqus.ee\/en\/\",\"name\":\"eqqus Ltd O\u00dc\",\"description\":\"Kaitsevahendid\",\"publisher\":{\"@id\":\"https:\/\/www.eqqus.ee\/en\/#organization\"},\"potentialAction\":[{\"@type\":\"SearchAction\",\"target\":{\"@type\":\"EntryPoint\",\"urlTemplate\":\"https:\/\/www.eqqus.ee\/en\/?s={search_term_string}\"},\"query-input\":{\"@type\":\"PropertyValueSpecification\",\"valueRequired\":true,\"valueName\":\"search_term_string\"}}],\"inLanguage\":\"en-US\"},{\"@type\":\"Organization\",\"@id\":\"https:\/\/www.eqqus.ee\/en\/#organization\",\"name\":\"eqqus Ltd O\u00dc\",\"url\":\"https:\/\/www.eqqus.ee\/en\/\",\"logo\":{\"@type\":\"ImageObject\",\"inLanguage\":\"en-US\",\"@id\":\"https:\/\/www.eqqus.ee\/en\/#\/schema\/logo\/image\/\",\"url\":\"https:\/\/www.eqqus.ee\/wp-content\/uploads\/2023\/06\/eqqus.ee-logo.png\",\"contentUrl\":\"https:\/\/www.eqqus.ee\/wp-content\/uploads\/2023\/06\/eqqus.ee-logo.png\",\"width\":627,\"height\":146,\"caption\":\"eqqus Ltd O\u00dc\"},\"image\":{\"@id\":\"https:\/\/www.eqqus.ee\/en\/#\/schema\/logo\/image\/\"},\"sameAs\":[\"https:\/\/www.facebook.com\/eqqusLtd\"]}]}<\/script>\n<!-- \/ Yoast SEO plugin. -->","yoast_head_json":{"title":"Nightsearcher | Products - Eqqus","description":"NIGHTSEARCHER produces high-quality, innovative and durable light sources for every customer's changing needs. Lighting solutions since 1989.","robots":{"index":"index","follow":"follow","max-snippet":"max-snippet:-1","max-image-preview":"max-image-preview:large","max-video-preview":"max-video-preview:-1"},"canonical":"https:\/\/www.eqqus.ee\/en\/product\/lighting\/personal-en\/nightsearcher\/","og_locale":"en_US","og_type":"article","og_title":"Nightsearcher | Products - Eqqus","og_description":"NIGHTSEARCHER produces high-quality, innovative and durable light sources for every customer's changing needs. Lighting solutions since 1989.","og_url":"https:\/\/www.eqqus.ee\/en\/product\/lighting\/personal-en\/nightsearcher\/","og_site_name":"eqqus Ltd O\u00dc","article_publisher":"https:\/\/www.facebook.com\/eqqusLtd","article_modified_time":"2024-01-04T12:13:33+00:00","og_image":[{"width":400,"height":210,"url":"https:\/\/www.eqqus.ee\/wp-content\/uploads\/2023\/06\/NIGHTSEARCHER-EQQU.png","type":"image\/png"}],"twitter_card":"summary_large_image","twitter_misc":{"Est. reading time":"5 minutes"},"schema":{"@context":"https:\/\/schema.org","@graph":[{"@type":"WebPage","@id":"https:\/\/www.eqqus.ee\/en\/product\/lighting\/personal-en\/nightsearcher\/","url":"https:\/\/www.eqqus.ee\/en\/product\/lighting\/personal-en\/nightsearcher\/","name":"Nightsearcher | Products - Eqqus","isPartOf":{"@id":"https:\/\/www.eqqus.ee\/en\/#website"},"primaryImageOfPage":{"@id":"https:\/\/www.eqqus.ee\/en\/product\/lighting\/personal-en\/nightsearcher\/#primaryimage"},"image":{"@id":"https:\/\/www.eqqus.ee\/en\/product\/lighting\/personal-en\/nightsearcher\/#primaryimage"},"thumbnailUrl":"https:\/\/www.eqqus.ee\/wp-content\/uploads\/2023\/06\/NIGHTSEARCHER-EQQU.png","datePublished":"2023-06-14T08:02:04+00:00","dateModified":"2024-01-04T12:13:33+00:00","description":"NIGHTSEARCHER produces high-quality, innovative and durable light sources for every customer's changing needs. Lighting solutions since 1989.","breadcrumb":{"@id":"https:\/\/www.eqqus.ee\/en\/product\/lighting\/personal-en\/nightsearcher\/#breadcrumb"},"inLanguage":"en-US","potentialAction":[{"@type":"ReadAction","target":["https:\/\/www.eqqus.ee\/en\/product\/lighting\/personal-en\/nightsearcher\/"]}]},{"@type":"ImageObject","inLanguage":"en-US","@id":"https:\/\/www.eqqus.ee\/en\/product\/lighting\/personal-en\/nightsearcher\/#primaryimage","url":"https:\/\/www.eqqus.ee\/wp-content\/uploads\/2023\/06\/NIGHTSEARCHER-EQQU.png","contentUrl":"https:\/\/www.eqqus.ee\/wp-content\/uploads\/2023\/06\/NIGHTSEARCHER-EQQU.png","width":400,"height":210,"caption":"s\u00f5jatehnika ja kaitsevarustuse m\u00fc\u00fck eqqus"},{"@type":"BreadcrumbList","@id":"https:\/\/www.eqqus.ee\/en\/product\/lighting\/personal-en\/nightsearcher\/#breadcrumb","itemListElement":[{"@type":"ListItem","position":1,"name":"Esileht","item":"https:\/\/www.eqqus.ee\/en\/"},{"@type":"ListItem","position":2,"name":"Product Filter","item":"https:\/\/www.eqqus.ee\/toodete-filter\/"},{"@type":"ListItem","position":3,"name":"Nightsearcher"}]},{"@type":"WebSite","@id":"https:\/\/www.eqqus.ee\/en\/#website","url":"https:\/\/www.eqqus.ee\/en\/","name":"eqqus Ltd O\u00dc","description":"Kaitsevahendid","publisher":{"@id":"https:\/\/www.eqqus.ee\/en\/#organization"},"potentialAction":[{"@type":"SearchAction","target":{"@type":"EntryPoint","urlTemplate":"https:\/\/www.eqqus.ee\/en\/?s={search_term_string}"},"query-input":{"@type":"PropertyValueSpecification","valueRequired":true,"valueName":"search_term_string"}}],"inLanguage":"en-US"},{"@type":"Organization","@id":"https:\/\/www.eqqus.ee\/en\/#organization","name":"eqqus Ltd O\u00dc","url":"https:\/\/www.eqqus.ee\/en\/","logo":{"@type":"ImageObject","inLanguage":"en-US","@id":"https:\/\/www.eqqus.ee\/en\/#\/schema\/logo\/image\/","url":"https:\/\/www.eqqus.ee\/wp-content\/uploads\/2023\/06\/eqqus.ee-logo.png","contentUrl":"https:\/\/www.eqqus.ee\/wp-content\/uploads\/2023\/06\/eqqus.ee-logo.png","width":627,"height":146,"caption":"eqqus Ltd O\u00dc"},"image":{"@id":"https:\/\/www.eqqus.ee\/en\/#\/schema\/logo\/image\/"},"sameAs":["https:\/\/www.facebook.com\/eqqusLtd"]}]}},"_links":{"self":[{"href":"https:\/\/www.eqqus.ee\/en\/wp-json\/wp\/v2\/product\/246013","targetHints":{"allow":["GET"]}}],"collection":[{"href":"https:\/\/www.eqqus.ee\/en\/wp-json\/wp\/v2\/product"}],"about":[{"href":"https:\/\/www.eqqus.ee\/en\/wp-json\/wp\/v2\/types\/product"}],"wp:featuredmedia":[{"embeddable":true,"href":"https:\/\/www.eqqus.ee\/en\/wp-json\/wp\/v2\/media\/246144"}],"wp:attachment":[{"href":"https:\/\/www.eqqus.ee\/en\/wp-json\/wp\/v2\/media?parent=246013"}],"wp:term":[{"taxonomy":"product_brand","embeddable":true,"href":"https:\/\/www.eqqus.ee\/en\/wp-json\/wp\/v2\/product_brand?post=246013"},{"taxonomy":"product_cat","embeddable":true,"href":"https:\/\/www.eqqus.ee\/en\/wp-json\/wp\/v2\/product_cat?post=246013"},{"taxonomy":"product_tag","embeddable":true,"href":"https:\/\/www.eqqus.ee\/en\/wp-json\/wp\/v2\/product_tag?post=246013"}],"curies":[{"name":"wp","href":"https:\/\/api.w.org\/{rel}","templated":true}]}}