{"id":246010,"date":"2023-06-14T10:59:30","date_gmt":"2023-06-14T07:59:30","guid":{"rendered":"https:\/\/www.eqqus.ee\/toode\/uncategorized\/primetake\/"},"modified":"2023-11-27T10:21:48","modified_gmt":"2023-11-27T08:21:48","slug":"primetake","status":"publish","type":"product","link":"https:\/\/www.eqqus.ee\/en\/product\/pyrotechnics\/ammunition\/primetake\/","title":{"rendered":"Primetake"},"content":{"rendered":"<p><img decoding=\"async\" class=\"alignnone wp-image-243344\" src=\"https:\/\/www.eqqus.ee\/wp-content\/uploads\/2021\/05\/5b4baa6918d44.jpg\" alt=\"\" width=\"463\" height=\"301\" srcset=\"https:\/\/www.eqqus.ee\/wp-content\/uploads\/2021\/05\/5b4baa6918d44.jpg 1000w, https:\/\/www.eqqus.ee\/wp-content\/uploads\/2021\/05\/5b4baa6918d44-250x163.jpg 250w, https:\/\/www.eqqus.ee\/wp-content\/uploads\/2021\/05\/5b4baa6918d44-500x326.jpg 500w, https:\/\/www.eqqus.ee\/wp-content\/uploads\/2021\/05\/5b4baa6918d44-64x42.jpg 64w\" sizes=\"(max-width: 463px) 100vw, 463px\" \/><\/p>\n<p><a href=\"https:\/\/www.primetake.com\/\" target=\"_blank\" rel=\"noopener\">Founded in the United Kingdom in 1991 to manufacture bird-scaring cartridges, Primetake now manufactures specialist ammunition, gun cartridges, explosives and public order equipment..<\/a><\/p>\n<p>Building on the groundbreaking work of its in-house R&amp;D team, expand into the field of ammunition by developing an innovative range of tactical 12-gauge cartridges that can be used in the defense, security, military and counter-terrorism sectors. The subsequent move to a new, specially built facility meant that the range of products increased even more.<\/p>\n<p>It is now a leading supplier of festive salute cartridges, pyrotechnics \/ energy, EOD cartridges, sniper, smoke and distraction, signal technology and counter-terrorism ammunition. In addition to exceptional accuracy and reliability, Primetake is distinguished from its competitors by the expertise of our R&amp;D team in customizing and adapting the product to the required application (e.g., matching ammunition to specific weapon systems).<\/p>\n<p>&nbsp;<\/p>\n<h4>Quality and reliability<\/h4>\n<p>The core values \u200b\u200bare reliability, accuracy, safety and application knowledge. This strict ethos supports their close relationships with elite user groups around the world. Primetake is accredited with ISO 9001: 2015 (also with ISO 14001: 2015 and ISO 45001: 2018) and typically achieves zero non-compliances in its annual audits. In addition to state-of-the-art automation equipment, our production staff uses precise manual processes. Primetake has been developed by their in-house R&amp;D specialists and all products are thoroughly tested to ensure they meet strict quality standards and specifications.<\/p>\n<h4><\/h4>\n<h4>Primetake Assortment:<\/h4>\n<p>+ Tactical 12 Gauge Shells<br \/>\n+ Pyrotechnics, smoke and distraction<br \/>\n+ Festive salute cartridges<br \/>\n+ Intimidation of birds and protection against wild animals<br \/>\n+ Omega sniper ammunition<br \/>\n+ Ammunition for professionals<br \/>\n+ Destruction and demolition of explosives<br \/>\n+ Public maintenance accessories<br \/>\n+ Counter Drone technology<\/p>\n<p>&nbsp;<\/p>\n\n<div class=\"wpcf7 no-js\" id=\"wpcf7-f243598-o1\" lang=\"et\" dir=\"ltr\" data-wpcf7-id=\"243598\">\n<div class=\"screen-reader-response\"><p role=\"status\" aria-live=\"polite\" aria-atomic=\"true\"><\/p> <ul><\/ul><\/div>\n<form action=\"\/en\/wp-json\/wp\/v2\/product\/246010#wpcf7-f243598-o1\" method=\"post\" class=\"wpcf7-form init\" aria-label=\"Contact form\" novalidate=\"novalidate\" data-status=\"init\">\n<div style=\"display: none;\">\n<input type=\"hidden\" name=\"_wpcf7\" value=\"243598\" \/>\n<input type=\"hidden\" name=\"_wpcf7_version\" value=\"6.0.5\" \/>\n<input type=\"hidden\" name=\"_wpcf7_locale\" value=\"et\" \/>\n<input type=\"hidden\" name=\"_wpcf7_unit_tag\" value=\"wpcf7-f243598-o1\" \/>\n<input type=\"hidden\" name=\"_wpcf7_container_post\" value=\"0\" \/>\n<input type=\"hidden\" name=\"_wpcf7_posted_data_hash\" value=\"\" \/>\n<input type=\"hidden\" name=\"_wpcf7_recaptcha_response\" value=\"\" \/>\n<\/div>\n<p><label> Your name<br \/>\n<span class=\"wpcf7-form-control-wrap\" data-name=\"your-name\"><input size=\"40\" maxlength=\"400\" class=\"wpcf7-form-control wpcf7-text wpcf7-validates-as-required\" aria-required=\"true\" aria-invalid=\"false\" value=\"\" type=\"text\" name=\"your-name\" \/><\/span> <\/label>\n<\/p>\n<p><label> Your email<br \/>\n<span class=\"wpcf7-form-control-wrap\" data-name=\"your-email\"><input size=\"40\" maxlength=\"400\" class=\"wpcf7-form-control wpcf7-email wpcf7-validates-as-required wpcf7-text wpcf7-validates-as-email\" aria-required=\"true\" aria-invalid=\"false\" value=\"\" type=\"email\" name=\"your-email\" \/><\/span> <\/label>\n<\/p>\n<p><label> Brand\/Product you are interested in<br \/>\n<span class=\"wpcf7-form-control-wrap\" data-name=\"your-subject\"><input size=\"40\" maxlength=\"400\" class=\"wpcf7-form-control wpcf7-text wpcf7-validates-as-required\" aria-required=\"true\" aria-invalid=\"false\" value=\"\" type=\"text\" name=\"your-subject\" \/><\/span> <\/label>\n<\/p>\n<p><label> Questions about product<br \/>\n<span class=\"wpcf7-form-control-wrap\" data-name=\"your-message\"><textarea cols=\"40\" rows=\"10\" maxlength=\"2000\" class=\"wpcf7-form-control wpcf7-textarea wpcf7-validates-as-required\" aria-required=\"true\" aria-invalid=\"false\" name=\"your-message\"><\/textarea><\/span> <\/label>\n<\/p>\n<p><input class=\"wpcf7-form-control wpcf7-submit has-spinner\" type=\"submit\" value=\"Send request\" \/>\n<\/p><div class=\"wpcf7-response-output\" aria-hidden=\"true\"><\/div>\n<\/form>\n<\/div>\n\n","protected":false},"excerpt":{"rendered":"<p>Founded in the United Kingdom in 1991 to manufacture bird-scaring cartridges, Primetake now manufactures specialist ammunition, gun cartridges, explosives and public order equipment.. Building on the groundbreaking work of its in-house R&amp;D team, expand into the field of ammunition by developing an innovative range of tactical 12-gauge cartridges that can be used in the defense, [&hellip;]<\/p>\n","protected":false},"featured_media":246150,"template":"","meta":{"_et_pb_use_builder":"","_et_pb_old_content":"","_et_gb_content_width":""},"product_brand":[],"product_cat":[727,214],"product_tag":[581],"class_list":{"0":"post-246010","1":"product","2":"type-product","3":"status-publish","4":"has-post-thumbnail","6":"product_cat-ammunition","7":"product_cat-pyrotechnics","8":"product_tag-primetake-en","10":"first","11":"instock","12":"shipping-taxable","13":"product-type-simple"},"yoast_head":"<!-- This site is optimized with the Yoast SEO plugin v24.7 - https:\/\/yoast.com\/wordpress\/plugins\/seo\/ -->\n<title>Primetake | Products - Eqqus<\/title>\n<meta name=\"description\" content=\"Primetake: Bird-scaring cartridges, Primetake now manufactures specialist ammunition, gun cartridges, explosives and public order equipment.\" \/>\n<meta name=\"robots\" content=\"index, follow, max-snippet:-1, max-image-preview:large, max-video-preview:-1\" \/>\n<link rel=\"canonical\" href=\"https:\/\/www.eqqus.ee\/en\/product\/pyrotechnics\/ammunition\/primetake\/\" \/>\n<meta property=\"og:locale\" content=\"en_US\" \/>\n<meta property=\"og:type\" content=\"article\" \/>\n<meta property=\"og:title\" content=\"Primetake | Products - Eqqus\" \/>\n<meta property=\"og:description\" content=\"Primetake: Bird-scaring cartridges, Primetake now manufactures specialist ammunition, gun cartridges, explosives and public order equipment.\" \/>\n<meta property=\"og:url\" content=\"https:\/\/www.eqqus.ee\/en\/product\/pyrotechnics\/ammunition\/primetake\/\" \/>\n<meta property=\"og:site_name\" content=\"eqqus Ltd O\u00dc\" \/>\n<meta property=\"article:publisher\" content=\"https:\/\/www.facebook.com\/eqqusLtd\" \/>\n<meta property=\"article:modified_time\" content=\"2023-11-27T08:21:48+00:00\" \/>\n<meta property=\"og:image\" content=\"https:\/\/www.eqqus.ee\/wp-content\/uploads\/2023\/06\/PRIMETAKE-EQQU.png\" \/>\n\t<meta property=\"og:image:width\" content=\"400\" \/>\n\t<meta property=\"og:image:height\" content=\"210\" \/>\n\t<meta property=\"og:image:type\" content=\"image\/png\" \/>\n<meta name=\"twitter:card\" content=\"summary_large_image\" \/>\n<meta name=\"twitter:label1\" content=\"Est. reading time\" \/>\n\t<meta name=\"twitter:data1\" content=\"2 minutes\" \/>\n<script type=\"application\/ld+json\" class=\"yoast-schema-graph\">{\"@context\":\"https:\/\/schema.org\",\"@graph\":[{\"@type\":\"WebPage\",\"@id\":\"https:\/\/www.eqqus.ee\/en\/product\/pyrotechnics\/ammunition\/primetake\/\",\"url\":\"https:\/\/www.eqqus.ee\/en\/product\/pyrotechnics\/ammunition\/primetake\/\",\"name\":\"Primetake | Products - Eqqus\",\"isPartOf\":{\"@id\":\"https:\/\/www.eqqus.ee\/en\/#website\"},\"primaryImageOfPage\":{\"@id\":\"https:\/\/www.eqqus.ee\/en\/product\/pyrotechnics\/ammunition\/primetake\/#primaryimage\"},\"image\":{\"@id\":\"https:\/\/www.eqqus.ee\/en\/product\/pyrotechnics\/ammunition\/primetake\/#primaryimage\"},\"thumbnailUrl\":\"https:\/\/www.eqqus.ee\/wp-content\/uploads\/2023\/06\/PRIMETAKE-EQQU.png\",\"datePublished\":\"2023-06-14T07:59:30+00:00\",\"dateModified\":\"2023-11-27T08:21:48+00:00\",\"description\":\"Primetake: Bird-scaring cartridges, Primetake now manufactures specialist ammunition, gun cartridges, explosives and public order equipment.\",\"breadcrumb\":{\"@id\":\"https:\/\/www.eqqus.ee\/en\/product\/pyrotechnics\/ammunition\/primetake\/#breadcrumb\"},\"inLanguage\":\"en-US\",\"potentialAction\":[{\"@type\":\"ReadAction\",\"target\":[\"https:\/\/www.eqqus.ee\/en\/product\/pyrotechnics\/ammunition\/primetake\/\"]}]},{\"@type\":\"ImageObject\",\"inLanguage\":\"en-US\",\"@id\":\"https:\/\/www.eqqus.ee\/en\/product\/pyrotechnics\/ammunition\/primetake\/#primaryimage\",\"url\":\"https:\/\/www.eqqus.ee\/wp-content\/uploads\/2023\/06\/PRIMETAKE-EQQU.png\",\"contentUrl\":\"https:\/\/www.eqqus.ee\/wp-content\/uploads\/2023\/06\/PRIMETAKE-EQQU.png\",\"width\":400,\"height\":210,\"caption\":\"s\u00f5jatehnika ja kaitsevarustuse m\u00fc\u00fck eqqus\"},{\"@type\":\"BreadcrumbList\",\"@id\":\"https:\/\/www.eqqus.ee\/en\/product\/pyrotechnics\/ammunition\/primetake\/#breadcrumb\",\"itemListElement\":[{\"@type\":\"ListItem\",\"position\":1,\"name\":\"Esileht\",\"item\":\"https:\/\/www.eqqus.ee\/en\/\"},{\"@type\":\"ListItem\",\"position\":2,\"name\":\"Product Filter\",\"item\":\"https:\/\/www.eqqus.ee\/toodete-filter\/\"},{\"@type\":\"ListItem\",\"position\":3,\"name\":\"Primetake\"}]},{\"@type\":\"WebSite\",\"@id\":\"https:\/\/www.eqqus.ee\/en\/#website\",\"url\":\"https:\/\/www.eqqus.ee\/en\/\",\"name\":\"eqqus Ltd O\u00dc\",\"description\":\"Kaitsevahendid\",\"publisher\":{\"@id\":\"https:\/\/www.eqqus.ee\/en\/#organization\"},\"potentialAction\":[{\"@type\":\"SearchAction\",\"target\":{\"@type\":\"EntryPoint\",\"urlTemplate\":\"https:\/\/www.eqqus.ee\/en\/?s={search_term_string}\"},\"query-input\":{\"@type\":\"PropertyValueSpecification\",\"valueRequired\":true,\"valueName\":\"search_term_string\"}}],\"inLanguage\":\"en-US\"},{\"@type\":\"Organization\",\"@id\":\"https:\/\/www.eqqus.ee\/en\/#organization\",\"name\":\"eqqus Ltd O\u00dc\",\"url\":\"https:\/\/www.eqqus.ee\/en\/\",\"logo\":{\"@type\":\"ImageObject\",\"inLanguage\":\"en-US\",\"@id\":\"https:\/\/www.eqqus.ee\/en\/#\/schema\/logo\/image\/\",\"url\":\"https:\/\/www.eqqus.ee\/wp-content\/uploads\/2023\/06\/eqqus.ee-logo.png\",\"contentUrl\":\"https:\/\/www.eqqus.ee\/wp-content\/uploads\/2023\/06\/eqqus.ee-logo.png\",\"width\":627,\"height\":146,\"caption\":\"eqqus Ltd O\u00dc\"},\"image\":{\"@id\":\"https:\/\/www.eqqus.ee\/en\/#\/schema\/logo\/image\/\"},\"sameAs\":[\"https:\/\/www.facebook.com\/eqqusLtd\"]}]}<\/script>\n<!-- \/ Yoast SEO plugin. -->","yoast_head_json":{"title":"Primetake | Products - Eqqus","description":"Primetake: Bird-scaring cartridges, Primetake now manufactures specialist ammunition, gun cartridges, explosives and public order equipment.","robots":{"index":"index","follow":"follow","max-snippet":"max-snippet:-1","max-image-preview":"max-image-preview:large","max-video-preview":"max-video-preview:-1"},"canonical":"https:\/\/www.eqqus.ee\/en\/product\/pyrotechnics\/ammunition\/primetake\/","og_locale":"en_US","og_type":"article","og_title":"Primetake | Products - Eqqus","og_description":"Primetake: Bird-scaring cartridges, Primetake now manufactures specialist ammunition, gun cartridges, explosives and public order equipment.","og_url":"https:\/\/www.eqqus.ee\/en\/product\/pyrotechnics\/ammunition\/primetake\/","og_site_name":"eqqus Ltd O\u00dc","article_publisher":"https:\/\/www.facebook.com\/eqqusLtd","article_modified_time":"2023-11-27T08:21:48+00:00","og_image":[{"width":400,"height":210,"url":"https:\/\/www.eqqus.ee\/wp-content\/uploads\/2023\/06\/PRIMETAKE-EQQU.png","type":"image\/png"}],"twitter_card":"summary_large_image","twitter_misc":{"Est. reading time":"2 minutes"},"schema":{"@context":"https:\/\/schema.org","@graph":[{"@type":"WebPage","@id":"https:\/\/www.eqqus.ee\/en\/product\/pyrotechnics\/ammunition\/primetake\/","url":"https:\/\/www.eqqus.ee\/en\/product\/pyrotechnics\/ammunition\/primetake\/","name":"Primetake | Products - Eqqus","isPartOf":{"@id":"https:\/\/www.eqqus.ee\/en\/#website"},"primaryImageOfPage":{"@id":"https:\/\/www.eqqus.ee\/en\/product\/pyrotechnics\/ammunition\/primetake\/#primaryimage"},"image":{"@id":"https:\/\/www.eqqus.ee\/en\/product\/pyrotechnics\/ammunition\/primetake\/#primaryimage"},"thumbnailUrl":"https:\/\/www.eqqus.ee\/wp-content\/uploads\/2023\/06\/PRIMETAKE-EQQU.png","datePublished":"2023-06-14T07:59:30+00:00","dateModified":"2023-11-27T08:21:48+00:00","description":"Primetake: Bird-scaring cartridges, Primetake now manufactures specialist ammunition, gun cartridges, explosives and public order equipment.","breadcrumb":{"@id":"https:\/\/www.eqqus.ee\/en\/product\/pyrotechnics\/ammunition\/primetake\/#breadcrumb"},"inLanguage":"en-US","potentialAction":[{"@type":"ReadAction","target":["https:\/\/www.eqqus.ee\/en\/product\/pyrotechnics\/ammunition\/primetake\/"]}]},{"@type":"ImageObject","inLanguage":"en-US","@id":"https:\/\/www.eqqus.ee\/en\/product\/pyrotechnics\/ammunition\/primetake\/#primaryimage","url":"https:\/\/www.eqqus.ee\/wp-content\/uploads\/2023\/06\/PRIMETAKE-EQQU.png","contentUrl":"https:\/\/www.eqqus.ee\/wp-content\/uploads\/2023\/06\/PRIMETAKE-EQQU.png","width":400,"height":210,"caption":"s\u00f5jatehnika ja kaitsevarustuse m\u00fc\u00fck eqqus"},{"@type":"BreadcrumbList","@id":"https:\/\/www.eqqus.ee\/en\/product\/pyrotechnics\/ammunition\/primetake\/#breadcrumb","itemListElement":[{"@type":"ListItem","position":1,"name":"Esileht","item":"https:\/\/www.eqqus.ee\/en\/"},{"@type":"ListItem","position":2,"name":"Product Filter","item":"https:\/\/www.eqqus.ee\/toodete-filter\/"},{"@type":"ListItem","position":3,"name":"Primetake"}]},{"@type":"WebSite","@id":"https:\/\/www.eqqus.ee\/en\/#website","url":"https:\/\/www.eqqus.ee\/en\/","name":"eqqus Ltd O\u00dc","description":"Kaitsevahendid","publisher":{"@id":"https:\/\/www.eqqus.ee\/en\/#organization"},"potentialAction":[{"@type":"SearchAction","target":{"@type":"EntryPoint","urlTemplate":"https:\/\/www.eqqus.ee\/en\/?s={search_term_string}"},"query-input":{"@type":"PropertyValueSpecification","valueRequired":true,"valueName":"search_term_string"}}],"inLanguage":"en-US"},{"@type":"Organization","@id":"https:\/\/www.eqqus.ee\/en\/#organization","name":"eqqus Ltd O\u00dc","url":"https:\/\/www.eqqus.ee\/en\/","logo":{"@type":"ImageObject","inLanguage":"en-US","@id":"https:\/\/www.eqqus.ee\/en\/#\/schema\/logo\/image\/","url":"https:\/\/www.eqqus.ee\/wp-content\/uploads\/2023\/06\/eqqus.ee-logo.png","contentUrl":"https:\/\/www.eqqus.ee\/wp-content\/uploads\/2023\/06\/eqqus.ee-logo.png","width":627,"height":146,"caption":"eqqus Ltd O\u00dc"},"image":{"@id":"https:\/\/www.eqqus.ee\/en\/#\/schema\/logo\/image\/"},"sameAs":["https:\/\/www.facebook.com\/eqqusLtd"]}]}},"_links":{"self":[{"href":"https:\/\/www.eqqus.ee\/en\/wp-json\/wp\/v2\/product\/246010","targetHints":{"allow":["GET"]}}],"collection":[{"href":"https:\/\/www.eqqus.ee\/en\/wp-json\/wp\/v2\/product"}],"about":[{"href":"https:\/\/www.eqqus.ee\/en\/wp-json\/wp\/v2\/types\/product"}],"wp:featuredmedia":[{"embeddable":true,"href":"https:\/\/www.eqqus.ee\/en\/wp-json\/wp\/v2\/media\/246150"}],"wp:attachment":[{"href":"https:\/\/www.eqqus.ee\/en\/wp-json\/wp\/v2\/media?parent=246010"}],"wp:term":[{"taxonomy":"product_brand","embeddable":true,"href":"https:\/\/www.eqqus.ee\/en\/wp-json\/wp\/v2\/product_brand?post=246010"},{"taxonomy":"product_cat","embeddable":true,"href":"https:\/\/www.eqqus.ee\/en\/wp-json\/wp\/v2\/product_cat?post=246010"},{"taxonomy":"product_tag","embeddable":true,"href":"https:\/\/www.eqqus.ee\/en\/wp-json\/wp\/v2\/product_tag?post=246010"}],"curies":[{"name":"wp","href":"https:\/\/api.w.org\/{rel}","templated":true}]}}