{"id":246004,"date":"2023-06-14T10:55:45","date_gmt":"2023-06-14T07:55:45","guid":{"rendered":"https:\/\/www.eqqus.ee\/toode\/uncategorized\/kestrel\/"},"modified":"2023-11-15T14:15:49","modified_gmt":"2023-11-15T12:15:49","slug":"kestrel","status":"publish","type":"product","link":"https:\/\/www.eqqus.ee\/en\/product\/special-equipment\/measuring-tools\/kestrel\/","title":{"rendered":"KESTREL"},"content":{"rendered":"<p><img decoding=\"async\" class=\"alignnone wp-image-243700\" src=\"https:\/\/www.eqqus.ee\/wp-content\/uploads\/2021\/07\/download.jpg\" alt=\"\" width=\"290\" height=\"290 \" srcset=\"https:\/\/www.eqqus.ee\/wp-content\/uploads\/2021\/07\/download.jpg 225w, https:\/\/www.eqqus.ee\/wp-content\/uploads\/2021\/07\/download-100x100.jpg 100w, https:\/\/www.eqqus.ee\/wp-content\/uploads\/2021\/07\/download-64x64.jpg 64w, https:\/\/www.eqqus.ee\/wp-content\/uploads\/2021\/07\/download-150x150.jpg 150w\" sizes=\"(max-width: 225px) 100vw, 225px\" \/><\/p>\n<p><a href=\"https:\/\/ee-kestrelmeters.glopalstore.com\/?utm_campaign=hp_r&amp;utm_source=https:\/\/kestrelmeters.com&amp;utm_medium=wi_proxy&amp;utm_content=en_US&amp;utm_term=b\" target=\"_blank\" rel=\"noopener\">Kestrel wind and weather meters offer from the current wind speed to all ranges of weather parameters, including altitude, barometric pressure, crosswind, and more. In addition, special models have been developed for specific end-users, such as HVAC measurement, long-range ballasting and concrete pouring. Whether you want an accurate measurement of your current wind speed or need a special environmental meter with data logging, Kestrel is for you.<\/a><\/p>\n<h4>About Kestrel Weather Meters<\/h4>\n<p>The <strong> wind speed meter <\/strong> used to require expensive equipment that took up a lot of truck space. Today, Kestrel&#8217;s anemometers and weather monitors are as small as a cell phone &#8211; and cost about the same. Hardly delicate devices, the Gauges are tough, immune to the elements and even float in water. Handheld wind and weather meters are your portal to a world of ever-changing weather. An anemometer like the K3000 tells you everything you need to know about wind speed, temperature, even humidity and heat stress. Advanced weather parameters such as the Kestrel 5500 monitor nearly 20 different weather parameters and can save data for later analysis. The exceptional field of application of their instruments has changed the equipment people need in many professional conditions. Firefighters, farmers, HVAC technicians and long-range shooters around the world have Kestrel. They have weather meters on hand to gather accurate, real-time weather reports. Made in the USA, waterproof, floating and with a 5-year warranty.<\/p>\n<p><img decoding=\"async\" width=\"300\" height=\"225\" class=\"alignnone size-medium wp-image-243702\" src=\"https:\/\/www.eqqus.ee\/wp-content\/uploads\/2021\/07\/group_shot-300x225.jpg\" alt=\"\" \/><\/p>\n<p>&nbsp;<\/p>\n\n<div class=\"wpcf7 no-js\" id=\"wpcf7-f243598-o1\" lang=\"et\" dir=\"ltr\" data-wpcf7-id=\"243598\">\n<div class=\"screen-reader-response\"><p role=\"status\" aria-live=\"polite\" aria-atomic=\"true\"><\/p> <ul><\/ul><\/div>\n<form action=\"\/en\/wp-json\/wp\/v2\/product\/246004#wpcf7-f243598-o1\" method=\"post\" class=\"wpcf7-form init\" aria-label=\"Contact form\" novalidate=\"novalidate\" data-status=\"init\">\n<div style=\"display: none;\">\n<input type=\"hidden\" name=\"_wpcf7\" value=\"243598\" \/>\n<input type=\"hidden\" name=\"_wpcf7_version\" value=\"6.0.5\" \/>\n<input type=\"hidden\" name=\"_wpcf7_locale\" value=\"et\" \/>\n<input type=\"hidden\" name=\"_wpcf7_unit_tag\" value=\"wpcf7-f243598-o1\" \/>\n<input type=\"hidden\" name=\"_wpcf7_container_post\" value=\"0\" \/>\n<input type=\"hidden\" name=\"_wpcf7_posted_data_hash\" value=\"\" \/>\n<input type=\"hidden\" name=\"_wpcf7_recaptcha_response\" value=\"\" \/>\n<\/div>\n<p><label> Your name<br \/>\n<span class=\"wpcf7-form-control-wrap\" data-name=\"your-name\"><input size=\"40\" maxlength=\"400\" class=\"wpcf7-form-control wpcf7-text wpcf7-validates-as-required\" aria-required=\"true\" aria-invalid=\"false\" value=\"\" type=\"text\" name=\"your-name\" \/><\/span> <\/label>\n<\/p>\n<p><label> Your email<br \/>\n<span class=\"wpcf7-form-control-wrap\" data-name=\"your-email\"><input size=\"40\" maxlength=\"400\" class=\"wpcf7-form-control wpcf7-email wpcf7-validates-as-required wpcf7-text wpcf7-validates-as-email\" aria-required=\"true\" aria-invalid=\"false\" value=\"\" type=\"email\" name=\"your-email\" \/><\/span> <\/label>\n<\/p>\n<p><label> Brand\/Product you are interested in<br \/>\n<span class=\"wpcf7-form-control-wrap\" data-name=\"your-subject\"><input size=\"40\" maxlength=\"400\" class=\"wpcf7-form-control wpcf7-text wpcf7-validates-as-required\" aria-required=\"true\" aria-invalid=\"false\" value=\"\" type=\"text\" name=\"your-subject\" \/><\/span> <\/label>\n<\/p>\n<p><label> Questions about product<br \/>\n<span class=\"wpcf7-form-control-wrap\" data-name=\"your-message\"><textarea cols=\"40\" rows=\"10\" maxlength=\"2000\" class=\"wpcf7-form-control wpcf7-textarea wpcf7-validates-as-required\" aria-required=\"true\" aria-invalid=\"false\" name=\"your-message\"><\/textarea><\/span> <\/label>\n<\/p>\n<p><input class=\"wpcf7-form-control wpcf7-submit has-spinner\" type=\"submit\" value=\"Send request\" \/>\n<\/p><div class=\"wpcf7-response-output\" aria-hidden=\"true\"><\/div>\n<\/form>\n<\/div>\n\n","protected":false},"excerpt":{"rendered":"<p>Kestrel wind and weather meters offer from the current wind speed to all ranges of weather parameters, including altitude, barometric pressure, crosswind, and more. In addition, special models have been developed for specific end-users, such as HVAC measurement, long-range ballasting and concrete pouring. Whether you want an accurate measurement of your current wind speed or [&hellip;]<\/p>\n","protected":false},"featured_media":246132,"template":"","meta":{"_et_pb_use_builder":"","_et_pb_old_content":"","_et_gb_content_width":""},"product_brand":[],"product_cat":[228,722],"product_tag":[575],"class_list":{"0":"post-246004","1":"product","2":"type-product","3":"status-publish","4":"has-post-thumbnail","6":"product_cat-special-equipment","7":"product_cat-measuring-tools","8":"product_tag-kestrel-en","10":"first","11":"instock","12":"shipping-taxable","13":"product-type-simple"},"yoast_head":"<!-- This site is optimized with the Yoast SEO plugin v24.7 - https:\/\/yoast.com\/wordpress\/plugins\/seo\/ -->\n<title>KESTREL | eqqus Ltd O\u00dc<\/title>\n<meta name=\"description\" content=\"Kestrel wind and weather meters offer from the current wind speed to all ranges of weather parameters, including altitude, barometric pressure, crosswind.\" \/>\n<meta name=\"robots\" content=\"index, follow, max-snippet:-1, max-image-preview:large, max-video-preview:-1\" \/>\n<link rel=\"canonical\" href=\"https:\/\/www.eqqus.ee\/en\/product\/special-equipment\/measuring-tools\/kestrel\/\" \/>\n<meta property=\"og:locale\" content=\"en_US\" \/>\n<meta property=\"og:type\" content=\"article\" \/>\n<meta property=\"og:title\" content=\"KESTREL | eqqus Ltd O\u00dc\" \/>\n<meta property=\"og:description\" content=\"Kestrel wind and weather meters offer from the current wind speed to all ranges of weather parameters, including altitude, barometric pressure, crosswind.\" \/>\n<meta property=\"og:url\" content=\"https:\/\/www.eqqus.ee\/en\/product\/special-equipment\/measuring-tools\/kestrel\/\" \/>\n<meta property=\"og:site_name\" content=\"eqqus Ltd O\u00dc\" \/>\n<meta property=\"article:publisher\" content=\"https:\/\/www.facebook.com\/eqqusLtd\" \/>\n<meta property=\"article:modified_time\" content=\"2023-11-15T12:15:49+00:00\" \/>\n<meta property=\"og:image\" content=\"https:\/\/www.eqqus.ee\/wp-content\/uploads\/2023\/06\/kESTREL-EQQU.png\" \/>\n\t<meta property=\"og:image:width\" content=\"400\" \/>\n\t<meta property=\"og:image:height\" content=\"210\" \/>\n\t<meta property=\"og:image:type\" content=\"image\/png\" \/>\n<meta name=\"twitter:card\" content=\"summary_large_image\" \/>\n<meta name=\"twitter:label1\" content=\"Est. reading time\" \/>\n\t<meta name=\"twitter:data1\" content=\"2 minutes\" \/>\n<script type=\"application\/ld+json\" class=\"yoast-schema-graph\">{\"@context\":\"https:\/\/schema.org\",\"@graph\":[{\"@type\":\"WebPage\",\"@id\":\"https:\/\/www.eqqus.ee\/en\/product\/special-equipment\/measuring-tools\/kestrel\/\",\"url\":\"https:\/\/www.eqqus.ee\/en\/product\/special-equipment\/measuring-tools\/kestrel\/\",\"name\":\"KESTREL | eqqus Ltd O\u00dc\",\"isPartOf\":{\"@id\":\"https:\/\/www.eqqus.ee\/en\/#website\"},\"primaryImageOfPage\":{\"@id\":\"https:\/\/www.eqqus.ee\/en\/product\/special-equipment\/measuring-tools\/kestrel\/#primaryimage\"},\"image\":{\"@id\":\"https:\/\/www.eqqus.ee\/en\/product\/special-equipment\/measuring-tools\/kestrel\/#primaryimage\"},\"thumbnailUrl\":\"https:\/\/www.eqqus.ee\/wp-content\/uploads\/2023\/06\/kESTREL-EQQU.png\",\"datePublished\":\"2023-06-14T07:55:45+00:00\",\"dateModified\":\"2023-11-15T12:15:49+00:00\",\"description\":\"Kestrel wind and weather meters offer from the current wind speed to all ranges of weather parameters, including altitude, barometric pressure, crosswind.\",\"breadcrumb\":{\"@id\":\"https:\/\/www.eqqus.ee\/en\/product\/special-equipment\/measuring-tools\/kestrel\/#breadcrumb\"},\"inLanguage\":\"en-US\",\"potentialAction\":[{\"@type\":\"ReadAction\",\"target\":[\"https:\/\/www.eqqus.ee\/en\/product\/special-equipment\/measuring-tools\/kestrel\/\"]}]},{\"@type\":\"ImageObject\",\"inLanguage\":\"en-US\",\"@id\":\"https:\/\/www.eqqus.ee\/en\/product\/special-equipment\/measuring-tools\/kestrel\/#primaryimage\",\"url\":\"https:\/\/www.eqqus.ee\/wp-content\/uploads\/2023\/06\/kESTREL-EQQU.png\",\"contentUrl\":\"https:\/\/www.eqqus.ee\/wp-content\/uploads\/2023\/06\/kESTREL-EQQU.png\",\"width\":400,\"height\":210,\"caption\":\"s\u00f5jatehnika ja kaitsevarustuse m\u00fc\u00fck eqqus\"},{\"@type\":\"BreadcrumbList\",\"@id\":\"https:\/\/www.eqqus.ee\/en\/product\/special-equipment\/measuring-tools\/kestrel\/#breadcrumb\",\"itemListElement\":[{\"@type\":\"ListItem\",\"position\":1,\"name\":\"Esileht\",\"item\":\"https:\/\/www.eqqus.ee\/en\/\"},{\"@type\":\"ListItem\",\"position\":2,\"name\":\"Product Filter\",\"item\":\"https:\/\/www.eqqus.ee\/toodete-filter\/\"},{\"@type\":\"ListItem\",\"position\":3,\"name\":\"KESTREL\"}]},{\"@type\":\"WebSite\",\"@id\":\"https:\/\/www.eqqus.ee\/en\/#website\",\"url\":\"https:\/\/www.eqqus.ee\/en\/\",\"name\":\"eqqus Ltd O\u00dc\",\"description\":\"Kaitsevahendid\",\"publisher\":{\"@id\":\"https:\/\/www.eqqus.ee\/en\/#organization\"},\"potentialAction\":[{\"@type\":\"SearchAction\",\"target\":{\"@type\":\"EntryPoint\",\"urlTemplate\":\"https:\/\/www.eqqus.ee\/en\/?s={search_term_string}\"},\"query-input\":{\"@type\":\"PropertyValueSpecification\",\"valueRequired\":true,\"valueName\":\"search_term_string\"}}],\"inLanguage\":\"en-US\"},{\"@type\":\"Organization\",\"@id\":\"https:\/\/www.eqqus.ee\/en\/#organization\",\"name\":\"eqqus Ltd O\u00dc\",\"url\":\"https:\/\/www.eqqus.ee\/en\/\",\"logo\":{\"@type\":\"ImageObject\",\"inLanguage\":\"en-US\",\"@id\":\"https:\/\/www.eqqus.ee\/en\/#\/schema\/logo\/image\/\",\"url\":\"https:\/\/www.eqqus.ee\/wp-content\/uploads\/2023\/06\/eqqus.ee-logo.png\",\"contentUrl\":\"https:\/\/www.eqqus.ee\/wp-content\/uploads\/2023\/06\/eqqus.ee-logo.png\",\"width\":627,\"height\":146,\"caption\":\"eqqus Ltd O\u00dc\"},\"image\":{\"@id\":\"https:\/\/www.eqqus.ee\/en\/#\/schema\/logo\/image\/\"},\"sameAs\":[\"https:\/\/www.facebook.com\/eqqusLtd\"]}]}<\/script>\n<!-- \/ Yoast SEO plugin. -->","yoast_head_json":{"title":"KESTREL | eqqus Ltd O\u00dc","description":"Kestrel wind and weather meters offer from the current wind speed to all ranges of weather parameters, including altitude, barometric pressure, crosswind.","robots":{"index":"index","follow":"follow","max-snippet":"max-snippet:-1","max-image-preview":"max-image-preview:large","max-video-preview":"max-video-preview:-1"},"canonical":"https:\/\/www.eqqus.ee\/en\/product\/special-equipment\/measuring-tools\/kestrel\/","og_locale":"en_US","og_type":"article","og_title":"KESTREL | eqqus Ltd O\u00dc","og_description":"Kestrel wind and weather meters offer from the current wind speed to all ranges of weather parameters, including altitude, barometric pressure, crosswind.","og_url":"https:\/\/www.eqqus.ee\/en\/product\/special-equipment\/measuring-tools\/kestrel\/","og_site_name":"eqqus Ltd O\u00dc","article_publisher":"https:\/\/www.facebook.com\/eqqusLtd","article_modified_time":"2023-11-15T12:15:49+00:00","og_image":[{"width":400,"height":210,"url":"https:\/\/www.eqqus.ee\/wp-content\/uploads\/2023\/06\/kESTREL-EQQU.png","type":"image\/png"}],"twitter_card":"summary_large_image","twitter_misc":{"Est. reading time":"2 minutes"},"schema":{"@context":"https:\/\/schema.org","@graph":[{"@type":"WebPage","@id":"https:\/\/www.eqqus.ee\/en\/product\/special-equipment\/measuring-tools\/kestrel\/","url":"https:\/\/www.eqqus.ee\/en\/product\/special-equipment\/measuring-tools\/kestrel\/","name":"KESTREL | eqqus Ltd O\u00dc","isPartOf":{"@id":"https:\/\/www.eqqus.ee\/en\/#website"},"primaryImageOfPage":{"@id":"https:\/\/www.eqqus.ee\/en\/product\/special-equipment\/measuring-tools\/kestrel\/#primaryimage"},"image":{"@id":"https:\/\/www.eqqus.ee\/en\/product\/special-equipment\/measuring-tools\/kestrel\/#primaryimage"},"thumbnailUrl":"https:\/\/www.eqqus.ee\/wp-content\/uploads\/2023\/06\/kESTREL-EQQU.png","datePublished":"2023-06-14T07:55:45+00:00","dateModified":"2023-11-15T12:15:49+00:00","description":"Kestrel wind and weather meters offer from the current wind speed to all ranges of weather parameters, including altitude, barometric pressure, crosswind.","breadcrumb":{"@id":"https:\/\/www.eqqus.ee\/en\/product\/special-equipment\/measuring-tools\/kestrel\/#breadcrumb"},"inLanguage":"en-US","potentialAction":[{"@type":"ReadAction","target":["https:\/\/www.eqqus.ee\/en\/product\/special-equipment\/measuring-tools\/kestrel\/"]}]},{"@type":"ImageObject","inLanguage":"en-US","@id":"https:\/\/www.eqqus.ee\/en\/product\/special-equipment\/measuring-tools\/kestrel\/#primaryimage","url":"https:\/\/www.eqqus.ee\/wp-content\/uploads\/2023\/06\/kESTREL-EQQU.png","contentUrl":"https:\/\/www.eqqus.ee\/wp-content\/uploads\/2023\/06\/kESTREL-EQQU.png","width":400,"height":210,"caption":"s\u00f5jatehnika ja kaitsevarustuse m\u00fc\u00fck eqqus"},{"@type":"BreadcrumbList","@id":"https:\/\/www.eqqus.ee\/en\/product\/special-equipment\/measuring-tools\/kestrel\/#breadcrumb","itemListElement":[{"@type":"ListItem","position":1,"name":"Esileht","item":"https:\/\/www.eqqus.ee\/en\/"},{"@type":"ListItem","position":2,"name":"Product Filter","item":"https:\/\/www.eqqus.ee\/toodete-filter\/"},{"@type":"ListItem","position":3,"name":"KESTREL"}]},{"@type":"WebSite","@id":"https:\/\/www.eqqus.ee\/en\/#website","url":"https:\/\/www.eqqus.ee\/en\/","name":"eqqus Ltd O\u00dc","description":"Kaitsevahendid","publisher":{"@id":"https:\/\/www.eqqus.ee\/en\/#organization"},"potentialAction":[{"@type":"SearchAction","target":{"@type":"EntryPoint","urlTemplate":"https:\/\/www.eqqus.ee\/en\/?s={search_term_string}"},"query-input":{"@type":"PropertyValueSpecification","valueRequired":true,"valueName":"search_term_string"}}],"inLanguage":"en-US"},{"@type":"Organization","@id":"https:\/\/www.eqqus.ee\/en\/#organization","name":"eqqus Ltd O\u00dc","url":"https:\/\/www.eqqus.ee\/en\/","logo":{"@type":"ImageObject","inLanguage":"en-US","@id":"https:\/\/www.eqqus.ee\/en\/#\/schema\/logo\/image\/","url":"https:\/\/www.eqqus.ee\/wp-content\/uploads\/2023\/06\/eqqus.ee-logo.png","contentUrl":"https:\/\/www.eqqus.ee\/wp-content\/uploads\/2023\/06\/eqqus.ee-logo.png","width":627,"height":146,"caption":"eqqus Ltd O\u00dc"},"image":{"@id":"https:\/\/www.eqqus.ee\/en\/#\/schema\/logo\/image\/"},"sameAs":["https:\/\/www.facebook.com\/eqqusLtd"]}]}},"_links":{"self":[{"href":"https:\/\/www.eqqus.ee\/en\/wp-json\/wp\/v2\/product\/246004","targetHints":{"allow":["GET"]}}],"collection":[{"href":"https:\/\/www.eqqus.ee\/en\/wp-json\/wp\/v2\/product"}],"about":[{"href":"https:\/\/www.eqqus.ee\/en\/wp-json\/wp\/v2\/types\/product"}],"wp:featuredmedia":[{"embeddable":true,"href":"https:\/\/www.eqqus.ee\/en\/wp-json\/wp\/v2\/media\/246132"}],"wp:attachment":[{"href":"https:\/\/www.eqqus.ee\/en\/wp-json\/wp\/v2\/media?parent=246004"}],"wp:term":[{"taxonomy":"product_brand","embeddable":true,"href":"https:\/\/www.eqqus.ee\/en\/wp-json\/wp\/v2\/product_brand?post=246004"},{"taxonomy":"product_cat","embeddable":true,"href":"https:\/\/www.eqqus.ee\/en\/wp-json\/wp\/v2\/product_cat?post=246004"},{"taxonomy":"product_tag","embeddable":true,"href":"https:\/\/www.eqqus.ee\/en\/wp-json\/wp\/v2\/product_tag?post=246004"}],"curies":[{"name":"wp","href":"https:\/\/api.w.org\/{rel}","templated":true}]}}