{"id":245997,"date":"2023-06-14T10:50:40","date_gmt":"2023-06-14T07:50:40","guid":{"rendered":"https:\/\/www.eqqus.ee\/toode\/uncategorized\/serstech\/"},"modified":"2023-11-27T10:03:06","modified_gmt":"2023-11-27T08:03:06","slug":"serstech","status":"publish","type":"product","link":"https:\/\/www.eqqus.ee\/en\/product\/special-equipment\/chemical\/serstech\/","title":{"rendered":"Serstech"},"content":{"rendered":"<p><img decoding=\"async\" class=\"alignnone wp-image-243310\" src=\"https:\/\/www.eqqus.ee\/wp-content\/uploads\/2021\/05\/1582022396137.jpg\" alt=\"\" width=\"504\" height=\"126\" srcset=\"https:\/\/www.eqqus.ee\/wp-content\/uploads\/2021\/05\/1582022396137.jpg 1867w, https:\/\/www.eqqus.ee\/wp-content\/uploads\/2021\/05\/1582022396137-250x63.jpg 250w, https:\/\/www.eqqus.ee\/wp-content\/uploads\/2021\/05\/1582022396137-500x125.jpg 500w, https:\/\/www.eqqus.ee\/wp-content\/uploads\/2021\/05\/1582022396137-64x16.jpg 64w\" sizes=\"(max-width: 504px) 100vw, 504px\" \/> <a href=\"https:\/\/serstech.com\/\" target=\"_blank\" rel=\"noopener\">SERSTECH &#8211; Detect any solid or liquid chemical in seconds using Raman technology. The Serstech 100 indicator is easy to use, it is really hand-held and waterproof. The sample does not need to be removed from the container and will not be destroyed or distorted during the analysis. Universal solution: one device for all types of chemicals No consumables, no factory calibration, no maintenance costs. Software and library updates included. Rechargeable battery for more than eight hours. Create libraries and add your own. Quick and easy to disinfect. Training takes a few hours.<\/a><\/p>\n<h4><strong> Verified, enriched, and complete libraries <\/strong><\/h4>\n<p>All libraries are designed or validated by our chemists using the Serstech 100 indicator. Each substance has the corresponding GHS symbols, CAS numbers and, in many cases, a comprehensive text explaining the properties of the substance. All information is easy to understand and provides instant feedback and decision support. <strong> Explosives. <\/strong> Includes military and civilian explosives, improvised explosive devices, precursors, and oxidants. <strong> Drugs: <\/strong> Narcotic and psychotropic substances on the UN Yellow and Green Lists, including precursors. <strong> Hazardous chemicals. <\/strong> Contains over 2,000 toxic industrial chemicals and other toxic or hazardous materials. <strong> Chemical toxins. <\/strong> Detection of corrosive, blood, nerve, and suffocating toxins and their precursors. <strong> Medicines: <\/strong> A custom library developed for and with pharmaceutical companies. <strong> The most cost-effective Raman solution <\/strong><\/p>\n<h4><strong> Management and reporting software included <\/strong><\/h4>\n<p>Manage, expand, and name custom subjects using ChemDash software. Prepare reports and export measurements for further analysis. Manage user accounts and set user privileges to secure the certificate chain. Use on a desktop or cloud.<\/p>\n<h4><strong> Lightweight, safe, and easy to use <\/strong><\/h4>\n<p>The Serstech 100 indicator makes their daily work safer, easier and more efficient:<\/p>\n<p><strong> \u25a0 Police<br \/>\n\u25a0 Bomb teams<br \/>\n\u25a0 Border controls<br \/>\n\u25a0 Dangerous goods teams<br \/>\n<\/strong> <strong> \u25a0 Fire<br \/>\n\u25a0 CBRN preparedness teams<br \/>\n\u25a0 Detention facilities<br \/>\n<\/strong> <strong> \u25a0 Pharmaceutical companies<br \/>\n\u25a0 Environmental authorities <\/strong> <img decoding=\"async\" class=\"\" src=\"https:\/\/serstech.com\/wp-content\/uploads\/2019\/05\/mixtures.png\" alt=\"Serstech Video Tutorials | Serstech\" width=\"517\" height=\"293\" \/><\/p>\n<p>+ IP67 and easy to disinfect<br \/>\n+ User interface intended for use while wearing protective equipment<br \/>\n+ Detect virtually any chemical in seconds<br \/>\n+ Intuitive colors and symbols, everyone can use<br \/>\n+ Durable and reliable in all conditions<\/p>\n<h4><strong> Type of instrument &#8211; <\/strong> Raman hand-held spectrometer<\/h4>\n<p><strong>Laser wavelength &#8211; <\/strong> 785 nm<br \/>\n<strong> Laser output power- <\/strong> Available in 3 levels, max. 300 mW<br \/>\n<strong> Max Spectrum range <\/strong><strong>&#8211; <\/strong> 400cm-1 to 2300cm-1<br \/>\n<strong> Spectral resolution &#8211; <\/strong> 8-10cm-1<br \/>\n<strong> Detector type &#8211; <\/strong> Linear CCD array<br \/>\n<strong> Display &#8211; <\/strong> 3.5 \u2033 TFT color display with LED backlight<br \/>\n<strong> Memory &#8211; <\/strong> 100,000 measurements (16GB)<br \/>\n<strong> Data formats <\/strong> Text &#8211; .txt, .csv, .jcamp<br \/>\n<strong> Connectivity &#8211; <\/strong> USB 2.0. WiFi and Ethernet (optional)<br \/>\n<strong> Battery &#8211; <\/strong> Rechargeable. More than 8 hours for normal use. Can be extended with a standard mobile battery bank.<br \/>\n<strong> Weight &#8211; <\/strong> 650g (1.4lb)<br \/>\n<strong> Dimensions &#8211; <\/strong> 15.8 cm x 10.1 cm x 2.9 cm (6.2 x 4.0 x 1.1 cm)<br \/>\n<strong> Operating temperature &#8211; <\/strong> -20 \u00b0 C to + 50 \u00b0 C<br \/>\n<strong> Storage temperature &#8211; <\/strong> -30 \u00b0 C to + 50 \u00b0 C<\/p>\n<p>Included accessories &#8211; Point-and-click adapter, vial holder, 90 \u00b0 angle adapter, waterproof case, shoulder strap, USB cable, laser hole cap with calibration mark, sample vials, attachment point, AC adapter for 5 VDC \/ 1 A USB charging<\/p>\n<p><strong> Optional accessories <\/strong> &#8211; Ethernet and WiFi connection kit<br \/>\n<strong> Start time <\/strong> &#8211; Less than 20s <strong> Collection <\/strong> &#8211; Automatic or manual collection, 0.001-60 seconds<br \/>\n<strong> Libraries <\/strong> &#8211; The total number of substances is over 14,000 and the accompanying libraries are <strong> Explosives <\/strong>, including precursors; <strong> Drugs <\/strong>, including additives, masking agents, and precursors; <strong> Chemical toxins <\/strong>, including simulants; <strong> Dangerous <\/strong> <strong> substances <\/strong>, including industrial chemicals and <strong> Medicines <\/strong> with a large number of active pharmaceutical ingredients<\/p>\n<p>Warranty <strong> &#8211; <\/strong> 1 year.<br \/>\nOptional additional warranty Average downtime <strong> &#8211; <\/strong> 50,000h<br \/>\nRelative humidity <strong> &#8211; <\/strong> 5-90% Fasteners <strong> &#8211; <\/strong> CE, IEC 60529 IP67, MIL-STD-810G 514.6 (vibration), MIL-STD-810G 516.6 (impact resistance)<br \/>\nSupported languages \u200b\u200b<strong> &#8211; <\/strong> Chinese, Danish, English, French, German, Indonesian, Italian, Japanese, Korean, Polish, Russian, Spanish, Swedish, and Turkish Software <strong> &#8211; <\/strong> ChemDash<br \/>\nTypes of substances <strong> &#8211; <\/strong> Solids, liquids, powders and tablets<br \/>\nAnalyze mixture <strong> &#8211; <\/strong> Yes<br \/>\nDelay function<strong>\u00a0&#8211; <\/strong> Yes, 1 second to 15 minutes<br \/>\nAdvanced <strong> &#8211; <\/strong> User authorization, event logging, scan time delay, user-defined libraries, user-added items<\/p>\n<p>&nbsp;<\/p>\n\n<div class=\"wpcf7 no-js\" id=\"wpcf7-f243598-o1\" lang=\"et\" dir=\"ltr\" data-wpcf7-id=\"243598\">\n<div class=\"screen-reader-response\"><p role=\"status\" aria-live=\"polite\" aria-atomic=\"true\"><\/p> <ul><\/ul><\/div>\n<form action=\"\/en\/wp-json\/wp\/v2\/product\/245997#wpcf7-f243598-o1\" method=\"post\" class=\"wpcf7-form init\" aria-label=\"Contact form\" novalidate=\"novalidate\" data-status=\"init\">\n<div style=\"display: none;\">\n<input type=\"hidden\" name=\"_wpcf7\" value=\"243598\" \/>\n<input type=\"hidden\" name=\"_wpcf7_version\" value=\"6.0.5\" \/>\n<input type=\"hidden\" name=\"_wpcf7_locale\" value=\"et\" \/>\n<input type=\"hidden\" name=\"_wpcf7_unit_tag\" value=\"wpcf7-f243598-o1\" \/>\n<input type=\"hidden\" name=\"_wpcf7_container_post\" value=\"0\" \/>\n<input type=\"hidden\" name=\"_wpcf7_posted_data_hash\" value=\"\" \/>\n<input type=\"hidden\" name=\"_wpcf7_recaptcha_response\" value=\"\" \/>\n<\/div>\n<p><label> Your name<br \/>\n<span class=\"wpcf7-form-control-wrap\" data-name=\"your-name\"><input size=\"40\" maxlength=\"400\" class=\"wpcf7-form-control wpcf7-text wpcf7-validates-as-required\" aria-required=\"true\" aria-invalid=\"false\" value=\"\" type=\"text\" name=\"your-name\" \/><\/span> <\/label>\n<\/p>\n<p><label> Your email<br \/>\n<span class=\"wpcf7-form-control-wrap\" data-name=\"your-email\"><input size=\"40\" maxlength=\"400\" class=\"wpcf7-form-control wpcf7-email wpcf7-validates-as-required wpcf7-text wpcf7-validates-as-email\" aria-required=\"true\" aria-invalid=\"false\" value=\"\" type=\"email\" name=\"your-email\" \/><\/span> <\/label>\n<\/p>\n<p><label> Brand\/Product you are interested in<br \/>\n<span class=\"wpcf7-form-control-wrap\" data-name=\"your-subject\"><input size=\"40\" maxlength=\"400\" class=\"wpcf7-form-control wpcf7-text wpcf7-validates-as-required\" aria-required=\"true\" aria-invalid=\"false\" value=\"\" type=\"text\" name=\"your-subject\" \/><\/span> <\/label>\n<\/p>\n<p><label> Questions about product<br \/>\n<span class=\"wpcf7-form-control-wrap\" data-name=\"your-message\"><textarea cols=\"40\" rows=\"10\" maxlength=\"2000\" class=\"wpcf7-form-control wpcf7-textarea wpcf7-validates-as-required\" aria-required=\"true\" aria-invalid=\"false\" name=\"your-message\"><\/textarea><\/span> <\/label>\n<\/p>\n<p><input class=\"wpcf7-form-control wpcf7-submit has-spinner\" type=\"submit\" value=\"Send request\" \/>\n<\/p><div class=\"wpcf7-response-output\" aria-hidden=\"true\"><\/div>\n<\/form>\n<\/div>\n\n","protected":false},"excerpt":{"rendered":"<p>SERSTECH &#8211; Detect any solid or liquid chemical in seconds using Raman technology. The Serstech 100 indicator is easy to use, it is really hand-held and waterproof. The sample does not need to be removed from the container and will not be destroyed or distorted during the analysis. Universal solution: one device for all types [&hellip;]<\/p>\n","protected":false},"featured_media":246114,"template":"","meta":{"_et_pb_use_builder":"","_et_pb_old_content":"","_et_gb_content_width":""},"product_brand":[],"product_cat":[228,670,722],"product_tag":[569],"class_list":{"0":"post-245997","1":"product","2":"type-product","3":"status-publish","4":"has-post-thumbnail","6":"product_cat-special-equipment","7":"product_cat-chemical","8":"product_cat-measuring-tools","9":"product_tag-serstech-en","11":"first","12":"instock","13":"shipping-taxable","14":"product-type-simple"},"yoast_head":"<!-- This site is optimized with the Yoast SEO plugin v24.7 - https:\/\/yoast.com\/wordpress\/plugins\/seo\/ -->\n<title>Serstech | Product - Eqqus<\/title>\n<meta name=\"description\" content=\"Detect any solid or liquid chemical in seconds using Raman technology. The Serstech 100 indicator is easy to use, it is hand-held and waterproof.\" \/>\n<meta name=\"robots\" content=\"index, follow, max-snippet:-1, max-image-preview:large, max-video-preview:-1\" \/>\n<link rel=\"canonical\" href=\"https:\/\/www.eqqus.ee\/en\/product\/special-equipment\/chemical\/serstech\/\" \/>\n<meta property=\"og:locale\" content=\"en_US\" \/>\n<meta property=\"og:type\" content=\"article\" \/>\n<meta property=\"og:title\" content=\"Serstech | Product - Eqqus\" \/>\n<meta property=\"og:description\" content=\"Detect any solid or liquid chemical in seconds using Raman technology. The Serstech 100 indicator is easy to use, it is hand-held and waterproof.\" \/>\n<meta property=\"og:url\" content=\"https:\/\/www.eqqus.ee\/en\/product\/special-equipment\/chemical\/serstech\/\" \/>\n<meta property=\"og:site_name\" content=\"eqqus Ltd O\u00dc\" \/>\n<meta property=\"article:publisher\" content=\"https:\/\/www.facebook.com\/eqqusLtd\" \/>\n<meta property=\"article:modified_time\" content=\"2023-11-27T08:03:06+00:00\" \/>\n<meta property=\"og:image\" content=\"https:\/\/www.eqqus.ee\/wp-content\/uploads\/2023\/06\/EQQU-SERSTECH.png\" \/>\n\t<meta property=\"og:image:width\" content=\"400\" \/>\n\t<meta property=\"og:image:height\" content=\"210\" \/>\n\t<meta property=\"og:image:type\" content=\"image\/png\" \/>\n<meta name=\"twitter:card\" content=\"summary_large_image\" \/>\n<meta name=\"twitter:label1\" content=\"Est. reading time\" \/>\n\t<meta name=\"twitter:data1\" content=\"4 minutes\" \/>\n<script type=\"application\/ld+json\" class=\"yoast-schema-graph\">{\"@context\":\"https:\/\/schema.org\",\"@graph\":[{\"@type\":\"WebPage\",\"@id\":\"https:\/\/www.eqqus.ee\/en\/product\/special-equipment\/chemical\/serstech\/\",\"url\":\"https:\/\/www.eqqus.ee\/en\/product\/special-equipment\/chemical\/serstech\/\",\"name\":\"Serstech | Product - Eqqus\",\"isPartOf\":{\"@id\":\"https:\/\/www.eqqus.ee\/en\/#website\"},\"primaryImageOfPage\":{\"@id\":\"https:\/\/www.eqqus.ee\/en\/product\/special-equipment\/chemical\/serstech\/#primaryimage\"},\"image\":{\"@id\":\"https:\/\/www.eqqus.ee\/en\/product\/special-equipment\/chemical\/serstech\/#primaryimage\"},\"thumbnailUrl\":\"https:\/\/www.eqqus.ee\/wp-content\/uploads\/2023\/06\/EQQU-SERSTECH.png\",\"datePublished\":\"2023-06-14T07:50:40+00:00\",\"dateModified\":\"2023-11-27T08:03:06+00:00\",\"description\":\"Detect any solid or liquid chemical in seconds using Raman technology. The Serstech 100 indicator is easy to use, it is hand-held and waterproof.\",\"breadcrumb\":{\"@id\":\"https:\/\/www.eqqus.ee\/en\/product\/special-equipment\/chemical\/serstech\/#breadcrumb\"},\"inLanguage\":\"en-US\",\"potentialAction\":[{\"@type\":\"ReadAction\",\"target\":[\"https:\/\/www.eqqus.ee\/en\/product\/special-equipment\/chemical\/serstech\/\"]}]},{\"@type\":\"ImageObject\",\"inLanguage\":\"en-US\",\"@id\":\"https:\/\/www.eqqus.ee\/en\/product\/special-equipment\/chemical\/serstech\/#primaryimage\",\"url\":\"https:\/\/www.eqqus.ee\/wp-content\/uploads\/2023\/06\/EQQU-SERSTECH.png\",\"contentUrl\":\"https:\/\/www.eqqus.ee\/wp-content\/uploads\/2023\/06\/EQQU-SERSTECH.png\",\"width\":400,\"height\":210,\"caption\":\"s\u00f5jatehnika ja kaitsevarustuse m\u00fc\u00fck eqqus\"},{\"@type\":\"BreadcrumbList\",\"@id\":\"https:\/\/www.eqqus.ee\/en\/product\/special-equipment\/chemical\/serstech\/#breadcrumb\",\"itemListElement\":[{\"@type\":\"ListItem\",\"position\":1,\"name\":\"Esileht\",\"item\":\"https:\/\/www.eqqus.ee\/en\/\"},{\"@type\":\"ListItem\",\"position\":2,\"name\":\"Product Filter\",\"item\":\"https:\/\/www.eqqus.ee\/toodete-filter\/\"},{\"@type\":\"ListItem\",\"position\":3,\"name\":\"Serstech\"}]},{\"@type\":\"WebSite\",\"@id\":\"https:\/\/www.eqqus.ee\/en\/#website\",\"url\":\"https:\/\/www.eqqus.ee\/en\/\",\"name\":\"eqqus Ltd O\u00dc\",\"description\":\"Kaitsevahendid\",\"publisher\":{\"@id\":\"https:\/\/www.eqqus.ee\/en\/#organization\"},\"potentialAction\":[{\"@type\":\"SearchAction\",\"target\":{\"@type\":\"EntryPoint\",\"urlTemplate\":\"https:\/\/www.eqqus.ee\/en\/?s={search_term_string}\"},\"query-input\":{\"@type\":\"PropertyValueSpecification\",\"valueRequired\":true,\"valueName\":\"search_term_string\"}}],\"inLanguage\":\"en-US\"},{\"@type\":\"Organization\",\"@id\":\"https:\/\/www.eqqus.ee\/en\/#organization\",\"name\":\"eqqus Ltd O\u00dc\",\"url\":\"https:\/\/www.eqqus.ee\/en\/\",\"logo\":{\"@type\":\"ImageObject\",\"inLanguage\":\"en-US\",\"@id\":\"https:\/\/www.eqqus.ee\/en\/#\/schema\/logo\/image\/\",\"url\":\"https:\/\/www.eqqus.ee\/wp-content\/uploads\/2023\/06\/eqqus.ee-logo.png\",\"contentUrl\":\"https:\/\/www.eqqus.ee\/wp-content\/uploads\/2023\/06\/eqqus.ee-logo.png\",\"width\":627,\"height\":146,\"caption\":\"eqqus Ltd O\u00dc\"},\"image\":{\"@id\":\"https:\/\/www.eqqus.ee\/en\/#\/schema\/logo\/image\/\"},\"sameAs\":[\"https:\/\/www.facebook.com\/eqqusLtd\"]}]}<\/script>\n<!-- \/ Yoast SEO plugin. -->","yoast_head_json":{"title":"Serstech | Product - Eqqus","description":"Detect any solid or liquid chemical in seconds using Raman technology. The Serstech 100 indicator is easy to use, it is hand-held and waterproof.","robots":{"index":"index","follow":"follow","max-snippet":"max-snippet:-1","max-image-preview":"max-image-preview:large","max-video-preview":"max-video-preview:-1"},"canonical":"https:\/\/www.eqqus.ee\/en\/product\/special-equipment\/chemical\/serstech\/","og_locale":"en_US","og_type":"article","og_title":"Serstech | Product - Eqqus","og_description":"Detect any solid or liquid chemical in seconds using Raman technology. The Serstech 100 indicator is easy to use, it is hand-held and waterproof.","og_url":"https:\/\/www.eqqus.ee\/en\/product\/special-equipment\/chemical\/serstech\/","og_site_name":"eqqus Ltd O\u00dc","article_publisher":"https:\/\/www.facebook.com\/eqqusLtd","article_modified_time":"2023-11-27T08:03:06+00:00","og_image":[{"width":400,"height":210,"url":"https:\/\/www.eqqus.ee\/wp-content\/uploads\/2023\/06\/EQQU-SERSTECH.png","type":"image\/png"}],"twitter_card":"summary_large_image","twitter_misc":{"Est. reading time":"4 minutes"},"schema":{"@context":"https:\/\/schema.org","@graph":[{"@type":"WebPage","@id":"https:\/\/www.eqqus.ee\/en\/product\/special-equipment\/chemical\/serstech\/","url":"https:\/\/www.eqqus.ee\/en\/product\/special-equipment\/chemical\/serstech\/","name":"Serstech | Product - Eqqus","isPartOf":{"@id":"https:\/\/www.eqqus.ee\/en\/#website"},"primaryImageOfPage":{"@id":"https:\/\/www.eqqus.ee\/en\/product\/special-equipment\/chemical\/serstech\/#primaryimage"},"image":{"@id":"https:\/\/www.eqqus.ee\/en\/product\/special-equipment\/chemical\/serstech\/#primaryimage"},"thumbnailUrl":"https:\/\/www.eqqus.ee\/wp-content\/uploads\/2023\/06\/EQQU-SERSTECH.png","datePublished":"2023-06-14T07:50:40+00:00","dateModified":"2023-11-27T08:03:06+00:00","description":"Detect any solid or liquid chemical in seconds using Raman technology. The Serstech 100 indicator is easy to use, it is hand-held and waterproof.","breadcrumb":{"@id":"https:\/\/www.eqqus.ee\/en\/product\/special-equipment\/chemical\/serstech\/#breadcrumb"},"inLanguage":"en-US","potentialAction":[{"@type":"ReadAction","target":["https:\/\/www.eqqus.ee\/en\/product\/special-equipment\/chemical\/serstech\/"]}]},{"@type":"ImageObject","inLanguage":"en-US","@id":"https:\/\/www.eqqus.ee\/en\/product\/special-equipment\/chemical\/serstech\/#primaryimage","url":"https:\/\/www.eqqus.ee\/wp-content\/uploads\/2023\/06\/EQQU-SERSTECH.png","contentUrl":"https:\/\/www.eqqus.ee\/wp-content\/uploads\/2023\/06\/EQQU-SERSTECH.png","width":400,"height":210,"caption":"s\u00f5jatehnika ja kaitsevarustuse m\u00fc\u00fck eqqus"},{"@type":"BreadcrumbList","@id":"https:\/\/www.eqqus.ee\/en\/product\/special-equipment\/chemical\/serstech\/#breadcrumb","itemListElement":[{"@type":"ListItem","position":1,"name":"Esileht","item":"https:\/\/www.eqqus.ee\/en\/"},{"@type":"ListItem","position":2,"name":"Product Filter","item":"https:\/\/www.eqqus.ee\/toodete-filter\/"},{"@type":"ListItem","position":3,"name":"Serstech"}]},{"@type":"WebSite","@id":"https:\/\/www.eqqus.ee\/en\/#website","url":"https:\/\/www.eqqus.ee\/en\/","name":"eqqus Ltd O\u00dc","description":"Kaitsevahendid","publisher":{"@id":"https:\/\/www.eqqus.ee\/en\/#organization"},"potentialAction":[{"@type":"SearchAction","target":{"@type":"EntryPoint","urlTemplate":"https:\/\/www.eqqus.ee\/en\/?s={search_term_string}"},"query-input":{"@type":"PropertyValueSpecification","valueRequired":true,"valueName":"search_term_string"}}],"inLanguage":"en-US"},{"@type":"Organization","@id":"https:\/\/www.eqqus.ee\/en\/#organization","name":"eqqus Ltd O\u00dc","url":"https:\/\/www.eqqus.ee\/en\/","logo":{"@type":"ImageObject","inLanguage":"en-US","@id":"https:\/\/www.eqqus.ee\/en\/#\/schema\/logo\/image\/","url":"https:\/\/www.eqqus.ee\/wp-content\/uploads\/2023\/06\/eqqus.ee-logo.png","contentUrl":"https:\/\/www.eqqus.ee\/wp-content\/uploads\/2023\/06\/eqqus.ee-logo.png","width":627,"height":146,"caption":"eqqus Ltd O\u00dc"},"image":{"@id":"https:\/\/www.eqqus.ee\/en\/#\/schema\/logo\/image\/"},"sameAs":["https:\/\/www.facebook.com\/eqqusLtd"]}]}},"_links":{"self":[{"href":"https:\/\/www.eqqus.ee\/en\/wp-json\/wp\/v2\/product\/245997","targetHints":{"allow":["GET"]}}],"collection":[{"href":"https:\/\/www.eqqus.ee\/en\/wp-json\/wp\/v2\/product"}],"about":[{"href":"https:\/\/www.eqqus.ee\/en\/wp-json\/wp\/v2\/types\/product"}],"wp:featuredmedia":[{"embeddable":true,"href":"https:\/\/www.eqqus.ee\/en\/wp-json\/wp\/v2\/media\/246114"}],"wp:attachment":[{"href":"https:\/\/www.eqqus.ee\/en\/wp-json\/wp\/v2\/media?parent=245997"}],"wp:term":[{"taxonomy":"product_brand","embeddable":true,"href":"https:\/\/www.eqqus.ee\/en\/wp-json\/wp\/v2\/product_brand?post=245997"},{"taxonomy":"product_cat","embeddable":true,"href":"https:\/\/www.eqqus.ee\/en\/wp-json\/wp\/v2\/product_cat?post=245997"},{"taxonomy":"product_tag","embeddable":true,"href":"https:\/\/www.eqqus.ee\/en\/wp-json\/wp\/v2\/product_tag?post=245997"}],"curies":[{"name":"wp","href":"https:\/\/api.w.org\/{rel}","templated":true}]}}