{"id":245992,"date":"2023-06-14T10:48:07","date_gmt":"2023-06-14T07:48:07","guid":{"rendered":"https:\/\/www.eqqus.ee\/toode\/uncategorized\/patriot-3\/"},"modified":"2023-11-27T10:02:45","modified_gmt":"2023-11-27T08:02:45","slug":"patriot-3","status":"publish","type":"product","link":"https:\/\/www.eqqus.ee\/en\/product\/special-equipment\/rescue-tools\/patriot-3\/","title":{"rendered":"Patriot 3"},"content":{"rendered":"<p lang=\"zxx\"><img decoding=\"async\" class=\"alignnone wp-image-243212\" src=\"https:\/\/www.eqqus.ee\/wp-content\/uploads\/2021\/05\/XPS-G2-c1-1024x685-1.jpg\" alt=\"\" width=\"437\" height=\"293\" srcset=\"https:\/\/www.eqqus.ee\/wp-content\/uploads\/2021\/05\/XPS-G2-c1-1024x685-1.jpg 1024w, https:\/\/www.eqqus.ee\/wp-content\/uploads\/2021\/05\/XPS-G2-c1-1024x685-1-250x167.jpg 250w, https:\/\/www.eqqus.ee\/wp-content\/uploads\/2021\/05\/XPS-G2-c1-1024x685-1-500x334.jpg 500w, https:\/\/www.eqqus.ee\/wp-content\/uploads\/2021\/05\/XPS-G2-c1-1024x685-1-64x43.jpg 64w\" sizes=\"(max-width: 437px) 100vw, 437px\" \/><\/p>\n<p lang=\"zxx\"><a href=\"https:\/\/www.patriot3.com\/ballistics\">Patriot 3 offers lightweight and mobile ballistic products such as shields, shield guards and barriers. All products are patented and 100% made in the USA. (P3B)<\/a><\/p>\n<p>All ballistic materials used in Patriot 3 products undergo extensive ballistic testing in a rigorous U.S. testing laboratory to ensure that they meet or exceed the requirements of the NIJ standard. Patriot3 ballistic shields will also be tested in in-house experiments involving members of law enforcement agencies and the highly regarded NTOA program. Patriot3 has new ballistic products at all stages of development and works closely with operators to ensure that current Patriot3 products are innovative and develop new state-of-the-art products to meet end-user needs. Patriot3 is committed to creating the most innovative, reliable and user-friendly ballistic shields possible.<\/p>\n<p lang=\"zxx\">The Patriot3 Minuteman Folding Ballistic Shield, LadderShield, Flex Shield and Field, Armor Wall and X-TREME PROTECTION (XPS) Series are currently used by<\/p>\n<p lang=\"zxx\">+ Counterterrorism units<br \/>\n+ Law enforcement agencies<br \/>\n+ Military units<br \/>\n+ In nuclear power plants<br \/>\n+ As personal protective equipment worldwide.<\/p>\n<p lang=\"zxx\">The Patriot3&#8217;s X-TREME PROTECTION shield is the winner of the GovSec Homeland Security Award. All ballistic materials used undergo extensive testing in U.S. laboratories to meet NIJ Standards. All products are also tested on battlefields and in tests involving both law enforcement and special test teams.<\/p>\n<p lang=\"zxx\"><img decoding=\"async\" class=\"alignnone size-medium wp-image-243214\" src=\"https:\/\/www.eqqus.ee\/wp-content\/uploads\/2021\/05\/flexfield.jpg\" alt=\"\" width=\"300\" height=\"201\" srcset=\"https:\/\/www.eqqus.ee\/wp-content\/uploads\/2021\/05\/flexfield.jpg 2000w, https:\/\/www.eqqus.ee\/wp-content\/uploads\/2021\/05\/flexfield-250x167.jpg 250w, https:\/\/www.eqqus.ee\/wp-content\/uploads\/2021\/05\/flexfield-500x335.jpg 500w, https:\/\/www.eqqus.ee\/wp-content\/uploads\/2021\/05\/flexfield-64x43.jpg 64w\" sizes=\"(max-width: 300px) 100vw, 300px\" \/> <img decoding=\"async\" class=\"alignnone size-medium wp-image-243216\" src=\"https:\/\/www.eqqus.ee\/wp-content\/uploads\/2021\/05\/xtreme.jpg\" alt=\"\" width=\"300\" height=\"233\" srcset=\"https:\/\/www.eqqus.ee\/wp-content\/uploads\/2021\/05\/xtreme.jpg 2000w, https:\/\/www.eqqus.ee\/wp-content\/uploads\/2021\/05\/xtreme-250x194.jpg 250w, https:\/\/www.eqqus.ee\/wp-content\/uploads\/2021\/05\/xtreme-500x388.jpg 500w, https:\/\/www.eqqus.ee\/wp-content\/uploads\/2021\/05\/xtreme-64x50.jpg 64w\" sizes=\"(max-width: 300px) 100vw, 300px\" \/> <img decoding=\"async\" class=\"alignnone size-medium wp-image-243218\" src=\"https:\/\/www.eqqus.ee\/wp-content\/uploads\/2021\/05\/hardline_01.jpg\" alt=\"\" width=\"300\" height=\"222\" \/><\/p>\n<p lang=\"zxx\"><strong>Patriot3 keeps its products in constant development, the best solutions are always achieved in cooperation with users.<\/strong><\/p>\n<p lang=\"zxx\">\n<div class=\"wpcf7 no-js\" id=\"wpcf7-f243598-o1\" lang=\"et\" dir=\"ltr\" data-wpcf7-id=\"243598\">\n<div class=\"screen-reader-response\"><p role=\"status\" aria-live=\"polite\" aria-atomic=\"true\"><\/p> <ul><\/ul><\/div>\n<form action=\"\/en\/wp-json\/wp\/v2\/product\/245992#wpcf7-f243598-o1\" method=\"post\" class=\"wpcf7-form init\" aria-label=\"Contact form\" novalidate=\"novalidate\" data-status=\"init\">\n<div style=\"display: none;\">\n<input type=\"hidden\" name=\"_wpcf7\" value=\"243598\" \/>\n<input type=\"hidden\" name=\"_wpcf7_version\" value=\"6.0.5\" \/>\n<input type=\"hidden\" name=\"_wpcf7_locale\" value=\"et\" \/>\n<input type=\"hidden\" name=\"_wpcf7_unit_tag\" value=\"wpcf7-f243598-o1\" \/>\n<input type=\"hidden\" name=\"_wpcf7_container_post\" value=\"0\" \/>\n<input type=\"hidden\" name=\"_wpcf7_posted_data_hash\" value=\"\" \/>\n<input type=\"hidden\" name=\"_wpcf7_recaptcha_response\" value=\"\" \/>\n<\/div>\n<p><label> Your name<br \/>\n<span class=\"wpcf7-form-control-wrap\" data-name=\"your-name\"><input size=\"40\" maxlength=\"400\" class=\"wpcf7-form-control wpcf7-text wpcf7-validates-as-required\" aria-required=\"true\" aria-invalid=\"false\" value=\"\" type=\"text\" name=\"your-name\" \/><\/span> <\/label>\n<\/p>\n<p><label> Your email<br \/>\n<span class=\"wpcf7-form-control-wrap\" data-name=\"your-email\"><input size=\"40\" maxlength=\"400\" class=\"wpcf7-form-control wpcf7-email wpcf7-validates-as-required wpcf7-text wpcf7-validates-as-email\" aria-required=\"true\" aria-invalid=\"false\" value=\"\" type=\"email\" name=\"your-email\" \/><\/span> <\/label>\n<\/p>\n<p><label> Brand\/Product you are interested in<br \/>\n<span class=\"wpcf7-form-control-wrap\" data-name=\"your-subject\"><input size=\"40\" maxlength=\"400\" class=\"wpcf7-form-control wpcf7-text wpcf7-validates-as-required\" aria-required=\"true\" aria-invalid=\"false\" value=\"\" type=\"text\" name=\"your-subject\" \/><\/span> <\/label>\n<\/p>\n<p><label> Questions about product<br \/>\n<span class=\"wpcf7-form-control-wrap\" data-name=\"your-message\"><textarea cols=\"40\" rows=\"10\" maxlength=\"2000\" class=\"wpcf7-form-control wpcf7-textarea wpcf7-validates-as-required\" aria-required=\"true\" aria-invalid=\"false\" name=\"your-message\"><\/textarea><\/span> <\/label>\n<\/p>\n<p><input class=\"wpcf7-form-control wpcf7-submit has-spinner\" type=\"submit\" value=\"Send request\" \/>\n<\/p><div class=\"wpcf7-response-output\" aria-hidden=\"true\"><\/div>\n<\/form>\n<\/div>\n<\/p>\n","protected":false},"excerpt":{"rendered":"<p>Patriot 3 offers lightweight and mobile ballistic products such as shields, shield guards and barriers. All products are patented and 100% made in the USA. (P3B) All ballistic materials used in Patriot 3 products undergo extensive ballistic testing in a rigorous U.S. testing laboratory to ensure that they meet or exceed the requirements of the [&hellip;]<\/p>\n","protected":false},"featured_media":246146,"template":"","meta":{"_et_pb_use_builder":"","_et_pb_old_content":"","_et_gb_content_width":""},"product_brand":[],"product_cat":[723,226,665,228],"product_tag":[565],"class_list":{"0":"post-245992","1":"product","2":"type-product","3":"status-publish","4":"has-post-thumbnail","6":"product_cat-rescue-tools","7":"product_cat-ballistic-protection","8":"product_cat-shields","9":"product_cat-special-equipment","10":"product_tag-patriot-3-en","12":"first","13":"instock","14":"shipping-taxable","15":"product-type-simple"},"yoast_head":"<!-- This site is optimized with the Yoast SEO plugin v24.7 - https:\/\/yoast.com\/wordpress\/plugins\/seo\/ -->\n<title>Patriot 3 | Products - Eqqus<\/title>\n<meta name=\"description\" content=\"Patriot 3 Elevated (P3E) is the world&#039;s leading manufacturer of tactical systems for high altitude deliveries (ETS). Tested and proven by law enforcement.\" \/>\n<meta name=\"robots\" content=\"index, follow, max-snippet:-1, max-image-preview:large, max-video-preview:-1\" \/>\n<link rel=\"canonical\" href=\"https:\/\/www.eqqus.ee\/en\/product\/special-equipment\/rescue-tools\/patriot-3\/\" \/>\n<meta property=\"og:locale\" content=\"en_US\" \/>\n<meta property=\"og:type\" content=\"article\" \/>\n<meta property=\"og:title\" content=\"Patriot 3 | Products - Eqqus\" \/>\n<meta property=\"og:description\" content=\"Patriot 3 Elevated (P3E) is the world&#039;s leading manufacturer of tactical systems for high altitude deliveries (ETS). Tested and proven by law enforcement.\" \/>\n<meta property=\"og:url\" content=\"https:\/\/www.eqqus.ee\/en\/product\/special-equipment\/rescue-tools\/patriot-3\/\" \/>\n<meta property=\"og:site_name\" content=\"eqqus Ltd O\u00dc\" \/>\n<meta property=\"article:publisher\" content=\"https:\/\/www.facebook.com\/eqqusLtd\" \/>\n<meta property=\"article:modified_time\" content=\"2023-11-27T08:02:45+00:00\" \/>\n<meta property=\"og:image\" content=\"https:\/\/www.eqqus.ee\/wp-content\/uploads\/2023\/06\/PATRIOT3-EQQU.png\" \/>\n\t<meta property=\"og:image:width\" content=\"400\" \/>\n\t<meta property=\"og:image:height\" content=\"210\" \/>\n\t<meta property=\"og:image:type\" content=\"image\/png\" \/>\n<meta name=\"twitter:card\" content=\"summary_large_image\" \/>\n<meta name=\"twitter:label1\" content=\"Est. reading time\" \/>\n\t<meta name=\"twitter:data1\" content=\"3 minutes\" \/>\n<script type=\"application\/ld+json\" class=\"yoast-schema-graph\">{\"@context\":\"https:\/\/schema.org\",\"@graph\":[{\"@type\":\"WebPage\",\"@id\":\"https:\/\/www.eqqus.ee\/en\/product\/special-equipment\/rescue-tools\/patriot-3\/\",\"url\":\"https:\/\/www.eqqus.ee\/en\/product\/special-equipment\/rescue-tools\/patriot-3\/\",\"name\":\"Patriot 3 | Products - Eqqus\",\"isPartOf\":{\"@id\":\"https:\/\/www.eqqus.ee\/en\/#website\"},\"primaryImageOfPage\":{\"@id\":\"https:\/\/www.eqqus.ee\/en\/product\/special-equipment\/rescue-tools\/patriot-3\/#primaryimage\"},\"image\":{\"@id\":\"https:\/\/www.eqqus.ee\/en\/product\/special-equipment\/rescue-tools\/patriot-3\/#primaryimage\"},\"thumbnailUrl\":\"https:\/\/www.eqqus.ee\/wp-content\/uploads\/2023\/06\/PATRIOT3-EQQU.png\",\"datePublished\":\"2023-06-14T07:48:07+00:00\",\"dateModified\":\"2023-11-27T08:02:45+00:00\",\"description\":\"Patriot 3 Elevated (P3E) is the world's leading manufacturer of tactical systems for high altitude deliveries (ETS). Tested and proven by law enforcement.\",\"breadcrumb\":{\"@id\":\"https:\/\/www.eqqus.ee\/en\/product\/special-equipment\/rescue-tools\/patriot-3\/#breadcrumb\"},\"inLanguage\":\"en-US\",\"potentialAction\":[{\"@type\":\"ReadAction\",\"target\":[\"https:\/\/www.eqqus.ee\/en\/product\/special-equipment\/rescue-tools\/patriot-3\/\"]}]},{\"@type\":\"ImageObject\",\"inLanguage\":\"en-US\",\"@id\":\"https:\/\/www.eqqus.ee\/en\/product\/special-equipment\/rescue-tools\/patriot-3\/#primaryimage\",\"url\":\"https:\/\/www.eqqus.ee\/wp-content\/uploads\/2023\/06\/PATRIOT3-EQQU.png\",\"contentUrl\":\"https:\/\/www.eqqus.ee\/wp-content\/uploads\/2023\/06\/PATRIOT3-EQQU.png\",\"width\":400,\"height\":210,\"caption\":\"s\u00f5jatehnika ja kaitsevarustuse m\u00fc\u00fck eqqus\"},{\"@type\":\"BreadcrumbList\",\"@id\":\"https:\/\/www.eqqus.ee\/en\/product\/special-equipment\/rescue-tools\/patriot-3\/#breadcrumb\",\"itemListElement\":[{\"@type\":\"ListItem\",\"position\":1,\"name\":\"Esileht\",\"item\":\"https:\/\/www.eqqus.ee\/en\/\"},{\"@type\":\"ListItem\",\"position\":2,\"name\":\"Product Filter\",\"item\":\"https:\/\/www.eqqus.ee\/toodete-filter\/\"},{\"@type\":\"ListItem\",\"position\":3,\"name\":\"Patriot 3\"}]},{\"@type\":\"WebSite\",\"@id\":\"https:\/\/www.eqqus.ee\/en\/#website\",\"url\":\"https:\/\/www.eqqus.ee\/en\/\",\"name\":\"eqqus Ltd O\u00dc\",\"description\":\"Kaitsevahendid\",\"publisher\":{\"@id\":\"https:\/\/www.eqqus.ee\/en\/#organization\"},\"potentialAction\":[{\"@type\":\"SearchAction\",\"target\":{\"@type\":\"EntryPoint\",\"urlTemplate\":\"https:\/\/www.eqqus.ee\/en\/?s={search_term_string}\"},\"query-input\":{\"@type\":\"PropertyValueSpecification\",\"valueRequired\":true,\"valueName\":\"search_term_string\"}}],\"inLanguage\":\"en-US\"},{\"@type\":\"Organization\",\"@id\":\"https:\/\/www.eqqus.ee\/en\/#organization\",\"name\":\"eqqus Ltd O\u00dc\",\"url\":\"https:\/\/www.eqqus.ee\/en\/\",\"logo\":{\"@type\":\"ImageObject\",\"inLanguage\":\"en-US\",\"@id\":\"https:\/\/www.eqqus.ee\/en\/#\/schema\/logo\/image\/\",\"url\":\"https:\/\/www.eqqus.ee\/wp-content\/uploads\/2023\/06\/eqqus.ee-logo.png\",\"contentUrl\":\"https:\/\/www.eqqus.ee\/wp-content\/uploads\/2023\/06\/eqqus.ee-logo.png\",\"width\":627,\"height\":146,\"caption\":\"eqqus Ltd O\u00dc\"},\"image\":{\"@id\":\"https:\/\/www.eqqus.ee\/en\/#\/schema\/logo\/image\/\"},\"sameAs\":[\"https:\/\/www.facebook.com\/eqqusLtd\"]}]}<\/script>\n<!-- \/ Yoast SEO plugin. -->","yoast_head_json":{"title":"Patriot 3 | Products - Eqqus","description":"Patriot 3 Elevated (P3E) is the world's leading manufacturer of tactical systems for high altitude deliveries (ETS). Tested and proven by law enforcement.","robots":{"index":"index","follow":"follow","max-snippet":"max-snippet:-1","max-image-preview":"max-image-preview:large","max-video-preview":"max-video-preview:-1"},"canonical":"https:\/\/www.eqqus.ee\/en\/product\/special-equipment\/rescue-tools\/patriot-3\/","og_locale":"en_US","og_type":"article","og_title":"Patriot 3 | Products - Eqqus","og_description":"Patriot 3 Elevated (P3E) is the world's leading manufacturer of tactical systems for high altitude deliveries (ETS). Tested and proven by law enforcement.","og_url":"https:\/\/www.eqqus.ee\/en\/product\/special-equipment\/rescue-tools\/patriot-3\/","og_site_name":"eqqus Ltd O\u00dc","article_publisher":"https:\/\/www.facebook.com\/eqqusLtd","article_modified_time":"2023-11-27T08:02:45+00:00","og_image":[{"width":400,"height":210,"url":"https:\/\/www.eqqus.ee\/wp-content\/uploads\/2023\/06\/PATRIOT3-EQQU.png","type":"image\/png"}],"twitter_card":"summary_large_image","twitter_misc":{"Est. reading time":"3 minutes"},"schema":{"@context":"https:\/\/schema.org","@graph":[{"@type":"WebPage","@id":"https:\/\/www.eqqus.ee\/en\/product\/special-equipment\/rescue-tools\/patriot-3\/","url":"https:\/\/www.eqqus.ee\/en\/product\/special-equipment\/rescue-tools\/patriot-3\/","name":"Patriot 3 | Products - Eqqus","isPartOf":{"@id":"https:\/\/www.eqqus.ee\/en\/#website"},"primaryImageOfPage":{"@id":"https:\/\/www.eqqus.ee\/en\/product\/special-equipment\/rescue-tools\/patriot-3\/#primaryimage"},"image":{"@id":"https:\/\/www.eqqus.ee\/en\/product\/special-equipment\/rescue-tools\/patriot-3\/#primaryimage"},"thumbnailUrl":"https:\/\/www.eqqus.ee\/wp-content\/uploads\/2023\/06\/PATRIOT3-EQQU.png","datePublished":"2023-06-14T07:48:07+00:00","dateModified":"2023-11-27T08:02:45+00:00","description":"Patriot 3 Elevated (P3E) is the world's leading manufacturer of tactical systems for high altitude deliveries (ETS). Tested and proven by law enforcement.","breadcrumb":{"@id":"https:\/\/www.eqqus.ee\/en\/product\/special-equipment\/rescue-tools\/patriot-3\/#breadcrumb"},"inLanguage":"en-US","potentialAction":[{"@type":"ReadAction","target":["https:\/\/www.eqqus.ee\/en\/product\/special-equipment\/rescue-tools\/patriot-3\/"]}]},{"@type":"ImageObject","inLanguage":"en-US","@id":"https:\/\/www.eqqus.ee\/en\/product\/special-equipment\/rescue-tools\/patriot-3\/#primaryimage","url":"https:\/\/www.eqqus.ee\/wp-content\/uploads\/2023\/06\/PATRIOT3-EQQU.png","contentUrl":"https:\/\/www.eqqus.ee\/wp-content\/uploads\/2023\/06\/PATRIOT3-EQQU.png","width":400,"height":210,"caption":"s\u00f5jatehnika ja kaitsevarustuse m\u00fc\u00fck eqqus"},{"@type":"BreadcrumbList","@id":"https:\/\/www.eqqus.ee\/en\/product\/special-equipment\/rescue-tools\/patriot-3\/#breadcrumb","itemListElement":[{"@type":"ListItem","position":1,"name":"Esileht","item":"https:\/\/www.eqqus.ee\/en\/"},{"@type":"ListItem","position":2,"name":"Product Filter","item":"https:\/\/www.eqqus.ee\/toodete-filter\/"},{"@type":"ListItem","position":3,"name":"Patriot 3"}]},{"@type":"WebSite","@id":"https:\/\/www.eqqus.ee\/en\/#website","url":"https:\/\/www.eqqus.ee\/en\/","name":"eqqus Ltd O\u00dc","description":"Kaitsevahendid","publisher":{"@id":"https:\/\/www.eqqus.ee\/en\/#organization"},"potentialAction":[{"@type":"SearchAction","target":{"@type":"EntryPoint","urlTemplate":"https:\/\/www.eqqus.ee\/en\/?s={search_term_string}"},"query-input":{"@type":"PropertyValueSpecification","valueRequired":true,"valueName":"search_term_string"}}],"inLanguage":"en-US"},{"@type":"Organization","@id":"https:\/\/www.eqqus.ee\/en\/#organization","name":"eqqus Ltd O\u00dc","url":"https:\/\/www.eqqus.ee\/en\/","logo":{"@type":"ImageObject","inLanguage":"en-US","@id":"https:\/\/www.eqqus.ee\/en\/#\/schema\/logo\/image\/","url":"https:\/\/www.eqqus.ee\/wp-content\/uploads\/2023\/06\/eqqus.ee-logo.png","contentUrl":"https:\/\/www.eqqus.ee\/wp-content\/uploads\/2023\/06\/eqqus.ee-logo.png","width":627,"height":146,"caption":"eqqus Ltd O\u00dc"},"image":{"@id":"https:\/\/www.eqqus.ee\/en\/#\/schema\/logo\/image\/"},"sameAs":["https:\/\/www.facebook.com\/eqqusLtd"]}]}},"_links":{"self":[{"href":"https:\/\/www.eqqus.ee\/en\/wp-json\/wp\/v2\/product\/245992","targetHints":{"allow":["GET"]}}],"collection":[{"href":"https:\/\/www.eqqus.ee\/en\/wp-json\/wp\/v2\/product"}],"about":[{"href":"https:\/\/www.eqqus.ee\/en\/wp-json\/wp\/v2\/types\/product"}],"wp:featuredmedia":[{"embeddable":true,"href":"https:\/\/www.eqqus.ee\/en\/wp-json\/wp\/v2\/media\/246146"}],"wp:attachment":[{"href":"https:\/\/www.eqqus.ee\/en\/wp-json\/wp\/v2\/media?parent=245992"}],"wp:term":[{"taxonomy":"product_brand","embeddable":true,"href":"https:\/\/www.eqqus.ee\/en\/wp-json\/wp\/v2\/product_brand?post=245992"},{"taxonomy":"product_cat","embeddable":true,"href":"https:\/\/www.eqqus.ee\/en\/wp-json\/wp\/v2\/product_cat?post=245992"},{"taxonomy":"product_tag","embeddable":true,"href":"https:\/\/www.eqqus.ee\/en\/wp-json\/wp\/v2\/product_tag?post=245992"}],"curies":[{"name":"wp","href":"https:\/\/api.w.org\/{rel}","templated":true}]}}