{"id":245988,"date":"2023-06-14T10:44:54","date_gmt":"2023-06-14T07:44:54","guid":{"rendered":"https:\/\/www.eqqus.ee\/toode\/uncategorized\/infraredid\/"},"modified":"2024-05-20T14:42:19","modified_gmt":"2024-05-20T11:42:19","slug":"infraredid","status":"publish","type":"product","link":"https:\/\/www.eqqus.ee\/en\/product\/special-equipment\/identification\/infraredid\/","title":{"rendered":"infraredID"},"content":{"rendered":"<p><img decoding=\"async\" class=\"alignnone wp-image-245358\" src=\"https:\/\/www.eqqus.ee\/wp-content\/uploads\/2022\/06\/download.webp\" alt=\"Masina IR m\u00e4rgistamine m\u00e4rk infrapuna\" width=\"286\" height=\"178\" \/><\/p>\n<p><a href=\"https:\/\/www.infrared-id.com\/\" target=\"_blank\" rel=\"noopener\">IInfraredID, a division of Reshet-Graf ltd (founded 1977), which develops and manufactures infrared ID solutions for night vision, SWIR and thermal devices. They specialize in passive IFF Battle ID customized products (personal and vehicle), including multi-spectral camouflage. Unpowered thermal targets for calibration, reset and training. The products can be customized according to the customer&#8217;s requirements. All products are passive, without current or chemical action. <\/a><\/p>\n<p><a href=\"https:\/\/www.infrared-id.com\/\" target=\"_blank\" rel=\"noopener\">The company has an ISO9001: 2015 certificate and all production takes place in its own buildings. The materials and products have passed laboratory and field tests. The most prominent users of Infrared-ID products are the Israeli Police and Army Special Forces and many other European and US troops.&lt;\/a&gt;<\/a><\/p>\n<p>&nbsp;<\/p>\n<p>By clicking <a href=\"https:\/\/www.eqqus.ee\/wp-content\/uploads\/2022\/06\/infraredid-targets-catalog-v12-2022-thermal.pdf\">InfraredID &#8211; Soojus sihtm\u00e4rkide kataloog 2022<\/a> (.PDF) you can get acquainted with the targets for use with heat-sensitive products.<\/p>\n<p>By clicking <a href=\"https:\/\/www.eqqus.ee\/wp-content\/uploads\/2022\/06\/infrared-id-markeerimisvoimaluste-kataloog-2022.pdf\">InfraredID &#8211; V\u00f5itleja identifitseerimise kataloog 2022<\/a> (.PDF) you can learn about infrared and heat-sensitive marking options.<\/p>\n<p>By clicking <a href=\"https:\/\/www.eqqus.ee\/wp-content\/uploads\/2022\/06\/infraredid-masinate-markeerimiine-id-2022-lr.pdf\">InfraredID &#8211; Masinate markeerimise kataloog 2022<\/a> (.PDF) you can get acquainted with the possibilities of marking friendly machines (numbers, letters and shapes)<\/p>\n<p>&nbsp;<\/p>\n<h3>INFRARED DETECTION &#8211; NVDs, Illuminators and SWIR<\/h3>\n<p>&nbsp;<\/p>\n<p>Technology<br \/>\nIR detection products made of passive material are designed to absorb the full spectrum of visual light and reflect back only infrared. The reflected IR wavelength can be adjusted (0.7-1.4 microns). IR-reflecting products remain hidden and are only activated when the IR laser \/ light descends on them. The reflected IR is returned at a narrow angle and can only be observed from the perspective of the IR source.<\/p>\n<p>&nbsp;<\/p>\n<p><strong>IR flags<\/strong><\/p>\n<ul>\n<li>Custom made Infrared flag patches for IFF identifications<\/li>\n<li>Made from IR reflective material<\/li>\n<li>Velcro brand backing<\/li>\n<li>Custom logo, flag, letters and symbols<\/li>\n<li><img decoding=\"async\" class=\"alignnone wp-image-245360\" src=\"https:\/\/www.eqqus.ee\/wp-content\/uploads\/2022\/06\/infrapuna-lipud.jpg\" alt=\"\u00d6\u00f6vaatlusseadmega n\u00e4htav lipp IR Patch \" width=\"423\" height=\"250\" \/><\/li>\n<\/ul>\n<p>&nbsp;<\/p>\n<p><strong>IR Callsign patches<\/strong><\/p>\n<ul>\n<li>Custom made Infrared Call sign patches<\/li>\n<li>Reversible callsign patches<\/li>\n<li>Custom colors (Tan\/OD\/MultiCam) texts and symbols<\/li>\n<li>Combined blood type &amp; callsign<\/li>\n<li>Airsoft \/ Paintball patches<\/li>\n<li><img decoding=\"async\" class=\"alignnone wp-image-245362\" src=\"https:\/\/www.eqqus.ee\/wp-content\/uploads\/2022\/06\/Ir-kutsungi-patch-callsign-1024x593.jpg\" alt=\"Ir kutsung \u00f6\u00f6sel n\u00e4htav\" width=\"394\" height=\"228\" \/><\/li>\n<\/ul>\n<p>&nbsp;<\/p>\n<p><strong>Laser cut IR patches<\/strong><\/p>\n<ul>\n<li>Laser cut Cordura flag and callsign IR patches<\/li>\n<li>Custom fabrics and hybrid combination<\/li>\n<li><img decoding=\"async\" class=\"alignnone wp-image-245364\" src=\"https:\/\/www.eqqus.ee\/wp-content\/uploads\/2022\/06\/20200715152800.589-1024x799.jpg\" alt=\"\u00d6VS n\u00e4htav Lipp Patch\" width=\"375\" height=\"293\" \/><\/li>\n<\/ul>\n<p>&nbsp;<\/p>\n<p><strong>Vehicle IR markers<\/strong><\/p>\n<ul>\n<li>V marker for Vehicles<\/li>\n<li>Magnetic or adhesive-backed<\/li>\n<li>NATO standard, custom size and shape<\/li>\n<li><img decoding=\"async\" class=\"alignnone wp-image-245358\" src=\"https:\/\/www.eqqus.ee\/wp-content\/uploads\/2022\/06\/download.webp\" alt=\"Masina IR m\u00e4rgistamine m\u00e4rk infrapuna\" width=\"318\" height=\"197\" \/><\/li>\n<\/ul>\n<p>&nbsp;<\/p>\n<p><strong>IR IFF Squares<\/strong><\/p>\n<ul>\n<li>Custom made Infrared Call sign patches<\/li>\n<li>Reversible callsign patches<\/li>\n<\/ul>\n<p>&nbsp;<\/p>\n<p><strong>Blood type patches<\/strong><\/p>\n<ul>\n<li>Personal blood type IR patches<\/li>\n<li>Custom colors (Tan\/OD\/MultiCam)<\/li>\n<\/ul>\n<p>&nbsp;<\/p>\n<p>Photoluminescent ID<\/p>\n<ul>\n<li>High-level long luminance (glow in the dark)<\/li>\n<li>Luminous patches<\/li>\n<li>Helmet cat eyes<\/li>\n<li>Fused IR &amp; Luminous ID patches<\/li>\n<li>Reflective &amp; Luminous patches<\/li>\n<li><img decoding=\"async\" class=\"alignnone wp-image-245366\" src=\"https:\/\/www.eqqus.ee\/wp-content\/uploads\/2022\/06\/politsei-patch-helendav-1024x481.jpg\" alt=\"helendav politsei tunnusm\u00e4rk\" width=\"402\" height=\"189\" \/><\/li>\n<\/ul>\n<p>&nbsp;<\/p>\n<h4>Thermal Combat ID patches, Thermal ID Panels (Thermal Devices 3-5 &amp; 8-12 micron)<\/h4>\n<p><strong><br \/>\nTechnology<br \/>\n<\/strong>Thermal ID panels and patches made from a passive material, intended for outdoor use, when exposed to open sky will reflect thermal energy of the sky ( on a clear day sky temperature can drop to -30oc) and appear as a contrasting cold area on the thermal device. Same material for 3-5 micron &amp; 8-12 micron.<\/p>\n<p>&nbsp;<\/p>\n<p><strong>Thermal ID patches<\/strong><\/p>\n<ul>\n<li>Custom made Thermal ID patches for IFF identifications<\/li>\n<li>Velcro brand backing.<\/li>\n<li>Custom shape and size<\/li>\n<\/ul>\n<p>&nbsp;<\/p>\n<p><strong>Vehicle Thermal ID<\/strong><\/p>\n<ul>\n<li>Rooftop ID markers for thermal vision devices<\/li>\n<li>Magnetic or adhesive backing<\/li>\n<li>Letters and numbers<\/li>\n<li>Custom size, shape and colors<\/li>\n<li>Fusion Vehicle markers<\/li>\n<li><img decoding=\"async\" class=\"alignnone wp-image-245368\" src=\"https:\/\/www.eqqus.ee\/wp-content\/uploads\/2022\/06\/download-1.webp\" alt=\"Termokleebis tankil infraredID masinal\" width=\"400\" height=\"266\" \/><\/li>\n<\/ul>\n<p>&nbsp;<\/p>\n<h3>Passive Thermal Targets (Thermal sights)<\/h3>\n<p><strong>Technology<\/strong><br \/>\nPassive, no power boresighting, calibration and shooting targets for thermal sights made from a unique\u00a0material that has natural thermal contrast \u2013 suitable for any weather for outdoor use.\u00a0Supplied with or without adhesive backing including repair patches.<\/p>\n<p>&nbsp;<\/p>\n<p><strong>Calibration and Zeroing<\/strong><\/p>\n<ul>\n<li>Standard and custom Calibration and Zeroing<\/li>\n<li>Passive thermal targets<\/li>\n<li>Long-range thermal calibration<\/li>\n<li>Boresighting thermal targets<\/li>\n<li>Infrared stereo calibration targets<\/li>\n<li>Multispectral zeroing<\/li>\n<\/ul>\n<p>&nbsp;<\/p>\n<p><strong>Figures\/Silhouettes<\/strong><\/p>\n<ul>\n<li>Figures and silhouettes for shooting range<\/li>\n<li>Half and full man, AK 47 and M16<\/li>\n<li>Head targets<\/li>\n<li>E\u2019 type targets<\/li>\n<li>Sleeve thermal targets<\/li>\n<li>Photo and Thermal Realistic targets<\/li>\n<li>Repair patches for hot and cold zones<\/li>\n<li>Standard and custom targets<\/li>\n<li><img decoding=\"async\" class=\"alignnone wp-image-245372\" src=\"https:\/\/www.eqqus.ee\/wp-content\/uploads\/2022\/06\/inimese-siluett-laskmiseks.webp\" alt=\"inimese kujud \u00f6iseks laskmiseks siluett termo\" width=\"334\" height=\"364\" srcset=\"https:\/\/www.eqqus.ee\/wp-content\/uploads\/2022\/06\/inimese-siluett-laskmiseks.webp 472w, https:\/\/www.eqqus.ee\/wp-content\/uploads\/2022\/06\/inimese-siluett-laskmiseks-250x272.webp 250w, https:\/\/www.eqqus.ee\/wp-content\/uploads\/2022\/06\/inimese-siluett-laskmiseks-64x70.webp 64w, https:\/\/www.eqqus.ee\/wp-content\/uploads\/2022\/06\/inimese-siluett-laskmiseks-275x300.webp 275w\" sizes=\"(max-width: 334px) 100vw, 334px\" \/><\/li>\n<\/ul>\n<p>&nbsp;<\/p>\n<p><strong>Vehicles<\/strong><\/p>\n<ul>\n<li>Tanks, Jeeps, trucks silhouettes for thermal and day sights<\/li>\n<li>All Vehicles can be custom made up to real 1:1 size<\/li>\n<li>Photo and Thermal realistic vehicles<\/li>\n<li><img decoding=\"async\" class=\"alignnone wp-image-245370\" src=\"https:\/\/www.eqqus.ee\/wp-content\/uploads\/2022\/06\/tanki-siluett-laskmiseks.webp\" alt=\"masina termosihtm\u00e4rk \u00f6ine laskmine\" width=\"331\" height=\"444\" srcset=\"https:\/\/www.eqqus.ee\/wp-content\/uploads\/2022\/06\/tanki-siluett-laskmiseks.webp 472w, https:\/\/www.eqqus.ee\/wp-content\/uploads\/2022\/06\/tanki-siluett-laskmiseks-250x336.webp 250w, https:\/\/www.eqqus.ee\/wp-content\/uploads\/2022\/06\/tanki-siluett-laskmiseks-64x86.webp 64w, https:\/\/www.eqqus.ee\/wp-content\/uploads\/2022\/06\/tanki-siluett-laskmiseks-223x300.webp 223w\" sizes=\"(max-width: 331px) 100vw, 331px\" \/><\/li>\n<\/ul>\n<p>&nbsp;<\/p>\n<p><strong>Thermal Targets for Indoor<\/strong><\/p>\n<ul>\n<li>The new patented technology of thermal targets for indoor shooting range use<\/li>\n<\/ul>\n<p>&nbsp;<\/p>\n<p>&nbsp;<\/p>\n\n<div class=\"wpcf7 no-js\" id=\"wpcf7-f243598-o1\" lang=\"et\" dir=\"ltr\" data-wpcf7-id=\"243598\">\n<div class=\"screen-reader-response\"><p role=\"status\" aria-live=\"polite\" aria-atomic=\"true\"><\/p> <ul><\/ul><\/div>\n<form action=\"\/en\/wp-json\/wp\/v2\/product\/245988#wpcf7-f243598-o1\" method=\"post\" class=\"wpcf7-form init\" aria-label=\"Contact form\" novalidate=\"novalidate\" data-status=\"init\">\n<div style=\"display: none;\">\n<input type=\"hidden\" name=\"_wpcf7\" value=\"243598\" \/>\n<input type=\"hidden\" name=\"_wpcf7_version\" value=\"6.0.5\" \/>\n<input type=\"hidden\" name=\"_wpcf7_locale\" value=\"et\" \/>\n<input type=\"hidden\" name=\"_wpcf7_unit_tag\" value=\"wpcf7-f243598-o1\" \/>\n<input type=\"hidden\" name=\"_wpcf7_container_post\" value=\"0\" \/>\n<input type=\"hidden\" name=\"_wpcf7_posted_data_hash\" value=\"\" \/>\n<input type=\"hidden\" name=\"_wpcf7_recaptcha_response\" value=\"\" \/>\n<\/div>\n<p><label> Your name<br \/>\n<span class=\"wpcf7-form-control-wrap\" data-name=\"your-name\"><input size=\"40\" maxlength=\"400\" class=\"wpcf7-form-control wpcf7-text wpcf7-validates-as-required\" aria-required=\"true\" aria-invalid=\"false\" value=\"\" type=\"text\" name=\"your-name\" \/><\/span> <\/label>\n<\/p>\n<p><label> Your email<br \/>\n<span class=\"wpcf7-form-control-wrap\" data-name=\"your-email\"><input size=\"40\" maxlength=\"400\" class=\"wpcf7-form-control wpcf7-email wpcf7-validates-as-required wpcf7-text wpcf7-validates-as-email\" aria-required=\"true\" aria-invalid=\"false\" value=\"\" type=\"email\" name=\"your-email\" \/><\/span> <\/label>\n<\/p>\n<p><label> Brand\/Product you are interested in<br \/>\n<span class=\"wpcf7-form-control-wrap\" data-name=\"your-subject\"><input size=\"40\" maxlength=\"400\" class=\"wpcf7-form-control wpcf7-text wpcf7-validates-as-required\" aria-required=\"true\" aria-invalid=\"false\" value=\"\" type=\"text\" name=\"your-subject\" \/><\/span> <\/label>\n<\/p>\n<p><label> Questions about product<br \/>\n<span class=\"wpcf7-form-control-wrap\" data-name=\"your-message\"><textarea cols=\"40\" rows=\"10\" maxlength=\"2000\" class=\"wpcf7-form-control wpcf7-textarea wpcf7-validates-as-required\" aria-required=\"true\" aria-invalid=\"false\" name=\"your-message\"><\/textarea><\/span> <\/label>\n<\/p>\n<p><input class=\"wpcf7-form-control wpcf7-submit has-spinner\" type=\"submit\" value=\"Send request\" \/>\n<\/p><div class=\"wpcf7-response-output\" aria-hidden=\"true\"><\/div>\n<\/form>\n<\/div>\n\n","protected":false},"excerpt":{"rendered":"<p>IInfraredID, a division of Reshet-Graf ltd (founded 1977), which develops and manufactures infrared ID solutions for night vision, SWIR and thermal devices. They specialize in passive IFF Battle ID customized products (personal and vehicle), including multi-spectral camouflage. Unpowered thermal targets for calibration, reset and training. The products can be customized according to the customer&#8217;s requirements. [&hellip;]<\/p>\n","protected":false},"featured_media":246130,"template":"","meta":{"_et_pb_use_builder":"","_et_pb_old_content":"","_et_gb_content_width":""},"product_brand":[],"product_cat":[228,672],"product_tag":[561],"class_list":{"0":"post-245988","1":"product","2":"type-product","3":"status-publish","4":"has-post-thumbnail","6":"product_cat-special-equipment","7":"product_cat-identification","8":"product_tag-infraredid-en","10":"first","11":"instock","12":"shipping-taxable","13":"product-type-simple"},"yoast_head":"<!-- This site is optimized with the Yoast SEO plugin v24.7 - https:\/\/yoast.com\/wordpress\/plugins\/seo\/ -->\n<title>infraredID | Products - Eqqus<\/title>\n<meta name=\"description\" content=\"InfraredID specializes in passive IFF Battle ID customized products (personal and vehicle), including multi-spectral camouflage.\" \/>\n<meta name=\"robots\" content=\"index, follow, max-snippet:-1, max-image-preview:large, max-video-preview:-1\" \/>\n<link rel=\"canonical\" href=\"https:\/\/www.eqqus.ee\/en\/product\/special-equipment\/identification\/infraredid\/\" \/>\n<meta property=\"og:locale\" content=\"en_US\" \/>\n<meta property=\"og:type\" content=\"article\" \/>\n<meta property=\"og:title\" content=\"infraredID | Products - Eqqus\" \/>\n<meta property=\"og:description\" content=\"InfraredID specializes in passive IFF Battle ID customized products (personal and vehicle), including multi-spectral camouflage.\" \/>\n<meta property=\"og:url\" content=\"https:\/\/www.eqqus.ee\/en\/product\/special-equipment\/identification\/infraredid\/\" \/>\n<meta property=\"og:site_name\" content=\"eqqus Ltd O\u00dc\" \/>\n<meta property=\"article:publisher\" content=\"https:\/\/www.facebook.com\/eqqusLtd\" \/>\n<meta property=\"article:modified_time\" content=\"2024-05-20T11:42:19+00:00\" \/>\n<meta property=\"og:image\" content=\"https:\/\/www.eqqus.ee\/wp-content\/uploads\/2023\/06\/INFRAREDID-EQQU.png\" \/>\n\t<meta property=\"og:image:width\" content=\"400\" \/>\n\t<meta property=\"og:image:height\" content=\"210\" \/>\n\t<meta property=\"og:image:type\" content=\"image\/png\" \/>\n<meta name=\"twitter:card\" content=\"summary_large_image\" \/>\n<meta name=\"twitter:label1\" content=\"Est. reading time\" \/>\n\t<meta name=\"twitter:data1\" content=\"6 minutes\" \/>\n<script type=\"application\/ld+json\" class=\"yoast-schema-graph\">{\"@context\":\"https:\/\/schema.org\",\"@graph\":[{\"@type\":\"WebPage\",\"@id\":\"https:\/\/www.eqqus.ee\/en\/product\/special-equipment\/identification\/infraredid\/\",\"url\":\"https:\/\/www.eqqus.ee\/en\/product\/special-equipment\/identification\/infraredid\/\",\"name\":\"infraredID | Products - Eqqus\",\"isPartOf\":{\"@id\":\"https:\/\/www.eqqus.ee\/en\/#website\"},\"primaryImageOfPage\":{\"@id\":\"https:\/\/www.eqqus.ee\/en\/product\/special-equipment\/identification\/infraredid\/#primaryimage\"},\"image\":{\"@id\":\"https:\/\/www.eqqus.ee\/en\/product\/special-equipment\/identification\/infraredid\/#primaryimage\"},\"thumbnailUrl\":\"https:\/\/www.eqqus.ee\/wp-content\/uploads\/2023\/06\/INFRAREDID-EQQU.png\",\"datePublished\":\"2023-06-14T07:44:54+00:00\",\"dateModified\":\"2024-05-20T11:42:19+00:00\",\"description\":\"InfraredID specializes in passive IFF Battle ID customized products (personal and vehicle), including multi-spectral camouflage.\",\"breadcrumb\":{\"@id\":\"https:\/\/www.eqqus.ee\/en\/product\/special-equipment\/identification\/infraredid\/#breadcrumb\"},\"inLanguage\":\"en-US\",\"potentialAction\":[{\"@type\":\"ReadAction\",\"target\":[\"https:\/\/www.eqqus.ee\/en\/product\/special-equipment\/identification\/infraredid\/\"]}]},{\"@type\":\"ImageObject\",\"inLanguage\":\"en-US\",\"@id\":\"https:\/\/www.eqqus.ee\/en\/product\/special-equipment\/identification\/infraredid\/#primaryimage\",\"url\":\"https:\/\/www.eqqus.ee\/wp-content\/uploads\/2023\/06\/INFRAREDID-EQQU.png\",\"contentUrl\":\"https:\/\/www.eqqus.ee\/wp-content\/uploads\/2023\/06\/INFRAREDID-EQQU.png\",\"width\":400,\"height\":210,\"caption\":\"s\u00f5jatehnika ja kaitsevarustuse m\u00fc\u00fck eqqus\"},{\"@type\":\"BreadcrumbList\",\"@id\":\"https:\/\/www.eqqus.ee\/en\/product\/special-equipment\/identification\/infraredid\/#breadcrumb\",\"itemListElement\":[{\"@type\":\"ListItem\",\"position\":1,\"name\":\"Esileht\",\"item\":\"https:\/\/www.eqqus.ee\/en\/\"},{\"@type\":\"ListItem\",\"position\":2,\"name\":\"Product Filter\",\"item\":\"https:\/\/www.eqqus.ee\/toodete-filter\/\"},{\"@type\":\"ListItem\",\"position\":3,\"name\":\"infraredID\"}]},{\"@type\":\"WebSite\",\"@id\":\"https:\/\/www.eqqus.ee\/en\/#website\",\"url\":\"https:\/\/www.eqqus.ee\/en\/\",\"name\":\"eqqus Ltd O\u00dc\",\"description\":\"Kaitsevahendid\",\"publisher\":{\"@id\":\"https:\/\/www.eqqus.ee\/en\/#organization\"},\"potentialAction\":[{\"@type\":\"SearchAction\",\"target\":{\"@type\":\"EntryPoint\",\"urlTemplate\":\"https:\/\/www.eqqus.ee\/en\/?s={search_term_string}\"},\"query-input\":{\"@type\":\"PropertyValueSpecification\",\"valueRequired\":true,\"valueName\":\"search_term_string\"}}],\"inLanguage\":\"en-US\"},{\"@type\":\"Organization\",\"@id\":\"https:\/\/www.eqqus.ee\/en\/#organization\",\"name\":\"eqqus Ltd O\u00dc\",\"url\":\"https:\/\/www.eqqus.ee\/en\/\",\"logo\":{\"@type\":\"ImageObject\",\"inLanguage\":\"en-US\",\"@id\":\"https:\/\/www.eqqus.ee\/en\/#\/schema\/logo\/image\/\",\"url\":\"https:\/\/www.eqqus.ee\/wp-content\/uploads\/2023\/06\/eqqus.ee-logo.png\",\"contentUrl\":\"https:\/\/www.eqqus.ee\/wp-content\/uploads\/2023\/06\/eqqus.ee-logo.png\",\"width\":627,\"height\":146,\"caption\":\"eqqus Ltd O\u00dc\"},\"image\":{\"@id\":\"https:\/\/www.eqqus.ee\/en\/#\/schema\/logo\/image\/\"},\"sameAs\":[\"https:\/\/www.facebook.com\/eqqusLtd\"]}]}<\/script>\n<!-- \/ Yoast SEO plugin. -->","yoast_head_json":{"title":"infraredID | Products - Eqqus","description":"InfraredID specializes in passive IFF Battle ID customized products (personal and vehicle), including multi-spectral camouflage.","robots":{"index":"index","follow":"follow","max-snippet":"max-snippet:-1","max-image-preview":"max-image-preview:large","max-video-preview":"max-video-preview:-1"},"canonical":"https:\/\/www.eqqus.ee\/en\/product\/special-equipment\/identification\/infraredid\/","og_locale":"en_US","og_type":"article","og_title":"infraredID | Products - Eqqus","og_description":"InfraredID specializes in passive IFF Battle ID customized products (personal and vehicle), including multi-spectral camouflage.","og_url":"https:\/\/www.eqqus.ee\/en\/product\/special-equipment\/identification\/infraredid\/","og_site_name":"eqqus Ltd O\u00dc","article_publisher":"https:\/\/www.facebook.com\/eqqusLtd","article_modified_time":"2024-05-20T11:42:19+00:00","og_image":[{"width":400,"height":210,"url":"https:\/\/www.eqqus.ee\/wp-content\/uploads\/2023\/06\/INFRAREDID-EQQU.png","type":"image\/png"}],"twitter_card":"summary_large_image","twitter_misc":{"Est. reading time":"6 minutes"},"schema":{"@context":"https:\/\/schema.org","@graph":[{"@type":"WebPage","@id":"https:\/\/www.eqqus.ee\/en\/product\/special-equipment\/identification\/infraredid\/","url":"https:\/\/www.eqqus.ee\/en\/product\/special-equipment\/identification\/infraredid\/","name":"infraredID | Products - Eqqus","isPartOf":{"@id":"https:\/\/www.eqqus.ee\/en\/#website"},"primaryImageOfPage":{"@id":"https:\/\/www.eqqus.ee\/en\/product\/special-equipment\/identification\/infraredid\/#primaryimage"},"image":{"@id":"https:\/\/www.eqqus.ee\/en\/product\/special-equipment\/identification\/infraredid\/#primaryimage"},"thumbnailUrl":"https:\/\/www.eqqus.ee\/wp-content\/uploads\/2023\/06\/INFRAREDID-EQQU.png","datePublished":"2023-06-14T07:44:54+00:00","dateModified":"2024-05-20T11:42:19+00:00","description":"InfraredID specializes in passive IFF Battle ID customized products (personal and vehicle), including multi-spectral camouflage.","breadcrumb":{"@id":"https:\/\/www.eqqus.ee\/en\/product\/special-equipment\/identification\/infraredid\/#breadcrumb"},"inLanguage":"en-US","potentialAction":[{"@type":"ReadAction","target":["https:\/\/www.eqqus.ee\/en\/product\/special-equipment\/identification\/infraredid\/"]}]},{"@type":"ImageObject","inLanguage":"en-US","@id":"https:\/\/www.eqqus.ee\/en\/product\/special-equipment\/identification\/infraredid\/#primaryimage","url":"https:\/\/www.eqqus.ee\/wp-content\/uploads\/2023\/06\/INFRAREDID-EQQU.png","contentUrl":"https:\/\/www.eqqus.ee\/wp-content\/uploads\/2023\/06\/INFRAREDID-EQQU.png","width":400,"height":210,"caption":"s\u00f5jatehnika ja kaitsevarustuse m\u00fc\u00fck eqqus"},{"@type":"BreadcrumbList","@id":"https:\/\/www.eqqus.ee\/en\/product\/special-equipment\/identification\/infraredid\/#breadcrumb","itemListElement":[{"@type":"ListItem","position":1,"name":"Esileht","item":"https:\/\/www.eqqus.ee\/en\/"},{"@type":"ListItem","position":2,"name":"Product Filter","item":"https:\/\/www.eqqus.ee\/toodete-filter\/"},{"@type":"ListItem","position":3,"name":"infraredID"}]},{"@type":"WebSite","@id":"https:\/\/www.eqqus.ee\/en\/#website","url":"https:\/\/www.eqqus.ee\/en\/","name":"eqqus Ltd O\u00dc","description":"Kaitsevahendid","publisher":{"@id":"https:\/\/www.eqqus.ee\/en\/#organization"},"potentialAction":[{"@type":"SearchAction","target":{"@type":"EntryPoint","urlTemplate":"https:\/\/www.eqqus.ee\/en\/?s={search_term_string}"},"query-input":{"@type":"PropertyValueSpecification","valueRequired":true,"valueName":"search_term_string"}}],"inLanguage":"en-US"},{"@type":"Organization","@id":"https:\/\/www.eqqus.ee\/en\/#organization","name":"eqqus Ltd O\u00dc","url":"https:\/\/www.eqqus.ee\/en\/","logo":{"@type":"ImageObject","inLanguage":"en-US","@id":"https:\/\/www.eqqus.ee\/en\/#\/schema\/logo\/image\/","url":"https:\/\/www.eqqus.ee\/wp-content\/uploads\/2023\/06\/eqqus.ee-logo.png","contentUrl":"https:\/\/www.eqqus.ee\/wp-content\/uploads\/2023\/06\/eqqus.ee-logo.png","width":627,"height":146,"caption":"eqqus Ltd O\u00dc"},"image":{"@id":"https:\/\/www.eqqus.ee\/en\/#\/schema\/logo\/image\/"},"sameAs":["https:\/\/www.facebook.com\/eqqusLtd"]}]}},"_links":{"self":[{"href":"https:\/\/www.eqqus.ee\/en\/wp-json\/wp\/v2\/product\/245988","targetHints":{"allow":["GET"]}}],"collection":[{"href":"https:\/\/www.eqqus.ee\/en\/wp-json\/wp\/v2\/product"}],"about":[{"href":"https:\/\/www.eqqus.ee\/en\/wp-json\/wp\/v2\/types\/product"}],"wp:featuredmedia":[{"embeddable":true,"href":"https:\/\/www.eqqus.ee\/en\/wp-json\/wp\/v2\/media\/246130"}],"wp:attachment":[{"href":"https:\/\/www.eqqus.ee\/en\/wp-json\/wp\/v2\/media?parent=245988"}],"wp:term":[{"taxonomy":"product_brand","embeddable":true,"href":"https:\/\/www.eqqus.ee\/en\/wp-json\/wp\/v2\/product_brand?post=245988"},{"taxonomy":"product_cat","embeddable":true,"href":"https:\/\/www.eqqus.ee\/en\/wp-json\/wp\/v2\/product_cat?post=245988"},{"taxonomy":"product_tag","embeddable":true,"href":"https:\/\/www.eqqus.ee\/en\/wp-json\/wp\/v2\/product_tag?post=245988"}],"curies":[{"name":"wp","href":"https:\/\/api.w.org\/{rel}","templated":true}]}}