{"id":245977,"date":"2023-06-14T10:39:29","date_gmt":"2023-06-14T07:39:29","guid":{"rendered":"https:\/\/www.eqqus.ee\/toode\/uncategorized\/reconrobotics\/"},"modified":"2024-12-10T15:33:53","modified_gmt":"2024-12-10T13:33:53","slug":"reconrobotics","status":"publish","type":"product","link":"https:\/\/www.eqqus.ee\/en\/product\/special-equipment\/robotics\/reconrobotics\/","title":{"rendered":"ReconRobotics"},"content":{"rendered":"<p><img decoding=\"async\" class=\"alignnone wp-image-245550\" src=\"https:\/\/www.eqqus.ee\/wp-content\/uploads\/2022\/09\/Recon-Robotics-Homepage-Box.jpg\" alt=\"visatav puldiga juhitav robot\" width=\"439\" height=\"294\" \/><\/p>\n<p><a href=\"https:\/\/reconrobotics.com\/\" target=\"_blank\" rel=\"noopener\">ReconRobotics is the world leader in tactical micro-robot and personal sensor systems. Worldwide, nearly 6,000 ReconRobotics<sup>\u00ae<\/sup>\u00a0robots have been deployed to the U.S. military and international friendly forces, federal, state and local law enforcement agencies, bomb squads and fire\/rescue teams. Each day, they use the company\u2019s mobile Recon Scout<sup>\u00ae<\/sup>\u00a0and Throwbot<sup>\u00ae<\/sup>\u00a0devices to protect their personnel, minimize collateral damage, and gain immediate reconnaissance within dangerous and hostile environments.<\/a><\/p>\n<p>&nbsp;<\/p>\n<h4>What makes ReconRobotics\u00ae the market leader?<\/h4>\n<p>Above all, bots are developed with end users in mind. ReconRobotics robots are:<\/p>\n<ul>\n<li>The most Rugged and Durable<\/li>\n<li>Truly reliable<\/li>\n<li>Very easy to use<\/li>\n<li>Low weight weight (600g)<\/li>\n<li>No training is required and they are quick to use<\/li>\n<li>Low maintenance costs<\/li>\n<\/ul>\n<p><strong>Everyone who has been trained in clearing hostile spaces understands that it\u2019s smarter to throw in an inanimate object than to open the door yourself, peek in, and risk your life.<\/strong><\/p>\n<p>&nbsp;<\/p>\n<h4>Throwbot 2 (TB2)<\/h4>\n<p>The Throwbot\u00ae 2 (TB2) robot is a throwable micro-robot platform that enables the operator to obtain instant video and audio detection in indoor or outdoor environments. Designed to withstand repeated drops of up to 30 feet (9 m) onto concrete, the Throwbot\u00ae 2 robot can be thrown into dangerous situations so that users can quickly make the right informed decisions in seconds. The Throwbot 2 microrobot (basic version) is designed to crawl on different terrains and overcome obstacles up to 5 cm high. Optional conversion kits are available. They give the Throwbot\u00ae 2 robot the ability to climb obstacles up to 10cm high or carry and tow a combined 1.8kg of weight using integrated mounting points or Picatinny rails. After activation, the robot can be immediately made to move through the area and transmit in real time:<\/p>\n<ul>\n<li><strong>Video<\/strong><\/li>\n<li><strong>Sounds<\/strong><\/li>\n<\/ul>\n<p>These reconnaissance features can detect and identify dangerous elements, confirm the presence of hostages and discover the layout of a room. When used in conjunction with the Recon Scout\u00ae SearchStick\u2122, it can also function as a camera to facilitate the inspection of attics, roofs, and otherwise inaccessible spaces. <strong>When entering a dark room, the robot automatically turns on the IR camera.<\/strong><\/p>\n<p><img decoding=\"async\" class=\"alignnone wp-image-245552\" src=\"https:\/\/www.eqqus.ee\/wp-content\/uploads\/2022\/09\/Recon-Robotics-Throwbot-Army-Training.jpg\" alt=\"ReconRobotics\" width=\"442\" height=\"294\" \/><\/p>\n<p>&nbsp;<\/p>\n<h4>Special versions<\/h4>\n<p>If the basic version of Throwbot allows you to quickly check places invisible to the eye and gives operators the time they need to perform the right actions, then with ReconRobotics robots it is also possible:<\/p>\n<ul>\n<li>Give voice commands (Directly or through translation)<\/li>\n<li>Make confusing Sounds to distract<\/li>\n<li>Disturbing lighting effects<\/li>\n<\/ul>\n<p>&nbsp;<\/p>\n<h4>Payload overview<\/h4>\n<p><img decoding=\"async\" class=\"alignnone size-medium wp-image-249417\" src=\"https:\/\/www.eqqus.ee\/wp-content\/uploads\/2023\/06\/Recon-Robotics-Eesti-Eqqus-Ltd-Estonia-300x300.jpg\" alt=\"Recon Robotics Eesti esindus Estonia Eqqus\" width=\"300\" height=\"300\" \/><\/p>\n<p><span class=\"fontstyle0\">The Speaker MMP attaches seamlessly to your Throwbot\u00ae 2 robot (TB2) and greatly enhances your team\u2019s communications. It provides a major upgrade to your robot\u2019s audio capabilities. Our newest Operator Control Unit 3 (OCU3) allows you to use your Throwbot 2 and activate your payload in seconds. With the speaker attached, the OCU3 lets you \u201cdeploy\u201d your eyes, ears, and voice into any room from a safe distance. You can talk right into your OCU3 in real-time, or plan ahead and pre-record your own commands. The Speaker MMP opens up a 2-way dialogue with who you need, when you need it.<\/span><\/p>\n<p>FEATURES<br \/>\n<span class=\"fontstyle0\">\u2022 See, hear, and talk directly through your TB2.<br \/>\n\u2022 Pre-record up to 5 messages on your OCU3\u2019s SD card<br \/>\n\u2022 With the Speaker Payload equipped, your robot can be launched up to 30 feet and still survive repeated drops onto concrete<\/span><\/p>\n<p>&nbsp;<\/p>\n<h4><span class=\"fontstyle0\">Strobe And Noise Device<\/span><\/h4>\n<p><span class=\"fontstyle2\">The SAND MMP attaches seamlessly to your Throwbot\u00ae 2 robot and greatly enhances your team\u2019s capabilities. This MMP equips your robot with a blinding strobe light and the ability to broadcast a high-pitched screeching sound. Our newest Operator Control Unit 3 (OCU3) allows you to use your robot and activate your payload in seconds. This helps you adapt to almost any situation where a diversion is the best tactic. Indoors or outdoors, the Throwbot\u00ae 2 robot transmits real-time video and audio back to the user, making it a crucial addition to any reconnaissance mission. When seconds matter, the SAND MMP buys you time to move in\u2026 or move out.<\/span><\/p>\n<p><img decoding=\"async\" class=\"alignnone size-medium wp-image-249447\" src=\"https:\/\/www.eqqus.ee\/wp-content\/uploads\/2023\/06\/SAND-MMP-1-300x203.png\" alt=\"\" width=\"300\" height=\"203\" \/><\/p>\n<p><span class=\"fontstyle0\">FEATURES<\/span><\/p>\n<p><span class=\"fontstyle2\">\u2022 A 1000 lumen high-speed strobe light<br \/>\n<\/span><span class=\"fontstyle2\">\u2022 Built-in speaker that emits a piercing 110 dB sound<br \/>\n\u2022 With the Distraction Payload equiped, your Throwbot\u00ae 2 can be launched up to 30 feet and still survive repeated drops onto concrete<\/span><\/p>\n<p>&nbsp;<\/p>\n\n<div class=\"wpcf7 no-js\" id=\"wpcf7-f243598-o1\" lang=\"et\" dir=\"ltr\" data-wpcf7-id=\"243598\">\n<div class=\"screen-reader-response\"><p role=\"status\" aria-live=\"polite\" aria-atomic=\"true\"><\/p> <ul><\/ul><\/div>\n<form action=\"\/en\/wp-json\/wp\/v2\/product\/245977#wpcf7-f243598-o1\" method=\"post\" class=\"wpcf7-form init\" aria-label=\"Contact form\" novalidate=\"novalidate\" data-status=\"init\">\n<div style=\"display: none;\">\n<input type=\"hidden\" name=\"_wpcf7\" value=\"243598\" \/>\n<input type=\"hidden\" name=\"_wpcf7_version\" value=\"6.0.5\" \/>\n<input type=\"hidden\" name=\"_wpcf7_locale\" value=\"et\" \/>\n<input type=\"hidden\" name=\"_wpcf7_unit_tag\" value=\"wpcf7-f243598-o1\" \/>\n<input type=\"hidden\" name=\"_wpcf7_container_post\" value=\"0\" \/>\n<input type=\"hidden\" name=\"_wpcf7_posted_data_hash\" value=\"\" \/>\n<input type=\"hidden\" name=\"_wpcf7_recaptcha_response\" value=\"\" \/>\n<\/div>\n<p><label> Your name<br \/>\n<span class=\"wpcf7-form-control-wrap\" data-name=\"your-name\"><input size=\"40\" maxlength=\"400\" class=\"wpcf7-form-control wpcf7-text wpcf7-validates-as-required\" aria-required=\"true\" aria-invalid=\"false\" value=\"\" type=\"text\" name=\"your-name\" \/><\/span> <\/label>\n<\/p>\n<p><label> Your email<br \/>\n<span class=\"wpcf7-form-control-wrap\" data-name=\"your-email\"><input size=\"40\" maxlength=\"400\" class=\"wpcf7-form-control wpcf7-email wpcf7-validates-as-required wpcf7-text wpcf7-validates-as-email\" aria-required=\"true\" aria-invalid=\"false\" value=\"\" type=\"email\" name=\"your-email\" \/><\/span> <\/label>\n<\/p>\n<p><label> Brand\/Product you are interested in<br \/>\n<span class=\"wpcf7-form-control-wrap\" data-name=\"your-subject\"><input size=\"40\" maxlength=\"400\" class=\"wpcf7-form-control wpcf7-text wpcf7-validates-as-required\" aria-required=\"true\" aria-invalid=\"false\" value=\"\" type=\"text\" name=\"your-subject\" \/><\/span> <\/label>\n<\/p>\n<p><label> Questions about product<br \/>\n<span class=\"wpcf7-form-control-wrap\" data-name=\"your-message\"><textarea cols=\"40\" rows=\"10\" maxlength=\"2000\" class=\"wpcf7-form-control wpcf7-textarea wpcf7-validates-as-required\" aria-required=\"true\" aria-invalid=\"false\" name=\"your-message\"><\/textarea><\/span> <\/label>\n<\/p>\n<p><input class=\"wpcf7-form-control wpcf7-submit has-spinner\" type=\"submit\" value=\"Send request\" \/>\n<\/p><div class=\"wpcf7-response-output\" aria-hidden=\"true\"><\/div>\n<\/form>\n<\/div>\n\n","protected":false},"excerpt":{"rendered":"<p>ReconRobotics is the world leader in tactical micro-robot and personal sensor systems. Worldwide, nearly 6,000 ReconRobotics\u00ae\u00a0robots have been deployed to the U.S. military and international friendly forces, federal, state and local law enforcement agencies, bomb squads and fire\/rescue teams. Each day, they use the company\u2019s mobile Recon Scout\u00ae\u00a0and Throwbot\u00ae\u00a0devices to protect their personnel, minimize collateral [&hellip;]<\/p>\n","protected":false},"featured_media":246170,"template":"","meta":{"_et_pb_use_builder":"","_et_pb_old_content":"","_et_gb_content_width":""},"product_brand":[],"product_cat":[228,673],"product_tag":[555],"class_list":{"0":"post-245977","1":"product","2":"type-product","3":"status-publish","4":"has-post-thumbnail","6":"product_cat-special-equipment","7":"product_cat-robotics","8":"product_tag-reconrobotics-en","10":"first","11":"instock","12":"shipping-taxable","13":"product-type-simple"},"yoast_head":"<!-- This site is optimized with the Yoast SEO plugin v24.7 - https:\/\/yoast.com\/wordpress\/plugins\/seo\/ -->\n<title>ReconRobotics | Products - Eqqus<\/title>\n<meta name=\"description\" content=\"ReconRobotics Throwbot\u00ae 2 (TB2) robot is a throwable micro-robot platform that enables the operator to obtain instant video and audio feedback to make...\" \/>\n<meta name=\"robots\" content=\"index, follow, max-snippet:-1, max-image-preview:large, max-video-preview:-1\" \/>\n<link rel=\"canonical\" href=\"https:\/\/www.eqqus.ee\/en\/product\/special-equipment\/robotics\/reconrobotics\/\" \/>\n<meta property=\"og:locale\" content=\"en_US\" \/>\n<meta property=\"og:type\" content=\"article\" \/>\n<meta property=\"og:title\" content=\"ReconRobotics | Products - Eqqus\" \/>\n<meta property=\"og:description\" content=\"ReconRobotics Throwbot\u00ae 2 (TB2) robot is a throwable micro-robot platform that enables the operator to obtain instant video and audio feedback to make...\" \/>\n<meta property=\"og:url\" content=\"https:\/\/www.eqqus.ee\/en\/product\/special-equipment\/robotics\/reconrobotics\/\" \/>\n<meta property=\"og:site_name\" content=\"eqqus Ltd O\u00dc\" \/>\n<meta property=\"article:publisher\" content=\"https:\/\/www.facebook.com\/eqqusLtd\" \/>\n<meta property=\"article:modified_time\" content=\"2024-12-10T13:33:53+00:00\" \/>\n<meta property=\"og:image\" content=\"https:\/\/www.eqqus.ee\/wp-content\/uploads\/2023\/06\/recon-robotis-eqqu.png\" \/>\n\t<meta property=\"og:image:width\" content=\"400\" \/>\n\t<meta property=\"og:image:height\" content=\"210\" \/>\n\t<meta property=\"og:image:type\" content=\"image\/png\" \/>\n<meta name=\"twitter:card\" content=\"summary_large_image\" \/>\n<meta name=\"twitter:label1\" content=\"Est. reading time\" \/>\n\t<meta name=\"twitter:data1\" content=\"5 minutes\" \/>\n<script type=\"application\/ld+json\" class=\"yoast-schema-graph\">{\"@context\":\"https:\/\/schema.org\",\"@graph\":[{\"@type\":\"WebPage\",\"@id\":\"https:\/\/www.eqqus.ee\/en\/product\/special-equipment\/robotics\/reconrobotics\/\",\"url\":\"https:\/\/www.eqqus.ee\/en\/product\/special-equipment\/robotics\/reconrobotics\/\",\"name\":\"ReconRobotics | Products - Eqqus\",\"isPartOf\":{\"@id\":\"https:\/\/www.eqqus.ee\/en\/#website\"},\"primaryImageOfPage\":{\"@id\":\"https:\/\/www.eqqus.ee\/en\/product\/special-equipment\/robotics\/reconrobotics\/#primaryimage\"},\"image\":{\"@id\":\"https:\/\/www.eqqus.ee\/en\/product\/special-equipment\/robotics\/reconrobotics\/#primaryimage\"},\"thumbnailUrl\":\"https:\/\/www.eqqus.ee\/wp-content\/uploads\/2023\/06\/recon-robotis-eqqu.png\",\"datePublished\":\"2023-06-14T07:39:29+00:00\",\"dateModified\":\"2024-12-10T13:33:53+00:00\",\"description\":\"ReconRobotics Throwbot\u00ae 2 (TB2) robot is a throwable micro-robot platform that enables the operator to obtain instant video and audio feedback to make...\",\"breadcrumb\":{\"@id\":\"https:\/\/www.eqqus.ee\/en\/product\/special-equipment\/robotics\/reconrobotics\/#breadcrumb\"},\"inLanguage\":\"en-US\",\"potentialAction\":[{\"@type\":\"ReadAction\",\"target\":[\"https:\/\/www.eqqus.ee\/en\/product\/special-equipment\/robotics\/reconrobotics\/\"]}]},{\"@type\":\"ImageObject\",\"inLanguage\":\"en-US\",\"@id\":\"https:\/\/www.eqqus.ee\/en\/product\/special-equipment\/robotics\/reconrobotics\/#primaryimage\",\"url\":\"https:\/\/www.eqqus.ee\/wp-content\/uploads\/2023\/06\/recon-robotis-eqqu.png\",\"contentUrl\":\"https:\/\/www.eqqus.ee\/wp-content\/uploads\/2023\/06\/recon-robotis-eqqu.png\",\"width\":400,\"height\":210,\"caption\":\"s\u00f5jatehnika ja kaitsevarustuse m\u00fc\u00fck eqqus\"},{\"@type\":\"BreadcrumbList\",\"@id\":\"https:\/\/www.eqqus.ee\/en\/product\/special-equipment\/robotics\/reconrobotics\/#breadcrumb\",\"itemListElement\":[{\"@type\":\"ListItem\",\"position\":1,\"name\":\"Esileht\",\"item\":\"https:\/\/www.eqqus.ee\/en\/\"},{\"@type\":\"ListItem\",\"position\":2,\"name\":\"Product Filter\",\"item\":\"https:\/\/www.eqqus.ee\/toodete-filter\/\"},{\"@type\":\"ListItem\",\"position\":3,\"name\":\"ReconRobotics\"}]},{\"@type\":\"WebSite\",\"@id\":\"https:\/\/www.eqqus.ee\/en\/#website\",\"url\":\"https:\/\/www.eqqus.ee\/en\/\",\"name\":\"eqqus Ltd O\u00dc\",\"description\":\"Kaitsevahendid\",\"publisher\":{\"@id\":\"https:\/\/www.eqqus.ee\/en\/#organization\"},\"potentialAction\":[{\"@type\":\"SearchAction\",\"target\":{\"@type\":\"EntryPoint\",\"urlTemplate\":\"https:\/\/www.eqqus.ee\/en\/?s={search_term_string}\"},\"query-input\":{\"@type\":\"PropertyValueSpecification\",\"valueRequired\":true,\"valueName\":\"search_term_string\"}}],\"inLanguage\":\"en-US\"},{\"@type\":\"Organization\",\"@id\":\"https:\/\/www.eqqus.ee\/en\/#organization\",\"name\":\"eqqus Ltd O\u00dc\",\"url\":\"https:\/\/www.eqqus.ee\/en\/\",\"logo\":{\"@type\":\"ImageObject\",\"inLanguage\":\"en-US\",\"@id\":\"https:\/\/www.eqqus.ee\/en\/#\/schema\/logo\/image\/\",\"url\":\"https:\/\/www.eqqus.ee\/wp-content\/uploads\/2023\/06\/eqqus.ee-logo.png\",\"contentUrl\":\"https:\/\/www.eqqus.ee\/wp-content\/uploads\/2023\/06\/eqqus.ee-logo.png\",\"width\":627,\"height\":146,\"caption\":\"eqqus Ltd O\u00dc\"},\"image\":{\"@id\":\"https:\/\/www.eqqus.ee\/en\/#\/schema\/logo\/image\/\"},\"sameAs\":[\"https:\/\/www.facebook.com\/eqqusLtd\"]}]}<\/script>\n<!-- \/ Yoast SEO plugin. -->","yoast_head_json":{"title":"ReconRobotics | Products - Eqqus","description":"ReconRobotics Throwbot\u00ae 2 (TB2) robot is a throwable micro-robot platform that enables the operator to obtain instant video and audio feedback to make...","robots":{"index":"index","follow":"follow","max-snippet":"max-snippet:-1","max-image-preview":"max-image-preview:large","max-video-preview":"max-video-preview:-1"},"canonical":"https:\/\/www.eqqus.ee\/en\/product\/special-equipment\/robotics\/reconrobotics\/","og_locale":"en_US","og_type":"article","og_title":"ReconRobotics | Products - Eqqus","og_description":"ReconRobotics Throwbot\u00ae 2 (TB2) robot is a throwable micro-robot platform that enables the operator to obtain instant video and audio feedback to make...","og_url":"https:\/\/www.eqqus.ee\/en\/product\/special-equipment\/robotics\/reconrobotics\/","og_site_name":"eqqus Ltd O\u00dc","article_publisher":"https:\/\/www.facebook.com\/eqqusLtd","article_modified_time":"2024-12-10T13:33:53+00:00","og_image":[{"width":400,"height":210,"url":"https:\/\/www.eqqus.ee\/wp-content\/uploads\/2023\/06\/recon-robotis-eqqu.png","type":"image\/png"}],"twitter_card":"summary_large_image","twitter_misc":{"Est. reading time":"5 minutes"},"schema":{"@context":"https:\/\/schema.org","@graph":[{"@type":"WebPage","@id":"https:\/\/www.eqqus.ee\/en\/product\/special-equipment\/robotics\/reconrobotics\/","url":"https:\/\/www.eqqus.ee\/en\/product\/special-equipment\/robotics\/reconrobotics\/","name":"ReconRobotics | Products - Eqqus","isPartOf":{"@id":"https:\/\/www.eqqus.ee\/en\/#website"},"primaryImageOfPage":{"@id":"https:\/\/www.eqqus.ee\/en\/product\/special-equipment\/robotics\/reconrobotics\/#primaryimage"},"image":{"@id":"https:\/\/www.eqqus.ee\/en\/product\/special-equipment\/robotics\/reconrobotics\/#primaryimage"},"thumbnailUrl":"https:\/\/www.eqqus.ee\/wp-content\/uploads\/2023\/06\/recon-robotis-eqqu.png","datePublished":"2023-06-14T07:39:29+00:00","dateModified":"2024-12-10T13:33:53+00:00","description":"ReconRobotics Throwbot\u00ae 2 (TB2) robot is a throwable micro-robot platform that enables the operator to obtain instant video and audio feedback to make...","breadcrumb":{"@id":"https:\/\/www.eqqus.ee\/en\/product\/special-equipment\/robotics\/reconrobotics\/#breadcrumb"},"inLanguage":"en-US","potentialAction":[{"@type":"ReadAction","target":["https:\/\/www.eqqus.ee\/en\/product\/special-equipment\/robotics\/reconrobotics\/"]}]},{"@type":"ImageObject","inLanguage":"en-US","@id":"https:\/\/www.eqqus.ee\/en\/product\/special-equipment\/robotics\/reconrobotics\/#primaryimage","url":"https:\/\/www.eqqus.ee\/wp-content\/uploads\/2023\/06\/recon-robotis-eqqu.png","contentUrl":"https:\/\/www.eqqus.ee\/wp-content\/uploads\/2023\/06\/recon-robotis-eqqu.png","width":400,"height":210,"caption":"s\u00f5jatehnika ja kaitsevarustuse m\u00fc\u00fck eqqus"},{"@type":"BreadcrumbList","@id":"https:\/\/www.eqqus.ee\/en\/product\/special-equipment\/robotics\/reconrobotics\/#breadcrumb","itemListElement":[{"@type":"ListItem","position":1,"name":"Esileht","item":"https:\/\/www.eqqus.ee\/en\/"},{"@type":"ListItem","position":2,"name":"Product Filter","item":"https:\/\/www.eqqus.ee\/toodete-filter\/"},{"@type":"ListItem","position":3,"name":"ReconRobotics"}]},{"@type":"WebSite","@id":"https:\/\/www.eqqus.ee\/en\/#website","url":"https:\/\/www.eqqus.ee\/en\/","name":"eqqus Ltd O\u00dc","description":"Kaitsevahendid","publisher":{"@id":"https:\/\/www.eqqus.ee\/en\/#organization"},"potentialAction":[{"@type":"SearchAction","target":{"@type":"EntryPoint","urlTemplate":"https:\/\/www.eqqus.ee\/en\/?s={search_term_string}"},"query-input":{"@type":"PropertyValueSpecification","valueRequired":true,"valueName":"search_term_string"}}],"inLanguage":"en-US"},{"@type":"Organization","@id":"https:\/\/www.eqqus.ee\/en\/#organization","name":"eqqus Ltd O\u00dc","url":"https:\/\/www.eqqus.ee\/en\/","logo":{"@type":"ImageObject","inLanguage":"en-US","@id":"https:\/\/www.eqqus.ee\/en\/#\/schema\/logo\/image\/","url":"https:\/\/www.eqqus.ee\/wp-content\/uploads\/2023\/06\/eqqus.ee-logo.png","contentUrl":"https:\/\/www.eqqus.ee\/wp-content\/uploads\/2023\/06\/eqqus.ee-logo.png","width":627,"height":146,"caption":"eqqus Ltd O\u00dc"},"image":{"@id":"https:\/\/www.eqqus.ee\/en\/#\/schema\/logo\/image\/"},"sameAs":["https:\/\/www.facebook.com\/eqqusLtd"]}]}},"_links":{"self":[{"href":"https:\/\/www.eqqus.ee\/en\/wp-json\/wp\/v2\/product\/245977","targetHints":{"allow":["GET"]}}],"collection":[{"href":"https:\/\/www.eqqus.ee\/en\/wp-json\/wp\/v2\/product"}],"about":[{"href":"https:\/\/www.eqqus.ee\/en\/wp-json\/wp\/v2\/types\/product"}],"wp:featuredmedia":[{"embeddable":true,"href":"https:\/\/www.eqqus.ee\/en\/wp-json\/wp\/v2\/media\/246170"}],"wp:attachment":[{"href":"https:\/\/www.eqqus.ee\/en\/wp-json\/wp\/v2\/media?parent=245977"}],"wp:term":[{"taxonomy":"product_brand","embeddable":true,"href":"https:\/\/www.eqqus.ee\/en\/wp-json\/wp\/v2\/product_brand?post=245977"},{"taxonomy":"product_cat","embeddable":true,"href":"https:\/\/www.eqqus.ee\/en\/wp-json\/wp\/v2\/product_cat?post=245977"},{"taxonomy":"product_tag","embeddable":true,"href":"https:\/\/www.eqqus.ee\/en\/wp-json\/wp\/v2\/product_tag?post=245977"}],"curies":[{"name":"wp","href":"https:\/\/api.w.org\/{rel}","templated":true}]}}