{"id":245973,"date":"2023-06-14T10:38:03","date_gmt":"2023-06-14T07:38:03","guid":{"rendered":"https:\/\/www.eqqus.ee\/toode\/uncategorized\/point-blank\/"},"modified":"2024-10-25T14:34:34","modified_gmt":"2024-10-25T11:34:34","slug":"point-blank","status":"publish","type":"product","link":"https:\/\/www.eqqus.ee\/en\/product\/ballistic-protection\/helmets\/point-blank\/","title":{"rendered":"Point Blank"},"content":{"rendered":"<p><img decoding=\"async\" class=\"alignnone wp-image-243234\" src=\"https:\/\/www.eqqus.ee\/wp-content\/uploads\/2021\/05\/guardian-video_1024x1024-2.jpg\" alt=\"\" width=\"502\" height=\"266\" srcset=\"https:\/\/www.eqqus.ee\/wp-content\/uploads\/2021\/05\/guardian-video_1024x1024-2.jpg 806w, https:\/\/www.eqqus.ee\/wp-content\/uploads\/2021\/05\/guardian-video_1024x1024-2-250x132.jpg 250w, https:\/\/www.eqqus.ee\/wp-content\/uploads\/2021\/05\/guardian-video_1024x1024-2-500x265.jpg 500w, https:\/\/www.eqqus.ee\/wp-content\/uploads\/2021\/05\/guardian-video_1024x1024-2-64x34.jpg 64w\" sizes=\"(max-width: 502px) 100vw, 502px\" \/><\/p>\n<p><a href=\"https:\/\/www.pointblankenterprises.com\/point-blank-body-armor\/\" target=\"_blank\" rel=\"noopener\">Point Blank Body Armor (PBBA) is one of the first companies in the United States to design and manufacture body protection systems. Since 1973, Point Blank has grown into an internationally diversified company with the best-known brand and is now considered one of the leading sources of body armor in the world.<\/a> Thanks to the quality and functionality of its products, PBBA has the ability to meet and exceed customer expectations. Point Blank inc. has long-standing relationships with the most prestigious and demanding law enforcement-, federal- and other Law enforcement agencies. Outstanding customer service is the key to Point Blank\u2019s success and a central part of their business strategy. The company\u2019s broad product portfolio, high-quality solutions, on-time delivery, experienced sales staff and the ability to meet the growth in volume demand are key elements to the company\u2019s success. Point Blank\u2019s average delivery speed is consistently above the industry average, and the company\u2019s quality and product performance are unsurpassed.<\/p>\n<p>&nbsp;<\/p>\n<h4>Purpose<\/h4>\n<p>For four decades, Point Blank Enterprises (PBE) has helped shape the great development of the armor industry. PBE has been the industry\u2019s leading innovator of new products and designs. Designs to maximize protection are becoming synonymous with higher technology, uncompromising quality and total commitment. Their R&amp;D continues to provide lighter, thinner, more flexible and better performing ballistic systems while keeping optimal standards of comfort and portability.<\/p>\n<p>&nbsp;<\/p>\n<h4>Better protection than standards require<\/h4>\n<p>Point Blank\u2019s relentless commitment to delivering high-performance products that consistently exceed National, National Institute of Justice (NIJ), military, federal, and international testing requirements. That is a testament to their higher quality standards. These standards go beyond all aspects of their product development process. From the introduction of new material to the rigorous daily testing procedures. Point Blank does not forget that their customers trust their lives in their hands. Ball vests, \u2018Crossover\u2019 Vests, Plate carriers, Tactical Vests, Ceramic plates, shields, etc.<\/p>\n<p><img decoding=\"async\" class=\"alignnone size-full wp-image-243236\" src=\"https:\/\/www.eqqus.ee\/wp-content\/uploads\/2021\/05\/elite-v-male-btnb.png\" alt=\"\" width=\"298\" height=\"298\" srcset=\"https:\/\/www.eqqus.ee\/wp-content\/uploads\/2021\/05\/elite-v-male-btnb.png 298w, https:\/\/www.eqqus.ee\/wp-content\/uploads\/2021\/05\/elite-v-male-btnb-250x250.png 250w, https:\/\/www.eqqus.ee\/wp-content\/uploads\/2021\/05\/elite-v-male-btnb-100x100.png 100w, https:\/\/www.eqqus.ee\/wp-content\/uploads\/2021\/05\/elite-v-male-btnb-64x64.png 64w\" sizes=\"(max-width: 298px) 100vw, 298px\" \/>\u00a0 <img decoding=\"async\" class=\"alignnone size-medium wp-image-243238\" src=\"https:\/\/www.eqqus.ee\/wp-content\/uploads\/2021\/05\/odc-endeavor-btn.png\" alt=\"\" width=\"298\" height=\"298\" srcset=\"https:\/\/www.eqqus.ee\/wp-content\/uploads\/2021\/05\/odc-endeavor-btn.png 298w, https:\/\/www.eqqus.ee\/wp-content\/uploads\/2021\/05\/odc-endeavor-btn-250x250.png 250w, https:\/\/www.eqqus.ee\/wp-content\/uploads\/2021\/05\/odc-endeavor-btn-100x100.png 100w, https:\/\/www.eqqus.ee\/wp-content\/uploads\/2021\/05\/odc-endeavor-btn-64x64.png 64w\" sizes=\"(max-width: 298px) 100vw, 298px\" \/><img decoding=\"async\" class=\"alignnone size-medium wp-image-243240\" src=\"https:\/\/www.eqqus.ee\/wp-content\/uploads\/2021\/05\/frk-720-btn.png\" alt=\"\" width=\"298\" height=\"298\" srcset=\"https:\/\/www.eqqus.ee\/wp-content\/uploads\/2021\/05\/frk-720-btn.png 298w, https:\/\/www.eqqus.ee\/wp-content\/uploads\/2021\/05\/frk-720-btn-250x250.png 250w, https:\/\/www.eqqus.ee\/wp-content\/uploads\/2021\/05\/frk-720-btn-100x100.png 100w, https:\/\/www.eqqus.ee\/wp-content\/uploads\/2021\/05\/frk-720-btn-64x64.png 64w\" sizes=\"(max-width: 298px) 100vw, 298px\" \/> <img decoding=\"async\" class=\"alignnone size-medium wp-image-243242\" src=\"https:\/\/www.eqqus.ee\/wp-content\/uploads\/2021\/05\/point-blank-international.png\" alt=\"\" width=\"298\" height=\"298\" srcset=\"https:\/\/www.eqqus.ee\/wp-content\/uploads\/2021\/05\/point-blank-international.png 298w, https:\/\/www.eqqus.ee\/wp-content\/uploads\/2021\/05\/point-blank-international-250x250.png 250w, https:\/\/www.eqqus.ee\/wp-content\/uploads\/2021\/05\/point-blank-international-100x100.png 100w, https:\/\/www.eqqus.ee\/wp-content\/uploads\/2021\/05\/point-blank-international-64x64.png 64w\" sizes=\"(max-width: 298px) 100vw, 298px\" \/> <img decoding=\"async\" class=\"alignnone size-medium wp-image-243244\" src=\"https:\/\/www.eqqus.ee\/wp-content\/uploads\/2021\/05\/10260-btn.png\" alt=\"\" width=\"298\" height=\"298\" srcset=\"https:\/\/www.eqqus.ee\/wp-content\/uploads\/2021\/05\/10260-btn.png 298w, https:\/\/www.eqqus.ee\/wp-content\/uploads\/2021\/05\/10260-btn-250x250.png 250w, https:\/\/www.eqqus.ee\/wp-content\/uploads\/2021\/05\/10260-btn-100x100.png 100w, https:\/\/www.eqqus.ee\/wp-content\/uploads\/2021\/05\/10260-btn-64x64.png 64w\" sizes=\"(max-width: 298px) 100vw, 298px\" \/>\u00a0<img decoding=\"async\" class=\"alignnone size-medium wp-image-243246\" src=\"https:\/\/www.eqqus.ee\/wp-content\/uploads\/2021\/05\/aspis-shield.png\" alt=\"\" width=\"298\" height=\"298\" srcset=\"https:\/\/www.eqqus.ee\/wp-content\/uploads\/2021\/05\/aspis-shield.png 298w, https:\/\/www.eqqus.ee\/wp-content\/uploads\/2021\/05\/aspis-shield-250x250.png 250w, https:\/\/www.eqqus.ee\/wp-content\/uploads\/2021\/05\/aspis-shield-100x100.png 100w, https:\/\/www.eqqus.ee\/wp-content\/uploads\/2021\/05\/aspis-shield-64x64.png 64w\" sizes=\"(max-width: 298px) 100vw, 298px\" \/><\/p>\n<p>&nbsp;<\/p>\n\n<div class=\"wpcf7 no-js\" id=\"wpcf7-f243598-o1\" lang=\"et\" dir=\"ltr\" data-wpcf7-id=\"243598\">\n<div class=\"screen-reader-response\"><p role=\"status\" aria-live=\"polite\" aria-atomic=\"true\"><\/p> <ul><\/ul><\/div>\n<form action=\"\/en\/wp-json\/wp\/v2\/product\/245973#wpcf7-f243598-o1\" method=\"post\" class=\"wpcf7-form init\" aria-label=\"Contact form\" novalidate=\"novalidate\" data-status=\"init\">\n<div style=\"display: none;\">\n<input type=\"hidden\" name=\"_wpcf7\" value=\"243598\" \/>\n<input type=\"hidden\" name=\"_wpcf7_version\" value=\"6.0.5\" \/>\n<input type=\"hidden\" name=\"_wpcf7_locale\" value=\"et\" \/>\n<input type=\"hidden\" name=\"_wpcf7_unit_tag\" value=\"wpcf7-f243598-o1\" \/>\n<input type=\"hidden\" name=\"_wpcf7_container_post\" value=\"0\" \/>\n<input type=\"hidden\" name=\"_wpcf7_posted_data_hash\" value=\"\" \/>\n<input type=\"hidden\" name=\"_wpcf7_recaptcha_response\" value=\"\" \/>\n<\/div>\n<p><label> Your name<br \/>\n<span class=\"wpcf7-form-control-wrap\" data-name=\"your-name\"><input size=\"40\" maxlength=\"400\" class=\"wpcf7-form-control wpcf7-text wpcf7-validates-as-required\" aria-required=\"true\" aria-invalid=\"false\" value=\"\" type=\"text\" name=\"your-name\" \/><\/span> <\/label>\n<\/p>\n<p><label> Your email<br \/>\n<span class=\"wpcf7-form-control-wrap\" data-name=\"your-email\"><input size=\"40\" maxlength=\"400\" class=\"wpcf7-form-control wpcf7-email wpcf7-validates-as-required wpcf7-text wpcf7-validates-as-email\" aria-required=\"true\" aria-invalid=\"false\" value=\"\" type=\"email\" name=\"your-email\" \/><\/span> <\/label>\n<\/p>\n<p><label> Brand\/Product you are interested in<br \/>\n<span class=\"wpcf7-form-control-wrap\" data-name=\"your-subject\"><input size=\"40\" maxlength=\"400\" class=\"wpcf7-form-control wpcf7-text wpcf7-validates-as-required\" aria-required=\"true\" aria-invalid=\"false\" value=\"\" type=\"text\" name=\"your-subject\" \/><\/span> <\/label>\n<\/p>\n<p><label> Questions about product<br \/>\n<span class=\"wpcf7-form-control-wrap\" data-name=\"your-message\"><textarea cols=\"40\" rows=\"10\" maxlength=\"2000\" class=\"wpcf7-form-control wpcf7-textarea wpcf7-validates-as-required\" aria-required=\"true\" aria-invalid=\"false\" name=\"your-message\"><\/textarea><\/span> <\/label>\n<\/p>\n<p><input class=\"wpcf7-form-control wpcf7-submit has-spinner\" type=\"submit\" value=\"Send request\" \/>\n<\/p><div class=\"wpcf7-response-output\" aria-hidden=\"true\"><\/div>\n<\/form>\n<\/div>\n\n","protected":false},"excerpt":{"rendered":"<p>Point Blank Body Armor (PBBA) is one of the first companies in the United States to design and manufacture body protection systems. Since 1973, Point Blank has grown into an internationally diversified company with the best-known brand and is now considered one of the leading sources of body armor in the world. Thanks to the [&hellip;]<\/p>\n","protected":false},"featured_media":246148,"template":"","meta":{"_et_pb_use_builder":"","_et_pb_old_content":"","_et_gb_content_width":""},"product_brand":[],"product_cat":[664,667,226,665],"product_tag":[553],"class_list":{"0":"post-245973","1":"product","2":"type-product","3":"status-publish","4":"has-post-thumbnail","6":"product_cat-helmets","7":"product_cat-vests","8":"product_cat-ballistic-protection","9":"product_cat-shields","10":"product_tag-point-blank-en","12":"first","13":"instock","14":"shipping-taxable","15":"product-type-simple"},"yoast_head":"<!-- This site is optimized with the Yoast SEO plugin v24.7 - https:\/\/yoast.com\/wordpress\/plugins\/seo\/ -->\n<title>Point Blank | Products - Eqqus<\/title>\n<meta name=\"description\" content=\"Point Blank Body Armor (PBBA) is one of the first companies in the United States to design and manufacture body protection systems.\" \/>\n<meta name=\"robots\" content=\"index, follow, max-snippet:-1, max-image-preview:large, max-video-preview:-1\" \/>\n<link rel=\"canonical\" href=\"https:\/\/www.eqqus.ee\/en\/product\/ballistic-protection\/helmets\/point-blank\/\" \/>\n<meta property=\"og:locale\" content=\"en_US\" \/>\n<meta property=\"og:type\" content=\"article\" \/>\n<meta property=\"og:title\" content=\"Point Blank | Products - Eqqus\" \/>\n<meta property=\"og:description\" content=\"Point Blank Body Armor (PBBA) is one of the first companies in the United States to design and manufacture body protection systems.\" \/>\n<meta property=\"og:url\" content=\"https:\/\/www.eqqus.ee\/en\/product\/ballistic-protection\/helmets\/point-blank\/\" \/>\n<meta property=\"og:site_name\" content=\"eqqus Ltd O\u00dc\" \/>\n<meta property=\"article:publisher\" content=\"https:\/\/www.facebook.com\/eqqusLtd\" \/>\n<meta property=\"article:modified_time\" content=\"2024-10-25T11:34:34+00:00\" \/>\n<meta property=\"og:image\" content=\"https:\/\/www.eqqus.ee\/wp-content\/uploads\/2023\/06\/POINTPLANK-EQQU.png\" \/>\n\t<meta property=\"og:image:width\" content=\"400\" \/>\n\t<meta property=\"og:image:height\" content=\"210\" \/>\n\t<meta property=\"og:image:type\" content=\"image\/png\" \/>\n<meta name=\"twitter:card\" content=\"summary_large_image\" \/>\n<meta name=\"twitter:label1\" content=\"Est. reading time\" \/>\n\t<meta name=\"twitter:data1\" content=\"4 minutes\" \/>\n<script type=\"application\/ld+json\" class=\"yoast-schema-graph\">{\"@context\":\"https:\/\/schema.org\",\"@graph\":[{\"@type\":\"WebPage\",\"@id\":\"https:\/\/www.eqqus.ee\/en\/product\/ballistic-protection\/helmets\/point-blank\/\",\"url\":\"https:\/\/www.eqqus.ee\/en\/product\/ballistic-protection\/helmets\/point-blank\/\",\"name\":\"Point Blank | Products - Eqqus\",\"isPartOf\":{\"@id\":\"https:\/\/www.eqqus.ee\/en\/#website\"},\"primaryImageOfPage\":{\"@id\":\"https:\/\/www.eqqus.ee\/en\/product\/ballistic-protection\/helmets\/point-blank\/#primaryimage\"},\"image\":{\"@id\":\"https:\/\/www.eqqus.ee\/en\/product\/ballistic-protection\/helmets\/point-blank\/#primaryimage\"},\"thumbnailUrl\":\"https:\/\/www.eqqus.ee\/wp-content\/uploads\/2023\/06\/POINTPLANK-EQQU.png\",\"datePublished\":\"2023-06-14T07:38:03+00:00\",\"dateModified\":\"2024-10-25T11:34:34+00:00\",\"description\":\"Point Blank Body Armor (PBBA) is one of the first companies in the United States to design and manufacture body protection systems.\",\"breadcrumb\":{\"@id\":\"https:\/\/www.eqqus.ee\/en\/product\/ballistic-protection\/helmets\/point-blank\/#breadcrumb\"},\"inLanguage\":\"en-US\",\"potentialAction\":[{\"@type\":\"ReadAction\",\"target\":[\"https:\/\/www.eqqus.ee\/en\/product\/ballistic-protection\/helmets\/point-blank\/\"]}]},{\"@type\":\"ImageObject\",\"inLanguage\":\"en-US\",\"@id\":\"https:\/\/www.eqqus.ee\/en\/product\/ballistic-protection\/helmets\/point-blank\/#primaryimage\",\"url\":\"https:\/\/www.eqqus.ee\/wp-content\/uploads\/2023\/06\/POINTPLANK-EQQU.png\",\"contentUrl\":\"https:\/\/www.eqqus.ee\/wp-content\/uploads\/2023\/06\/POINTPLANK-EQQU.png\",\"width\":400,\"height\":210,\"caption\":\"s\u00f5jatehnika ja kaitsevarustuse m\u00fc\u00fck eqqus\"},{\"@type\":\"BreadcrumbList\",\"@id\":\"https:\/\/www.eqqus.ee\/en\/product\/ballistic-protection\/helmets\/point-blank\/#breadcrumb\",\"itemListElement\":[{\"@type\":\"ListItem\",\"position\":1,\"name\":\"Esileht\",\"item\":\"https:\/\/www.eqqus.ee\/en\/\"},{\"@type\":\"ListItem\",\"position\":2,\"name\":\"Product Filter\",\"item\":\"https:\/\/www.eqqus.ee\/toodete-filter\/\"},{\"@type\":\"ListItem\",\"position\":3,\"name\":\"Point Blank\"}]},{\"@type\":\"WebSite\",\"@id\":\"https:\/\/www.eqqus.ee\/en\/#website\",\"url\":\"https:\/\/www.eqqus.ee\/en\/\",\"name\":\"eqqus Ltd O\u00dc\",\"description\":\"Kaitsevahendid\",\"publisher\":{\"@id\":\"https:\/\/www.eqqus.ee\/en\/#organization\"},\"potentialAction\":[{\"@type\":\"SearchAction\",\"target\":{\"@type\":\"EntryPoint\",\"urlTemplate\":\"https:\/\/www.eqqus.ee\/en\/?s={search_term_string}\"},\"query-input\":{\"@type\":\"PropertyValueSpecification\",\"valueRequired\":true,\"valueName\":\"search_term_string\"}}],\"inLanguage\":\"en-US\"},{\"@type\":\"Organization\",\"@id\":\"https:\/\/www.eqqus.ee\/en\/#organization\",\"name\":\"eqqus Ltd O\u00dc\",\"url\":\"https:\/\/www.eqqus.ee\/en\/\",\"logo\":{\"@type\":\"ImageObject\",\"inLanguage\":\"en-US\",\"@id\":\"https:\/\/www.eqqus.ee\/en\/#\/schema\/logo\/image\/\",\"url\":\"https:\/\/www.eqqus.ee\/wp-content\/uploads\/2023\/06\/eqqus.ee-logo.png\",\"contentUrl\":\"https:\/\/www.eqqus.ee\/wp-content\/uploads\/2023\/06\/eqqus.ee-logo.png\",\"width\":627,\"height\":146,\"caption\":\"eqqus Ltd O\u00dc\"},\"image\":{\"@id\":\"https:\/\/www.eqqus.ee\/en\/#\/schema\/logo\/image\/\"},\"sameAs\":[\"https:\/\/www.facebook.com\/eqqusLtd\"]}]}<\/script>\n<!-- \/ Yoast SEO plugin. -->","yoast_head_json":{"title":"Point Blank | Products - Eqqus","description":"Point Blank Body Armor (PBBA) is one of the first companies in the United States to design and manufacture body protection systems.","robots":{"index":"index","follow":"follow","max-snippet":"max-snippet:-1","max-image-preview":"max-image-preview:large","max-video-preview":"max-video-preview:-1"},"canonical":"https:\/\/www.eqqus.ee\/en\/product\/ballistic-protection\/helmets\/point-blank\/","og_locale":"en_US","og_type":"article","og_title":"Point Blank | Products - Eqqus","og_description":"Point Blank Body Armor (PBBA) is one of the first companies in the United States to design and manufacture body protection systems.","og_url":"https:\/\/www.eqqus.ee\/en\/product\/ballistic-protection\/helmets\/point-blank\/","og_site_name":"eqqus Ltd O\u00dc","article_publisher":"https:\/\/www.facebook.com\/eqqusLtd","article_modified_time":"2024-10-25T11:34:34+00:00","og_image":[{"width":400,"height":210,"url":"https:\/\/www.eqqus.ee\/wp-content\/uploads\/2023\/06\/POINTPLANK-EQQU.png","type":"image\/png"}],"twitter_card":"summary_large_image","twitter_misc":{"Est. reading time":"4 minutes"},"schema":{"@context":"https:\/\/schema.org","@graph":[{"@type":"WebPage","@id":"https:\/\/www.eqqus.ee\/en\/product\/ballistic-protection\/helmets\/point-blank\/","url":"https:\/\/www.eqqus.ee\/en\/product\/ballistic-protection\/helmets\/point-blank\/","name":"Point Blank | Products - Eqqus","isPartOf":{"@id":"https:\/\/www.eqqus.ee\/en\/#website"},"primaryImageOfPage":{"@id":"https:\/\/www.eqqus.ee\/en\/product\/ballistic-protection\/helmets\/point-blank\/#primaryimage"},"image":{"@id":"https:\/\/www.eqqus.ee\/en\/product\/ballistic-protection\/helmets\/point-blank\/#primaryimage"},"thumbnailUrl":"https:\/\/www.eqqus.ee\/wp-content\/uploads\/2023\/06\/POINTPLANK-EQQU.png","datePublished":"2023-06-14T07:38:03+00:00","dateModified":"2024-10-25T11:34:34+00:00","description":"Point Blank Body Armor (PBBA) is one of the first companies in the United States to design and manufacture body protection systems.","breadcrumb":{"@id":"https:\/\/www.eqqus.ee\/en\/product\/ballistic-protection\/helmets\/point-blank\/#breadcrumb"},"inLanguage":"en-US","potentialAction":[{"@type":"ReadAction","target":["https:\/\/www.eqqus.ee\/en\/product\/ballistic-protection\/helmets\/point-blank\/"]}]},{"@type":"ImageObject","inLanguage":"en-US","@id":"https:\/\/www.eqqus.ee\/en\/product\/ballistic-protection\/helmets\/point-blank\/#primaryimage","url":"https:\/\/www.eqqus.ee\/wp-content\/uploads\/2023\/06\/POINTPLANK-EQQU.png","contentUrl":"https:\/\/www.eqqus.ee\/wp-content\/uploads\/2023\/06\/POINTPLANK-EQQU.png","width":400,"height":210,"caption":"s\u00f5jatehnika ja kaitsevarustuse m\u00fc\u00fck eqqus"},{"@type":"BreadcrumbList","@id":"https:\/\/www.eqqus.ee\/en\/product\/ballistic-protection\/helmets\/point-blank\/#breadcrumb","itemListElement":[{"@type":"ListItem","position":1,"name":"Esileht","item":"https:\/\/www.eqqus.ee\/en\/"},{"@type":"ListItem","position":2,"name":"Product Filter","item":"https:\/\/www.eqqus.ee\/toodete-filter\/"},{"@type":"ListItem","position":3,"name":"Point Blank"}]},{"@type":"WebSite","@id":"https:\/\/www.eqqus.ee\/en\/#website","url":"https:\/\/www.eqqus.ee\/en\/","name":"eqqus Ltd O\u00dc","description":"Kaitsevahendid","publisher":{"@id":"https:\/\/www.eqqus.ee\/en\/#organization"},"potentialAction":[{"@type":"SearchAction","target":{"@type":"EntryPoint","urlTemplate":"https:\/\/www.eqqus.ee\/en\/?s={search_term_string}"},"query-input":{"@type":"PropertyValueSpecification","valueRequired":true,"valueName":"search_term_string"}}],"inLanguage":"en-US"},{"@type":"Organization","@id":"https:\/\/www.eqqus.ee\/en\/#organization","name":"eqqus Ltd O\u00dc","url":"https:\/\/www.eqqus.ee\/en\/","logo":{"@type":"ImageObject","inLanguage":"en-US","@id":"https:\/\/www.eqqus.ee\/en\/#\/schema\/logo\/image\/","url":"https:\/\/www.eqqus.ee\/wp-content\/uploads\/2023\/06\/eqqus.ee-logo.png","contentUrl":"https:\/\/www.eqqus.ee\/wp-content\/uploads\/2023\/06\/eqqus.ee-logo.png","width":627,"height":146,"caption":"eqqus Ltd O\u00dc"},"image":{"@id":"https:\/\/www.eqqus.ee\/en\/#\/schema\/logo\/image\/"},"sameAs":["https:\/\/www.facebook.com\/eqqusLtd"]}]}},"_links":{"self":[{"href":"https:\/\/www.eqqus.ee\/en\/wp-json\/wp\/v2\/product\/245973","targetHints":{"allow":["GET"]}}],"collection":[{"href":"https:\/\/www.eqqus.ee\/en\/wp-json\/wp\/v2\/product"}],"about":[{"href":"https:\/\/www.eqqus.ee\/en\/wp-json\/wp\/v2\/types\/product"}],"wp:featuredmedia":[{"embeddable":true,"href":"https:\/\/www.eqqus.ee\/en\/wp-json\/wp\/v2\/media\/246148"}],"wp:attachment":[{"href":"https:\/\/www.eqqus.ee\/en\/wp-json\/wp\/v2\/media?parent=245973"}],"wp:term":[{"taxonomy":"product_brand","embeddable":true,"href":"https:\/\/www.eqqus.ee\/en\/wp-json\/wp\/v2\/product_brand?post=245973"},{"taxonomy":"product_cat","embeddable":true,"href":"https:\/\/www.eqqus.ee\/en\/wp-json\/wp\/v2\/product_cat?post=245973"},{"taxonomy":"product_tag","embeddable":true,"href":"https:\/\/www.eqqus.ee\/en\/wp-json\/wp\/v2\/product_tag?post=245973"}],"curies":[{"name":"wp","href":"https:\/\/api.w.org\/{rel}","templated":true}]}}