{"id":245968,"date":"2023-06-14T10:33:28","date_gmt":"2023-06-14T07:33:28","guid":{"rendered":"https:\/\/www.eqqus.ee\/toode\/uncategorized\/firstspear\/"},"modified":"2023-11-27T10:29:53","modified_gmt":"2023-11-27T08:29:53","slug":"firstspear","status":"publish","type":"product","link":"https:\/\/www.eqqus.ee\/en\/product\/tactical-clothing-en\/undergarmaments\/firstspear\/","title":{"rendered":"FirstSpear"},"content":{"rendered":"<p><img decoding=\"async\" width=\"1000\" height=\"710\" class=\"alignnone wp-image-243206\" src=\"https:\/\/www.eqqus.ee\/wp-content\/uploads\/2021\/05\/MultimagUpdate2_MG_9807-1.jpg\" alt=\"\" srcset=\"https:\/\/www.eqqus.ee\/wp-content\/uploads\/2021\/05\/MultimagUpdate2_MG_9807-1.jpg 1000w, https:\/\/www.eqqus.ee\/wp-content\/uploads\/2021\/05\/MultimagUpdate2_MG_9807-1-250x178.jpg 250w, https:\/\/www.eqqus.ee\/wp-content\/uploads\/2021\/05\/MultimagUpdate2_MG_9807-1-500x355.jpg 500w, https:\/\/www.eqqus.ee\/wp-content\/uploads\/2021\/05\/MultimagUpdate2_MG_9807-1-64x45.jpg 64w\" sizes=\"(max-width: 1000px) 100vw, 1000px\" \/> <a href=\"https:\/\/www.first-spear.com\/\" target=\"_blank\" rel=\"noopener\">FirstSpear started 2010 with industry innovation. FirstSpear was founded by a team of experienced industry professionals and former U.S. military personnel with a mandate to change industry paradigms and the highest level of defense. FirstSpear uses a methodology that integrates evolutionary design with advanced material components, ensuring better performance and efficiency across multiple platforms. FirstSpear is dedicated to those who are willing to sacrifice to preserve our heritage and secure our future. <\/a> Currently, the most common attachment method for body armor on the market is the textile buckle on the front of the vest belt. However, this can lead to a number of performance failures. The textile lock adds weight and weight, it creates sound and wears out quickly. It also traps water, mud and snow. From a safety point of view, the textile buckle fastening allows the additional protection on the belt (eg side panels) to move from where they should be to ensure maximum safety. Most of the vests can be fastened by a use of variety of cords as a release system. They are braided through intricate channels and which, when placed correctly, are cumbersome, heavy, inconvenient and difficult to reinstall. However, incorrect installation can have catastrophic consequences.<\/p>\n<p>&nbsp;<\/p>\n<h3>Top solutions:<\/h3>\n<h4><strong> Quick Release \/ Quick Release<\/strong><\/h4>\n<p>FirstSpear&#8217;s Tubes solution is the answer to all these problems. Quick-attach and even faster-opening Tubes <sup> TM <\/sup> fasteners are made of lightweight and durable polymer. They utperform other molded fasteners currently used in the production of tactical equipment. Cast in modest colors and with many different activation options, the fastening system is easy to move and can only be assembled in SECONDS.<\/p>\n<p><img decoding=\"async\" class=\"alignnone size-medium wp-image-243208\" src=\"https:\/\/www.eqqus.ee\/wp-content\/uploads\/2021\/05\/ragnar-modeled-front_2.jpg\" alt=\"\" width=\"300\" height=\"200\" srcset=\"https:\/\/www.eqqus.ee\/wp-content\/uploads\/2021\/05\/ragnar-modeled-front_2.jpg 600w, https:\/\/www.eqqus.ee\/wp-content\/uploads\/2021\/05\/ragnar-modeled-front_2-250x167.jpg 250w, https:\/\/www.eqqus.ee\/wp-content\/uploads\/2021\/05\/ragnar-modeled-front_2-500x333.jpg 500w, https:\/\/www.eqqus.ee\/wp-content\/uploads\/2021\/05\/ragnar-modeled-front_2-64x43.jpg 64w\" sizes=\"(max-width: 300px) 100vw, 300px\" \/><\/p>\n<p>&nbsp;<\/p>\n<h4><strong> Cell Tag technology<\/strong><\/h4>\n<p>FirstSpear was the first to develop a unique and effective way to differentiate between passive and thermal cameras and night vision devices. By applying the latest reflective tapes, precision cutting and joining processes they are able to offer next gen identification mark. It can be adjusted as desired using illuminated reflective tape, passive NIR or thermal tape. The three can also be combined according to the customer&#8217;s wishes. <img decoding=\"async\" class=\"alignnone size-medium wp-image-243210\" src=\"https:\/\/www.eqqus.ee\/wp-content\/uploads\/2021\/05\/flag.jpg\" alt=\"\" width=\"300\" height=\"200\" srcset=\"https:\/\/www.eqqus.ee\/wp-content\/uploads\/2021\/05\/flag.jpg 600w, https:\/\/www.eqqus.ee\/wp-content\/uploads\/2021\/05\/flag-250x167.jpg 250w, https:\/\/www.eqqus.ee\/wp-content\/uploads\/2021\/05\/flag-500x333.jpg 500w, https:\/\/www.eqqus.ee\/wp-content\/uploads\/2021\/05\/flag-64x43.jpg 64w\" sizes=\"(max-width: 300px) 100vw, 300px\" \/><\/p>\n<p>&nbsp;<\/p>\n<h4>MultiMag Rapid-Adjust \u2122 Pocket<\/h4>\n<p>+ Precisely adjustable mounting + Holds a wide range of trays and other items of similar size + Integrated Boa\u00ae Fit system + Extremely light &#8211; weighs just over 56 grams With patented adjustment hardware, the operator can quickly adjust their pocket. Thanks to its adaptability, it can accommodate a wide range of firearm trays and other items of similar size. The MultiMag Rapid-Adjust Pocket can be used immediately without the need for spacers. The Boa\u00ae system allows the pocket to be adjusted precisely to suit your needs. If you want to use this gun as a tray holder, we recommend adding the &#8216;Speed Reload Insert, which can be used to adjust the height of the tray in the pouch, and the&#8217; Speed tab kit &#8216;, which also works great inside the mud and can be opened from both directions. <img decoding=\"async\" class=\"alignnone size-medium wp-image-244547\" src=\"https:\/\/www.eqqus.ee\/wp-content\/uploads\/2022\/01\/multipouch-firstspear-300x121.jpg\" alt=\"MultiMag Rapid Adjust Firstspear salvetasku\" width=\"300\" height=\"121\" \/><\/p>\n<p>&nbsp;<\/p>\n\n<div class=\"wpcf7 no-js\" id=\"wpcf7-f243598-o1\" lang=\"et\" dir=\"ltr\" data-wpcf7-id=\"243598\">\n<div class=\"screen-reader-response\"><p role=\"status\" aria-live=\"polite\" aria-atomic=\"true\"><\/p> <ul><\/ul><\/div>\n<form action=\"\/en\/wp-json\/wp\/v2\/product\/245968#wpcf7-f243598-o1\" method=\"post\" class=\"wpcf7-form init\" aria-label=\"Contact form\" novalidate=\"novalidate\" data-status=\"init\">\n<div style=\"display: none;\">\n<input type=\"hidden\" name=\"_wpcf7\" value=\"243598\" \/>\n<input type=\"hidden\" name=\"_wpcf7_version\" value=\"6.0.5\" \/>\n<input type=\"hidden\" name=\"_wpcf7_locale\" value=\"et\" \/>\n<input type=\"hidden\" name=\"_wpcf7_unit_tag\" value=\"wpcf7-f243598-o1\" \/>\n<input type=\"hidden\" name=\"_wpcf7_container_post\" value=\"0\" \/>\n<input type=\"hidden\" name=\"_wpcf7_posted_data_hash\" value=\"\" \/>\n<input type=\"hidden\" name=\"_wpcf7_recaptcha_response\" value=\"\" \/>\n<\/div>\n<p><label> Your name<br \/>\n<span class=\"wpcf7-form-control-wrap\" data-name=\"your-name\"><input size=\"40\" maxlength=\"400\" class=\"wpcf7-form-control wpcf7-text wpcf7-validates-as-required\" aria-required=\"true\" aria-invalid=\"false\" value=\"\" type=\"text\" name=\"your-name\" \/><\/span> <\/label>\n<\/p>\n<p><label> Your email<br \/>\n<span class=\"wpcf7-form-control-wrap\" data-name=\"your-email\"><input size=\"40\" maxlength=\"400\" class=\"wpcf7-form-control wpcf7-email wpcf7-validates-as-required wpcf7-text wpcf7-validates-as-email\" aria-required=\"true\" aria-invalid=\"false\" value=\"\" type=\"email\" name=\"your-email\" \/><\/span> <\/label>\n<\/p>\n<p><label> Brand\/Product you are interested in<br \/>\n<span class=\"wpcf7-form-control-wrap\" data-name=\"your-subject\"><input size=\"40\" maxlength=\"400\" class=\"wpcf7-form-control wpcf7-text wpcf7-validates-as-required\" aria-required=\"true\" aria-invalid=\"false\" value=\"\" type=\"text\" name=\"your-subject\" \/><\/span> <\/label>\n<\/p>\n<p><label> Questions about product<br \/>\n<span class=\"wpcf7-form-control-wrap\" data-name=\"your-message\"><textarea cols=\"40\" rows=\"10\" maxlength=\"2000\" class=\"wpcf7-form-control wpcf7-textarea wpcf7-validates-as-required\" aria-required=\"true\" aria-invalid=\"false\" name=\"your-message\"><\/textarea><\/span> <\/label>\n<\/p>\n<p><input class=\"wpcf7-form-control wpcf7-submit has-spinner\" type=\"submit\" value=\"Send request\" \/>\n<\/p><div class=\"wpcf7-response-output\" aria-hidden=\"true\"><\/div>\n<\/form>\n<\/div>\n\n","protected":false},"excerpt":{"rendered":"<p>FirstSpear started 2010 with industry innovation. FirstSpear was founded by a team of experienced industry professionals and former U.S. military personnel with a mandate to change industry paradigms and the highest level of defense. FirstSpear uses a methodology that integrates evolutionary design with advanced material components, ensuring better performance and efficiency across multiple platforms. FirstSpear [&hellip;]<\/p>\n","protected":false},"featured_media":246118,"template":"","meta":{"_et_pb_use_builder":"","_et_pb_old_content":"","_et_gb_content_width":""},"product_brand":[],"product_cat":[697,667,695,226,701],"product_tag":[547],"class_list":{"0":"post-245968","1":"product","2":"type-product","3":"status-publish","4":"has-post-thumbnail","6":"product_cat-pants-and-jackets","7":"product_cat-vests","8":"product_cat-undergarmaments","9":"product_cat-ballistic-protection","10":"product_cat-tactical-clothing-en","11":"product_tag-firstspear-en","13":"first","14":"instock","15":"shipping-taxable","16":"product-type-simple"},"yoast_head":"<!-- This site is optimized with the Yoast SEO plugin v24.7 - https:\/\/yoast.com\/wordpress\/plugins\/seo\/ -->\n<title>FirstSpear | Products - Eqqus<\/title>\n<meta name=\"description\" content=\"FirstSpear integrates evolutionary design with advanced material components, ensuring better performance and efficiency across multiple platforms.\" \/>\n<meta name=\"robots\" content=\"index, follow, max-snippet:-1, max-image-preview:large, max-video-preview:-1\" \/>\n<link rel=\"canonical\" href=\"https:\/\/www.eqqus.ee\/en\/product\/tactical-clothing-en\/undergarmaments\/firstspear\/\" \/>\n<meta property=\"og:locale\" content=\"en_US\" \/>\n<meta property=\"og:type\" content=\"article\" \/>\n<meta property=\"og:title\" content=\"FirstSpear | Products - Eqqus\" \/>\n<meta property=\"og:description\" content=\"FirstSpear integrates evolutionary design with advanced material components, ensuring better performance and efficiency across multiple platforms.\" \/>\n<meta property=\"og:url\" content=\"https:\/\/www.eqqus.ee\/en\/product\/tactical-clothing-en\/undergarmaments\/firstspear\/\" \/>\n<meta property=\"og:site_name\" content=\"eqqus Ltd O\u00dc\" \/>\n<meta property=\"article:publisher\" content=\"https:\/\/www.facebook.com\/eqqusLtd\" \/>\n<meta property=\"article:modified_time\" content=\"2023-11-27T08:29:53+00:00\" \/>\n<meta property=\"og:image\" content=\"https:\/\/www.eqqus.ee\/wp-content\/uploads\/2023\/06\/FIRSTSPEAR-EQQU.png\" \/>\n\t<meta property=\"og:image:width\" content=\"400\" \/>\n\t<meta property=\"og:image:height\" content=\"210\" \/>\n\t<meta property=\"og:image:type\" content=\"image\/png\" \/>\n<meta name=\"twitter:card\" content=\"summary_large_image\" \/>\n<meta name=\"twitter:label1\" content=\"Est. reading time\" \/>\n\t<meta name=\"twitter:data1\" content=\"4 minutes\" \/>\n<script type=\"application\/ld+json\" class=\"yoast-schema-graph\">{\"@context\":\"https:\/\/schema.org\",\"@graph\":[{\"@type\":\"WebPage\",\"@id\":\"https:\/\/www.eqqus.ee\/en\/product\/tactical-clothing-en\/undergarmaments\/firstspear\/\",\"url\":\"https:\/\/www.eqqus.ee\/en\/product\/tactical-clothing-en\/undergarmaments\/firstspear\/\",\"name\":\"FirstSpear | Products - Eqqus\",\"isPartOf\":{\"@id\":\"https:\/\/www.eqqus.ee\/en\/#website\"},\"primaryImageOfPage\":{\"@id\":\"https:\/\/www.eqqus.ee\/en\/product\/tactical-clothing-en\/undergarmaments\/firstspear\/#primaryimage\"},\"image\":{\"@id\":\"https:\/\/www.eqqus.ee\/en\/product\/tactical-clothing-en\/undergarmaments\/firstspear\/#primaryimage\"},\"thumbnailUrl\":\"https:\/\/www.eqqus.ee\/wp-content\/uploads\/2023\/06\/FIRSTSPEAR-EQQU.png\",\"datePublished\":\"2023-06-14T07:33:28+00:00\",\"dateModified\":\"2023-11-27T08:29:53+00:00\",\"description\":\"FirstSpear integrates evolutionary design with advanced material components, ensuring better performance and efficiency across multiple platforms.\",\"breadcrumb\":{\"@id\":\"https:\/\/www.eqqus.ee\/en\/product\/tactical-clothing-en\/undergarmaments\/firstspear\/#breadcrumb\"},\"inLanguage\":\"en-US\",\"potentialAction\":[{\"@type\":\"ReadAction\",\"target\":[\"https:\/\/www.eqqus.ee\/en\/product\/tactical-clothing-en\/undergarmaments\/firstspear\/\"]}]},{\"@type\":\"ImageObject\",\"inLanguage\":\"en-US\",\"@id\":\"https:\/\/www.eqqus.ee\/en\/product\/tactical-clothing-en\/undergarmaments\/firstspear\/#primaryimage\",\"url\":\"https:\/\/www.eqqus.ee\/wp-content\/uploads\/2023\/06\/FIRSTSPEAR-EQQU.png\",\"contentUrl\":\"https:\/\/www.eqqus.ee\/wp-content\/uploads\/2023\/06\/FIRSTSPEAR-EQQU.png\",\"width\":400,\"height\":210,\"caption\":\"s\u00f5jatehnika ja kaitsevarustuse m\u00fc\u00fck eqqus\"},{\"@type\":\"BreadcrumbList\",\"@id\":\"https:\/\/www.eqqus.ee\/en\/product\/tactical-clothing-en\/undergarmaments\/firstspear\/#breadcrumb\",\"itemListElement\":[{\"@type\":\"ListItem\",\"position\":1,\"name\":\"Esileht\",\"item\":\"https:\/\/www.eqqus.ee\/en\/\"},{\"@type\":\"ListItem\",\"position\":2,\"name\":\"Product Filter\",\"item\":\"https:\/\/www.eqqus.ee\/toodete-filter\/\"},{\"@type\":\"ListItem\",\"position\":3,\"name\":\"FirstSpear\"}]},{\"@type\":\"WebSite\",\"@id\":\"https:\/\/www.eqqus.ee\/en\/#website\",\"url\":\"https:\/\/www.eqqus.ee\/en\/\",\"name\":\"eqqus Ltd O\u00dc\",\"description\":\"Kaitsevahendid\",\"publisher\":{\"@id\":\"https:\/\/www.eqqus.ee\/en\/#organization\"},\"potentialAction\":[{\"@type\":\"SearchAction\",\"target\":{\"@type\":\"EntryPoint\",\"urlTemplate\":\"https:\/\/www.eqqus.ee\/en\/?s={search_term_string}\"},\"query-input\":{\"@type\":\"PropertyValueSpecification\",\"valueRequired\":true,\"valueName\":\"search_term_string\"}}],\"inLanguage\":\"en-US\"},{\"@type\":\"Organization\",\"@id\":\"https:\/\/www.eqqus.ee\/en\/#organization\",\"name\":\"eqqus Ltd O\u00dc\",\"url\":\"https:\/\/www.eqqus.ee\/en\/\",\"logo\":{\"@type\":\"ImageObject\",\"inLanguage\":\"en-US\",\"@id\":\"https:\/\/www.eqqus.ee\/en\/#\/schema\/logo\/image\/\",\"url\":\"https:\/\/www.eqqus.ee\/wp-content\/uploads\/2023\/06\/eqqus.ee-logo.png\",\"contentUrl\":\"https:\/\/www.eqqus.ee\/wp-content\/uploads\/2023\/06\/eqqus.ee-logo.png\",\"width\":627,\"height\":146,\"caption\":\"eqqus Ltd O\u00dc\"},\"image\":{\"@id\":\"https:\/\/www.eqqus.ee\/en\/#\/schema\/logo\/image\/\"},\"sameAs\":[\"https:\/\/www.facebook.com\/eqqusLtd\"]}]}<\/script>\n<!-- \/ Yoast SEO plugin. -->","yoast_head_json":{"title":"FirstSpear | Products - Eqqus","description":"FirstSpear integrates evolutionary design with advanced material components, ensuring better performance and efficiency across multiple platforms.","robots":{"index":"index","follow":"follow","max-snippet":"max-snippet:-1","max-image-preview":"max-image-preview:large","max-video-preview":"max-video-preview:-1"},"canonical":"https:\/\/www.eqqus.ee\/en\/product\/tactical-clothing-en\/undergarmaments\/firstspear\/","og_locale":"en_US","og_type":"article","og_title":"FirstSpear | Products - Eqqus","og_description":"FirstSpear integrates evolutionary design with advanced material components, ensuring better performance and efficiency across multiple platforms.","og_url":"https:\/\/www.eqqus.ee\/en\/product\/tactical-clothing-en\/undergarmaments\/firstspear\/","og_site_name":"eqqus Ltd O\u00dc","article_publisher":"https:\/\/www.facebook.com\/eqqusLtd","article_modified_time":"2023-11-27T08:29:53+00:00","og_image":[{"width":400,"height":210,"url":"https:\/\/www.eqqus.ee\/wp-content\/uploads\/2023\/06\/FIRSTSPEAR-EQQU.png","type":"image\/png"}],"twitter_card":"summary_large_image","twitter_misc":{"Est. reading time":"4 minutes"},"schema":{"@context":"https:\/\/schema.org","@graph":[{"@type":"WebPage","@id":"https:\/\/www.eqqus.ee\/en\/product\/tactical-clothing-en\/undergarmaments\/firstspear\/","url":"https:\/\/www.eqqus.ee\/en\/product\/tactical-clothing-en\/undergarmaments\/firstspear\/","name":"FirstSpear | Products - Eqqus","isPartOf":{"@id":"https:\/\/www.eqqus.ee\/en\/#website"},"primaryImageOfPage":{"@id":"https:\/\/www.eqqus.ee\/en\/product\/tactical-clothing-en\/undergarmaments\/firstspear\/#primaryimage"},"image":{"@id":"https:\/\/www.eqqus.ee\/en\/product\/tactical-clothing-en\/undergarmaments\/firstspear\/#primaryimage"},"thumbnailUrl":"https:\/\/www.eqqus.ee\/wp-content\/uploads\/2023\/06\/FIRSTSPEAR-EQQU.png","datePublished":"2023-06-14T07:33:28+00:00","dateModified":"2023-11-27T08:29:53+00:00","description":"FirstSpear integrates evolutionary design with advanced material components, ensuring better performance and efficiency across multiple platforms.","breadcrumb":{"@id":"https:\/\/www.eqqus.ee\/en\/product\/tactical-clothing-en\/undergarmaments\/firstspear\/#breadcrumb"},"inLanguage":"en-US","potentialAction":[{"@type":"ReadAction","target":["https:\/\/www.eqqus.ee\/en\/product\/tactical-clothing-en\/undergarmaments\/firstspear\/"]}]},{"@type":"ImageObject","inLanguage":"en-US","@id":"https:\/\/www.eqqus.ee\/en\/product\/tactical-clothing-en\/undergarmaments\/firstspear\/#primaryimage","url":"https:\/\/www.eqqus.ee\/wp-content\/uploads\/2023\/06\/FIRSTSPEAR-EQQU.png","contentUrl":"https:\/\/www.eqqus.ee\/wp-content\/uploads\/2023\/06\/FIRSTSPEAR-EQQU.png","width":400,"height":210,"caption":"s\u00f5jatehnika ja kaitsevarustuse m\u00fc\u00fck eqqus"},{"@type":"BreadcrumbList","@id":"https:\/\/www.eqqus.ee\/en\/product\/tactical-clothing-en\/undergarmaments\/firstspear\/#breadcrumb","itemListElement":[{"@type":"ListItem","position":1,"name":"Esileht","item":"https:\/\/www.eqqus.ee\/en\/"},{"@type":"ListItem","position":2,"name":"Product Filter","item":"https:\/\/www.eqqus.ee\/toodete-filter\/"},{"@type":"ListItem","position":3,"name":"FirstSpear"}]},{"@type":"WebSite","@id":"https:\/\/www.eqqus.ee\/en\/#website","url":"https:\/\/www.eqqus.ee\/en\/","name":"eqqus Ltd O\u00dc","description":"Kaitsevahendid","publisher":{"@id":"https:\/\/www.eqqus.ee\/en\/#organization"},"potentialAction":[{"@type":"SearchAction","target":{"@type":"EntryPoint","urlTemplate":"https:\/\/www.eqqus.ee\/en\/?s={search_term_string}"},"query-input":{"@type":"PropertyValueSpecification","valueRequired":true,"valueName":"search_term_string"}}],"inLanguage":"en-US"},{"@type":"Organization","@id":"https:\/\/www.eqqus.ee\/en\/#organization","name":"eqqus Ltd O\u00dc","url":"https:\/\/www.eqqus.ee\/en\/","logo":{"@type":"ImageObject","inLanguage":"en-US","@id":"https:\/\/www.eqqus.ee\/en\/#\/schema\/logo\/image\/","url":"https:\/\/www.eqqus.ee\/wp-content\/uploads\/2023\/06\/eqqus.ee-logo.png","contentUrl":"https:\/\/www.eqqus.ee\/wp-content\/uploads\/2023\/06\/eqqus.ee-logo.png","width":627,"height":146,"caption":"eqqus Ltd O\u00dc"},"image":{"@id":"https:\/\/www.eqqus.ee\/en\/#\/schema\/logo\/image\/"},"sameAs":["https:\/\/www.facebook.com\/eqqusLtd"]}]}},"_links":{"self":[{"href":"https:\/\/www.eqqus.ee\/en\/wp-json\/wp\/v2\/product\/245968","targetHints":{"allow":["GET"]}}],"collection":[{"href":"https:\/\/www.eqqus.ee\/en\/wp-json\/wp\/v2\/product"}],"about":[{"href":"https:\/\/www.eqqus.ee\/en\/wp-json\/wp\/v2\/types\/product"}],"wp:featuredmedia":[{"embeddable":true,"href":"https:\/\/www.eqqus.ee\/en\/wp-json\/wp\/v2\/media\/246118"}],"wp:attachment":[{"href":"https:\/\/www.eqqus.ee\/en\/wp-json\/wp\/v2\/media?parent=245968"}],"wp:term":[{"taxonomy":"product_brand","embeddable":true,"href":"https:\/\/www.eqqus.ee\/en\/wp-json\/wp\/v2\/product_brand?post=245968"},{"taxonomy":"product_cat","embeddable":true,"href":"https:\/\/www.eqqus.ee\/en\/wp-json\/wp\/v2\/product_cat?post=245968"},{"taxonomy":"product_tag","embeddable":true,"href":"https:\/\/www.eqqus.ee\/en\/wp-json\/wp\/v2\/product_tag?post=245968"}],"curies":[{"name":"wp","href":"https:\/\/api.w.org\/{rel}","templated":true}]}}