{"id":245957,"date":"2023-06-05T17:49:24","date_gmt":"2023-06-05T14:49:24","guid":{"rendered":"https:\/\/www.eqqus.ee\/toode\/uncategorized\/5-11\/"},"modified":"2023-11-27T10:12:24","modified_gmt":"2023-11-27T08:12:24","slug":"5-11","status":"publish","type":"product","link":"https:\/\/www.eqqus.ee\/en\/product\/bags-and-cases\/5-11\/","title":{"rendered":"5.11"},"content":{"rendered":"<h2>Tactical clothing<\/h2>\n<p><img decoding=\"async\" class=\"alignnone wp-image-242922\" src=\"https:\/\/www.eqqus.ee\/wp-content\/uploads\/2021\/05\/511_FathersDay2020_RangeMaster_Theme01.jpg\" alt=\"\" width=\"382\" height=\"223\" srcset=\"https:\/\/www.eqqus.ee\/wp-content\/uploads\/2021\/05\/511_FathersDay2020_RangeMaster_Theme01.jpg 800w, https:\/\/www.eqqus.ee\/wp-content\/uploads\/2021\/05\/511_FathersDay2020_RangeMaster_Theme01-250x146.jpg 250w, https:\/\/www.eqqus.ee\/wp-content\/uploads\/2021\/05\/511_FathersDay2020_RangeMaster_Theme01-500x292.jpg 500w, https:\/\/www.eqqus.ee\/wp-content\/uploads\/2021\/05\/511_FathersDay2020_RangeMaster_Theme01-64x37.jpg 64w\" sizes=\"(max-width: 382px) 100vw, 382px\" \/><\/p>\n<div data-content-type=\"text\" data-appearance=\"default\" data-element=\"main\" data-pb-style=\"WM8Q45I\">\n<p><strong>5.11 IS THE PIONEERING, PURPOSE-DRIVEN BRAND MAKING PURPOSE-BUILT<\/strong><br \/>\n<strong>GEAR FOR THOSE WHO DEMAND MORE OF THEMSELVES, FOR THE GREATER GOOD.<\/strong><\/p>\n<\/div>\n<div data-content-type=\"text\" data-appearance=\"default\" data-element=\"main\" data-pb-style=\"M8R98KQ\">\n<p><a href=\"https:\/\/www.511tactical.com\/eu-en\/company-info\/about-511\" target=\"_blank\" rel=\"noopener\">Everything our customers do and everything we do for them is exponential.<\/a><\/p>\n<p>The more self-reliant they are,<br \/>\nthe more they can be relied upon.<\/p>\n<p>The more strength they build,<br \/>\nthe more they can protect others.<\/p>\n<p>The more they answer the call of service,<br \/>\nthe more they respect others who serve.<\/p>\n<p>The more we listen, field-test, design, build, and optimize, to help them be ready for anything, the more they can live a life bigger than themselves.<\/p>\n<\/div>\n<div data-content-type=\"text\" data-appearance=\"default\" data-element=\"main\" data-pb-style=\"N2HDLJQ\">\n<p><strong>That\u2019s the Always Be Ready\u00ae mission of a lifetime.<\/strong><\/p>\n<\/div>\n<p>&nbsp;<\/p>\n<h4><strong>5.11 Tactical Pants<\/strong><\/h4>\n<p>With the increasing demand for different functions of tactical pants, 5.11 Tactical has designed pants for guard, patrol, combat situations, but also for everyday wear. Almost every tactical pant construction includes a set of features that allow for optimal performance in a variety of situations &#8211; e.g. reinforced knees, adjustable waists, stain-resistant and breathable fabric and pockets with many different functions.<\/p>\n<p><img decoding=\"async\" class=\"alignnone wp-image-243108 size-full\" src=\"https:\/\/www.eqqus.ee\/wp-content\/uploads\/2021\/05\/0817_SB_StrykeTDU-0878.jpg\" alt=\"\" width=\"800\" height=\"533\" srcset=\"https:\/\/www.eqqus.ee\/wp-content\/uploads\/2021\/05\/0817_SB_StrykeTDU-0878.jpg 800w, https:\/\/www.eqqus.ee\/wp-content\/uploads\/2021\/05\/0817_SB_StrykeTDU-0878-250x167.jpg 250w, https:\/\/www.eqqus.ee\/wp-content\/uploads\/2021\/05\/0817_SB_StrykeTDU-0878-500x333.jpg 500w, https:\/\/www.eqqus.ee\/wp-content\/uploads\/2021\/05\/0817_SB_StrykeTDU-0878-64x43.jpg 64w\" sizes=\"(max-width: 800px) 100vw, 800px\" \/><\/p>\n<h4><strong>5.11 Tactical Boots<\/strong><\/h4>\n<p>Just like tactical pants, tactical and patrol boots come in a wide variety of colors, styles, and features. The 5.11 boots offer many features including reinforced cushioning, enhanced ankle support, waterproof materials, composite toe protection and more.<\/p>\n<p><img decoding=\"async\" class=\"alignnone wp-image-243106 size-full\" src=\"https:\/\/www.eqqus.ee\/wp-content\/uploads\/2021\/05\/0619_TimK-2774.jpg\" alt=\"\" width=\"800\" height=\"533\" srcset=\"https:\/\/www.eqqus.ee\/wp-content\/uploads\/2021\/05\/0619_TimK-2774.jpg 800w, https:\/\/www.eqqus.ee\/wp-content\/uploads\/2021\/05\/0619_TimK-2774-250x167.jpg 250w, https:\/\/www.eqqus.ee\/wp-content\/uploads\/2021\/05\/0619_TimK-2774-500x333.jpg 500w, https:\/\/www.eqqus.ee\/wp-content\/uploads\/2021\/05\/0619_TimK-2774-64x43.jpg 64w\" sizes=\"(max-width: 800px) 100vw, 800px\" \/><\/p>\n<h4><strong>5.11 Tactical Shirts<\/strong><\/h4>\n<p>5.11 Tactical shirts use durable fabrics that are reinforced in strategic places. The shirts have better breathability and moisture absorption, not to mention resistance to stains, wrinkles and fading. Most shirts allow you to carry protective equipment, travel documents or money from their hidden pockets.<\/p>\n<p><img decoding=\"async\" class=\"alignnone size-medium wp-image-243104\" src=\"https:\/\/www.eqqus.ee\/wp-content\/uploads\/2021\/05\/0618_511Woolmark_SheriffUniform_DETAILS-2242.jpg\" alt=\"\" width=\"300\" height=\"200\" srcset=\"https:\/\/www.eqqus.ee\/wp-content\/uploads\/2021\/05\/0618_511Woolmark_SheriffUniform_DETAILS-2242.jpg 800w, https:\/\/www.eqqus.ee\/wp-content\/uploads\/2021\/05\/0618_511Woolmark_SheriffUniform_DETAILS-2242-250x167.jpg 250w, https:\/\/www.eqqus.ee\/wp-content\/uploads\/2021\/05\/0618_511Woolmark_SheriffUniform_DETAILS-2242-500x333.jpg 500w, https:\/\/www.eqqus.ee\/wp-content\/uploads\/2021\/05\/0618_511Woolmark_SheriffUniform_DETAILS-2242-64x43.jpg 64w\" sizes=\"(max-width: 300px) 100vw, 300px\" \/><\/p>\n<h4><strong>5.11 Tactical Backpacks<\/strong><\/h4>\n<p>5.11 Backpacks are primarily designed to withstand the harshest conditions, but the selection also includes backpacks for work and leisure situations. Whether you&#8217;re looking for a reliable companion for your next hunting trip or a full-size tactical bag for a longer ride, you&#8217;ll find what you need at 5.11. The bags are made from durable premium materials designed to withstand all conditions. The selection includes rifle and pistol holsters, MOLLE compatible web platform holsters, tote bags, backpacks and EMS pouches. Guaranteed maximum durability, reliability and performance in any weather and on any terrain.<\/p>\n<p><img decoding=\"async\" class=\"alignnone wp-image-243102 size-full\" src=\"https:\/\/www.eqqus.ee\/wp-content\/uploads\/2021\/05\/145091820_4016051081739588_2849561083716044475_n.jpg\" alt=\"\" width=\"533\" height=\"586\" srcset=\"https:\/\/www.eqqus.ee\/wp-content\/uploads\/2021\/05\/145091820_4016051081739588_2849561083716044475_n.jpg 533w, https:\/\/www.eqqus.ee\/wp-content\/uploads\/2021\/05\/145091820_4016051081739588_2849561083716044475_n-250x275.jpg 250w, https:\/\/www.eqqus.ee\/wp-content\/uploads\/2021\/05\/145091820_4016051081739588_2849561083716044475_n-500x550.jpg 500w, https:\/\/www.eqqus.ee\/wp-content\/uploads\/2021\/05\/145091820_4016051081739588_2849561083716044475_n-64x70.jpg 64w\" sizes=\"(max-width: 533px) 100vw, 533px\" \/><\/p>\n<p>&nbsp;<\/p>\n\n<div class=\"wpcf7 no-js\" id=\"wpcf7-f243598-o1\" lang=\"et\" dir=\"ltr\" data-wpcf7-id=\"243598\">\n<div class=\"screen-reader-response\"><p role=\"status\" aria-live=\"polite\" aria-atomic=\"true\"><\/p> <ul><\/ul><\/div>\n<form action=\"\/en\/wp-json\/wp\/v2\/product\/245957#wpcf7-f243598-o1\" method=\"post\" class=\"wpcf7-form init\" aria-label=\"Contact form\" novalidate=\"novalidate\" data-status=\"init\">\n<div style=\"display: none;\">\n<input type=\"hidden\" name=\"_wpcf7\" value=\"243598\" \/>\n<input type=\"hidden\" name=\"_wpcf7_version\" value=\"6.0.5\" \/>\n<input type=\"hidden\" name=\"_wpcf7_locale\" value=\"et\" \/>\n<input type=\"hidden\" name=\"_wpcf7_unit_tag\" value=\"wpcf7-f243598-o1\" \/>\n<input type=\"hidden\" name=\"_wpcf7_container_post\" value=\"0\" \/>\n<input type=\"hidden\" name=\"_wpcf7_posted_data_hash\" value=\"\" \/>\n<input type=\"hidden\" name=\"_wpcf7_recaptcha_response\" value=\"\" \/>\n<\/div>\n<p><label> Your name<br \/>\n<span class=\"wpcf7-form-control-wrap\" data-name=\"your-name\"><input size=\"40\" maxlength=\"400\" class=\"wpcf7-form-control wpcf7-text wpcf7-validates-as-required\" aria-required=\"true\" aria-invalid=\"false\" value=\"\" type=\"text\" name=\"your-name\" \/><\/span> <\/label>\n<\/p>\n<p><label> Your email<br \/>\n<span class=\"wpcf7-form-control-wrap\" data-name=\"your-email\"><input size=\"40\" maxlength=\"400\" class=\"wpcf7-form-control wpcf7-email wpcf7-validates-as-required wpcf7-text wpcf7-validates-as-email\" aria-required=\"true\" aria-invalid=\"false\" value=\"\" type=\"email\" name=\"your-email\" \/><\/span> <\/label>\n<\/p>\n<p><label> Brand\/Product you are interested in<br \/>\n<span class=\"wpcf7-form-control-wrap\" data-name=\"your-subject\"><input size=\"40\" maxlength=\"400\" class=\"wpcf7-form-control wpcf7-text wpcf7-validates-as-required\" aria-required=\"true\" aria-invalid=\"false\" value=\"\" type=\"text\" name=\"your-subject\" \/><\/span> <\/label>\n<\/p>\n<p><label> Questions about product<br \/>\n<span class=\"wpcf7-form-control-wrap\" data-name=\"your-message\"><textarea cols=\"40\" rows=\"10\" maxlength=\"2000\" class=\"wpcf7-form-control wpcf7-textarea wpcf7-validates-as-required\" aria-required=\"true\" aria-invalid=\"false\" name=\"your-message\"><\/textarea><\/span> <\/label>\n<\/p>\n<p><input class=\"wpcf7-form-control wpcf7-submit has-spinner\" type=\"submit\" value=\"Send request\" \/>\n<\/p><div class=\"wpcf7-response-output\" aria-hidden=\"true\"><\/div>\n<\/form>\n<\/div>\n\n","protected":false},"excerpt":{"rendered":"<p>Tactical clothing 5.11 IS THE PIONEERING, PURPOSE-DRIVEN BRAND MAKING PURPOSE-BUILT GEAR FOR THOSE WHO DEMAND MORE OF THEMSELVES, FOR THE GREATER GOOD. Everything our customers do and everything we do for them is exponential. The more self-reliant they are, the more they can be relied upon. The more strength they build, the more they can [&hellip;]<\/p>\n","protected":false},"featured_media":246102,"template":"","meta":{"_et_pb_use_builder":"","_et_pb_old_content":"","_et_gb_content_width":""},"product_brand":[],"product_cat":[701,218],"product_tag":[616],"class_list":{"0":"post-245957","1":"product","2":"type-product","3":"status-publish","4":"has-post-thumbnail","6":"product_cat-tactical-clothing-en","7":"product_cat-bags-and-cases","8":"product_tag-5-11-en","10":"first","11":"instock","12":"shipping-taxable","13":"product-type-simple"},"yoast_head":"<!-- This site is optimized with the Yoast SEO plugin v24.7 - https:\/\/yoast.com\/wordpress\/plugins\/seo\/ -->\n<title>5.11 | Products - Eqqus<\/title>\n<meta name=\"description\" content=\"5.11 IS THE PIONEERING, PURPOSE-DRIVEN BRAND MAKING PURPOSE-BUILTGEAR FOR THOSE WHO DEMAND MORE OF THEMSELVES, FOR THE GREATER GOOD.\" \/>\n<meta name=\"robots\" content=\"index, follow, max-snippet:-1, max-image-preview:large, max-video-preview:-1\" \/>\n<link rel=\"canonical\" href=\"https:\/\/www.eqqus.ee\/en\/product\/bags-and-cases\/5-11\/\" \/>\n<meta property=\"og:locale\" content=\"en_US\" \/>\n<meta property=\"og:type\" content=\"article\" \/>\n<meta property=\"og:title\" content=\"5.11 | Products - Eqqus\" \/>\n<meta property=\"og:description\" content=\"5.11 IS THE PIONEERING, PURPOSE-DRIVEN BRAND MAKING PURPOSE-BUILTGEAR FOR THOSE WHO DEMAND MORE OF THEMSELVES, FOR THE GREATER GOOD.\" \/>\n<meta property=\"og:url\" content=\"https:\/\/www.eqqus.ee\/en\/product\/bags-and-cases\/5-11\/\" \/>\n<meta property=\"og:site_name\" content=\"eqqus Ltd O\u00dc\" \/>\n<meta property=\"article:publisher\" content=\"https:\/\/www.facebook.com\/eqqusLtd\" \/>\n<meta property=\"article:modified_time\" content=\"2023-11-27T08:12:24+00:00\" \/>\n<meta property=\"og:image\" content=\"https:\/\/www.eqqus.ee\/wp-content\/uploads\/2023\/06\/EQQU-5.11.png\" \/>\n\t<meta property=\"og:image:width\" content=\"400\" \/>\n\t<meta property=\"og:image:height\" content=\"210\" \/>\n\t<meta property=\"og:image:type\" content=\"image\/png\" \/>\n<meta name=\"twitter:card\" content=\"summary_large_image\" \/>\n<meta name=\"twitter:label1\" content=\"Est. reading time\" \/>\n\t<meta name=\"twitter:data1\" content=\"3 minutes\" \/>\n<script type=\"application\/ld+json\" class=\"yoast-schema-graph\">{\"@context\":\"https:\/\/schema.org\",\"@graph\":[{\"@type\":\"WebPage\",\"@id\":\"https:\/\/www.eqqus.ee\/en\/product\/bags-and-cases\/5-11\/\",\"url\":\"https:\/\/www.eqqus.ee\/en\/product\/bags-and-cases\/5-11\/\",\"name\":\"5.11 | Products - Eqqus\",\"isPartOf\":{\"@id\":\"https:\/\/www.eqqus.ee\/en\/#website\"},\"primaryImageOfPage\":{\"@id\":\"https:\/\/www.eqqus.ee\/en\/product\/bags-and-cases\/5-11\/#primaryimage\"},\"image\":{\"@id\":\"https:\/\/www.eqqus.ee\/en\/product\/bags-and-cases\/5-11\/#primaryimage\"},\"thumbnailUrl\":\"https:\/\/www.eqqus.ee\/wp-content\/uploads\/2023\/06\/EQQU-5.11.png\",\"datePublished\":\"2023-06-05T14:49:24+00:00\",\"dateModified\":\"2023-11-27T08:12:24+00:00\",\"description\":\"5.11 IS THE PIONEERING, PURPOSE-DRIVEN BRAND MAKING PURPOSE-BUILTGEAR FOR THOSE WHO DEMAND MORE OF THEMSELVES, FOR THE GREATER GOOD.\",\"breadcrumb\":{\"@id\":\"https:\/\/www.eqqus.ee\/en\/product\/bags-and-cases\/5-11\/#breadcrumb\"},\"inLanguage\":\"en-US\",\"potentialAction\":[{\"@type\":\"ReadAction\",\"target\":[\"https:\/\/www.eqqus.ee\/en\/product\/bags-and-cases\/5-11\/\"]}]},{\"@type\":\"ImageObject\",\"inLanguage\":\"en-US\",\"@id\":\"https:\/\/www.eqqus.ee\/en\/product\/bags-and-cases\/5-11\/#primaryimage\",\"url\":\"https:\/\/www.eqqus.ee\/wp-content\/uploads\/2023\/06\/EQQU-5.11.png\",\"contentUrl\":\"https:\/\/www.eqqus.ee\/wp-content\/uploads\/2023\/06\/EQQU-5.11.png\",\"width\":400,\"height\":210,\"caption\":\"s\u00f5jatehnika ja kaitsevarustuse m\u00fc\u00fck eqqus\"},{\"@type\":\"BreadcrumbList\",\"@id\":\"https:\/\/www.eqqus.ee\/en\/product\/bags-and-cases\/5-11\/#breadcrumb\",\"itemListElement\":[{\"@type\":\"ListItem\",\"position\":1,\"name\":\"Esileht\",\"item\":\"https:\/\/www.eqqus.ee\/en\/\"},{\"@type\":\"ListItem\",\"position\":2,\"name\":\"Product Filter\",\"item\":\"https:\/\/www.eqqus.ee\/toodete-filter\/\"},{\"@type\":\"ListItem\",\"position\":3,\"name\":\"5.11\"}]},{\"@type\":\"WebSite\",\"@id\":\"https:\/\/www.eqqus.ee\/en\/#website\",\"url\":\"https:\/\/www.eqqus.ee\/en\/\",\"name\":\"eqqus Ltd O\u00dc\",\"description\":\"Kaitsevahendid\",\"publisher\":{\"@id\":\"https:\/\/www.eqqus.ee\/en\/#organization\"},\"potentialAction\":[{\"@type\":\"SearchAction\",\"target\":{\"@type\":\"EntryPoint\",\"urlTemplate\":\"https:\/\/www.eqqus.ee\/en\/?s={search_term_string}\"},\"query-input\":{\"@type\":\"PropertyValueSpecification\",\"valueRequired\":true,\"valueName\":\"search_term_string\"}}],\"inLanguage\":\"en-US\"},{\"@type\":\"Organization\",\"@id\":\"https:\/\/www.eqqus.ee\/en\/#organization\",\"name\":\"eqqus Ltd O\u00dc\",\"url\":\"https:\/\/www.eqqus.ee\/en\/\",\"logo\":{\"@type\":\"ImageObject\",\"inLanguage\":\"en-US\",\"@id\":\"https:\/\/www.eqqus.ee\/en\/#\/schema\/logo\/image\/\",\"url\":\"https:\/\/www.eqqus.ee\/wp-content\/uploads\/2023\/06\/eqqus.ee-logo.png\",\"contentUrl\":\"https:\/\/www.eqqus.ee\/wp-content\/uploads\/2023\/06\/eqqus.ee-logo.png\",\"width\":627,\"height\":146,\"caption\":\"eqqus Ltd O\u00dc\"},\"image\":{\"@id\":\"https:\/\/www.eqqus.ee\/en\/#\/schema\/logo\/image\/\"},\"sameAs\":[\"https:\/\/www.facebook.com\/eqqusLtd\"]}]}<\/script>\n<!-- \/ Yoast SEO plugin. -->","yoast_head_json":{"title":"5.11 | Products - Eqqus","description":"5.11 IS THE PIONEERING, PURPOSE-DRIVEN BRAND MAKING PURPOSE-BUILTGEAR FOR THOSE WHO DEMAND MORE OF THEMSELVES, FOR THE GREATER GOOD.","robots":{"index":"index","follow":"follow","max-snippet":"max-snippet:-1","max-image-preview":"max-image-preview:large","max-video-preview":"max-video-preview:-1"},"canonical":"https:\/\/www.eqqus.ee\/en\/product\/bags-and-cases\/5-11\/","og_locale":"en_US","og_type":"article","og_title":"5.11 | Products - Eqqus","og_description":"5.11 IS THE PIONEERING, PURPOSE-DRIVEN BRAND MAKING PURPOSE-BUILTGEAR FOR THOSE WHO DEMAND MORE OF THEMSELVES, FOR THE GREATER GOOD.","og_url":"https:\/\/www.eqqus.ee\/en\/product\/bags-and-cases\/5-11\/","og_site_name":"eqqus Ltd O\u00dc","article_publisher":"https:\/\/www.facebook.com\/eqqusLtd","article_modified_time":"2023-11-27T08:12:24+00:00","og_image":[{"width":400,"height":210,"url":"https:\/\/www.eqqus.ee\/wp-content\/uploads\/2023\/06\/EQQU-5.11.png","type":"image\/png"}],"twitter_card":"summary_large_image","twitter_misc":{"Est. reading time":"3 minutes"},"schema":{"@context":"https:\/\/schema.org","@graph":[{"@type":"WebPage","@id":"https:\/\/www.eqqus.ee\/en\/product\/bags-and-cases\/5-11\/","url":"https:\/\/www.eqqus.ee\/en\/product\/bags-and-cases\/5-11\/","name":"5.11 | Products - Eqqus","isPartOf":{"@id":"https:\/\/www.eqqus.ee\/en\/#website"},"primaryImageOfPage":{"@id":"https:\/\/www.eqqus.ee\/en\/product\/bags-and-cases\/5-11\/#primaryimage"},"image":{"@id":"https:\/\/www.eqqus.ee\/en\/product\/bags-and-cases\/5-11\/#primaryimage"},"thumbnailUrl":"https:\/\/www.eqqus.ee\/wp-content\/uploads\/2023\/06\/EQQU-5.11.png","datePublished":"2023-06-05T14:49:24+00:00","dateModified":"2023-11-27T08:12:24+00:00","description":"5.11 IS THE PIONEERING, PURPOSE-DRIVEN BRAND MAKING PURPOSE-BUILTGEAR FOR THOSE WHO DEMAND MORE OF THEMSELVES, FOR THE GREATER GOOD.","breadcrumb":{"@id":"https:\/\/www.eqqus.ee\/en\/product\/bags-and-cases\/5-11\/#breadcrumb"},"inLanguage":"en-US","potentialAction":[{"@type":"ReadAction","target":["https:\/\/www.eqqus.ee\/en\/product\/bags-and-cases\/5-11\/"]}]},{"@type":"ImageObject","inLanguage":"en-US","@id":"https:\/\/www.eqqus.ee\/en\/product\/bags-and-cases\/5-11\/#primaryimage","url":"https:\/\/www.eqqus.ee\/wp-content\/uploads\/2023\/06\/EQQU-5.11.png","contentUrl":"https:\/\/www.eqqus.ee\/wp-content\/uploads\/2023\/06\/EQQU-5.11.png","width":400,"height":210,"caption":"s\u00f5jatehnika ja kaitsevarustuse m\u00fc\u00fck eqqus"},{"@type":"BreadcrumbList","@id":"https:\/\/www.eqqus.ee\/en\/product\/bags-and-cases\/5-11\/#breadcrumb","itemListElement":[{"@type":"ListItem","position":1,"name":"Esileht","item":"https:\/\/www.eqqus.ee\/en\/"},{"@type":"ListItem","position":2,"name":"Product Filter","item":"https:\/\/www.eqqus.ee\/toodete-filter\/"},{"@type":"ListItem","position":3,"name":"5.11"}]},{"@type":"WebSite","@id":"https:\/\/www.eqqus.ee\/en\/#website","url":"https:\/\/www.eqqus.ee\/en\/","name":"eqqus Ltd O\u00dc","description":"Kaitsevahendid","publisher":{"@id":"https:\/\/www.eqqus.ee\/en\/#organization"},"potentialAction":[{"@type":"SearchAction","target":{"@type":"EntryPoint","urlTemplate":"https:\/\/www.eqqus.ee\/en\/?s={search_term_string}"},"query-input":{"@type":"PropertyValueSpecification","valueRequired":true,"valueName":"search_term_string"}}],"inLanguage":"en-US"},{"@type":"Organization","@id":"https:\/\/www.eqqus.ee\/en\/#organization","name":"eqqus Ltd O\u00dc","url":"https:\/\/www.eqqus.ee\/en\/","logo":{"@type":"ImageObject","inLanguage":"en-US","@id":"https:\/\/www.eqqus.ee\/en\/#\/schema\/logo\/image\/","url":"https:\/\/www.eqqus.ee\/wp-content\/uploads\/2023\/06\/eqqus.ee-logo.png","contentUrl":"https:\/\/www.eqqus.ee\/wp-content\/uploads\/2023\/06\/eqqus.ee-logo.png","width":627,"height":146,"caption":"eqqus Ltd O\u00dc"},"image":{"@id":"https:\/\/www.eqqus.ee\/en\/#\/schema\/logo\/image\/"},"sameAs":["https:\/\/www.facebook.com\/eqqusLtd"]}]}},"_links":{"self":[{"href":"https:\/\/www.eqqus.ee\/en\/wp-json\/wp\/v2\/product\/245957","targetHints":{"allow":["GET"]}}],"collection":[{"href":"https:\/\/www.eqqus.ee\/en\/wp-json\/wp\/v2\/product"}],"about":[{"href":"https:\/\/www.eqqus.ee\/en\/wp-json\/wp\/v2\/types\/product"}],"wp:featuredmedia":[{"embeddable":true,"href":"https:\/\/www.eqqus.ee\/en\/wp-json\/wp\/v2\/media\/246102"}],"wp:attachment":[{"href":"https:\/\/www.eqqus.ee\/en\/wp-json\/wp\/v2\/media?parent=245957"}],"wp:term":[{"taxonomy":"product_brand","embeddable":true,"href":"https:\/\/www.eqqus.ee\/en\/wp-json\/wp\/v2\/product_brand?post=245957"},{"taxonomy":"product_cat","embeddable":true,"href":"https:\/\/www.eqqus.ee\/en\/wp-json\/wp\/v2\/product_cat?post=245957"},{"taxonomy":"product_tag","embeddable":true,"href":"https:\/\/www.eqqus.ee\/en\/wp-json\/wp\/v2\/product_tag?post=245957"}],"curies":[{"name":"wp","href":"https:\/\/api.w.org\/{rel}","templated":true}]}}