{"id":245953,"date":"2023-06-14T10:10:10","date_gmt":"2023-06-14T07:10:10","guid":{"rendered":"https:\/\/www.eqqus.ee\/toode\/uncategorized\/camelbak\/"},"modified":"2023-11-27T10:26:46","modified_gmt":"2023-11-27T08:26:46","slug":"camelbak","status":"publish","type":"product","link":"https:\/\/www.eqqus.ee\/en\/product\/bags-and-cases\/backpack\/camelbak\/","title":{"rendered":"CamelBak"},"content":{"rendered":"<p><img decoding=\"async\" class=\"alignnone wp-image-244524\" src=\"https:\/\/www.eqqus.ee\/wp-content\/uploads\/2022\/01\/Military_Camelbak_Bottles-300x161.jpg\" alt=\"Veekotid ja veepudelid\" width=\"492\" height=\"264\" srcset=\"https:\/\/www.eqqus.ee\/wp-content\/uploads\/2022\/01\/Military_Camelbak_Bottles-300x161.jpg 492w, https:\/\/www.eqqus.ee\/wp-content\/uploads\/2022\/01\/Military_Camelbak_Bottles-480x257.jpg 480w\" sizes=\"(min-width: 0px) and (max-width: 480px) 480px, (min-width: 481px) 492px, 100vw\" \/> CamelBak water bags range from 1.5 liters to 3.0 liters and are mainly designed for cycling, hiking and other outdoor activities. <a href=\"https:\/\/www.camelbak.com\/military\/\" target=\"_blank\" rel=\"noopener\">CamelBak manufactures bottles, general purpose backpacks and other special equipment to facilitate military and law enforcement needs. From simple wearable reservoirs with little or no weight to large backpacks with different solutions. The assortment even includes bags with PALS straps to accommodate MOLLE equipment. <\/a> CamelBak&#8217;s military water reserves are resistant to chemical and biological weapons; they are compatible with gas masks. The use of CamelBak CBR X hydration packs was approved by the United States Army in November 2015. The three-liter CBR X was approved by the Army Bureau of Military Clothing and Personal Equipment and the Army Test and Evaluation Team after testing the bags ability to resist exposure to the neurotoxin. To confirm this, the Camelbak reservoir, which had been in use for a month, was tested for six hours with a neurotoxin. It was found that the water inside was not contaminated. This is one of the many tests that have been carried out on water reserves since 2006.<\/p>\n<p>&nbsp;<\/p>\n<h4>Admin and Travel<\/h4>\n<p>The Recon series backpacks offer the same features that other Camelbak&#8217;s military administrative equipment is known for: an elegant yet durable design with obsessively detailed equipment arrangements. <strong> Quantico \u2122 <\/strong> \/ <strong> Coronado \u2122 <\/strong> \/ <strong> Urban assault <\/strong> The ultimate everyday backpacks. They contain everything you need to set up your equipment wherever you go, without the hassle. Special pockets for laptop, tablet and other CCW power cords. Integrated cases for water bottles and a MOLLE strap (Modular Lightweight Load-Carrying Equipment), which makes it very easy to adjust the backpack with extra pockets and equipment.<\/p>\n<p><img decoding=\"async\" class=\"alignnone size-medium wp-image-244526\" src=\"https:\/\/www.eqqus.ee\/wp-content\/uploads\/2022\/01\/62450-222x300.jpg\" alt=\"Camelbak Quantico 1\" width=\"222\" height=\"300\" srcset=\"https:\/\/www.eqqus.ee\/wp-content\/uploads\/2022\/01\/62450-222x300.jpg 222w, https:\/\/www.eqqus.ee\/wp-content\/uploads\/2022\/01\/62450-250x338.jpg 250w, https:\/\/www.eqqus.ee\/wp-content\/uploads\/2022\/01\/62450-64x86.jpg 64w, https:\/\/www.eqqus.ee\/wp-content\/uploads\/2022\/01\/62450.jpg 481w\" sizes=\"(max-width: 222px) 100vw, 222px\" \/><img decoding=\"async\" class=\"alignnone size-medium wp-image-244528\" src=\"https:\/\/www.eqqus.ee\/wp-content\/uploads\/2022\/01\/62450_alt2-270x300.jpg\" alt=\"Camelbak Quantico 2\" width=\"270\" height=\"300\" \/><img decoding=\"async\" class=\"alignnone size-medium wp-image-244530\" src=\"https:\/\/www.eqqus.ee\/wp-content\/uploads\/2022\/01\/62450_alt4-198x300.jpg\" alt=\"Camelbak Quantico 3\" width=\"198\" height=\"300\" srcset=\"https:\/\/www.eqqus.ee\/wp-content\/uploads\/2022\/01\/62450_alt4-198x300.jpg 198w, https:\/\/www.eqqus.ee\/wp-content\/uploads\/2022\/01\/62450_alt4-250x379.jpg 250w, https:\/\/www.eqqus.ee\/wp-content\/uploads\/2022\/01\/62450_alt4-64x97.jpg 64w, https:\/\/www.eqqus.ee\/wp-content\/uploads\/2022\/01\/62450_alt4.jpg 429w\" sizes=\"(max-width: 198px) 100vw, 198px\" \/><\/p>\n<p>&nbsp;<\/p>\n<h4>Hydration only<\/h4>\n<p>Water reservoirs, all of which have their own different features, include the Mil Spec Crux water bag. Mil Spec Crux water bag is made to meet the needs of the military. Above all, it means the excellent durability of these water bags, but their high water flow during drinking and the ease of refilling, thanks to the larg, easy-to-open filling cap, must not be overlooked either. The large cap makes cleaning the water bag extremely easy. <strong> Armorbak \u2122 <\/strong> &#8211; Compatible with plate carriers and other military equipment <strong> Thermobak \u2122 <\/strong> &#8211; Low profile back. This is due to the low shape of the water reservoir <strong> Saber \u2122 <\/strong> &#8211; The most minimalist solution from Camelbak <strong> Stealth \u2122 <\/strong> &#8211; Minimalistic water reserve with quick-release shoulder straps <strong> Thermobak \u2122 CBR X <\/strong> &#8211; 5gen chemical and biological resistant water bag (Not with Crux water bag) <img decoding=\"async\" class=\"alignnone size-medium wp-image-244538\" src=\"https:\/\/www.eqqus.ee\/wp-content\/uploads\/2022\/01\/1726901000_V1-207x300.jpg\" alt=\"ArmorBak CamelBak\" width=\"207\" height=\"300\" srcset=\"https:\/\/www.eqqus.ee\/wp-content\/uploads\/2022\/01\/1726901000_V1-207x300.jpg 207w, https:\/\/www.eqqus.ee\/wp-content\/uploads\/2022\/01\/1726901000_V1-250x362.jpg 250w, https:\/\/www.eqqus.ee\/wp-content\/uploads\/2022\/01\/1726901000_V1-64x93.jpg 64w, https:\/\/www.eqqus.ee\/wp-content\/uploads\/2022\/01\/1726901000_V1.jpg 449w\" sizes=\"(max-width: 207px) 100vw, 207px\" \/><img decoding=\"async\" class=\"alignnone size-medium wp-image-244532\" src=\"https:\/\/www.eqqus.ee\/wp-content\/uploads\/2022\/01\/1717201000_V1-201x300.jpg\" alt=\"ThermoBak 3L Camelbak\" width=\"201\" height=\"300\" srcset=\"https:\/\/www.eqqus.ee\/wp-content\/uploads\/2022\/01\/1717201000_V1-201x300.jpg 201w, https:\/\/www.eqqus.ee\/wp-content\/uploads\/2022\/01\/1717201000_V1-250x374.jpg 250w, https:\/\/www.eqqus.ee\/wp-content\/uploads\/2022\/01\/1717201000_V1-64x96.jpg 64w, https:\/\/www.eqqus.ee\/wp-content\/uploads\/2022\/01\/1717201000_V1.jpg 435w\" sizes=\"(max-width: 201px) 100vw, 201px\" \/><img decoding=\"async\" class=\"alignnone size-medium wp-image-244534\" src=\"https:\/\/www.eqqus.ee\/wp-content\/uploads\/2022\/01\/41116-221x300.jpg\" alt=\"Thermobak CBBRX Camelbak\" width=\"221\" height=\"300\" srcset=\"https:\/\/www.eqqus.ee\/wp-content\/uploads\/2022\/01\/41116-221x300.jpg 221w, https:\/\/www.eqqus.ee\/wp-content\/uploads\/2022\/01\/41116-250x339.jpg 250w, https:\/\/www.eqqus.ee\/wp-content\/uploads\/2022\/01\/41116-64x87.jpg 64w, https:\/\/www.eqqus.ee\/wp-content\/uploads\/2022\/01\/41116.jpg 479w\" sizes=\"(max-width: 221px) 100vw, 221px\" \/><\/p>\n<p>&nbsp;<\/p>\n<h4>Water and Equipment<\/h4>\n<p>Durable nylon backpacks with water reservoirs. The backpacks contain the Mil Spec Crux water reserve, which is widely used by the American military. Easy to clean and with one sip you can get more water than from similar products. The openings of the MOLLE are laser cut into the bags and the water bag is kept as low as possible to ensure the best comfort and stability. All you have to do is choose how much volume you need for carrying. <strong> BFM \u2122 <\/strong> &#8211; 47 liters, largest backpack. <strong> MotherLode \u2122 <\/strong> &#8211; 35-liter multi-day backpack. <strong> Sparta \u2122 <\/strong> &#8211; Durable 30-liter one-day mission backpack. <strong> H.A.W.G \u2122 <\/strong> &#8211; Medium-sized, durable backpack that holds a total of 20l of equipment. <strong> M.U.L.E \u2122 <\/strong> &#8211; A quick mission backpack that holds water and 8L supplies. <a href=\"https:\/\/www.eqqus.ee\/wp-content\/uploads\/2022\/01\/BFM-CamelBack-289x300.webp\"><img decoding=\"async\" class=\"alignnone size-medium wp-image-244540\" src=\"https:\/\/www.eqqus.ee\/wp-content\/uploads\/2022\/01\/BFM-CamelBack-289x300.webp\" alt=\"BFM CamelBack Seljakott\" width=\"289\" height=\"300\" \/><\/a><img decoding=\"async\" class=\"alignnone size-medium wp-image-244542\" src=\"https:\/\/www.eqqus.ee\/wp-content\/uploads\/2022\/01\/Sparta-Camelbak-254x300.jpg\" alt=\"Sparta Camelbak Seljakott\" width=\"254\" height=\"300\" \/><img decoding=\"async\" class=\"alignnone size-medium wp-image-244544\" src=\"https:\/\/www.eqqus.ee\/wp-content\/uploads\/2022\/01\/MULE-Camelbak-224x300.jpg\" alt=\"MULE Camelbak Seljakott\" width=\"224\" height=\"300\" \/><\/p>\n<p>&nbsp;<\/p>\n\n<div class=\"wpcf7 no-js\" id=\"wpcf7-f243598-o1\" lang=\"et\" dir=\"ltr\" data-wpcf7-id=\"243598\">\n<div class=\"screen-reader-response\"><p role=\"status\" aria-live=\"polite\" aria-atomic=\"true\"><\/p> <ul><\/ul><\/div>\n<form action=\"\/en\/wp-json\/wp\/v2\/product\/245953#wpcf7-f243598-o1\" method=\"post\" class=\"wpcf7-form init\" aria-label=\"Contact form\" novalidate=\"novalidate\" data-status=\"init\">\n<div style=\"display: none;\">\n<input type=\"hidden\" name=\"_wpcf7\" value=\"243598\" \/>\n<input type=\"hidden\" name=\"_wpcf7_version\" value=\"6.0.5\" \/>\n<input type=\"hidden\" name=\"_wpcf7_locale\" value=\"et\" \/>\n<input type=\"hidden\" name=\"_wpcf7_unit_tag\" value=\"wpcf7-f243598-o1\" \/>\n<input type=\"hidden\" name=\"_wpcf7_container_post\" value=\"0\" \/>\n<input type=\"hidden\" name=\"_wpcf7_posted_data_hash\" value=\"\" \/>\n<input type=\"hidden\" name=\"_wpcf7_recaptcha_response\" value=\"\" \/>\n<\/div>\n<p><label> Your name<br \/>\n<span class=\"wpcf7-form-control-wrap\" data-name=\"your-name\"><input size=\"40\" maxlength=\"400\" class=\"wpcf7-form-control wpcf7-text wpcf7-validates-as-required\" aria-required=\"true\" aria-invalid=\"false\" value=\"\" type=\"text\" name=\"your-name\" \/><\/span> <\/label>\n<\/p>\n<p><label> Your email<br \/>\n<span class=\"wpcf7-form-control-wrap\" data-name=\"your-email\"><input size=\"40\" maxlength=\"400\" class=\"wpcf7-form-control wpcf7-email wpcf7-validates-as-required wpcf7-text wpcf7-validates-as-email\" aria-required=\"true\" aria-invalid=\"false\" value=\"\" type=\"email\" name=\"your-email\" \/><\/span> <\/label>\n<\/p>\n<p><label> Brand\/Product you are interested in<br \/>\n<span class=\"wpcf7-form-control-wrap\" data-name=\"your-subject\"><input size=\"40\" maxlength=\"400\" class=\"wpcf7-form-control wpcf7-text wpcf7-validates-as-required\" aria-required=\"true\" aria-invalid=\"false\" value=\"\" type=\"text\" name=\"your-subject\" \/><\/span> <\/label>\n<\/p>\n<p><label> Questions about product<br \/>\n<span class=\"wpcf7-form-control-wrap\" data-name=\"your-message\"><textarea cols=\"40\" rows=\"10\" maxlength=\"2000\" class=\"wpcf7-form-control wpcf7-textarea wpcf7-validates-as-required\" aria-required=\"true\" aria-invalid=\"false\" name=\"your-message\"><\/textarea><\/span> <\/label>\n<\/p>\n<p><input class=\"wpcf7-form-control wpcf7-submit has-spinner\" type=\"submit\" value=\"Send request\" \/>\n<\/p><div class=\"wpcf7-response-output\" aria-hidden=\"true\"><\/div>\n<\/form>\n<\/div>\n\n","protected":false},"excerpt":{"rendered":"<p>CamelBak water bags range from 1.5 liters to 3.0 liters and are mainly designed for cycling, hiking and other outdoor activities. CamelBak manufactures bottles, general purpose backpacks and other special equipment to facilitate military and law enforcement needs. From simple wearable reservoirs with little or no weight to large backpacks with different solutions. The assortment [&hellip;]<\/p>\n","protected":false},"featured_media":246179,"template":"","meta":{"_et_pb_use_builder":"","_et_pb_old_content":"","_et_gb_content_width":""},"product_brand":[],"product_cat":[689,691,218],"product_tag":[535],"class_list":{"0":"post-245953","1":"product","2":"type-product","3":"status-publish","4":"has-post-thumbnail","6":"product_cat-backpack","7":"product_cat-hydration","8":"product_cat-bags-and-cases","9":"product_tag-camelbak-en","11":"first","12":"instock","13":"shipping-taxable","14":"product-type-simple"},"yoast_head":"<!-- This site is optimized with the Yoast SEO plugin v24.7 - https:\/\/yoast.com\/wordpress\/plugins\/seo\/ -->\n<title>CamelBak | Products - Eqqus<\/title>\n<meta name=\"description\" content=\"CamelBak manufactures bottles, general purpose backpacks and other special equipment to facilitate military and law enforcement needs.\" \/>\n<meta name=\"robots\" content=\"index, follow, max-snippet:-1, max-image-preview:large, max-video-preview:-1\" \/>\n<link rel=\"canonical\" href=\"https:\/\/www.eqqus.ee\/en\/product\/bags-and-cases\/backpack\/camelbak\/\" \/>\n<meta property=\"og:locale\" content=\"en_US\" \/>\n<meta property=\"og:type\" content=\"article\" \/>\n<meta property=\"og:title\" content=\"CamelBak | Products - Eqqus\" \/>\n<meta property=\"og:description\" content=\"CamelBak manufactures bottles, general purpose backpacks and other special equipment to facilitate military and law enforcement needs.\" \/>\n<meta property=\"og:url\" content=\"https:\/\/www.eqqus.ee\/en\/product\/bags-and-cases\/backpack\/camelbak\/\" \/>\n<meta property=\"og:site_name\" content=\"eqqus Ltd O\u00dc\" \/>\n<meta property=\"article:publisher\" content=\"https:\/\/www.facebook.com\/eqqusLtd\" \/>\n<meta property=\"article:modified_time\" content=\"2023-11-27T08:26:46+00:00\" \/>\n<meta property=\"og:image\" content=\"https:\/\/www.eqqus.ee\/wp-content\/uploads\/2023\/06\/camlebak-eqqu.png\" \/>\n\t<meta property=\"og:image:width\" content=\"400\" \/>\n\t<meta property=\"og:image:height\" content=\"210\" \/>\n\t<meta property=\"og:image:type\" content=\"image\/png\" \/>\n<meta name=\"twitter:card\" content=\"summary_large_image\" \/>\n<meta name=\"twitter:label1\" content=\"Est. reading time\" \/>\n\t<meta name=\"twitter:data1\" content=\"5 minutes\" \/>\n<script type=\"application\/ld+json\" class=\"yoast-schema-graph\">{\"@context\":\"https:\/\/schema.org\",\"@graph\":[{\"@type\":\"WebPage\",\"@id\":\"https:\/\/www.eqqus.ee\/en\/product\/bags-and-cases\/backpack\/camelbak\/\",\"url\":\"https:\/\/www.eqqus.ee\/en\/product\/bags-and-cases\/backpack\/camelbak\/\",\"name\":\"CamelBak | Products - Eqqus\",\"isPartOf\":{\"@id\":\"https:\/\/www.eqqus.ee\/en\/#website\"},\"primaryImageOfPage\":{\"@id\":\"https:\/\/www.eqqus.ee\/en\/product\/bags-and-cases\/backpack\/camelbak\/#primaryimage\"},\"image\":{\"@id\":\"https:\/\/www.eqqus.ee\/en\/product\/bags-and-cases\/backpack\/camelbak\/#primaryimage\"},\"thumbnailUrl\":\"https:\/\/www.eqqus.ee\/wp-content\/uploads\/2023\/06\/camlebak-eqqu.png\",\"datePublished\":\"2023-06-14T07:10:10+00:00\",\"dateModified\":\"2023-11-27T08:26:46+00:00\",\"description\":\"CamelBak manufactures bottles, general purpose backpacks and other special equipment to facilitate military and law enforcement needs.\",\"breadcrumb\":{\"@id\":\"https:\/\/www.eqqus.ee\/en\/product\/bags-and-cases\/backpack\/camelbak\/#breadcrumb\"},\"inLanguage\":\"en-US\",\"potentialAction\":[{\"@type\":\"ReadAction\",\"target\":[\"https:\/\/www.eqqus.ee\/en\/product\/bags-and-cases\/backpack\/camelbak\/\"]}]},{\"@type\":\"ImageObject\",\"inLanguage\":\"en-US\",\"@id\":\"https:\/\/www.eqqus.ee\/en\/product\/bags-and-cases\/backpack\/camelbak\/#primaryimage\",\"url\":\"https:\/\/www.eqqus.ee\/wp-content\/uploads\/2023\/06\/camlebak-eqqu.png\",\"contentUrl\":\"https:\/\/www.eqqus.ee\/wp-content\/uploads\/2023\/06\/camlebak-eqqu.png\",\"width\":400,\"height\":210,\"caption\":\"s\u00f5jatehnika ja kaitsevarustuse m\u00fc\u00fck eqqus\"},{\"@type\":\"BreadcrumbList\",\"@id\":\"https:\/\/www.eqqus.ee\/en\/product\/bags-and-cases\/backpack\/camelbak\/#breadcrumb\",\"itemListElement\":[{\"@type\":\"ListItem\",\"position\":1,\"name\":\"Esileht\",\"item\":\"https:\/\/www.eqqus.ee\/en\/\"},{\"@type\":\"ListItem\",\"position\":2,\"name\":\"Product Filter\",\"item\":\"https:\/\/www.eqqus.ee\/toodete-filter\/\"},{\"@type\":\"ListItem\",\"position\":3,\"name\":\"CamelBak\"}]},{\"@type\":\"WebSite\",\"@id\":\"https:\/\/www.eqqus.ee\/en\/#website\",\"url\":\"https:\/\/www.eqqus.ee\/en\/\",\"name\":\"eqqus Ltd O\u00dc\",\"description\":\"Kaitsevahendid\",\"publisher\":{\"@id\":\"https:\/\/www.eqqus.ee\/en\/#organization\"},\"potentialAction\":[{\"@type\":\"SearchAction\",\"target\":{\"@type\":\"EntryPoint\",\"urlTemplate\":\"https:\/\/www.eqqus.ee\/en\/?s={search_term_string}\"},\"query-input\":{\"@type\":\"PropertyValueSpecification\",\"valueRequired\":true,\"valueName\":\"search_term_string\"}}],\"inLanguage\":\"en-US\"},{\"@type\":\"Organization\",\"@id\":\"https:\/\/www.eqqus.ee\/en\/#organization\",\"name\":\"eqqus Ltd O\u00dc\",\"url\":\"https:\/\/www.eqqus.ee\/en\/\",\"logo\":{\"@type\":\"ImageObject\",\"inLanguage\":\"en-US\",\"@id\":\"https:\/\/www.eqqus.ee\/en\/#\/schema\/logo\/image\/\",\"url\":\"https:\/\/www.eqqus.ee\/wp-content\/uploads\/2023\/06\/eqqus.ee-logo.png\",\"contentUrl\":\"https:\/\/www.eqqus.ee\/wp-content\/uploads\/2023\/06\/eqqus.ee-logo.png\",\"width\":627,\"height\":146,\"caption\":\"eqqus Ltd O\u00dc\"},\"image\":{\"@id\":\"https:\/\/www.eqqus.ee\/en\/#\/schema\/logo\/image\/\"},\"sameAs\":[\"https:\/\/www.facebook.com\/eqqusLtd\"]}]}<\/script>\n<!-- \/ Yoast SEO plugin. -->","yoast_head_json":{"title":"CamelBak | Products - Eqqus","description":"CamelBak manufactures bottles, general purpose backpacks and other special equipment to facilitate military and law enforcement needs.","robots":{"index":"index","follow":"follow","max-snippet":"max-snippet:-1","max-image-preview":"max-image-preview:large","max-video-preview":"max-video-preview:-1"},"canonical":"https:\/\/www.eqqus.ee\/en\/product\/bags-and-cases\/backpack\/camelbak\/","og_locale":"en_US","og_type":"article","og_title":"CamelBak | Products - Eqqus","og_description":"CamelBak manufactures bottles, general purpose backpacks and other special equipment to facilitate military and law enforcement needs.","og_url":"https:\/\/www.eqqus.ee\/en\/product\/bags-and-cases\/backpack\/camelbak\/","og_site_name":"eqqus Ltd O\u00dc","article_publisher":"https:\/\/www.facebook.com\/eqqusLtd","article_modified_time":"2023-11-27T08:26:46+00:00","og_image":[{"width":400,"height":210,"url":"https:\/\/www.eqqus.ee\/wp-content\/uploads\/2023\/06\/camlebak-eqqu.png","type":"image\/png"}],"twitter_card":"summary_large_image","twitter_misc":{"Est. reading time":"5 minutes"},"schema":{"@context":"https:\/\/schema.org","@graph":[{"@type":"WebPage","@id":"https:\/\/www.eqqus.ee\/en\/product\/bags-and-cases\/backpack\/camelbak\/","url":"https:\/\/www.eqqus.ee\/en\/product\/bags-and-cases\/backpack\/camelbak\/","name":"CamelBak | Products - Eqqus","isPartOf":{"@id":"https:\/\/www.eqqus.ee\/en\/#website"},"primaryImageOfPage":{"@id":"https:\/\/www.eqqus.ee\/en\/product\/bags-and-cases\/backpack\/camelbak\/#primaryimage"},"image":{"@id":"https:\/\/www.eqqus.ee\/en\/product\/bags-and-cases\/backpack\/camelbak\/#primaryimage"},"thumbnailUrl":"https:\/\/www.eqqus.ee\/wp-content\/uploads\/2023\/06\/camlebak-eqqu.png","datePublished":"2023-06-14T07:10:10+00:00","dateModified":"2023-11-27T08:26:46+00:00","description":"CamelBak manufactures bottles, general purpose backpacks and other special equipment to facilitate military and law enforcement needs.","breadcrumb":{"@id":"https:\/\/www.eqqus.ee\/en\/product\/bags-and-cases\/backpack\/camelbak\/#breadcrumb"},"inLanguage":"en-US","potentialAction":[{"@type":"ReadAction","target":["https:\/\/www.eqqus.ee\/en\/product\/bags-and-cases\/backpack\/camelbak\/"]}]},{"@type":"ImageObject","inLanguage":"en-US","@id":"https:\/\/www.eqqus.ee\/en\/product\/bags-and-cases\/backpack\/camelbak\/#primaryimage","url":"https:\/\/www.eqqus.ee\/wp-content\/uploads\/2023\/06\/camlebak-eqqu.png","contentUrl":"https:\/\/www.eqqus.ee\/wp-content\/uploads\/2023\/06\/camlebak-eqqu.png","width":400,"height":210,"caption":"s\u00f5jatehnika ja kaitsevarustuse m\u00fc\u00fck eqqus"},{"@type":"BreadcrumbList","@id":"https:\/\/www.eqqus.ee\/en\/product\/bags-and-cases\/backpack\/camelbak\/#breadcrumb","itemListElement":[{"@type":"ListItem","position":1,"name":"Esileht","item":"https:\/\/www.eqqus.ee\/en\/"},{"@type":"ListItem","position":2,"name":"Product Filter","item":"https:\/\/www.eqqus.ee\/toodete-filter\/"},{"@type":"ListItem","position":3,"name":"CamelBak"}]},{"@type":"WebSite","@id":"https:\/\/www.eqqus.ee\/en\/#website","url":"https:\/\/www.eqqus.ee\/en\/","name":"eqqus Ltd O\u00dc","description":"Kaitsevahendid","publisher":{"@id":"https:\/\/www.eqqus.ee\/en\/#organization"},"potentialAction":[{"@type":"SearchAction","target":{"@type":"EntryPoint","urlTemplate":"https:\/\/www.eqqus.ee\/en\/?s={search_term_string}"},"query-input":{"@type":"PropertyValueSpecification","valueRequired":true,"valueName":"search_term_string"}}],"inLanguage":"en-US"},{"@type":"Organization","@id":"https:\/\/www.eqqus.ee\/en\/#organization","name":"eqqus Ltd O\u00dc","url":"https:\/\/www.eqqus.ee\/en\/","logo":{"@type":"ImageObject","inLanguage":"en-US","@id":"https:\/\/www.eqqus.ee\/en\/#\/schema\/logo\/image\/","url":"https:\/\/www.eqqus.ee\/wp-content\/uploads\/2023\/06\/eqqus.ee-logo.png","contentUrl":"https:\/\/www.eqqus.ee\/wp-content\/uploads\/2023\/06\/eqqus.ee-logo.png","width":627,"height":146,"caption":"eqqus Ltd O\u00dc"},"image":{"@id":"https:\/\/www.eqqus.ee\/en\/#\/schema\/logo\/image\/"},"sameAs":["https:\/\/www.facebook.com\/eqqusLtd"]}]}},"_links":{"self":[{"href":"https:\/\/www.eqqus.ee\/en\/wp-json\/wp\/v2\/product\/245953","targetHints":{"allow":["GET"]}}],"collection":[{"href":"https:\/\/www.eqqus.ee\/en\/wp-json\/wp\/v2\/product"}],"about":[{"href":"https:\/\/www.eqqus.ee\/en\/wp-json\/wp\/v2\/types\/product"}],"wp:featuredmedia":[{"embeddable":true,"href":"https:\/\/www.eqqus.ee\/en\/wp-json\/wp\/v2\/media\/246179"}],"wp:attachment":[{"href":"https:\/\/www.eqqus.ee\/en\/wp-json\/wp\/v2\/media?parent=245953"}],"wp:term":[{"taxonomy":"product_brand","embeddable":true,"href":"https:\/\/www.eqqus.ee\/en\/wp-json\/wp\/v2\/product_brand?post=245953"},{"taxonomy":"product_cat","embeddable":true,"href":"https:\/\/www.eqqus.ee\/en\/wp-json\/wp\/v2\/product_cat?post=245953"},{"taxonomy":"product_tag","embeddable":true,"href":"https:\/\/www.eqqus.ee\/en\/wp-json\/wp\/v2\/product_tag?post=245953"}],"curies":[{"name":"wp","href":"https:\/\/api.w.org\/{rel}","templated":true}]}}