{"id":245946,"date":"2023-06-14T10:04:51","date_gmt":"2023-06-14T07:04:51","guid":{"rendered":"https:\/\/www.eqqus.ee\/toode\/uncategorized\/buff-safety\/"},"modified":"2023-11-27T10:13:45","modified_gmt":"2023-11-27T08:13:45","slug":"buff-safety","status":"publish","type":"product","link":"https:\/\/www.eqqus.ee\/en\/product\/tactical-clothing-en\/buff-safety\/","title":{"rendered":"Buff Safety"},"content":{"rendered":"<h4><img decoding=\"async\" class=\"alignnone wp-image-243694\" src=\"https:\/\/www.eqqus.ee\/wp-content\/uploads\/2021\/07\/HTW-pro1165-300x107.png\" alt=\"\" width=\"502\" height=\"179\" \/><\/h4>\n<p>Buff Safety is the world&#8217;s leading manufacturer of tubulars. Products can be worn in many different ways: + As a headprotection to prevent harm from direct sunlight + As a helmet hat to improve work comfort + As a scarf to protect against wind and cold In the Buff Safety range you will find: Windproof tubulars, Fireproof tubulars, Warm tubulars, Reflective striped tubulars, Helmeted caps, Merino wool balaclavas, Windproof balaclavas and much more. Contact us to get an offer for a larger quantity. At the moment you can also find a limited selection of Buff Proffessional products in Bauhof (Estonia) stores &#8211; Laagri \/ Lasnam\u00e4e \/ Tartu \/ P\u00e4rnu<\/p>\n<h4><a href=\"https:\/\/www.buff.com\/ee\/\"> PHILOSOPHY <\/a><\/h4>\n<p><a href=\"https:\/\/www.buff.com\/en\/\" target=\"_blank\" rel=\"noopener\">BUFF\u00ae was born in Igualada, 60 kilometers from Barcelona. Today, their headquarters continue to be located in this same famous area of \u200b\u200bthe textile industry. It will be used to shape all of their new collections and produce many of the most popular products.<\/a><\/p>\n<h4>WORLD &#8211; CHALLENGES<\/h4>\n<p>Their most popular product is the multifunctional tubular BUFF\u00ae. They have proudly created original and practical clothing to protect you in all weather conditions, from extreme cold to wind and sun. Their products are currently shipped to more than 60 countries.<\/p>\n<h4>TOGETHER &#8211; EVERYWHERE<\/h4>\n<p>BUFF\u00ae Safety products are not simply practical. A unique feeling is brought into all of its collections. Therefore, their products are ready for extreme sports, hiking, everyday urban use or working in difficult conditions. They look further and look for evermore new challenges.<\/p>\n<h4><img decoding=\"async\" class=\"alignnone wp-image-243696\" src=\"https:\/\/www.eqqus.ee\/wp-content\/uploads\/2021\/07\/images-1-300x131.jpg\" alt=\"\" width=\"515\" height=\"225\" srcset=\"https:\/\/www.eqqus.ee\/wp-content\/uploads\/2021\/07\/images-1-300x131.jpg 300w, https:\/\/www.eqqus.ee\/wp-content\/uploads\/2021\/07\/images-1-250x109.jpg 250w, https:\/\/www.eqqus.ee\/wp-content\/uploads\/2021\/07\/images-1-64x28.jpg 64w, https:\/\/www.eqqus.ee\/wp-content\/uploads\/2021\/07\/images-1.jpg 340w\" sizes=\"(max-width: 515px) 100vw, 515px\" \/><\/h4>\n<h4><\/h4>\n<h4>ISO<\/h4>\n<p>ISO rules for quality management and the environment are followed. ISO 9001: ensures compliance with the requirements of a quality management system focused on continuous improvement and customer satisfaction. <a href=\"https:\/\/www.buff.com\/media\/wysiwyg\/certificates\/ISO9001_2015_ENG.pdf\"> Download ISO 9001 <\/a> ISO 14001: ensures compliance with the requirements of the environmental management system. <a href=\"https:\/\/www.buff.com\/media\/wysiwyg\/certificates\/ISO14001_2015_ENG.pdf\"> Download ISO 14001 certification <\/a><\/p>\n<h4><\/h4>\n<h4>UV PROTECTION<\/h4>\n<p>Protection from ultraviolet radiation in sunlight is important to prevent serious health problems such as skin cancer. To this end, BUFF\u00ae has been designed to protect against UV rays. <img decoding=\"async\" class=\"alignnone wp-image-243698\" src=\"https:\/\/www.eqqus.ee\/wp-content\/uploads\/2021\/07\/prod-professional-300x194.jpg\" alt=\"\" width=\"491\" height=\"317\" \/><\/p>\n\n<div class=\"wpcf7 no-js\" id=\"wpcf7-f243598-o1\" lang=\"et\" dir=\"ltr\" data-wpcf7-id=\"243598\">\n<div class=\"screen-reader-response\"><p role=\"status\" aria-live=\"polite\" aria-atomic=\"true\"><\/p> <ul><\/ul><\/div>\n<form action=\"\/en\/wp-json\/wp\/v2\/product\/245946#wpcf7-f243598-o1\" method=\"post\" class=\"wpcf7-form init\" aria-label=\"Contact form\" novalidate=\"novalidate\" data-status=\"init\">\n<div style=\"display: none;\">\n<input type=\"hidden\" name=\"_wpcf7\" value=\"243598\" \/>\n<input type=\"hidden\" name=\"_wpcf7_version\" value=\"6.0.5\" \/>\n<input type=\"hidden\" name=\"_wpcf7_locale\" value=\"et\" \/>\n<input type=\"hidden\" name=\"_wpcf7_unit_tag\" value=\"wpcf7-f243598-o1\" \/>\n<input type=\"hidden\" name=\"_wpcf7_container_post\" value=\"0\" \/>\n<input type=\"hidden\" name=\"_wpcf7_posted_data_hash\" value=\"\" \/>\n<input type=\"hidden\" name=\"_wpcf7_recaptcha_response\" value=\"\" \/>\n<\/div>\n<p><label> Your name<br \/>\n<span class=\"wpcf7-form-control-wrap\" data-name=\"your-name\"><input size=\"40\" maxlength=\"400\" class=\"wpcf7-form-control wpcf7-text wpcf7-validates-as-required\" aria-required=\"true\" aria-invalid=\"false\" value=\"\" type=\"text\" name=\"your-name\" \/><\/span> <\/label>\n<\/p>\n<p><label> Your email<br \/>\n<span class=\"wpcf7-form-control-wrap\" data-name=\"your-email\"><input size=\"40\" maxlength=\"400\" class=\"wpcf7-form-control wpcf7-email wpcf7-validates-as-required wpcf7-text wpcf7-validates-as-email\" aria-required=\"true\" aria-invalid=\"false\" value=\"\" type=\"email\" name=\"your-email\" \/><\/span> <\/label>\n<\/p>\n<p><label> Brand\/Product you are interested in<br \/>\n<span class=\"wpcf7-form-control-wrap\" data-name=\"your-subject\"><input size=\"40\" maxlength=\"400\" class=\"wpcf7-form-control wpcf7-text wpcf7-validates-as-required\" aria-required=\"true\" aria-invalid=\"false\" value=\"\" type=\"text\" name=\"your-subject\" \/><\/span> <\/label>\n<\/p>\n<p><label> Questions about product<br \/>\n<span class=\"wpcf7-form-control-wrap\" data-name=\"your-message\"><textarea cols=\"40\" rows=\"10\" maxlength=\"2000\" class=\"wpcf7-form-control wpcf7-textarea wpcf7-validates-as-required\" aria-required=\"true\" aria-invalid=\"false\" name=\"your-message\"><\/textarea><\/span> <\/label>\n<\/p>\n<p><input class=\"wpcf7-form-control wpcf7-submit has-spinner\" type=\"submit\" value=\"Send request\" \/>\n<\/p><div class=\"wpcf7-response-output\" aria-hidden=\"true\"><\/div>\n<\/form>\n<\/div>\n\n","protected":false},"excerpt":{"rendered":"<p>Buff Safety is the world&#8217;s leading manufacturer of tubulars. Products can be worn in many different ways: + As a headprotection to prevent harm from direct sunlight + As a helmet hat to improve work comfort + As a scarf to protect against wind and cold In the Buff Safety range you will find: Windproof [&hellip;]<\/p>\n","protected":false},"featured_media":246098,"template":"","meta":{"_et_pb_use_builder":"","_et_pb_old_content":"","_et_gb_content_width":""},"product_brand":[],"product_cat":[701],"product_tag":[529],"class_list":{"0":"post-245946","1":"product","2":"type-product","3":"status-publish","4":"has-post-thumbnail","6":"product_cat-tactical-clothing-en","7":"product_tag-buff-safety-en","9":"first","10":"instock","11":"shipping-taxable","12":"product-type-simple"},"yoast_head":"<!-- This site is optimized with the Yoast SEO plugin v24.7 - https:\/\/yoast.com\/wordpress\/plugins\/seo\/ -->\n<title>Buff Safety | Products - Eqqus<\/title>\n<meta name=\"description\" content=\"In Buff Professional range you will find: Windproof tubulars, Fireproof tubulars, Warm tubulars, Balaclavas, Helmeted caps and hats.\" \/>\n<meta name=\"robots\" content=\"index, follow, max-snippet:-1, max-image-preview:large, max-video-preview:-1\" \/>\n<link rel=\"canonical\" href=\"https:\/\/www.eqqus.ee\/en\/product\/tactical-clothing-en\/buff-safety\/\" \/>\n<meta property=\"og:locale\" content=\"en_US\" \/>\n<meta property=\"og:type\" content=\"article\" \/>\n<meta property=\"og:title\" content=\"Buff Safety | Products - Eqqus\" \/>\n<meta property=\"og:description\" content=\"In Buff Professional range you will find: Windproof tubulars, Fireproof tubulars, Warm tubulars, Balaclavas, Helmeted caps and hats.\" \/>\n<meta property=\"og:url\" content=\"https:\/\/www.eqqus.ee\/en\/product\/tactical-clothing-en\/buff-safety\/\" \/>\n<meta property=\"og:site_name\" content=\"eqqus Ltd O\u00dc\" \/>\n<meta property=\"article:publisher\" content=\"https:\/\/www.facebook.com\/eqqusLtd\" \/>\n<meta property=\"article:modified_time\" content=\"2023-11-27T08:13:45+00:00\" \/>\n<meta property=\"og:image\" content=\"https:\/\/www.eqqus.ee\/wp-content\/uploads\/2023\/06\/Buff-eqqu.png\" \/>\n\t<meta property=\"og:image:width\" content=\"400\" \/>\n\t<meta property=\"og:image:height\" content=\"210\" \/>\n\t<meta property=\"og:image:type\" content=\"image\/png\" \/>\n<meta name=\"twitter:card\" content=\"summary_large_image\" \/>\n<meta name=\"twitter:label1\" content=\"Est. reading time\" \/>\n\t<meta name=\"twitter:data1\" content=\"3 minutes\" \/>\n<script type=\"application\/ld+json\" class=\"yoast-schema-graph\">{\"@context\":\"https:\/\/schema.org\",\"@graph\":[{\"@type\":\"WebPage\",\"@id\":\"https:\/\/www.eqqus.ee\/en\/product\/tactical-clothing-en\/buff-safety\/\",\"url\":\"https:\/\/www.eqqus.ee\/en\/product\/tactical-clothing-en\/buff-safety\/\",\"name\":\"Buff Safety | Products - Eqqus\",\"isPartOf\":{\"@id\":\"https:\/\/www.eqqus.ee\/en\/#website\"},\"primaryImageOfPage\":{\"@id\":\"https:\/\/www.eqqus.ee\/en\/product\/tactical-clothing-en\/buff-safety\/#primaryimage\"},\"image\":{\"@id\":\"https:\/\/www.eqqus.ee\/en\/product\/tactical-clothing-en\/buff-safety\/#primaryimage\"},\"thumbnailUrl\":\"https:\/\/www.eqqus.ee\/wp-content\/uploads\/2023\/06\/Buff-eqqu.png\",\"datePublished\":\"2023-06-14T07:04:51+00:00\",\"dateModified\":\"2023-11-27T08:13:45+00:00\",\"description\":\"In Buff Professional range you will find: Windproof tubulars, Fireproof tubulars, Warm tubulars, Balaclavas, Helmeted caps and hats.\",\"breadcrumb\":{\"@id\":\"https:\/\/www.eqqus.ee\/en\/product\/tactical-clothing-en\/buff-safety\/#breadcrumb\"},\"inLanguage\":\"en-US\",\"potentialAction\":[{\"@type\":\"ReadAction\",\"target\":[\"https:\/\/www.eqqus.ee\/en\/product\/tactical-clothing-en\/buff-safety\/\"]}]},{\"@type\":\"ImageObject\",\"inLanguage\":\"en-US\",\"@id\":\"https:\/\/www.eqqus.ee\/en\/product\/tactical-clothing-en\/buff-safety\/#primaryimage\",\"url\":\"https:\/\/www.eqqus.ee\/wp-content\/uploads\/2023\/06\/Buff-eqqu.png\",\"contentUrl\":\"https:\/\/www.eqqus.ee\/wp-content\/uploads\/2023\/06\/Buff-eqqu.png\",\"width\":400,\"height\":210,\"caption\":\"s\u00f5jatehnika ja kaitsevarustuse m\u00fc\u00fck eqqus\"},{\"@type\":\"BreadcrumbList\",\"@id\":\"https:\/\/www.eqqus.ee\/en\/product\/tactical-clothing-en\/buff-safety\/#breadcrumb\",\"itemListElement\":[{\"@type\":\"ListItem\",\"position\":1,\"name\":\"Esileht\",\"item\":\"https:\/\/www.eqqus.ee\/en\/\"},{\"@type\":\"ListItem\",\"position\":2,\"name\":\"Product Filter\",\"item\":\"https:\/\/www.eqqus.ee\/toodete-filter\/\"},{\"@type\":\"ListItem\",\"position\":3,\"name\":\"Buff Safety\"}]},{\"@type\":\"WebSite\",\"@id\":\"https:\/\/www.eqqus.ee\/en\/#website\",\"url\":\"https:\/\/www.eqqus.ee\/en\/\",\"name\":\"eqqus Ltd O\u00dc\",\"description\":\"Kaitsevahendid\",\"publisher\":{\"@id\":\"https:\/\/www.eqqus.ee\/en\/#organization\"},\"potentialAction\":[{\"@type\":\"SearchAction\",\"target\":{\"@type\":\"EntryPoint\",\"urlTemplate\":\"https:\/\/www.eqqus.ee\/en\/?s={search_term_string}\"},\"query-input\":{\"@type\":\"PropertyValueSpecification\",\"valueRequired\":true,\"valueName\":\"search_term_string\"}}],\"inLanguage\":\"en-US\"},{\"@type\":\"Organization\",\"@id\":\"https:\/\/www.eqqus.ee\/en\/#organization\",\"name\":\"eqqus Ltd O\u00dc\",\"url\":\"https:\/\/www.eqqus.ee\/en\/\",\"logo\":{\"@type\":\"ImageObject\",\"inLanguage\":\"en-US\",\"@id\":\"https:\/\/www.eqqus.ee\/en\/#\/schema\/logo\/image\/\",\"url\":\"https:\/\/www.eqqus.ee\/wp-content\/uploads\/2023\/06\/eqqus.ee-logo.png\",\"contentUrl\":\"https:\/\/www.eqqus.ee\/wp-content\/uploads\/2023\/06\/eqqus.ee-logo.png\",\"width\":627,\"height\":146,\"caption\":\"eqqus Ltd O\u00dc\"},\"image\":{\"@id\":\"https:\/\/www.eqqus.ee\/en\/#\/schema\/logo\/image\/\"},\"sameAs\":[\"https:\/\/www.facebook.com\/eqqusLtd\"]}]}<\/script>\n<!-- \/ Yoast SEO plugin. -->","yoast_head_json":{"title":"Buff Safety | Products - Eqqus","description":"In Buff Professional range you will find: Windproof tubulars, Fireproof tubulars, Warm tubulars, Balaclavas, Helmeted caps and hats.","robots":{"index":"index","follow":"follow","max-snippet":"max-snippet:-1","max-image-preview":"max-image-preview:large","max-video-preview":"max-video-preview:-1"},"canonical":"https:\/\/www.eqqus.ee\/en\/product\/tactical-clothing-en\/buff-safety\/","og_locale":"en_US","og_type":"article","og_title":"Buff Safety | Products - Eqqus","og_description":"In Buff Professional range you will find: Windproof tubulars, Fireproof tubulars, Warm tubulars, Balaclavas, Helmeted caps and hats.","og_url":"https:\/\/www.eqqus.ee\/en\/product\/tactical-clothing-en\/buff-safety\/","og_site_name":"eqqus Ltd O\u00dc","article_publisher":"https:\/\/www.facebook.com\/eqqusLtd","article_modified_time":"2023-11-27T08:13:45+00:00","og_image":[{"width":400,"height":210,"url":"https:\/\/www.eqqus.ee\/wp-content\/uploads\/2023\/06\/Buff-eqqu.png","type":"image\/png"}],"twitter_card":"summary_large_image","twitter_misc":{"Est. reading time":"3 minutes"},"schema":{"@context":"https:\/\/schema.org","@graph":[{"@type":"WebPage","@id":"https:\/\/www.eqqus.ee\/en\/product\/tactical-clothing-en\/buff-safety\/","url":"https:\/\/www.eqqus.ee\/en\/product\/tactical-clothing-en\/buff-safety\/","name":"Buff Safety | Products - Eqqus","isPartOf":{"@id":"https:\/\/www.eqqus.ee\/en\/#website"},"primaryImageOfPage":{"@id":"https:\/\/www.eqqus.ee\/en\/product\/tactical-clothing-en\/buff-safety\/#primaryimage"},"image":{"@id":"https:\/\/www.eqqus.ee\/en\/product\/tactical-clothing-en\/buff-safety\/#primaryimage"},"thumbnailUrl":"https:\/\/www.eqqus.ee\/wp-content\/uploads\/2023\/06\/Buff-eqqu.png","datePublished":"2023-06-14T07:04:51+00:00","dateModified":"2023-11-27T08:13:45+00:00","description":"In Buff Professional range you will find: Windproof tubulars, Fireproof tubulars, Warm tubulars, Balaclavas, Helmeted caps and hats.","breadcrumb":{"@id":"https:\/\/www.eqqus.ee\/en\/product\/tactical-clothing-en\/buff-safety\/#breadcrumb"},"inLanguage":"en-US","potentialAction":[{"@type":"ReadAction","target":["https:\/\/www.eqqus.ee\/en\/product\/tactical-clothing-en\/buff-safety\/"]}]},{"@type":"ImageObject","inLanguage":"en-US","@id":"https:\/\/www.eqqus.ee\/en\/product\/tactical-clothing-en\/buff-safety\/#primaryimage","url":"https:\/\/www.eqqus.ee\/wp-content\/uploads\/2023\/06\/Buff-eqqu.png","contentUrl":"https:\/\/www.eqqus.ee\/wp-content\/uploads\/2023\/06\/Buff-eqqu.png","width":400,"height":210,"caption":"s\u00f5jatehnika ja kaitsevarustuse m\u00fc\u00fck eqqus"},{"@type":"BreadcrumbList","@id":"https:\/\/www.eqqus.ee\/en\/product\/tactical-clothing-en\/buff-safety\/#breadcrumb","itemListElement":[{"@type":"ListItem","position":1,"name":"Esileht","item":"https:\/\/www.eqqus.ee\/en\/"},{"@type":"ListItem","position":2,"name":"Product Filter","item":"https:\/\/www.eqqus.ee\/toodete-filter\/"},{"@type":"ListItem","position":3,"name":"Buff Safety"}]},{"@type":"WebSite","@id":"https:\/\/www.eqqus.ee\/en\/#website","url":"https:\/\/www.eqqus.ee\/en\/","name":"eqqus Ltd O\u00dc","description":"Kaitsevahendid","publisher":{"@id":"https:\/\/www.eqqus.ee\/en\/#organization"},"potentialAction":[{"@type":"SearchAction","target":{"@type":"EntryPoint","urlTemplate":"https:\/\/www.eqqus.ee\/en\/?s={search_term_string}"},"query-input":{"@type":"PropertyValueSpecification","valueRequired":true,"valueName":"search_term_string"}}],"inLanguage":"en-US"},{"@type":"Organization","@id":"https:\/\/www.eqqus.ee\/en\/#organization","name":"eqqus Ltd O\u00dc","url":"https:\/\/www.eqqus.ee\/en\/","logo":{"@type":"ImageObject","inLanguage":"en-US","@id":"https:\/\/www.eqqus.ee\/en\/#\/schema\/logo\/image\/","url":"https:\/\/www.eqqus.ee\/wp-content\/uploads\/2023\/06\/eqqus.ee-logo.png","contentUrl":"https:\/\/www.eqqus.ee\/wp-content\/uploads\/2023\/06\/eqqus.ee-logo.png","width":627,"height":146,"caption":"eqqus Ltd O\u00dc"},"image":{"@id":"https:\/\/www.eqqus.ee\/en\/#\/schema\/logo\/image\/"},"sameAs":["https:\/\/www.facebook.com\/eqqusLtd"]}]}},"_links":{"self":[{"href":"https:\/\/www.eqqus.ee\/en\/wp-json\/wp\/v2\/product\/245946","targetHints":{"allow":["GET"]}}],"collection":[{"href":"https:\/\/www.eqqus.ee\/en\/wp-json\/wp\/v2\/product"}],"about":[{"href":"https:\/\/www.eqqus.ee\/en\/wp-json\/wp\/v2\/types\/product"}],"wp:featuredmedia":[{"embeddable":true,"href":"https:\/\/www.eqqus.ee\/en\/wp-json\/wp\/v2\/media\/246098"}],"wp:attachment":[{"href":"https:\/\/www.eqqus.ee\/en\/wp-json\/wp\/v2\/media?parent=245946"}],"wp:term":[{"taxonomy":"product_brand","embeddable":true,"href":"https:\/\/www.eqqus.ee\/en\/wp-json\/wp\/v2\/product_brand?post=245946"},{"taxonomy":"product_cat","embeddable":true,"href":"https:\/\/www.eqqus.ee\/en\/wp-json\/wp\/v2\/product_cat?post=245946"},{"taxonomy":"product_tag","embeddable":true,"href":"https:\/\/www.eqqus.ee\/en\/wp-json\/wp\/v2\/product_tag?post=245946"}],"curies":[{"name":"wp","href":"https:\/\/api.w.org\/{rel}","templated":true}]}}