{"id":245944,"date":"2023-06-14T10:02:55","date_gmt":"2023-06-14T07:02:55","guid":{"rendered":"https:\/\/www.eqqus.ee\/toode\/uncategorized\/src-brasa\/"},"modified":"2023-11-27T10:17:17","modified_gmt":"2023-11-27T08:17:17","slug":"src-brasa","status":"publish","type":"product","link":"https:\/\/www.eqqus.ee\/en\/product\/tactical-clothing-en\/undergarmaments\/src-brasa\/","title":{"rendered":"SRC Brasa"},"content":{"rendered":"<p><img decoding=\"async\" class=\"alignnone wp-image-243041\" src=\"https:\/\/www.eqqus.ee\/wp-content\/uploads\/2021\/05\/download.jpg\" alt=\"\" width=\"480\" height=\"213\" srcset=\"https:\/\/www.eqqus.ee\/wp-content\/uploads\/2021\/05\/download.jpg 337w, https:\/\/www.eqqus.ee\/wp-content\/uploads\/2021\/05\/download-250x111.jpg 250w, https:\/\/www.eqqus.ee\/wp-content\/uploads\/2021\/05\/download-64x28.jpg 64w\" sizes=\"(max-width: 480px) 100vw, 480px\" \/><\/p>\n<p><a href=\"https:\/\/www.brasa.lv\/\" target=\"_blank\" rel=\"noopener\"> From high-quality functional clothing and tactical equipment to artificial intelligence solutions, SRC Brasa is driven by innovation. Their dedicated team focuses on technology and science, with unique customer needs to deliver significant value in more than 20 countries. <\/a> Ensuring rigorous quality control and providing top-notch customer support. SRC Brasa specializes in multi-layered functional clothing and adjustable tactical equipment designed for combat situations in a variety of environments and climates around the world. Join our rapidly growing list of satisfied customers, including the Latvian Army and other military and law enforcement agencies around the world.<\/p>\n<p>&nbsp;<\/p>\n<h4><strong> Knowledge <\/strong><\/h4>\n<p>Investments in research and development and world-class technologies ensure the production of durable, adaptable and ergonomic military products. Professional engineers, military specialists and production experts work side by side to ensure the highest quality in form, function and design.<\/p>\n<h4><strong> Customers <\/strong><\/h4>\n<p>Cooperation with military and law enforcement agencies around the world has provided them with a wealth of international experience. The fact that they have entrusted them with their safety is indeed the highest compliment their customers can offer them.<\/p>\n<h4><strong> Production <\/strong><\/h4>\n<p>SRC Brasa&#8217;s production and development laboratory is located in Riga, Latvia, and offers excellent logistics throughout Europe. Their proximity to global markets means fast delivery times.<\/p>\n<h4><strong> NARTIX <\/strong><\/h4>\n<p>The next generation of military technology and innovative digital solutions will help meet the new challenges facing the military and security forces in the digital age. The advanced scientific and intellectual capabilities of their research and development laboratory distinguishes SRC Brasa from other military manufacturers. Their latest innovation is the Natrix Military Support System. It is a mobile platform with an intelligent navigation system developed by the armed forces, experts and industrial designers.<\/p>\n<p>&nbsp;<\/p>\n\n<div class=\"wpcf7 no-js\" id=\"wpcf7-f243598-o1\" lang=\"et\" dir=\"ltr\" data-wpcf7-id=\"243598\">\n<div class=\"screen-reader-response\"><p role=\"status\" aria-live=\"polite\" aria-atomic=\"true\"><\/p> <ul><\/ul><\/div>\n<form action=\"\/en\/wp-json\/wp\/v2\/product\/245944#wpcf7-f243598-o1\" method=\"post\" class=\"wpcf7-form init\" aria-label=\"Contact form\" novalidate=\"novalidate\" data-status=\"init\">\n<div style=\"display: none;\">\n<input type=\"hidden\" name=\"_wpcf7\" value=\"243598\" \/>\n<input type=\"hidden\" name=\"_wpcf7_version\" value=\"6.0.5\" \/>\n<input type=\"hidden\" name=\"_wpcf7_locale\" value=\"et\" \/>\n<input type=\"hidden\" name=\"_wpcf7_unit_tag\" value=\"wpcf7-f243598-o1\" \/>\n<input type=\"hidden\" name=\"_wpcf7_container_post\" value=\"0\" \/>\n<input type=\"hidden\" name=\"_wpcf7_posted_data_hash\" value=\"\" \/>\n<input type=\"hidden\" name=\"_wpcf7_recaptcha_response\" value=\"\" \/>\n<\/div>\n<p><label> Your name<br \/>\n<span class=\"wpcf7-form-control-wrap\" data-name=\"your-name\"><input size=\"40\" maxlength=\"400\" class=\"wpcf7-form-control wpcf7-text wpcf7-validates-as-required\" aria-required=\"true\" aria-invalid=\"false\" value=\"\" type=\"text\" name=\"your-name\" \/><\/span> <\/label>\n<\/p>\n<p><label> Your email<br \/>\n<span class=\"wpcf7-form-control-wrap\" data-name=\"your-email\"><input size=\"40\" maxlength=\"400\" class=\"wpcf7-form-control wpcf7-email wpcf7-validates-as-required wpcf7-text wpcf7-validates-as-email\" aria-required=\"true\" aria-invalid=\"false\" value=\"\" type=\"email\" name=\"your-email\" \/><\/span> <\/label>\n<\/p>\n<p><label> Brand\/Product you are interested in<br \/>\n<span class=\"wpcf7-form-control-wrap\" data-name=\"your-subject\"><input size=\"40\" maxlength=\"400\" class=\"wpcf7-form-control wpcf7-text wpcf7-validates-as-required\" aria-required=\"true\" aria-invalid=\"false\" value=\"\" type=\"text\" name=\"your-subject\" \/><\/span> <\/label>\n<\/p>\n<p><label> Questions about product<br \/>\n<span class=\"wpcf7-form-control-wrap\" data-name=\"your-message\"><textarea cols=\"40\" rows=\"10\" maxlength=\"2000\" class=\"wpcf7-form-control wpcf7-textarea wpcf7-validates-as-required\" aria-required=\"true\" aria-invalid=\"false\" name=\"your-message\"><\/textarea><\/span> <\/label>\n<\/p>\n<p><input class=\"wpcf7-form-control wpcf7-submit has-spinner\" type=\"submit\" value=\"Send request\" \/>\n<\/p><div class=\"wpcf7-response-output\" aria-hidden=\"true\"><\/div>\n<\/form>\n<\/div>\n\n","protected":false},"excerpt":{"rendered":"<p>From high-quality functional clothing and tactical equipment to artificial intelligence solutions, SRC Brasa is driven by innovation. Their dedicated team focuses on technology and science, with unique customer needs to deliver significant value in more than 20 countries. Ensuring rigorous quality control and providing top-notch customer support. SRC Brasa specializes in multi-layered functional clothing and [&hellip;]<\/p>\n","protected":false},"featured_media":246070,"template":"","meta":{"_et_pb_use_builder":"","_et_pb_old_content":"","_et_gb_content_width":""},"product_brand":[],"product_cat":[689,697,687,695,701,730],"product_tag":[527],"class_list":{"0":"post-245944","1":"product","2":"type-product","3":"status-publish","4":"has-post-thumbnail","6":"product_cat-backpack","7":"product_cat-pants-and-jackets","8":"product_cat-carrying-bags","9":"product_cat-undergarmaments","10":"product_cat-tactical-clothing-en","11":"product_cat-masking","12":"product_tag-src-brasa-en","14":"first","15":"instock","16":"shipping-taxable","17":"product-type-simple"},"yoast_head":"<!-- This site is optimized with the Yoast SEO plugin v24.7 - https:\/\/yoast.com\/wordpress\/plugins\/seo\/ -->\n<title>SRC Brasa | Products - Eqqus<\/title>\n<meta name=\"description\" content=\"From high-quality functional clothing and tactical equipment to artificial intelligence solutions, SRC Brasa is driven by innovation.\" \/>\n<meta name=\"robots\" content=\"index, follow, max-snippet:-1, max-image-preview:large, max-video-preview:-1\" \/>\n<link rel=\"canonical\" href=\"https:\/\/www.eqqus.ee\/en\/product\/tactical-clothing-en\/undergarmaments\/src-brasa\/\" \/>\n<meta property=\"og:locale\" content=\"en_US\" \/>\n<meta property=\"og:type\" content=\"article\" \/>\n<meta property=\"og:title\" content=\"SRC Brasa | Products - Eqqus\" \/>\n<meta property=\"og:description\" content=\"From high-quality functional clothing and tactical equipment to artificial intelligence solutions, SRC Brasa is driven by innovation.\" \/>\n<meta property=\"og:url\" content=\"https:\/\/www.eqqus.ee\/en\/product\/tactical-clothing-en\/undergarmaments\/src-brasa\/\" \/>\n<meta property=\"og:site_name\" content=\"eqqus Ltd O\u00dc\" \/>\n<meta property=\"article:publisher\" content=\"https:\/\/www.facebook.com\/eqqusLtd\" \/>\n<meta property=\"article:modified_time\" content=\"2023-11-27T08:17:17+00:00\" \/>\n<meta property=\"og:image\" content=\"https:\/\/www.eqqus.ee\/wp-content\/uploads\/2023\/06\/scra-vbrasa-eqqu.png\" \/>\n\t<meta property=\"og:image:width\" content=\"400\" \/>\n\t<meta property=\"og:image:height\" content=\"210\" \/>\n\t<meta property=\"og:image:type\" content=\"image\/png\" \/>\n<meta name=\"twitter:card\" content=\"summary_large_image\" \/>\n<meta name=\"twitter:label1\" content=\"Est. reading time\" \/>\n\t<meta name=\"twitter:data1\" content=\"2 minutes\" \/>\n<script type=\"application\/ld+json\" class=\"yoast-schema-graph\">{\"@context\":\"https:\/\/schema.org\",\"@graph\":[{\"@type\":\"WebPage\",\"@id\":\"https:\/\/www.eqqus.ee\/en\/product\/tactical-clothing-en\/undergarmaments\/src-brasa\/\",\"url\":\"https:\/\/www.eqqus.ee\/en\/product\/tactical-clothing-en\/undergarmaments\/src-brasa\/\",\"name\":\"SRC Brasa | Products - Eqqus\",\"isPartOf\":{\"@id\":\"https:\/\/www.eqqus.ee\/en\/#website\"},\"primaryImageOfPage\":{\"@id\":\"https:\/\/www.eqqus.ee\/en\/product\/tactical-clothing-en\/undergarmaments\/src-brasa\/#primaryimage\"},\"image\":{\"@id\":\"https:\/\/www.eqqus.ee\/en\/product\/tactical-clothing-en\/undergarmaments\/src-brasa\/#primaryimage\"},\"thumbnailUrl\":\"https:\/\/www.eqqus.ee\/wp-content\/uploads\/2023\/06\/scra-vbrasa-eqqu.png\",\"datePublished\":\"2023-06-14T07:02:55+00:00\",\"dateModified\":\"2023-11-27T08:17:17+00:00\",\"description\":\"From high-quality functional clothing and tactical equipment to artificial intelligence solutions, SRC Brasa is driven by innovation.\",\"breadcrumb\":{\"@id\":\"https:\/\/www.eqqus.ee\/en\/product\/tactical-clothing-en\/undergarmaments\/src-brasa\/#breadcrumb\"},\"inLanguage\":\"en-US\",\"potentialAction\":[{\"@type\":\"ReadAction\",\"target\":[\"https:\/\/www.eqqus.ee\/en\/product\/tactical-clothing-en\/undergarmaments\/src-brasa\/\"]}]},{\"@type\":\"ImageObject\",\"inLanguage\":\"en-US\",\"@id\":\"https:\/\/www.eqqus.ee\/en\/product\/tactical-clothing-en\/undergarmaments\/src-brasa\/#primaryimage\",\"url\":\"https:\/\/www.eqqus.ee\/wp-content\/uploads\/2023\/06\/scra-vbrasa-eqqu.png\",\"contentUrl\":\"https:\/\/www.eqqus.ee\/wp-content\/uploads\/2023\/06\/scra-vbrasa-eqqu.png\",\"width\":400,\"height\":210,\"caption\":\"s\u00f5jatehnika ja kaitsevarustuse m\u00fc\u00fck eqqus\"},{\"@type\":\"BreadcrumbList\",\"@id\":\"https:\/\/www.eqqus.ee\/en\/product\/tactical-clothing-en\/undergarmaments\/src-brasa\/#breadcrumb\",\"itemListElement\":[{\"@type\":\"ListItem\",\"position\":1,\"name\":\"Esileht\",\"item\":\"https:\/\/www.eqqus.ee\/en\/\"},{\"@type\":\"ListItem\",\"position\":2,\"name\":\"Product Filter\",\"item\":\"https:\/\/www.eqqus.ee\/toodete-filter\/\"},{\"@type\":\"ListItem\",\"position\":3,\"name\":\"SRC Brasa\"}]},{\"@type\":\"WebSite\",\"@id\":\"https:\/\/www.eqqus.ee\/en\/#website\",\"url\":\"https:\/\/www.eqqus.ee\/en\/\",\"name\":\"eqqus Ltd O\u00dc\",\"description\":\"Kaitsevahendid\",\"publisher\":{\"@id\":\"https:\/\/www.eqqus.ee\/en\/#organization\"},\"potentialAction\":[{\"@type\":\"SearchAction\",\"target\":{\"@type\":\"EntryPoint\",\"urlTemplate\":\"https:\/\/www.eqqus.ee\/en\/?s={search_term_string}\"},\"query-input\":{\"@type\":\"PropertyValueSpecification\",\"valueRequired\":true,\"valueName\":\"search_term_string\"}}],\"inLanguage\":\"en-US\"},{\"@type\":\"Organization\",\"@id\":\"https:\/\/www.eqqus.ee\/en\/#organization\",\"name\":\"eqqus Ltd O\u00dc\",\"url\":\"https:\/\/www.eqqus.ee\/en\/\",\"logo\":{\"@type\":\"ImageObject\",\"inLanguage\":\"en-US\",\"@id\":\"https:\/\/www.eqqus.ee\/en\/#\/schema\/logo\/image\/\",\"url\":\"https:\/\/www.eqqus.ee\/wp-content\/uploads\/2023\/06\/eqqus.ee-logo.png\",\"contentUrl\":\"https:\/\/www.eqqus.ee\/wp-content\/uploads\/2023\/06\/eqqus.ee-logo.png\",\"width\":627,\"height\":146,\"caption\":\"eqqus Ltd O\u00dc\"},\"image\":{\"@id\":\"https:\/\/www.eqqus.ee\/en\/#\/schema\/logo\/image\/\"},\"sameAs\":[\"https:\/\/www.facebook.com\/eqqusLtd\"]}]}<\/script>\n<!-- \/ Yoast SEO plugin. -->","yoast_head_json":{"title":"SRC Brasa | Products - Eqqus","description":"From high-quality functional clothing and tactical equipment to artificial intelligence solutions, SRC Brasa is driven by innovation.","robots":{"index":"index","follow":"follow","max-snippet":"max-snippet:-1","max-image-preview":"max-image-preview:large","max-video-preview":"max-video-preview:-1"},"canonical":"https:\/\/www.eqqus.ee\/en\/product\/tactical-clothing-en\/undergarmaments\/src-brasa\/","og_locale":"en_US","og_type":"article","og_title":"SRC Brasa | Products - Eqqus","og_description":"From high-quality functional clothing and tactical equipment to artificial intelligence solutions, SRC Brasa is driven by innovation.","og_url":"https:\/\/www.eqqus.ee\/en\/product\/tactical-clothing-en\/undergarmaments\/src-brasa\/","og_site_name":"eqqus Ltd O\u00dc","article_publisher":"https:\/\/www.facebook.com\/eqqusLtd","article_modified_time":"2023-11-27T08:17:17+00:00","og_image":[{"width":400,"height":210,"url":"https:\/\/www.eqqus.ee\/wp-content\/uploads\/2023\/06\/scra-vbrasa-eqqu.png","type":"image\/png"}],"twitter_card":"summary_large_image","twitter_misc":{"Est. reading time":"2 minutes"},"schema":{"@context":"https:\/\/schema.org","@graph":[{"@type":"WebPage","@id":"https:\/\/www.eqqus.ee\/en\/product\/tactical-clothing-en\/undergarmaments\/src-brasa\/","url":"https:\/\/www.eqqus.ee\/en\/product\/tactical-clothing-en\/undergarmaments\/src-brasa\/","name":"SRC Brasa | Products - Eqqus","isPartOf":{"@id":"https:\/\/www.eqqus.ee\/en\/#website"},"primaryImageOfPage":{"@id":"https:\/\/www.eqqus.ee\/en\/product\/tactical-clothing-en\/undergarmaments\/src-brasa\/#primaryimage"},"image":{"@id":"https:\/\/www.eqqus.ee\/en\/product\/tactical-clothing-en\/undergarmaments\/src-brasa\/#primaryimage"},"thumbnailUrl":"https:\/\/www.eqqus.ee\/wp-content\/uploads\/2023\/06\/scra-vbrasa-eqqu.png","datePublished":"2023-06-14T07:02:55+00:00","dateModified":"2023-11-27T08:17:17+00:00","description":"From high-quality functional clothing and tactical equipment to artificial intelligence solutions, SRC Brasa is driven by innovation.","breadcrumb":{"@id":"https:\/\/www.eqqus.ee\/en\/product\/tactical-clothing-en\/undergarmaments\/src-brasa\/#breadcrumb"},"inLanguage":"en-US","potentialAction":[{"@type":"ReadAction","target":["https:\/\/www.eqqus.ee\/en\/product\/tactical-clothing-en\/undergarmaments\/src-brasa\/"]}]},{"@type":"ImageObject","inLanguage":"en-US","@id":"https:\/\/www.eqqus.ee\/en\/product\/tactical-clothing-en\/undergarmaments\/src-brasa\/#primaryimage","url":"https:\/\/www.eqqus.ee\/wp-content\/uploads\/2023\/06\/scra-vbrasa-eqqu.png","contentUrl":"https:\/\/www.eqqus.ee\/wp-content\/uploads\/2023\/06\/scra-vbrasa-eqqu.png","width":400,"height":210,"caption":"s\u00f5jatehnika ja kaitsevarustuse m\u00fc\u00fck eqqus"},{"@type":"BreadcrumbList","@id":"https:\/\/www.eqqus.ee\/en\/product\/tactical-clothing-en\/undergarmaments\/src-brasa\/#breadcrumb","itemListElement":[{"@type":"ListItem","position":1,"name":"Esileht","item":"https:\/\/www.eqqus.ee\/en\/"},{"@type":"ListItem","position":2,"name":"Product Filter","item":"https:\/\/www.eqqus.ee\/toodete-filter\/"},{"@type":"ListItem","position":3,"name":"SRC Brasa"}]},{"@type":"WebSite","@id":"https:\/\/www.eqqus.ee\/en\/#website","url":"https:\/\/www.eqqus.ee\/en\/","name":"eqqus Ltd O\u00dc","description":"Kaitsevahendid","publisher":{"@id":"https:\/\/www.eqqus.ee\/en\/#organization"},"potentialAction":[{"@type":"SearchAction","target":{"@type":"EntryPoint","urlTemplate":"https:\/\/www.eqqus.ee\/en\/?s={search_term_string}"},"query-input":{"@type":"PropertyValueSpecification","valueRequired":true,"valueName":"search_term_string"}}],"inLanguage":"en-US"},{"@type":"Organization","@id":"https:\/\/www.eqqus.ee\/en\/#organization","name":"eqqus Ltd O\u00dc","url":"https:\/\/www.eqqus.ee\/en\/","logo":{"@type":"ImageObject","inLanguage":"en-US","@id":"https:\/\/www.eqqus.ee\/en\/#\/schema\/logo\/image\/","url":"https:\/\/www.eqqus.ee\/wp-content\/uploads\/2023\/06\/eqqus.ee-logo.png","contentUrl":"https:\/\/www.eqqus.ee\/wp-content\/uploads\/2023\/06\/eqqus.ee-logo.png","width":627,"height":146,"caption":"eqqus Ltd O\u00dc"},"image":{"@id":"https:\/\/www.eqqus.ee\/en\/#\/schema\/logo\/image\/"},"sameAs":["https:\/\/www.facebook.com\/eqqusLtd"]}]}},"_links":{"self":[{"href":"https:\/\/www.eqqus.ee\/en\/wp-json\/wp\/v2\/product\/245944","targetHints":{"allow":["GET"]}}],"collection":[{"href":"https:\/\/www.eqqus.ee\/en\/wp-json\/wp\/v2\/product"}],"about":[{"href":"https:\/\/www.eqqus.ee\/en\/wp-json\/wp\/v2\/types\/product"}],"wp:featuredmedia":[{"embeddable":true,"href":"https:\/\/www.eqqus.ee\/en\/wp-json\/wp\/v2\/media\/246070"}],"wp:attachment":[{"href":"https:\/\/www.eqqus.ee\/en\/wp-json\/wp\/v2\/media?parent=245944"}],"wp:term":[{"taxonomy":"product_brand","embeddable":true,"href":"https:\/\/www.eqqus.ee\/en\/wp-json\/wp\/v2\/product_brand?post=245944"},{"taxonomy":"product_cat","embeddable":true,"href":"https:\/\/www.eqqus.ee\/en\/wp-json\/wp\/v2\/product_cat?post=245944"},{"taxonomy":"product_tag","embeddable":true,"href":"https:\/\/www.eqqus.ee\/en\/wp-json\/wp\/v2\/product_tag?post=245944"}],"curies":[{"name":"wp","href":"https:\/\/api.w.org\/{rel}","templated":true}]}}