{"id":245933,"date":"2023-06-05T17:46:48","date_gmt":"2023-06-05T14:46:48","guid":{"rendered":"https:\/\/www.eqqus.ee\/toode\/uncategorized\/kore-essentials\/"},"modified":"2023-11-27T10:29:29","modified_gmt":"2023-11-27T08:29:29","slug":"kore-essentials","status":"publish","type":"product","link":"https:\/\/www.eqqus.ee\/en\/product\/tactical-clothing-en\/belts\/kore-essentials\/","title":{"rendered":"KORE Essentials"},"content":{"rendered":"<p><img decoding=\"async\" class=\"alignnone wp-image-245707\" src=\"https:\/\/www.eqqus.ee\/wp-content\/uploads\/2023\/02\/Kore-Essential-X7-Belt.jpg\" alt=\"Kore Essentials X7 relvav\u00f6\u00f6\" width=\"437\" height=\"335\" \/><\/p>\n<p><a href=\"https:\/\/www.koreessentials.com\/\" target=\"_blank\" rel=\"noopener\">Since the inception of the belt thousands of years ago, traditional belts never seem to fit correctly. With holes spaced an inch or more apart, they&#8217;re usually either too tight or too loose. Who here hasn&#8217;t been forced to make a few holes of their own, just to get a decent fit? And then the leather holes tend to stretch and crack with age and wear.<\/a><\/p>\n<p>KORE Essentials knew there had to be a better way. Armed with a passion for product design, KORE set out to create a new men&#8217;s belt that not only functioned better, but included superior materials, and of course, great styling. Why? Because to us, that\u2019s what a man&#8217;s belt should be \u2013 great fitting, high-quality and stylish.<\/p>\n<p><strong>Made For Men<\/strong><br \/>\nAt Kore, they focus on well-built accessories that make men&#8217;s day to day better.<\/p>\n<p><strong>HardKORE Materials<\/strong><br \/>\nGrade 1 Titanium, Stainless Steel, Zinc Alloy, Power Core, Full Grain Leather. Their belts are built to work as hard as you do.<\/p>\n<p><strong>Engineered Better<\/strong><br \/>\nEvery detail needs to be just right. From the type of thread, to the precise depth of the buckle teeth, we work hard to build the best.<\/p>\n<p><strong>Higher Standards<\/strong><br \/>\nKORE Essentials goal is to gain Kore Customers for Life. Their mission is to constantly exceed your expectations. They won&#8217;t stop til you&#8217;re happy.<\/p>\n<p><img decoding=\"async\" class=\"alignnone wp-image-245709\" src=\"https:\/\/www.eqqus.ee\/wp-content\/uploads\/2023\/02\/X6_TACBLK_22_large.jpg\" alt=\"Kore Essentials relvav\u00f6\u00f6 x6 tactical gun belt\" width=\"286\" height=\"363\" srcset=\"https:\/\/www.eqqus.ee\/wp-content\/uploads\/2023\/02\/X6_TACBLK_22_large.jpg 378w, https:\/\/www.eqqus.ee\/wp-content\/uploads\/2023\/02\/X6_TACBLK_22_large-250x317.jpg 250w, https:\/\/www.eqqus.ee\/wp-content\/uploads\/2023\/02\/X6_TACBLK_22_large-64x81.jpg 64w, https:\/\/www.eqqus.ee\/wp-content\/uploads\/2023\/02\/X6_TACBLK_22_large-236x300.jpg 236w\" sizes=\"(max-width: 286px) 100vw, 286px\" \/><\/p>\n<p>A gun belt is an important piece of gear for anyone who carries a firearm. Not only does it help keep your weapon stable and secure, but it also provides added comfort when carrying throughout the day. If you are in the market for a new gun belt, be sure to check out all the Kore Belts. Belts are made with top-quality materials and construction, ensuring that your carry system will perform flawlessly<\/p>\n<p>&nbsp;<\/p>\n<h4><strong>Different Belts and Buckles (selection)<\/strong><\/h4>\n<p><img decoding=\"async\" class=\"alignnone wp-image-245711\" src=\"https:\/\/www.eqqus.ee\/wp-content\/uploads\/2023\/02\/Kore-Essentials-X7-Gun-Belt-1024x261.jpg\" alt=\"\" width=\"797\" height=\"203\" srcset=\"https:\/\/www.eqqus.ee\/wp-content\/uploads\/2023\/02\/Kore-Essentials-X7-Gun-Belt-980x250.jpg 980w, https:\/\/www.eqqus.ee\/wp-content\/uploads\/2023\/02\/Kore-Essentials-X7-Gun-Belt-480x123.jpg 480w\" sizes=\"(min-width: 0px) and (max-width: 480px) 480px, (min-width: 481px) and (max-width: 980px) 980px, 100vw\" \/> <img decoding=\"async\" class=\"alignnone wp-image-245713\" src=\"https:\/\/www.eqqus.ee\/wp-content\/uploads\/2023\/02\/Kore-Essentials-X6-Gun-Belt-1024x261.jpg\" alt=\"Kore Essentials X6 Gun Belt Relvav\u00f6\u00f6 Taktikaline\" width=\"804\" height=\"205\" srcset=\"https:\/\/www.eqqus.ee\/wp-content\/uploads\/2023\/02\/Kore-Essentials-X6-Gun-Belt-980x250.jpg 980w, https:\/\/www.eqqus.ee\/wp-content\/uploads\/2023\/02\/Kore-Essentials-X6-Gun-Belt-480x123.jpg 480w\" sizes=\"(min-width: 0px) and (max-width: 480px) 480px, (min-width: 481px) and (max-width: 980px) 980px, 100vw\" \/> <img decoding=\"async\" class=\"alignnone wp-image-245715\" src=\"https:\/\/www.eqqus.ee\/wp-content\/uploads\/2023\/02\/Kore-Essentials-X5-Gun-Belt-1024x261.jpg\" alt=\"Kore Essentials X5 Gun Belt Relvav\u00f6\u00f6 Taktikaline\" width=\"820\" height=\"209\" srcset=\"https:\/\/www.eqqus.ee\/wp-content\/uploads\/2023\/02\/Kore-Essentials-X5-Gun-Belt-980x250.jpg 980w, https:\/\/www.eqqus.ee\/wp-content\/uploads\/2023\/02\/Kore-Essentials-X5-Gun-Belt-480x123.jpg 480w\" sizes=\"(min-width: 0px) and (max-width: 480px) 480px, (min-width: 481px) and (max-width: 980px) 980px, 100vw\" \/> <img decoding=\"async\" class=\"alignnone wp-image-245717\" src=\"https:\/\/www.eqqus.ee\/wp-content\/uploads\/2023\/02\/Kore-Essentials-X2-Gun-Belt-1024x261.jpg\" alt=\"Kore Essentials X2 Gun Belt Relvav\u00f6\u00f6 Taktikaline\" width=\"820\" height=\"209\" srcset=\"https:\/\/www.eqqus.ee\/wp-content\/uploads\/2023\/02\/Kore-Essentials-X2-Gun-Belt-980x250.jpg 980w, https:\/\/www.eqqus.ee\/wp-content\/uploads\/2023\/02\/Kore-Essentials-X2-Gun-Belt-480x123.jpg 480w\" sizes=\"(min-width: 0px) and (max-width: 480px) 480px, (min-width: 481px) and (max-width: 980px) 980px, 100vw\" \/><\/p>\n<h4><\/h4>\n<h4><strong>Belts come in ONE SIZE FITS ALL and the buckles are INTERCHANGEABLE<\/strong><\/h4>\n<p>Gun belts are ONE-SIZE and FIT ANY WAIST from 24\u201d up to 44&#8243; [XL &amp; Tactical belts up to 54&#8243;]<\/p>\n<p>Here\u2019s how to trim your new belt for a perfect fit. It\u2019s easy and only takes a minute to do.<\/p>\n<p>1. On the back of the belt we printed a sizing ruler. Locate your pant size on the ruler &#8211; ADD 4 inches (10cm) and CUT &#8211; using sharp, heavy-duty scissors.<br \/>\n2. For example, if your pant size is 32\u201d \u2013 cut the belt at 36\u201d mark. If your pant size is is close to the maximum \u2013 do NOT cut the belt. Proceed to step 3.<br \/>\n3. Using the wrench that is included, loosen the screws on the back of the buckle.<br \/>\n4. Insert cut or blunt end of belt into buckle teeth and clamp down firmly. It\u2019s OK to use force if needed (use tabletop for leverage) &#8211; the buckle won\u2019t break.<br \/>\n5. Tighten the screws until they are flush with the buckle. You will get resistance.<br \/>\n6. Feed belt around your waist (L to R), thru buckle and the first belt loop. Pull until belt feels snug.<br \/>\n7. Ideally, your belt tip should extend beyond the first belt loop by 2-3 inches (5-8 cm). If your belt is too long \u2013 just remove the buckle and trim off one inch at a time until the desired length is achieved. Cut with Caution.<\/p>\n<p><img decoding=\"async\" class=\"alignnone wp-image-245719\" src=\"https:\/\/www.eqqus.ee\/wp-content\/uploads\/2023\/02\/Kore-pandlasusteem-seespoolsed-kinnitusklamber-1024x616.jpg\" alt=\"\" width=\"730\" height=\"439\" \/> <img decoding=\"async\" class=\"alignnone wp-image-245723\" src=\"https:\/\/www.eqqus.ee\/wp-content\/uploads\/2023\/02\/Kore-pandlasusteem-seespoolsed-pikkusavad-1024x616.jpg\" alt=\"\" width=\"731\" height=\"440\" \/><\/p>\n<p>&nbsp;<\/p>\n\n<div class=\"wpcf7 no-js\" id=\"wpcf7-f243598-o1\" lang=\"et\" dir=\"ltr\" data-wpcf7-id=\"243598\">\n<div class=\"screen-reader-response\"><p role=\"status\" aria-live=\"polite\" aria-atomic=\"true\"><\/p> <ul><\/ul><\/div>\n<form action=\"\/en\/wp-json\/wp\/v2\/product\/245933#wpcf7-f243598-o1\" method=\"post\" class=\"wpcf7-form init\" aria-label=\"Contact form\" novalidate=\"novalidate\" data-status=\"init\">\n<div style=\"display: none;\">\n<input type=\"hidden\" name=\"_wpcf7\" value=\"243598\" \/>\n<input type=\"hidden\" name=\"_wpcf7_version\" value=\"6.0.5\" \/>\n<input type=\"hidden\" name=\"_wpcf7_locale\" value=\"et\" \/>\n<input type=\"hidden\" name=\"_wpcf7_unit_tag\" value=\"wpcf7-f243598-o1\" \/>\n<input type=\"hidden\" name=\"_wpcf7_container_post\" value=\"0\" \/>\n<input type=\"hidden\" name=\"_wpcf7_posted_data_hash\" value=\"\" \/>\n<input type=\"hidden\" name=\"_wpcf7_recaptcha_response\" value=\"\" \/>\n<\/div>\n<p><label> Your name<br \/>\n<span class=\"wpcf7-form-control-wrap\" data-name=\"your-name\"><input size=\"40\" maxlength=\"400\" class=\"wpcf7-form-control wpcf7-text wpcf7-validates-as-required\" aria-required=\"true\" aria-invalid=\"false\" value=\"\" type=\"text\" name=\"your-name\" \/><\/span> <\/label>\n<\/p>\n<p><label> Your email<br \/>\n<span class=\"wpcf7-form-control-wrap\" data-name=\"your-email\"><input size=\"40\" maxlength=\"400\" class=\"wpcf7-form-control wpcf7-email wpcf7-validates-as-required wpcf7-text wpcf7-validates-as-email\" aria-required=\"true\" aria-invalid=\"false\" value=\"\" type=\"email\" name=\"your-email\" \/><\/span> <\/label>\n<\/p>\n<p><label> Brand\/Product you are interested in<br \/>\n<span class=\"wpcf7-form-control-wrap\" data-name=\"your-subject\"><input size=\"40\" maxlength=\"400\" class=\"wpcf7-form-control wpcf7-text wpcf7-validates-as-required\" aria-required=\"true\" aria-invalid=\"false\" value=\"\" type=\"text\" name=\"your-subject\" \/><\/span> <\/label>\n<\/p>\n<p><label> Questions about product<br \/>\n<span class=\"wpcf7-form-control-wrap\" data-name=\"your-message\"><textarea cols=\"40\" rows=\"10\" maxlength=\"2000\" class=\"wpcf7-form-control wpcf7-textarea wpcf7-validates-as-required\" aria-required=\"true\" aria-invalid=\"false\" name=\"your-message\"><\/textarea><\/span> <\/label>\n<\/p>\n<p><input class=\"wpcf7-form-control wpcf7-submit has-spinner\" type=\"submit\" value=\"Send request\" \/>\n<\/p><div class=\"wpcf7-response-output\" aria-hidden=\"true\"><\/div>\n<\/form>\n<\/div>\n\n","protected":false},"excerpt":{"rendered":"<p><a href=\"https:\/\/www.koreessentials.com\/\" target=\"_blank\" rel=\"noopener\">\u201cWhat makes the best the best, is that they are always getting better.\u201d<\/a><\/p>\n<p>In 2013 KORE Essentials set out to redefine men&#8217;s accessories beginning with men&#8217;s belt. Their philosophy was simple &gt; blend innovation with superior materials to create unique, more exciting products that exceed expectations.<\/p>\n","protected":false},"featured_media":246134,"template":"","meta":{"_et_pb_use_builder":"","_et_pb_old_content":"","_et_gb_content_width":""},"product_brand":[],"product_cat":[698,701],"product_tag":[620],"class_list":{"0":"post-245933","1":"product","2":"type-product","3":"status-publish","4":"has-post-thumbnail","6":"product_cat-belts","7":"product_cat-tactical-clothing-en","8":"product_tag-kore-essentials-en","10":"first","11":"instock","12":"shipping-taxable","13":"product-type-simple"},"yoast_head":"<!-- This site is optimized with the Yoast SEO plugin v24.7 - https:\/\/yoast.com\/wordpress\/plugins\/seo\/ -->\n<title>KORE Essentials | Products - Eqqus<\/title>\n<meta name=\"description\" content=\"Every detail needs to be just right. From the type of thread, to the precise depth of the buckle teeth, KORE Essentials works hard to build the best\" \/>\n<meta name=\"robots\" content=\"index, follow, max-snippet:-1, max-image-preview:large, max-video-preview:-1\" \/>\n<link rel=\"canonical\" href=\"https:\/\/www.eqqus.ee\/en\/product\/tactical-clothing-en\/belts\/kore-essentials\/\" \/>\n<meta property=\"og:locale\" content=\"en_US\" \/>\n<meta property=\"og:type\" content=\"article\" \/>\n<meta property=\"og:title\" content=\"KORE Essentials | Products - Eqqus\" \/>\n<meta property=\"og:description\" content=\"Every detail needs to be just right. From the type of thread, to the precise depth of the buckle teeth, KORE Essentials works hard to build the best\" \/>\n<meta property=\"og:url\" content=\"https:\/\/www.eqqus.ee\/en\/product\/tactical-clothing-en\/belts\/kore-essentials\/\" \/>\n<meta property=\"og:site_name\" content=\"eqqus Ltd O\u00dc\" \/>\n<meta property=\"article:publisher\" content=\"https:\/\/www.facebook.com\/eqqusLtd\" \/>\n<meta property=\"article:modified_time\" content=\"2023-11-27T08:29:29+00:00\" \/>\n<meta property=\"og:image\" content=\"https:\/\/www.eqqus.ee\/wp-content\/uploads\/2023\/06\/KORE-EQQU.png\" \/>\n\t<meta property=\"og:image:width\" content=\"400\" \/>\n\t<meta property=\"og:image:height\" content=\"210\" \/>\n\t<meta property=\"og:image:type\" content=\"image\/png\" \/>\n<meta name=\"twitter:card\" content=\"summary_large_image\" \/>\n<meta name=\"twitter:label1\" content=\"Est. reading time\" \/>\n\t<meta name=\"twitter:data1\" content=\"5 minutes\" \/>\n<script type=\"application\/ld+json\" class=\"yoast-schema-graph\">{\"@context\":\"https:\/\/schema.org\",\"@graph\":[{\"@type\":\"WebPage\",\"@id\":\"https:\/\/www.eqqus.ee\/en\/product\/tactical-clothing-en\/belts\/kore-essentials\/\",\"url\":\"https:\/\/www.eqqus.ee\/en\/product\/tactical-clothing-en\/belts\/kore-essentials\/\",\"name\":\"KORE Essentials | Products - Eqqus\",\"isPartOf\":{\"@id\":\"https:\/\/www.eqqus.ee\/en\/#website\"},\"primaryImageOfPage\":{\"@id\":\"https:\/\/www.eqqus.ee\/en\/product\/tactical-clothing-en\/belts\/kore-essentials\/#primaryimage\"},\"image\":{\"@id\":\"https:\/\/www.eqqus.ee\/en\/product\/tactical-clothing-en\/belts\/kore-essentials\/#primaryimage\"},\"thumbnailUrl\":\"https:\/\/www.eqqus.ee\/wp-content\/uploads\/2023\/06\/KORE-EQQU.png\",\"datePublished\":\"2023-06-05T14:46:48+00:00\",\"dateModified\":\"2023-11-27T08:29:29+00:00\",\"description\":\"Every detail needs to be just right. From the type of thread, to the precise depth of the buckle teeth, KORE Essentials works hard to build the best\",\"breadcrumb\":{\"@id\":\"https:\/\/www.eqqus.ee\/en\/product\/tactical-clothing-en\/belts\/kore-essentials\/#breadcrumb\"},\"inLanguage\":\"en-US\",\"potentialAction\":[{\"@type\":\"ReadAction\",\"target\":[\"https:\/\/www.eqqus.ee\/en\/product\/tactical-clothing-en\/belts\/kore-essentials\/\"]}]},{\"@type\":\"ImageObject\",\"inLanguage\":\"en-US\",\"@id\":\"https:\/\/www.eqqus.ee\/en\/product\/tactical-clothing-en\/belts\/kore-essentials\/#primaryimage\",\"url\":\"https:\/\/www.eqqus.ee\/wp-content\/uploads\/2023\/06\/KORE-EQQU.png\",\"contentUrl\":\"https:\/\/www.eqqus.ee\/wp-content\/uploads\/2023\/06\/KORE-EQQU.png\",\"width\":400,\"height\":210,\"caption\":\"s\u00f5jatehnika ja kaitsevarustuse m\u00fc\u00fck eqqus\"},{\"@type\":\"BreadcrumbList\",\"@id\":\"https:\/\/www.eqqus.ee\/en\/product\/tactical-clothing-en\/belts\/kore-essentials\/#breadcrumb\",\"itemListElement\":[{\"@type\":\"ListItem\",\"position\":1,\"name\":\"Esileht\",\"item\":\"https:\/\/www.eqqus.ee\/en\/\"},{\"@type\":\"ListItem\",\"position\":2,\"name\":\"Product Filter\",\"item\":\"https:\/\/www.eqqus.ee\/toodete-filter\/\"},{\"@type\":\"ListItem\",\"position\":3,\"name\":\"KORE Essentials\"}]},{\"@type\":\"WebSite\",\"@id\":\"https:\/\/www.eqqus.ee\/en\/#website\",\"url\":\"https:\/\/www.eqqus.ee\/en\/\",\"name\":\"eqqus Ltd O\u00dc\",\"description\":\"Kaitsevahendid\",\"publisher\":{\"@id\":\"https:\/\/www.eqqus.ee\/en\/#organization\"},\"potentialAction\":[{\"@type\":\"SearchAction\",\"target\":{\"@type\":\"EntryPoint\",\"urlTemplate\":\"https:\/\/www.eqqus.ee\/en\/?s={search_term_string}\"},\"query-input\":{\"@type\":\"PropertyValueSpecification\",\"valueRequired\":true,\"valueName\":\"search_term_string\"}}],\"inLanguage\":\"en-US\"},{\"@type\":\"Organization\",\"@id\":\"https:\/\/www.eqqus.ee\/en\/#organization\",\"name\":\"eqqus Ltd O\u00dc\",\"url\":\"https:\/\/www.eqqus.ee\/en\/\",\"logo\":{\"@type\":\"ImageObject\",\"inLanguage\":\"en-US\",\"@id\":\"https:\/\/www.eqqus.ee\/en\/#\/schema\/logo\/image\/\",\"url\":\"https:\/\/www.eqqus.ee\/wp-content\/uploads\/2023\/06\/eqqus.ee-logo.png\",\"contentUrl\":\"https:\/\/www.eqqus.ee\/wp-content\/uploads\/2023\/06\/eqqus.ee-logo.png\",\"width\":627,\"height\":146,\"caption\":\"eqqus Ltd O\u00dc\"},\"image\":{\"@id\":\"https:\/\/www.eqqus.ee\/en\/#\/schema\/logo\/image\/\"},\"sameAs\":[\"https:\/\/www.facebook.com\/eqqusLtd\"]}]}<\/script>\n<!-- \/ Yoast SEO plugin. -->","yoast_head_json":{"title":"KORE Essentials | Products - Eqqus","description":"Every detail needs to be just right. From the type of thread, to the precise depth of the buckle teeth, KORE Essentials works hard to build the best","robots":{"index":"index","follow":"follow","max-snippet":"max-snippet:-1","max-image-preview":"max-image-preview:large","max-video-preview":"max-video-preview:-1"},"canonical":"https:\/\/www.eqqus.ee\/en\/product\/tactical-clothing-en\/belts\/kore-essentials\/","og_locale":"en_US","og_type":"article","og_title":"KORE Essentials | Products - Eqqus","og_description":"Every detail needs to be just right. From the type of thread, to the precise depth of the buckle teeth, KORE Essentials works hard to build the best","og_url":"https:\/\/www.eqqus.ee\/en\/product\/tactical-clothing-en\/belts\/kore-essentials\/","og_site_name":"eqqus Ltd O\u00dc","article_publisher":"https:\/\/www.facebook.com\/eqqusLtd","article_modified_time":"2023-11-27T08:29:29+00:00","og_image":[{"width":400,"height":210,"url":"https:\/\/www.eqqus.ee\/wp-content\/uploads\/2023\/06\/KORE-EQQU.png","type":"image\/png"}],"twitter_card":"summary_large_image","twitter_misc":{"Est. reading time":"5 minutes"},"schema":{"@context":"https:\/\/schema.org","@graph":[{"@type":"WebPage","@id":"https:\/\/www.eqqus.ee\/en\/product\/tactical-clothing-en\/belts\/kore-essentials\/","url":"https:\/\/www.eqqus.ee\/en\/product\/tactical-clothing-en\/belts\/kore-essentials\/","name":"KORE Essentials | Products - Eqqus","isPartOf":{"@id":"https:\/\/www.eqqus.ee\/en\/#website"},"primaryImageOfPage":{"@id":"https:\/\/www.eqqus.ee\/en\/product\/tactical-clothing-en\/belts\/kore-essentials\/#primaryimage"},"image":{"@id":"https:\/\/www.eqqus.ee\/en\/product\/tactical-clothing-en\/belts\/kore-essentials\/#primaryimage"},"thumbnailUrl":"https:\/\/www.eqqus.ee\/wp-content\/uploads\/2023\/06\/KORE-EQQU.png","datePublished":"2023-06-05T14:46:48+00:00","dateModified":"2023-11-27T08:29:29+00:00","description":"Every detail needs to be just right. From the type of thread, to the precise depth of the buckle teeth, KORE Essentials works hard to build the best","breadcrumb":{"@id":"https:\/\/www.eqqus.ee\/en\/product\/tactical-clothing-en\/belts\/kore-essentials\/#breadcrumb"},"inLanguage":"en-US","potentialAction":[{"@type":"ReadAction","target":["https:\/\/www.eqqus.ee\/en\/product\/tactical-clothing-en\/belts\/kore-essentials\/"]}]},{"@type":"ImageObject","inLanguage":"en-US","@id":"https:\/\/www.eqqus.ee\/en\/product\/tactical-clothing-en\/belts\/kore-essentials\/#primaryimage","url":"https:\/\/www.eqqus.ee\/wp-content\/uploads\/2023\/06\/KORE-EQQU.png","contentUrl":"https:\/\/www.eqqus.ee\/wp-content\/uploads\/2023\/06\/KORE-EQQU.png","width":400,"height":210,"caption":"s\u00f5jatehnika ja kaitsevarustuse m\u00fc\u00fck eqqus"},{"@type":"BreadcrumbList","@id":"https:\/\/www.eqqus.ee\/en\/product\/tactical-clothing-en\/belts\/kore-essentials\/#breadcrumb","itemListElement":[{"@type":"ListItem","position":1,"name":"Esileht","item":"https:\/\/www.eqqus.ee\/en\/"},{"@type":"ListItem","position":2,"name":"Product Filter","item":"https:\/\/www.eqqus.ee\/toodete-filter\/"},{"@type":"ListItem","position":3,"name":"KORE Essentials"}]},{"@type":"WebSite","@id":"https:\/\/www.eqqus.ee\/en\/#website","url":"https:\/\/www.eqqus.ee\/en\/","name":"eqqus Ltd O\u00dc","description":"Kaitsevahendid","publisher":{"@id":"https:\/\/www.eqqus.ee\/en\/#organization"},"potentialAction":[{"@type":"SearchAction","target":{"@type":"EntryPoint","urlTemplate":"https:\/\/www.eqqus.ee\/en\/?s={search_term_string}"},"query-input":{"@type":"PropertyValueSpecification","valueRequired":true,"valueName":"search_term_string"}}],"inLanguage":"en-US"},{"@type":"Organization","@id":"https:\/\/www.eqqus.ee\/en\/#organization","name":"eqqus Ltd O\u00dc","url":"https:\/\/www.eqqus.ee\/en\/","logo":{"@type":"ImageObject","inLanguage":"en-US","@id":"https:\/\/www.eqqus.ee\/en\/#\/schema\/logo\/image\/","url":"https:\/\/www.eqqus.ee\/wp-content\/uploads\/2023\/06\/eqqus.ee-logo.png","contentUrl":"https:\/\/www.eqqus.ee\/wp-content\/uploads\/2023\/06\/eqqus.ee-logo.png","width":627,"height":146,"caption":"eqqus Ltd O\u00dc"},"image":{"@id":"https:\/\/www.eqqus.ee\/en\/#\/schema\/logo\/image\/"},"sameAs":["https:\/\/www.facebook.com\/eqqusLtd"]}]}},"_links":{"self":[{"href":"https:\/\/www.eqqus.ee\/en\/wp-json\/wp\/v2\/product\/245933","targetHints":{"allow":["GET"]}}],"collection":[{"href":"https:\/\/www.eqqus.ee\/en\/wp-json\/wp\/v2\/product"}],"about":[{"href":"https:\/\/www.eqqus.ee\/en\/wp-json\/wp\/v2\/types\/product"}],"wp:featuredmedia":[{"embeddable":true,"href":"https:\/\/www.eqqus.ee\/en\/wp-json\/wp\/v2\/media\/246134"}],"wp:attachment":[{"href":"https:\/\/www.eqqus.ee\/en\/wp-json\/wp\/v2\/media?parent=245933"}],"wp:term":[{"taxonomy":"product_brand","embeddable":true,"href":"https:\/\/www.eqqus.ee\/en\/wp-json\/wp\/v2\/product_brand?post=245933"},{"taxonomy":"product_cat","embeddable":true,"href":"https:\/\/www.eqqus.ee\/en\/wp-json\/wp\/v2\/product_cat?post=245933"},{"taxonomy":"product_tag","embeddable":true,"href":"https:\/\/www.eqqus.ee\/en\/wp-json\/wp\/v2\/product_tag?post=245933"}],"curies":[{"name":"wp","href":"https:\/\/api.w.org\/{rel}","templated":true}]}}