{"id":245911,"date":"2023-06-05T16:49:03","date_gmt":"2023-06-05T13:49:03","guid":{"rendered":"https:\/\/www.eqqus.ee\/toode\/uncategorized\/busch-protective\/"},"modified":"2024-05-20T14:36:47","modified_gmt":"2024-05-20T11:36:47","slug":"busch-protective","status":"publish","type":"product","link":"https:\/\/www.eqqus.ee\/en\/product\/ballistic-protection\/helmets\/busch-protective\/","title":{"rendered":"Busch Protective"},"content":{"rendered":"<p><img decoding=\"async\" class=\"alignnone wp-image-245740\" src=\"https:\/\/www.eqqus.ee\/wp-content\/uploads\/2023\/02\/busch-1024x645.png\" alt=\"Ballistiline Kaitsekiiver Bucsh Protective\" width=\"423\" height=\"266\" \/><\/p>\n<h4>The Three Laws of Busch PROtective<\/h4>\n<p>If you were to ask, what are the three core values that shaped them as a company, it would be:<\/p>\n<ul>\n<li><a href=\"https:\/\/busch-protective.com\/\" target=\"_blank\" rel=\"noopener\">A strong belief that what they do matters<\/a><\/li>\n<li>Innovation<\/li>\n<li>Close relationships with customers<\/li>\n<\/ul>\n<p>Busch Protective believes in what they do because their mission is to make the world safer. They Innovate because of the need to offer customers protection that breaks through the existing restrictions, which bring the customer&#8217;s capabilities to a higher level. They keep their customers close because from them they are able to get the best relevant information. Clients are treated as real people facing a threat. Busch Protective wishes them to have a safe return home. This is the prerogative of Busch Protective.<\/p>\n<p>With their slogan PROTECT WHAT MATTERS, a clear statement is made. Everyone has something they value highly. Busch Protective offers you head protection systems to protect what&#8217;s really important to you.<\/p>\n<p>&nbsp;<\/p>\n<h4>SUPER MODULAR AND DURABLE<\/h4>\n<p>AMP 1E is their standard level of protection meeting backface performance testing, climatic conditioning, blunt impact with backface limited to under 15mm on average over the various conditioning methods. AMP 1TP Is true ballistic helmet with no bullet penatration and an average backface deformation of less than 4 mm\/0.156 in. Modular and comfortable. Total protection of your head during Close Quarter Combat operations.<\/p>\n<p><img decoding=\"async\" class=\"alignnone wp-image-245746\" src=\"https:\/\/www.eqqus.ee\/wp-content\/uploads\/2023\/02\/amp-1-e-hc-ballistic-helmet-busch-protective-olive-green-front-right.jpg\" alt=\"Busch Protective kiiver Ballistiline kaitsekiiver \" width=\"368\" height=\"368\" \/><\/p>\n<ul>\n<li><strong>High Performance Ballistic Helmet<\/strong> &#8211; More advanced additional testing than the standard NIJ IIIA+ to demonstrate the purebred nature of Busch&#8217;s ballistic helmets.<\/li>\n<li><strong>Modularity<\/strong> &#8211; picatinny rail system on both sides for accessories like cameras, flashlights, etc.<\/li>\n<li><strong>Speed<\/strong> &#8211; Speed Connect System &#8211; SCS &#8211; makes it easy to attach visors with one click.<\/li>\n<li><strong>Customization<\/strong> &#8211; NVG cover and Velcro kit (optional) to accommodate accessories and customize the helmet for the mission.<\/li>\n<li><strong>Comfort<\/strong> &#8211; Removable cushioning and comfort pads, 4-point harness, adjustable with a wheel: all together ensure a perfect fit, resulting in excellent comfort.<\/li>\n<li><strong>Practicality<\/strong> \u2013 the one size fits all principle supports the use of multiple shifts.<\/li>\n<\/ul>\n<p>&nbsp;<\/p>\n<h4>LIGHT VERSATILE DURABLE<\/h4>\n<p>ATR 1 is one platform for a wide range of uses. Its modularity and task-specific adaptability make this helmet the best choice for fire and emergency services &#8211; no matter what scenario they face.<\/p>\n<p><img decoding=\"async\" class=\"alignnone wp-image-245744\" src=\"https:\/\/www.eqqus.ee\/wp-content\/uploads\/2023\/02\/ATRvr.png\" alt=\"ATR P\u00e4\u00e4ste kiiver Busch Protective\" width=\"319\" height=\"319\" \/><\/p>\n<ul>\n<li><strong>Protection<\/strong> &#8211; high puncture and impact protection thanks to the unique thermo-reactive helmet shell<\/li>\n<li><strong>Unparalleled Fit<\/strong> &#8211; Three body sizes for optimal size 48-66 cm\/19-26 inches.<\/li>\n<li><strong>Modularity<\/strong> \u2013 the rail system and integrated NVG mount offer a wide range of options in terms of accessories.<\/li>\n<li><strong>Visibility<\/strong> &#8211; Reflective areas for excellent visibility in the most extreme conditions<\/li>\n<li><strong>Integration<\/strong> \u2013 Numerous accessories allow the helmet system to be customized according to the user&#8217;s needs and scenarios.<\/li>\n<li><strong>Comfort<\/strong> &#8211; impact cushioning system, 4-point harness and low weight (max 750 g)<\/li>\n<\/ul>\n<p>&nbsp;<\/p>\n<h4>MODULAR FUNCTIONAL CONVENIENT<\/h4>\n<p>AMR 1 E+ is a high-end helmet with remarkable blunt impact and penetration protection. Modular and safe. Protects the head in a dynamic environment, from riot &amp; crowd protection to corrections and cell extraction.<\/p>\n<p><img decoding=\"async\" class=\"alignnone wp-image-245748\" src=\"https:\/\/www.eqqus.ee\/wp-content\/uploads\/2023\/02\/Busch-Protective-Anti-Riot-Helmet.png\" alt=\"Busch Protective Anti Riot M\u00e4ssuvastane kaitsekiiver Vanglatele\" width=\"380\" height=\"262\" \/><\/p>\n<ul>\n<li><strong>Defense<\/strong> &#8211; \u00a0Imapct management acc. to EN 397 (shock &amp; penetration), Penetration acc. to Czech Norm CSN 395360 Helmet &amp; visor: TON3 (blade) &amp; Neck Guard: TON1 (impacter)<\/li>\n<li><strong>Strength<\/strong> &#8211; Special helmet coating to protect against fire and chemicals<\/li>\n<li><strong>Modularity<\/strong> &#8211; consists of a helmet shell, mounting and suspension, visor, lower jaw, neck guard and other accessories.<\/li>\n<li><strong>Adaptability<\/strong> &#8211; Removable neck guards and visor protect against rocks, sharp objects, flames and more.<\/li>\n<li><strong>Additional protection<\/strong> &#8211; visor liquid protection and channeled drainage for protection against biological and flammable liquids<\/li>\n<li><strong>Functionality<\/strong> &#8211; Rail on both sides with picatinny system for accessories such as cameras, flashlights, etc. Rails with integrated slots for mandible and\/or breathing mask.<\/li>\n<\/ul>\n<p>&nbsp;<\/p>\n<h4>Specifications for Busch PROtective helmets<\/h4>\n<ul>\n<li><a href=\"https:\/\/www.eqqus.ee\/wp-content\/uploads\/2023\/02\/busch_protective_amh-2_datasheet_eng.pdf\">Busch PROtective \/ AMH-2<\/a> &#8211; Patrol Helmet<\/li>\n<li><a href=\"https:\/\/www.eqqus.ee\/wp-content\/uploads\/2023\/02\/busch_protective_amp-1e_datasheet_eng-1.pdf\">Busch PROtective \/ AMP-1E<\/a> &#8211; Ballistic Helmet (Good allrouder)<\/li>\n<li><a href=\"https:\/\/www.eqqus.ee\/wp-content\/uploads\/2023\/02\/busch_protective_amp-1tp_datasheet_eng.pdf\">Busch PROtective \/ AMP-1TP<\/a> &#8211; Ballistic Helmet (Flagship)<\/li>\n<li><a href=\"https:\/\/www.eqqus.ee\/wp-content\/uploads\/2023\/02\/busch_protective_amr-1e_datasheet_eng.pdf\">Busch PROtective \/ AMR-1E<\/a> &#8211; Anti Riot Helmet (Good protection)<\/li>\n<li><a href=\"https:\/\/www.eqqus.ee\/wp-content\/uploads\/2023\/02\/busch_protective_arc-2e_datasheet_eng.pdf\">Busch PROtective \/ ARC-2E<\/a> &#8211; Anti Riot Helmet (Max Protection \/ 9mm)<\/li>\n<li><a href=\"https:\/\/www.eqqus.ee\/wp-content\/uploads\/2023\/02\/busch_protective_atr_1_datasheet_eng.pdf\">Busch PROtective \/ ATR 1<\/a> &#8211; Rescue\/Wildfire Helmet<\/li>\n<li><a href=\"https:\/\/www.eqqus.ee\/wp-content\/uploads\/2023\/02\/busch_protective_bam_1_datasheet_eng.pdf\">Busch PROtective \/ BAM 1<\/a> &#8211; Helmet Jaw protection<\/li>\n<\/ul>\n<p><img decoding=\"async\" class=\"alignnone wp-image-245766\" src=\"https:\/\/www.eqqus.ee\/wp-content\/uploads\/2023\/02\/TAC_SK_Busch_PROtective-1024x576.jpg\" alt=\"Busch Protective omadused\" width=\"590\" height=\"332\" \/><\/p>\n\n<div class=\"wpcf7 no-js\" id=\"wpcf7-f243598-o1\" lang=\"et\" dir=\"ltr\" data-wpcf7-id=\"243598\">\n<div class=\"screen-reader-response\"><p role=\"status\" aria-live=\"polite\" aria-atomic=\"true\"><\/p> <ul><\/ul><\/div>\n<form action=\"\/en\/wp-json\/wp\/v2\/product\/245911#wpcf7-f243598-o1\" method=\"post\" class=\"wpcf7-form init\" aria-label=\"Contact form\" novalidate=\"novalidate\" data-status=\"init\">\n<div style=\"display: none;\">\n<input type=\"hidden\" name=\"_wpcf7\" value=\"243598\" \/>\n<input type=\"hidden\" name=\"_wpcf7_version\" value=\"6.0.5\" \/>\n<input type=\"hidden\" name=\"_wpcf7_locale\" value=\"et\" \/>\n<input type=\"hidden\" name=\"_wpcf7_unit_tag\" value=\"wpcf7-f243598-o1\" \/>\n<input type=\"hidden\" name=\"_wpcf7_container_post\" value=\"0\" \/>\n<input type=\"hidden\" name=\"_wpcf7_posted_data_hash\" value=\"\" \/>\n<input type=\"hidden\" name=\"_wpcf7_recaptcha_response\" value=\"\" \/>\n<\/div>\n<p><label> Your name<br \/>\n<span class=\"wpcf7-form-control-wrap\" data-name=\"your-name\"><input size=\"40\" maxlength=\"400\" class=\"wpcf7-form-control wpcf7-text wpcf7-validates-as-required\" aria-required=\"true\" aria-invalid=\"false\" value=\"\" type=\"text\" name=\"your-name\" \/><\/span> <\/label>\n<\/p>\n<p><label> Your email<br \/>\n<span class=\"wpcf7-form-control-wrap\" data-name=\"your-email\"><input size=\"40\" maxlength=\"400\" class=\"wpcf7-form-control wpcf7-email wpcf7-validates-as-required wpcf7-text wpcf7-validates-as-email\" aria-required=\"true\" aria-invalid=\"false\" value=\"\" type=\"email\" name=\"your-email\" \/><\/span> <\/label>\n<\/p>\n<p><label> Brand\/Product you are interested in<br \/>\n<span class=\"wpcf7-form-control-wrap\" data-name=\"your-subject\"><input size=\"40\" maxlength=\"400\" class=\"wpcf7-form-control wpcf7-text wpcf7-validates-as-required\" aria-required=\"true\" aria-invalid=\"false\" value=\"\" type=\"text\" name=\"your-subject\" \/><\/span> <\/label>\n<\/p>\n<p><label> Questions about product<br \/>\n<span class=\"wpcf7-form-control-wrap\" data-name=\"your-message\"><textarea cols=\"40\" rows=\"10\" maxlength=\"2000\" class=\"wpcf7-form-control wpcf7-textarea wpcf7-validates-as-required\" aria-required=\"true\" aria-invalid=\"false\" name=\"your-message\"><\/textarea><\/span> <\/label>\n<\/p>\n<p><input class=\"wpcf7-form-control wpcf7-submit has-spinner\" type=\"submit\" value=\"Send request\" \/>\n<\/p><div class=\"wpcf7-response-output\" aria-hidden=\"true\"><\/div>\n<\/form>\n<\/div>\n\n","protected":false},"excerpt":{"rendered":"<p>The Three Laws of Busch PROtective If you were to ask, what are the three core values that shaped them as a company, it would be: A strong belief that what they do matters Innovation Close relationships with customers Busch Protective believes in what they do because their mission is to make the world safer. [&hellip;]<\/p>\n","protected":false},"featured_media":246096,"template":"","meta":{"_et_pb_use_builder":"","_et_pb_old_content":"","_et_gb_content_width":""},"product_brand":[],"product_cat":[664,226],"product_tag":[545],"class_list":{"0":"post-245911","1":"product","2":"type-product","3":"status-publish","4":"has-post-thumbnail","6":"product_cat-helmets","7":"product_cat-ballistic-protection","8":"product_tag-busch-protective-en","10":"first","11":"instock","12":"shipping-taxable","13":"product-type-simple"},"yoast_head":"<!-- This site is optimized with the Yoast SEO plugin v24.7 - https:\/\/yoast.com\/wordpress\/plugins\/seo\/ -->\n<title>Busch Protective | Products - Eqqus<\/title>\n<meta name=\"description\" content=\"Busch Protective believes in what they do because their mission is to make the world safer. They Innovate because of the need to offer customers...\" \/>\n<meta name=\"robots\" content=\"index, follow, max-snippet:-1, max-image-preview:large, max-video-preview:-1\" \/>\n<link rel=\"canonical\" href=\"https:\/\/www.eqqus.ee\/en\/product\/ballistic-protection\/helmets\/busch-protective\/\" \/>\n<meta property=\"og:locale\" content=\"en_US\" \/>\n<meta property=\"og:type\" content=\"article\" \/>\n<meta property=\"og:title\" content=\"Busch Protective | Products - Eqqus\" \/>\n<meta property=\"og:description\" content=\"Busch Protective believes in what they do because their mission is to make the world safer. They Innovate because of the need to offer customers...\" \/>\n<meta property=\"og:url\" content=\"https:\/\/www.eqqus.ee\/en\/product\/ballistic-protection\/helmets\/busch-protective\/\" \/>\n<meta property=\"og:site_name\" content=\"eqqus Ltd O\u00dc\" \/>\n<meta property=\"article:publisher\" content=\"https:\/\/www.facebook.com\/eqqusLtd\" \/>\n<meta property=\"article:modified_time\" content=\"2024-05-20T11:36:47+00:00\" \/>\n<meta property=\"og:image\" content=\"https:\/\/www.eqqus.ee\/wp-content\/uploads\/2023\/06\/BUCH-PROTECTIVE-EQQU.png\" \/>\n\t<meta property=\"og:image:width\" content=\"400\" \/>\n\t<meta property=\"og:image:height\" content=\"210\" \/>\n\t<meta property=\"og:image:type\" content=\"image\/png\" \/>\n<meta name=\"twitter:card\" content=\"summary_large_image\" \/>\n<meta name=\"twitter:label1\" content=\"Est. reading time\" \/>\n\t<meta name=\"twitter:data1\" content=\"5 minutes\" \/>\n<script type=\"application\/ld+json\" class=\"yoast-schema-graph\">{\"@context\":\"https:\/\/schema.org\",\"@graph\":[{\"@type\":\"WebPage\",\"@id\":\"https:\/\/www.eqqus.ee\/en\/product\/ballistic-protection\/helmets\/busch-protective\/\",\"url\":\"https:\/\/www.eqqus.ee\/en\/product\/ballistic-protection\/helmets\/busch-protective\/\",\"name\":\"Busch Protective | Products - Eqqus\",\"isPartOf\":{\"@id\":\"https:\/\/www.eqqus.ee\/en\/#website\"},\"primaryImageOfPage\":{\"@id\":\"https:\/\/www.eqqus.ee\/en\/product\/ballistic-protection\/helmets\/busch-protective\/#primaryimage\"},\"image\":{\"@id\":\"https:\/\/www.eqqus.ee\/en\/product\/ballistic-protection\/helmets\/busch-protective\/#primaryimage\"},\"thumbnailUrl\":\"https:\/\/www.eqqus.ee\/wp-content\/uploads\/2023\/06\/BUCH-PROTECTIVE-EQQU.png\",\"datePublished\":\"2023-06-05T13:49:03+00:00\",\"dateModified\":\"2024-05-20T11:36:47+00:00\",\"description\":\"Busch Protective believes in what they do because their mission is to make the world safer. They Innovate because of the need to offer customers...\",\"breadcrumb\":{\"@id\":\"https:\/\/www.eqqus.ee\/en\/product\/ballistic-protection\/helmets\/busch-protective\/#breadcrumb\"},\"inLanguage\":\"en-US\",\"potentialAction\":[{\"@type\":\"ReadAction\",\"target\":[\"https:\/\/www.eqqus.ee\/en\/product\/ballistic-protection\/helmets\/busch-protective\/\"]}]},{\"@type\":\"ImageObject\",\"inLanguage\":\"en-US\",\"@id\":\"https:\/\/www.eqqus.ee\/en\/product\/ballistic-protection\/helmets\/busch-protective\/#primaryimage\",\"url\":\"https:\/\/www.eqqus.ee\/wp-content\/uploads\/2023\/06\/BUCH-PROTECTIVE-EQQU.png\",\"contentUrl\":\"https:\/\/www.eqqus.ee\/wp-content\/uploads\/2023\/06\/BUCH-PROTECTIVE-EQQU.png\",\"width\":400,\"height\":210,\"caption\":\"s\u00f5jatehnika ja kaitsevarustuse m\u00fc\u00fck eqqus\"},{\"@type\":\"BreadcrumbList\",\"@id\":\"https:\/\/www.eqqus.ee\/en\/product\/ballistic-protection\/helmets\/busch-protective\/#breadcrumb\",\"itemListElement\":[{\"@type\":\"ListItem\",\"position\":1,\"name\":\"Esileht\",\"item\":\"https:\/\/www.eqqus.ee\/en\/\"},{\"@type\":\"ListItem\",\"position\":2,\"name\":\"Product Filter\",\"item\":\"https:\/\/www.eqqus.ee\/toodete-filter\/\"},{\"@type\":\"ListItem\",\"position\":3,\"name\":\"Busch Protective\"}]},{\"@type\":\"WebSite\",\"@id\":\"https:\/\/www.eqqus.ee\/en\/#website\",\"url\":\"https:\/\/www.eqqus.ee\/en\/\",\"name\":\"eqqus Ltd O\u00dc\",\"description\":\"Kaitsevahendid\",\"publisher\":{\"@id\":\"https:\/\/www.eqqus.ee\/en\/#organization\"},\"potentialAction\":[{\"@type\":\"SearchAction\",\"target\":{\"@type\":\"EntryPoint\",\"urlTemplate\":\"https:\/\/www.eqqus.ee\/en\/?s={search_term_string}\"},\"query-input\":{\"@type\":\"PropertyValueSpecification\",\"valueRequired\":true,\"valueName\":\"search_term_string\"}}],\"inLanguage\":\"en-US\"},{\"@type\":\"Organization\",\"@id\":\"https:\/\/www.eqqus.ee\/en\/#organization\",\"name\":\"eqqus Ltd O\u00dc\",\"url\":\"https:\/\/www.eqqus.ee\/en\/\",\"logo\":{\"@type\":\"ImageObject\",\"inLanguage\":\"en-US\",\"@id\":\"https:\/\/www.eqqus.ee\/en\/#\/schema\/logo\/image\/\",\"url\":\"https:\/\/www.eqqus.ee\/wp-content\/uploads\/2023\/06\/eqqus.ee-logo.png\",\"contentUrl\":\"https:\/\/www.eqqus.ee\/wp-content\/uploads\/2023\/06\/eqqus.ee-logo.png\",\"width\":627,\"height\":146,\"caption\":\"eqqus Ltd O\u00dc\"},\"image\":{\"@id\":\"https:\/\/www.eqqus.ee\/en\/#\/schema\/logo\/image\/\"},\"sameAs\":[\"https:\/\/www.facebook.com\/eqqusLtd\"]}]}<\/script>\n<!-- \/ Yoast SEO plugin. -->","yoast_head_json":{"title":"Busch Protective | Products - Eqqus","description":"Busch Protective believes in what they do because their mission is to make the world safer. They Innovate because of the need to offer customers...","robots":{"index":"index","follow":"follow","max-snippet":"max-snippet:-1","max-image-preview":"max-image-preview:large","max-video-preview":"max-video-preview:-1"},"canonical":"https:\/\/www.eqqus.ee\/en\/product\/ballistic-protection\/helmets\/busch-protective\/","og_locale":"en_US","og_type":"article","og_title":"Busch Protective | Products - Eqqus","og_description":"Busch Protective believes in what they do because their mission is to make the world safer. They Innovate because of the need to offer customers...","og_url":"https:\/\/www.eqqus.ee\/en\/product\/ballistic-protection\/helmets\/busch-protective\/","og_site_name":"eqqus Ltd O\u00dc","article_publisher":"https:\/\/www.facebook.com\/eqqusLtd","article_modified_time":"2024-05-20T11:36:47+00:00","og_image":[{"width":400,"height":210,"url":"https:\/\/www.eqqus.ee\/wp-content\/uploads\/2023\/06\/BUCH-PROTECTIVE-EQQU.png","type":"image\/png"}],"twitter_card":"summary_large_image","twitter_misc":{"Est. reading time":"5 minutes"},"schema":{"@context":"https:\/\/schema.org","@graph":[{"@type":"WebPage","@id":"https:\/\/www.eqqus.ee\/en\/product\/ballistic-protection\/helmets\/busch-protective\/","url":"https:\/\/www.eqqus.ee\/en\/product\/ballistic-protection\/helmets\/busch-protective\/","name":"Busch Protective | Products - Eqqus","isPartOf":{"@id":"https:\/\/www.eqqus.ee\/en\/#website"},"primaryImageOfPage":{"@id":"https:\/\/www.eqqus.ee\/en\/product\/ballistic-protection\/helmets\/busch-protective\/#primaryimage"},"image":{"@id":"https:\/\/www.eqqus.ee\/en\/product\/ballistic-protection\/helmets\/busch-protective\/#primaryimage"},"thumbnailUrl":"https:\/\/www.eqqus.ee\/wp-content\/uploads\/2023\/06\/BUCH-PROTECTIVE-EQQU.png","datePublished":"2023-06-05T13:49:03+00:00","dateModified":"2024-05-20T11:36:47+00:00","description":"Busch Protective believes in what they do because their mission is to make the world safer. They Innovate because of the need to offer customers...","breadcrumb":{"@id":"https:\/\/www.eqqus.ee\/en\/product\/ballistic-protection\/helmets\/busch-protective\/#breadcrumb"},"inLanguage":"en-US","potentialAction":[{"@type":"ReadAction","target":["https:\/\/www.eqqus.ee\/en\/product\/ballistic-protection\/helmets\/busch-protective\/"]}]},{"@type":"ImageObject","inLanguage":"en-US","@id":"https:\/\/www.eqqus.ee\/en\/product\/ballistic-protection\/helmets\/busch-protective\/#primaryimage","url":"https:\/\/www.eqqus.ee\/wp-content\/uploads\/2023\/06\/BUCH-PROTECTIVE-EQQU.png","contentUrl":"https:\/\/www.eqqus.ee\/wp-content\/uploads\/2023\/06\/BUCH-PROTECTIVE-EQQU.png","width":400,"height":210,"caption":"s\u00f5jatehnika ja kaitsevarustuse m\u00fc\u00fck eqqus"},{"@type":"BreadcrumbList","@id":"https:\/\/www.eqqus.ee\/en\/product\/ballistic-protection\/helmets\/busch-protective\/#breadcrumb","itemListElement":[{"@type":"ListItem","position":1,"name":"Esileht","item":"https:\/\/www.eqqus.ee\/en\/"},{"@type":"ListItem","position":2,"name":"Product Filter","item":"https:\/\/www.eqqus.ee\/toodete-filter\/"},{"@type":"ListItem","position":3,"name":"Busch Protective"}]},{"@type":"WebSite","@id":"https:\/\/www.eqqus.ee\/en\/#website","url":"https:\/\/www.eqqus.ee\/en\/","name":"eqqus Ltd O\u00dc","description":"Kaitsevahendid","publisher":{"@id":"https:\/\/www.eqqus.ee\/en\/#organization"},"potentialAction":[{"@type":"SearchAction","target":{"@type":"EntryPoint","urlTemplate":"https:\/\/www.eqqus.ee\/en\/?s={search_term_string}"},"query-input":{"@type":"PropertyValueSpecification","valueRequired":true,"valueName":"search_term_string"}}],"inLanguage":"en-US"},{"@type":"Organization","@id":"https:\/\/www.eqqus.ee\/en\/#organization","name":"eqqus Ltd O\u00dc","url":"https:\/\/www.eqqus.ee\/en\/","logo":{"@type":"ImageObject","inLanguage":"en-US","@id":"https:\/\/www.eqqus.ee\/en\/#\/schema\/logo\/image\/","url":"https:\/\/www.eqqus.ee\/wp-content\/uploads\/2023\/06\/eqqus.ee-logo.png","contentUrl":"https:\/\/www.eqqus.ee\/wp-content\/uploads\/2023\/06\/eqqus.ee-logo.png","width":627,"height":146,"caption":"eqqus Ltd O\u00dc"},"image":{"@id":"https:\/\/www.eqqus.ee\/en\/#\/schema\/logo\/image\/"},"sameAs":["https:\/\/www.facebook.com\/eqqusLtd"]}]}},"_links":{"self":[{"href":"https:\/\/www.eqqus.ee\/en\/wp-json\/wp\/v2\/product\/245911","targetHints":{"allow":["GET"]}}],"collection":[{"href":"https:\/\/www.eqqus.ee\/en\/wp-json\/wp\/v2\/product"}],"about":[{"href":"https:\/\/www.eqqus.ee\/en\/wp-json\/wp\/v2\/types\/product"}],"wp:featuredmedia":[{"embeddable":true,"href":"https:\/\/www.eqqus.ee\/en\/wp-json\/wp\/v2\/media\/246096"}],"wp:attachment":[{"href":"https:\/\/www.eqqus.ee\/en\/wp-json\/wp\/v2\/media?parent=245911"}],"wp:term":[{"taxonomy":"product_brand","embeddable":true,"href":"https:\/\/www.eqqus.ee\/en\/wp-json\/wp\/v2\/product_brand?post=245911"},{"taxonomy":"product_cat","embeddable":true,"href":"https:\/\/www.eqqus.ee\/en\/wp-json\/wp\/v2\/product_cat?post=245911"},{"taxonomy":"product_tag","embeddable":true,"href":"https:\/\/www.eqqus.ee\/en\/wp-json\/wp\/v2\/product_tag?post=245911"}],"curies":[{"name":"wp","href":"https:\/\/api.w.org\/{rel}","templated":true}]}}